{"id":260511,"date":"2026-04-05T02:06:40","date_gmt":"2026-04-05T00:06:40","guid":{"rendered":"https:\/\/www.educaborras.com\/product\/15678-pt-pt-169\/"},"modified":"2026-04-05T02:06:40","modified_gmt":"2026-04-05T00:06:40","slug":"15678-pt-pt-169","status":"publish","type":"product","link":"https:\/\/www.educaborras.com\/pt-pt\/produto\/15678-pt-pt-169\/","title":{"rendered":"Educa Touch Junior Aprendo o Abeced\u00e1rio"},"content":{"rendered":"<p>Com Aprendo o Abeced\u00e1rio as crian\u00e7as aprender\u00e3o a reconhecer as letras, a ler as primeiras palavras escritas, can\u00e7\u00f5es sobre o abeced\u00e1rio e vocabul\u00e1rio b\u00e1sico. T\u00e1ctil. Com vozes divertidas, sons e can\u00e7\u00f5es. Conte\u00fado: 1 base Educa Touch Junior, 12 fichas, instru\u00e7\u00f5es.<\/p>\n","protected":false},"excerpt":{"rendered":"<p>Com Aprendo o Abeced\u00e1rio as crian\u00e7as aprender\u00e3o a reconhecer as letras, a ler as primeiras palavras escritas, can\u00e7\u00f5es sobre o abeced\u00e1rio e vocabul\u00e1rio b\u00e1sico.<\/p>\n","protected":false},"featured_media":21662,"template":"","meta":{"_acf_changed":false},"product_brand":[],"product_cat":[73395],"product_tag":[77243,74325,74226,74227,77244,77245,77246,76287,77247,76476,75667,77248,74353,77249,77250,77251],"class_list":{"0":"post-260511","1":"product","2":"type-product","3":"status-publish","4":"has-post-thumbnail","6":"product_cat-educa-touch-pt","7":"product_tag-16229-pt-pt","8":"product_tag-borras-pt-pt","9":"product_tag-educa-pt-pt","10":"product_tag-educa-borras-pt-pt","11":"product_tag-educa-superpack-peppa-pig-pt-pt","12":"product_tag-educaborras-pt-pt","13":"product_tag-pack-pt-pt","14":"product_tag-peppa-pig-pt-pt","15":"product_tag-peppaeduca-superpack-peppa-pig-pt-pt","16":"product_tag-pig-pt-pt","17":"product_tag-puzle-pt-pt","18":"product_tag-puzzles-pt-pt","19":"product_tag-rompecabezas-pt-pt","20":"product_tag-super-pt-pt","21":"product_tag-super-pack-pt-pt","22":"product_tag-superpack-pt-pt","24":"first","25":"instock","26":"shipping-taxable","27":"product-type-simple"},"acf":[],"yoast_head":"<!-- This site is optimized with the Yoast SEO plugin v27.1.1 - https:\/\/yoast.com\/product\/yoast-seo-wordpress\/ -->\n<title>Educa Touch Junior Aprendo o Abeced\u00e1rio - Educa Borras<\/title>\n<meta name=\"robots\" content=\"index, follow, max-snippet:-1, max-image-preview:large, max-video-preview:-1\" \/>\n<link rel=\"canonical\" href=\"https:\/\/www.educaborras.com\/pt-pt\/produto\/15678-pt-pt-169\/\" \/>\n<script type=\"application\/ld+json\" class=\"yoast-schema-graph\">{\"@context\":\"https:\/\/schema.org\",\"@graph\":[{\"@type\":\"WebPage\",\"@id\":\"https:\/\/www.educaborras.com\/pt-pt\/produto\/15678-pt-pt-169\/\",\"url\":\"https:\/\/www.educaborras.com\/pt-pt\/produto\/15678-pt-pt-169\/\",\"name\":\"Educa Touch Junior Aprendo o Abeced\u00e1rio - Educa Borras\",\"isPartOf\":{\"@id\":\"https:\/\/www.educaborras.com\/pt-pt\/#website\"},\"primaryImageOfPage\":{\"@id\":\"https:\/\/www.educaborras.com\/pt-pt\/produto\/15678-pt-pt-169\/#primaryimage\"},\"image\":{\"@id\":\"https:\/\/www.educaborras.com\/pt-pt\/produto\/15678-pt-pt-169\/#primaryimage\"},\"thumbnailUrl\":\"https:\/\/www.educaborras.com\/wp-content\/uploads\/16425_01_high.jpg\",\"datePublished\":\"2026-04-05T00:06:40+00:00\",\"breadcrumb\":{\"@id\":\"https:\/\/www.educaborras.com\/pt-pt\/produto\/15678-pt-pt-169\/#breadcrumb\"},\"inLanguage\":\"pt-PT\",\"potentialAction\":[{\"@type\":\"ReadAction\",\"target\":[\"https:\/\/www.educaborras.com\/pt-pt\/produto\/15678-pt-pt-169\/\"]}]},{\"@type\":\"ImageObject\",\"inLanguage\":\"pt-PT\",\"@id\":\"https:\/\/www.educaborras.com\/pt-pt\/produto\/15678-pt-pt-169\/#primaryimage\",\"url\":\"https:\/\/www.educaborras.com\/wp-content\/uploads\/16425_01_high.jpg\",\"contentUrl\":\"https:\/\/www.educaborras.com\/wp-content\/uploads\/16425_01_high.jpg\"},{\"@type\":\"BreadcrumbList\",\"@id\":\"https:\/\/www.educaborras.com\/pt-pt\/produto\/15678-pt-pt-169\/#breadcrumb\",\"itemListElement\":[{\"@type\":\"ListItem\",\"position\":1,\"name\":\"Portada\",\"item\":\"https:\/\/www.educaborras.com\/pt-pt\/\"},{\"@type\":\"ListItem\",\"position\":2,\"name\":\"Produtos\",\"item\":\"https:\/\/www.educaborras.com\/pt-pt\/shop\/\"},{\"@type\":\"ListItem\",\"position\":3,\"name\":\"Educa Touch Junior Aprendo o Abeced\u00e1rio\"}]},{\"@type\":\"WebSite\",\"@id\":\"https:\/\/www.educaborras.com\/pt-pt\/#website\",\"url\":\"https:\/\/www.educaborras.com\/pt-pt\/\",\"name\":\"Educa Borras\",\"description\":\"\",\"publisher\":{\"@id\":\"https:\/\/www.educaborras.com\/pt-pt\/#organization\"},\"potentialAction\":[{\"@type\":\"SearchAction\",\"target\":{\"@type\":\"EntryPoint\",\"urlTemplate\":\"https:\/\/www.educaborras.com\/pt-pt\/?s={search_term_string}\"},\"query-input\":{\"@type\":\"PropertyValueSpecification\",\"valueRequired\":true,\"valueName\":\"search_term_string\"}}],\"inLanguage\":\"pt-PT\"},{\"@type\":\"Organization\",\"@id\":\"https:\/\/www.educaborras.com\/pt-pt\/#organization\",\"name\":\"Educa Borras\",\"url\":\"https:\/\/www.educaborras.com\/pt-pt\/\",\"logo\":{\"@type\":\"ImageObject\",\"inLanguage\":\"pt-PT\",\"@id\":\"https:\/\/www.educaborras.com\/pt-pt\/#\/schema\/logo\/image\/\",\"url\":\"https:\/\/www.educaborras.com\/wp-content\/uploads\/cropped-LOGOS-EDUCA-BORRAS_retina.png\",\"contentUrl\":\"https:\/\/www.educaborras.com\/wp-content\/uploads\/cropped-LOGOS-EDUCA-BORRAS_retina.png\",\"caption\":\"Educa Borras\"},\"image\":{\"@id\":\"https:\/\/www.educaborras.com\/pt-pt\/#\/schema\/logo\/image\/\"}}]}<\/script>\n<!-- \/ Yoast SEO plugin. -->","yoast_head_json":{"title":"Educa Touch Junior Aprendo o Abeced\u00e1rio - Educa Borras","robots":{"index":"index","follow":"follow","max-snippet":"max-snippet:-1","max-image-preview":"max-image-preview:large","max-video-preview":"max-video-preview:-1"},"canonical":"https:\/\/www.educaborras.com\/pt-pt\/produto\/15678-pt-pt-169\/","schema":{"@context":"https:\/\/schema.org","@graph":[{"@type":"WebPage","@id":"https:\/\/www.educaborras.com\/pt-pt\/produto\/15678-pt-pt-169\/","url":"https:\/\/www.educaborras.com\/pt-pt\/produto\/15678-pt-pt-169\/","name":"Educa Touch Junior Aprendo o Abeced\u00e1rio - Educa Borras","isPartOf":{"@id":"https:\/\/www.educaborras.com\/pt-pt\/#website"},"primaryImageOfPage":{"@id":"https:\/\/www.educaborras.com\/pt-pt\/produto\/15678-pt-pt-169\/#primaryimage"},"image":{"@id":"https:\/\/www.educaborras.com\/pt-pt\/produto\/15678-pt-pt-169\/#primaryimage"},"thumbnailUrl":"https:\/\/www.educaborras.com\/wp-content\/uploads\/16425_01_high.jpg","datePublished":"2026-04-05T00:06:40+00:00","breadcrumb":{"@id":"https:\/\/www.educaborras.com\/pt-pt\/produto\/15678-pt-pt-169\/#breadcrumb"},"inLanguage":"pt-PT","potentialAction":[{"@type":"ReadAction","target":["https:\/\/www.educaborras.com\/pt-pt\/produto\/15678-pt-pt-169\/"]}]},{"@type":"ImageObject","inLanguage":"pt-PT","@id":"https:\/\/www.educaborras.com\/pt-pt\/produto\/15678-pt-pt-169\/#primaryimage","url":"https:\/\/www.educaborras.com\/wp-content\/uploads\/16425_01_high.jpg","contentUrl":"https:\/\/www.educaborras.com\/wp-content\/uploads\/16425_01_high.jpg"},{"@type":"BreadcrumbList","@id":"https:\/\/www.educaborras.com\/pt-pt\/produto\/15678-pt-pt-169\/#breadcrumb","itemListElement":[{"@type":"ListItem","position":1,"name":"Portada","item":"https:\/\/www.educaborras.com\/pt-pt\/"},{"@type":"ListItem","position":2,"name":"Produtos","item":"https:\/\/www.educaborras.com\/pt-pt\/shop\/"},{"@type":"ListItem","position":3,"name":"Educa Touch Junior Aprendo o Abeced\u00e1rio"}]},{"@type":"WebSite","@id":"https:\/\/www.educaborras.com\/pt-pt\/#website","url":"https:\/\/www.educaborras.com\/pt-pt\/","name":"Educa Borras","description":"","publisher":{"@id":"https:\/\/www.educaborras.com\/pt-pt\/#organization"},"potentialAction":[{"@type":"SearchAction","target":{"@type":"EntryPoint","urlTemplate":"https:\/\/www.educaborras.com\/pt-pt\/?s={search_term_string}"},"query-input":{"@type":"PropertyValueSpecification","valueRequired":true,"valueName":"search_term_string"}}],"inLanguage":"pt-PT"},{"@type":"Organization","@id":"https:\/\/www.educaborras.com\/pt-pt\/#organization","name":"Educa Borras","url":"https:\/\/www.educaborras.com\/pt-pt\/","logo":{"@type":"ImageObject","inLanguage":"pt-PT","@id":"https:\/\/www.educaborras.com\/pt-pt\/#\/schema\/logo\/image\/","url":"https:\/\/www.educaborras.com\/wp-content\/uploads\/cropped-LOGOS-EDUCA-BORRAS_retina.png","contentUrl":"https:\/\/www.educaborras.com\/wp-content\/uploads\/cropped-LOGOS-EDUCA-BORRAS_retina.png","caption":"Educa Borras"},"image":{"@id":"https:\/\/www.educaborras.com\/pt-pt\/#\/schema\/logo\/image\/"}}]}},"_links":{"self":[{"href":"https:\/\/www.educaborras.com\/pt-pt\/wp-json\/wp\/v2\/product\/260511","targetHints":{"allow":["GET"]}}],"collection":[{"href":"https:\/\/www.educaborras.com\/pt-pt\/wp-json\/wp\/v2\/product"}],"about":[{"href":"https:\/\/www.educaborras.com\/pt-pt\/wp-json\/wp\/v2\/types\/product"}],"wp:featuredmedia":[{"embeddable":true,"href":"https:\/\/www.educaborras.com\/pt-pt\/wp-json\/wp\/v2\/media\/21662"}],"wp:attachment":[{"href":"https:\/\/www.educaborras.com\/pt-pt\/wp-json\/wp\/v2\/media?parent=260511"}],"wp:term":[{"taxonomy":"product_brand","embeddable":true,"href":"https:\/\/www.educaborras.com\/pt-pt\/wp-json\/wp\/v2\/product_brand?post=260511"},{"taxonomy":"product_cat","embeddable":true,"href":"https:\/\/www.educaborras.com\/pt-pt\/wp-json\/wp\/v2\/product_cat?post=260511"},{"taxonomy":"product_tag","embeddable":true,"href":"https:\/\/www.educaborras.com\/pt-pt\/wp-json\/wp\/v2\/product_tag?post=260511"}],"curies":[{"name":"wp","href":"https:\/\/api.w.org\/{rel}","templated":true}]}}