{"id":256013,"date":"2025-12-26T03:42:44","date_gmt":"2025-12-26T01:42:44","guid":{"rendered":"https:\/\/www.educaborras.com\/product\/17471-pt-pt-51\/"},"modified":"2025-12-26T03:42:44","modified_gmt":"2025-12-26T01:42:44","slug":"17471-pt-pt-51","status":"publish","type":"product","link":"https:\/\/www.educaborras.com\/pt-pt\/produto\/17471-pt-pt-51\/","title":{"rendered":"Adivinha o que imito!"},"content":{"rendered":"<p>O jogo de m\u00edmica mais louco! 4 categorias para imitar: profiss\u00f5es, animais, objetos, a\u00e7\u00f5es. Gira o ponteiro para saberes o que vais imitar e de que forma o deves fazer: M\u00cdMICA CL\u00c1SSICA: Imita apenas com gestos. M\u00cdMICA DESAFIANTE: Bisca uma carta de repto e descobre se deves fazer a tua imita\u00e7\u00e3o com apenas uma m\u00e3o, voltado de costas, deitado no ch\u00e3o&#8230; Um aut\u00eantico Desafio! M\u00cdMICA CRONOMETRADA: Coloca um conjunto de cartas no Mimocron\u00f3metro, baixa a alavanca e acerta no m\u00e1ximo de imita\u00e7\u00f5es antes que o tempo termine e as cartas saltem todas para o ar. Conte\u00fado: &#8211; 1 tabuleiro de jogo com um ponteiro &#8211; 144 cartas &#8211; 1 Mimo-cron\u00f3metro &#8211; Regras do jogo.<\/p>\n","protected":false},"excerpt":{"rendered":"<p>O jogo de m\u00edmica mais louco! 4 categorias para imitar: profiss\u00f5es, animais, objetos, a\u00e7\u00f5es.<\/p>\n","protected":false},"featured_media":36446,"template":"","meta":{"_acf_changed":false},"product_brand":[],"product_cat":[73291,73290],"product_tag":[101435,101438,80137,80313,101437,73999,77256,101436,80977],"class_list":{"0":"post-256013","1":"product","2":"type-product","3":"status-publish","4":"has-post-thumbnail","6":"product_cat-infantis-e-familiares","7":"product_cat-jogos-de-mesa","8":"product_tag-101435","9":"product_tag-defi-quiz-voyage-en-france","10":"product_tag-educatif","11":"product_tag-famille","12":"product_tag-france-defi-quiz-voyage-en-france","13":"product_tag-jeu","14":"product_tag-questions","15":"product_tag-questions-reponses","16":"product_tag-quiz","18":"first","19":"instock","20":"shipping-taxable","21":"product-type-simple"},"acf":[],"yoast_head":"<!-- This site is optimized with the Yoast SEO plugin v27.1.1 - https:\/\/yoast.com\/product\/yoast-seo-wordpress\/ -->\n<title>Adivinha o que imito! - Educa Borras<\/title>\n<meta name=\"robots\" content=\"index, follow, max-snippet:-1, max-image-preview:large, max-video-preview:-1\" \/>\n<link rel=\"canonical\" href=\"https:\/\/www.educaborras.com\/pt-pt\/produto\/17471-pt-pt-51\/\" \/>\n<meta name=\"twitter:label1\" content=\"Tempo estimado de leitura\" \/>\n\t<meta name=\"twitter:data1\" content=\"1 minuto\" \/>\n<script type=\"application\/ld+json\" class=\"yoast-schema-graph\">{\"@context\":\"https:\/\/schema.org\",\"@graph\":[{\"@type\":\"WebPage\",\"@id\":\"https:\/\/www.educaborras.com\/pt-pt\/produto\/17471-pt-pt-51\/\",\"url\":\"https:\/\/www.educaborras.com\/pt-pt\/produto\/17471-pt-pt-51\/\",\"name\":\"Adivinha o que imito! - Educa Borras\",\"isPartOf\":{\"@id\":\"https:\/\/www.educaborras.com\/pt-pt\/#website\"},\"primaryImageOfPage\":{\"@id\":\"https:\/\/www.educaborras.com\/pt-pt\/produto\/17471-pt-pt-51\/#primaryimage\"},\"image\":{\"@id\":\"https:\/\/www.educaborras.com\/pt-pt\/produto\/17471-pt-pt-51\/#primaryimage\"},\"thumbnailUrl\":\"https:\/\/www.educaborras.com\/wp-content\/uploads\/18220_01_high.jpg\",\"datePublished\":\"2025-12-26T01:42:44+00:00\",\"breadcrumb\":{\"@id\":\"https:\/\/www.educaborras.com\/pt-pt\/produto\/17471-pt-pt-51\/#breadcrumb\"},\"inLanguage\":\"pt-PT\",\"potentialAction\":[{\"@type\":\"ReadAction\",\"target\":[\"https:\/\/www.educaborras.com\/pt-pt\/produto\/17471-pt-pt-51\/\"]}]},{\"@type\":\"ImageObject\",\"inLanguage\":\"pt-PT\",\"@id\":\"https:\/\/www.educaborras.com\/pt-pt\/produto\/17471-pt-pt-51\/#primaryimage\",\"url\":\"https:\/\/www.educaborras.com\/wp-content\/uploads\/18220_01_high.jpg\",\"contentUrl\":\"https:\/\/www.educaborras.com\/wp-content\/uploads\/18220_01_high.jpg\"},{\"@type\":\"BreadcrumbList\",\"@id\":\"https:\/\/www.educaborras.com\/pt-pt\/produto\/17471-pt-pt-51\/#breadcrumb\",\"itemListElement\":[{\"@type\":\"ListItem\",\"position\":1,\"name\":\"Portada\",\"item\":\"https:\/\/www.educaborras.com\/pt-pt\/\"},{\"@type\":\"ListItem\",\"position\":2,\"name\":\"Produtos\",\"item\":\"https:\/\/www.educaborras.com\/pt-pt\/shop\/\"},{\"@type\":\"ListItem\",\"position\":3,\"name\":\"Adivinha o que imito!\"}]},{\"@type\":\"WebSite\",\"@id\":\"https:\/\/www.educaborras.com\/pt-pt\/#website\",\"url\":\"https:\/\/www.educaborras.com\/pt-pt\/\",\"name\":\"Educa Borras\",\"description\":\"\",\"publisher\":{\"@id\":\"https:\/\/www.educaborras.com\/pt-pt\/#organization\"},\"potentialAction\":[{\"@type\":\"SearchAction\",\"target\":{\"@type\":\"EntryPoint\",\"urlTemplate\":\"https:\/\/www.educaborras.com\/pt-pt\/?s={search_term_string}\"},\"query-input\":{\"@type\":\"PropertyValueSpecification\",\"valueRequired\":true,\"valueName\":\"search_term_string\"}}],\"inLanguage\":\"pt-PT\"},{\"@type\":\"Organization\",\"@id\":\"https:\/\/www.educaborras.com\/pt-pt\/#organization\",\"name\":\"Educa Borras\",\"url\":\"https:\/\/www.educaborras.com\/pt-pt\/\",\"logo\":{\"@type\":\"ImageObject\",\"inLanguage\":\"pt-PT\",\"@id\":\"https:\/\/www.educaborras.com\/pt-pt\/#\/schema\/logo\/image\/\",\"url\":\"https:\/\/www.educaborras.com\/wp-content\/uploads\/cropped-LOGOS-EDUCA-BORRAS_retina.png\",\"contentUrl\":\"https:\/\/www.educaborras.com\/wp-content\/uploads\/cropped-LOGOS-EDUCA-BORRAS_retina.png\",\"caption\":\"Educa Borras\"},\"image\":{\"@id\":\"https:\/\/www.educaborras.com\/pt-pt\/#\/schema\/logo\/image\/\"}}]}<\/script>\n<!-- \/ Yoast SEO plugin. -->","yoast_head_json":{"title":"Adivinha o que imito! - Educa Borras","robots":{"index":"index","follow":"follow","max-snippet":"max-snippet:-1","max-image-preview":"max-image-preview:large","max-video-preview":"max-video-preview:-1"},"canonical":"https:\/\/www.educaborras.com\/pt-pt\/produto\/17471-pt-pt-51\/","twitter_misc":{"Tempo estimado de leitura":"1 minuto"},"schema":{"@context":"https:\/\/schema.org","@graph":[{"@type":"WebPage","@id":"https:\/\/www.educaborras.com\/pt-pt\/produto\/17471-pt-pt-51\/","url":"https:\/\/www.educaborras.com\/pt-pt\/produto\/17471-pt-pt-51\/","name":"Adivinha o que imito! - Educa Borras","isPartOf":{"@id":"https:\/\/www.educaborras.com\/pt-pt\/#website"},"primaryImageOfPage":{"@id":"https:\/\/www.educaborras.com\/pt-pt\/produto\/17471-pt-pt-51\/#primaryimage"},"image":{"@id":"https:\/\/www.educaborras.com\/pt-pt\/produto\/17471-pt-pt-51\/#primaryimage"},"thumbnailUrl":"https:\/\/www.educaborras.com\/wp-content\/uploads\/18220_01_high.jpg","datePublished":"2025-12-26T01:42:44+00:00","breadcrumb":{"@id":"https:\/\/www.educaborras.com\/pt-pt\/produto\/17471-pt-pt-51\/#breadcrumb"},"inLanguage":"pt-PT","potentialAction":[{"@type":"ReadAction","target":["https:\/\/www.educaborras.com\/pt-pt\/produto\/17471-pt-pt-51\/"]}]},{"@type":"ImageObject","inLanguage":"pt-PT","@id":"https:\/\/www.educaborras.com\/pt-pt\/produto\/17471-pt-pt-51\/#primaryimage","url":"https:\/\/www.educaborras.com\/wp-content\/uploads\/18220_01_high.jpg","contentUrl":"https:\/\/www.educaborras.com\/wp-content\/uploads\/18220_01_high.jpg"},{"@type":"BreadcrumbList","@id":"https:\/\/www.educaborras.com\/pt-pt\/produto\/17471-pt-pt-51\/#breadcrumb","itemListElement":[{"@type":"ListItem","position":1,"name":"Portada","item":"https:\/\/www.educaborras.com\/pt-pt\/"},{"@type":"ListItem","position":2,"name":"Produtos","item":"https:\/\/www.educaborras.com\/pt-pt\/shop\/"},{"@type":"ListItem","position":3,"name":"Adivinha o que imito!"}]},{"@type":"WebSite","@id":"https:\/\/www.educaborras.com\/pt-pt\/#website","url":"https:\/\/www.educaborras.com\/pt-pt\/","name":"Educa Borras","description":"","publisher":{"@id":"https:\/\/www.educaborras.com\/pt-pt\/#organization"},"potentialAction":[{"@type":"SearchAction","target":{"@type":"EntryPoint","urlTemplate":"https:\/\/www.educaborras.com\/pt-pt\/?s={search_term_string}"},"query-input":{"@type":"PropertyValueSpecification","valueRequired":true,"valueName":"search_term_string"}}],"inLanguage":"pt-PT"},{"@type":"Organization","@id":"https:\/\/www.educaborras.com\/pt-pt\/#organization","name":"Educa Borras","url":"https:\/\/www.educaborras.com\/pt-pt\/","logo":{"@type":"ImageObject","inLanguage":"pt-PT","@id":"https:\/\/www.educaborras.com\/pt-pt\/#\/schema\/logo\/image\/","url":"https:\/\/www.educaborras.com\/wp-content\/uploads\/cropped-LOGOS-EDUCA-BORRAS_retina.png","contentUrl":"https:\/\/www.educaborras.com\/wp-content\/uploads\/cropped-LOGOS-EDUCA-BORRAS_retina.png","caption":"Educa Borras"},"image":{"@id":"https:\/\/www.educaborras.com\/pt-pt\/#\/schema\/logo\/image\/"}}]}},"_links":{"self":[{"href":"https:\/\/www.educaborras.com\/pt-pt\/wp-json\/wp\/v2\/product\/256013","targetHints":{"allow":["GET"]}}],"collection":[{"href":"https:\/\/www.educaborras.com\/pt-pt\/wp-json\/wp\/v2\/product"}],"about":[{"href":"https:\/\/www.educaborras.com\/pt-pt\/wp-json\/wp\/v2\/types\/product"}],"wp:featuredmedia":[{"embeddable":true,"href":"https:\/\/www.educaborras.com\/pt-pt\/wp-json\/wp\/v2\/media\/36446"}],"wp:attachment":[{"href":"https:\/\/www.educaborras.com\/pt-pt\/wp-json\/wp\/v2\/media?parent=256013"}],"wp:term":[{"taxonomy":"product_brand","embeddable":true,"href":"https:\/\/www.educaborras.com\/pt-pt\/wp-json\/wp\/v2\/product_brand?post=256013"},{"taxonomy":"product_cat","embeddable":true,"href":"https:\/\/www.educaborras.com\/pt-pt\/wp-json\/wp\/v2\/product_cat?post=256013"},{"taxonomy":"product_tag","embeddable":true,"href":"https:\/\/www.educaborras.com\/pt-pt\/wp-json\/wp\/v2\/product_tag?post=256013"}],"curies":[{"name":"wp","href":"https:\/\/api.w.org\/{rel}","templated":true}]}}