{"id":253585,"date":"2025-11-06T12:47:46","date_gmt":"2025-11-06T10:47:46","guid":{"rendered":"https:\/\/www.educaborras.com\/product\/20345-pt-pt-2\/"},"modified":"2026-04-12T03:35:47","modified_gmt":"2026-04-12T01:35:47","slug":"20345-pt-pt-2","status":"publish","type":"product","link":"https:\/\/www.educaborras.com\/pt-pt\/produto\/20345-pt-pt-2\/","title":{"rendered":"2&#215;48 Iron Man and his Awesome Friends"},"content":{"rendered":"<p>Estes 2 puzzles sao compostos por grandes pe\u00e7as, perfeitamente acabadas para que o manuseamento pelas crian\u00e7as seja simples e seguro. Ns pe\u00e7as por puzzle: 48. Tamanho aproximado do puzzle montado: 28 x 20 cm.<\/p>\n","protected":false},"excerpt":{"rendered":"<p>Educa\u00ae oferece uma extensa cole\u00e7ao de puzzles infantis para todas as idades, com tamanhos desde as 2 a 400 pe\u00e7as e com as melhores imagens.<\/p>\n","protected":false},"featured_media":0,"template":"","meta":{"_acf_changed":false},"product_brand":[],"product_cat":[73302],"product_tag":[74349,74331,77894,101657,77878,101661,101662,101667,101668,74432,74000,74141,74230,77417,77441,101664,101658,101659,76154,76096,74332,74352,74437,74512,80353,82361,74513,74438,74514,74439,77850,77875,73994,75667,101660,74062,73995,101663,82516,80184,101666,86000,86075,101665,86076,85526,74353,73997],"class_list":{"0":"post-253585","1":"product","2":"type-product","3":"status-publish","5":"product_cat-puzzles-de-21-a-99-pecas","6":"product_tag-piezas-pt-pt","7":"product_tag-piezas","8":"product_tag-2x48-pt-pt","9":"product_tag-101657","10":"product_tag-2x48","11":"product_tag-2x48-iron-man","12":"product_tag-2x48-iron-man-and-his-awesome-friends","13":"product_tag-amazing-friends","14":"product_tag-awesome-friends","15":"product_tag-disney-pt-pt","16":"product_tag-disney","17":"product_tag-educa-puzzle","18":"product_tag-educa-puzzle-pt-pt","19":"product_tag-iron-man","20":"product_tag-iron-man-pt-pt","21":"product_tag-iron-man-his-awesome-friends","22":"product_tag-iron-man-and-his-awesome-friends","23":"product_tag-iron-man-puzzle","24":"product_tag-marvel-pt-pt","25":"product_tag-marvel","26":"product_tag-peca","27":"product_tag-peca-pt-pt","28":"product_tag-peces","29":"product_tag-peces-pt-pt","30":"product_tag-picce","31":"product_tag-picce-pt-pt","32":"product_tag-piece-pt-pt","33":"product_tag-piece","34":"product_tag-pieces-pt-pt","35":"product_tag-pieces","36":"product_tag-pieza","37":"product_tag-pieza-pt-pt-pt-pt","38":"product_tag-puzle","39":"product_tag-puzle-pt-pt","40":"product_tag-puzle-iron-man","41":"product_tag-puzzle-pt-pt","42":"product_tag-puzzle","43":"product_tag-puzzle-2x48-iron-man","44":"product_tag-puzzle-educa-pt-pt","45":"product_tag-puzzle-educa","46":"product_tag-puzzle-educa-iron-man","47":"product_tag-puzzle-iron-man","48":"product_tag-puzzle-iron-man-pt-pt","49":"product_tag-puzzle-iron-man-2x48","50":"product_tag-puzzle-marvel-pt-pt","51":"product_tag-puzzle-marvel","52":"product_tag-rompecabezas-pt-pt","53":"product_tag-rompecabezas","55":"first","56":"instock","57":"shipping-taxable","58":"product-type-simple"},"acf":[],"yoast_head":"<!-- This site is optimized with the Yoast SEO plugin v27.1.1 - https:\/\/yoast.com\/product\/yoast-seo-wordpress\/ -->\n<title>2x48 Iron Man and his Awesome Friends - Educa Borras<\/title>\n<meta name=\"robots\" content=\"index, follow, max-snippet:-1, max-image-preview:large, max-video-preview:-1\" \/>\n<link rel=\"canonical\" href=\"https:\/\/www.educaborras.com\/pt-pt\/produto\/20345-pt-pt-2\/\" \/>\n<script type=\"application\/ld+json\" class=\"yoast-schema-graph\">{\"@context\":\"https:\/\/schema.org\",\"@graph\":[{\"@type\":\"WebPage\",\"@id\":\"https:\/\/www.educaborras.com\/pt-pt\/produto\/20345-pt-pt-2\/\",\"url\":\"https:\/\/www.educaborras.com\/pt-pt\/produto\/20345-pt-pt-2\/\",\"name\":\"2x48 Iron Man and his Awesome Friends - Educa Borras\",\"isPartOf\":{\"@id\":\"https:\/\/www.educaborras.com\/pt-pt\/#website\"},\"datePublished\":\"2025-11-06T10:47:46+00:00\",\"dateModified\":\"2026-04-12T01:35:47+00:00\",\"breadcrumb\":{\"@id\":\"https:\/\/www.educaborras.com\/pt-pt\/produto\/20345-pt-pt-2\/#breadcrumb\"},\"inLanguage\":\"pt-PT\",\"potentialAction\":[{\"@type\":\"ReadAction\",\"target\":[\"https:\/\/www.educaborras.com\/pt-pt\/produto\/20345-pt-pt-2\/\"]}]},{\"@type\":\"BreadcrumbList\",\"@id\":\"https:\/\/www.educaborras.com\/pt-pt\/produto\/20345-pt-pt-2\/#breadcrumb\",\"itemListElement\":[{\"@type\":\"ListItem\",\"position\":1,\"name\":\"Portada\",\"item\":\"https:\/\/www.educaborras.com\/pt-pt\/\"},{\"@type\":\"ListItem\",\"position\":2,\"name\":\"Produtos\",\"item\":\"https:\/\/www.educaborras.com\/pt-pt\/shop\/\"},{\"@type\":\"ListItem\",\"position\":3,\"name\":\"2&#215;48 Iron Man and his Awesome Friends\"}]},{\"@type\":\"WebSite\",\"@id\":\"https:\/\/www.educaborras.com\/pt-pt\/#website\",\"url\":\"https:\/\/www.educaborras.com\/pt-pt\/\",\"name\":\"Educa Borras\",\"description\":\"\",\"publisher\":{\"@id\":\"https:\/\/www.educaborras.com\/pt-pt\/#organization\"},\"potentialAction\":[{\"@type\":\"SearchAction\",\"target\":{\"@type\":\"EntryPoint\",\"urlTemplate\":\"https:\/\/www.educaborras.com\/pt-pt\/?s={search_term_string}\"},\"query-input\":{\"@type\":\"PropertyValueSpecification\",\"valueRequired\":true,\"valueName\":\"search_term_string\"}}],\"inLanguage\":\"pt-PT\"},{\"@type\":\"Organization\",\"@id\":\"https:\/\/www.educaborras.com\/pt-pt\/#organization\",\"name\":\"Educa Borras\",\"url\":\"https:\/\/www.educaborras.com\/pt-pt\/\",\"logo\":{\"@type\":\"ImageObject\",\"inLanguage\":\"pt-PT\",\"@id\":\"https:\/\/www.educaborras.com\/pt-pt\/#\/schema\/logo\/image\/\",\"url\":\"https:\/\/www.educaborras.com\/wp-content\/uploads\/cropped-LOGOS-EDUCA-BORRAS_retina.png\",\"contentUrl\":\"https:\/\/www.educaborras.com\/wp-content\/uploads\/cropped-LOGOS-EDUCA-BORRAS_retina.png\",\"caption\":\"Educa Borras\"},\"image\":{\"@id\":\"https:\/\/www.educaborras.com\/pt-pt\/#\/schema\/logo\/image\/\"}}]}<\/script>\n<!-- \/ Yoast SEO plugin. -->","yoast_head_json":{"title":"2x48 Iron Man and his Awesome Friends - Educa Borras","robots":{"index":"index","follow":"follow","max-snippet":"max-snippet:-1","max-image-preview":"max-image-preview:large","max-video-preview":"max-video-preview:-1"},"canonical":"https:\/\/www.educaborras.com\/pt-pt\/produto\/20345-pt-pt-2\/","schema":{"@context":"https:\/\/schema.org","@graph":[{"@type":"WebPage","@id":"https:\/\/www.educaborras.com\/pt-pt\/produto\/20345-pt-pt-2\/","url":"https:\/\/www.educaborras.com\/pt-pt\/produto\/20345-pt-pt-2\/","name":"2x48 Iron Man and his Awesome Friends - Educa Borras","isPartOf":{"@id":"https:\/\/www.educaborras.com\/pt-pt\/#website"},"datePublished":"2025-11-06T10:47:46+00:00","dateModified":"2026-04-12T01:35:47+00:00","breadcrumb":{"@id":"https:\/\/www.educaborras.com\/pt-pt\/produto\/20345-pt-pt-2\/#breadcrumb"},"inLanguage":"pt-PT","potentialAction":[{"@type":"ReadAction","target":["https:\/\/www.educaborras.com\/pt-pt\/produto\/20345-pt-pt-2\/"]}]},{"@type":"BreadcrumbList","@id":"https:\/\/www.educaborras.com\/pt-pt\/produto\/20345-pt-pt-2\/#breadcrumb","itemListElement":[{"@type":"ListItem","position":1,"name":"Portada","item":"https:\/\/www.educaborras.com\/pt-pt\/"},{"@type":"ListItem","position":2,"name":"Produtos","item":"https:\/\/www.educaborras.com\/pt-pt\/shop\/"},{"@type":"ListItem","position":3,"name":"2&#215;48 Iron Man and his Awesome Friends"}]},{"@type":"WebSite","@id":"https:\/\/www.educaborras.com\/pt-pt\/#website","url":"https:\/\/www.educaborras.com\/pt-pt\/","name":"Educa Borras","description":"","publisher":{"@id":"https:\/\/www.educaborras.com\/pt-pt\/#organization"},"potentialAction":[{"@type":"SearchAction","target":{"@type":"EntryPoint","urlTemplate":"https:\/\/www.educaborras.com\/pt-pt\/?s={search_term_string}"},"query-input":{"@type":"PropertyValueSpecification","valueRequired":true,"valueName":"search_term_string"}}],"inLanguage":"pt-PT"},{"@type":"Organization","@id":"https:\/\/www.educaborras.com\/pt-pt\/#organization","name":"Educa Borras","url":"https:\/\/www.educaborras.com\/pt-pt\/","logo":{"@type":"ImageObject","inLanguage":"pt-PT","@id":"https:\/\/www.educaborras.com\/pt-pt\/#\/schema\/logo\/image\/","url":"https:\/\/www.educaborras.com\/wp-content\/uploads\/cropped-LOGOS-EDUCA-BORRAS_retina.png","contentUrl":"https:\/\/www.educaborras.com\/wp-content\/uploads\/cropped-LOGOS-EDUCA-BORRAS_retina.png","caption":"Educa Borras"},"image":{"@id":"https:\/\/www.educaborras.com\/pt-pt\/#\/schema\/logo\/image\/"}}]}},"_links":{"self":[{"href":"https:\/\/www.educaborras.com\/pt-pt\/wp-json\/wp\/v2\/product\/253585","targetHints":{"allow":["GET"]}}],"collection":[{"href":"https:\/\/www.educaborras.com\/pt-pt\/wp-json\/wp\/v2\/product"}],"about":[{"href":"https:\/\/www.educaborras.com\/pt-pt\/wp-json\/wp\/v2\/types\/product"}],"wp:attachment":[{"href":"https:\/\/www.educaborras.com\/pt-pt\/wp-json\/wp\/v2\/media?parent=253585"}],"wp:term":[{"taxonomy":"product_brand","embeddable":true,"href":"https:\/\/www.educaborras.com\/pt-pt\/wp-json\/wp\/v2\/product_brand?post=253585"},{"taxonomy":"product_cat","embeddable":true,"href":"https:\/\/www.educaborras.com\/pt-pt\/wp-json\/wp\/v2\/product_cat?post=253585"},{"taxonomy":"product_tag","embeddable":true,"href":"https:\/\/www.educaborras.com\/pt-pt\/wp-json\/wp\/v2\/product_tag?post=253585"}],"curies":[{"name":"wp","href":"https:\/\/api.w.org\/{rel}","templated":true}]}}