{"id":253576,"date":"2025-11-06T12:47:44","date_gmt":"2025-11-06T10:47:44","guid":{"rendered":"https:\/\/www.educaborras.com\/product\/20422-pt-pt-2\/"},"modified":"2026-04-04T02:36:23","modified_gmt":"2026-04-04T00:36:23","slug":"20422-pt-pt-2","status":"publish","type":"product","link":"https:\/\/www.educaborras.com\/pt-pt\/produto\/20422-pt-pt-2\/","title":{"rendered":"Ramo de 6 Rosas Amarelas &#8211; Floral Art"},"content":{"rendered":"<p>Flores decorativas: O kit de artes manuais Floral Art inclui tudo o que precisas para criar um ramo com 6 rosas amarelas de papel. Um projeto criativo perfeito para oferecer ou decorar. Montagem f\u00e1cil e sem ferramentas: As pe\u00e7as v\u00eam pr\u00e9-cortadas e est\u00e3o prontas a montar, sem necessidade de tesouras ou cola. Seguro e recomendado para maiores de 14 anos. Materiais sustent\u00e1veis: O conjunto utiliza papel e cart\u00e3o impressos frente e verso, juntamente com pe\u00e7as de pl\u00e1stico reutiliz\u00e1veis, promovendo uma criatividade respons\u00e1vel. Presente original: Ideal para anivers\u00e1rios, celebra\u00e7\u00f5es ou como detalhe decorativo em casamentos, batizados e outras ocasi\u00f5es especiais. Acabamento realista: As rosas t\u00eam tamanhos diferentes para criar um efeito visual mais natural e elegante. https:\/\/youtu.be\/-xS0Q3GB1Yw<\/p>\n","protected":false},"excerpt":{"rendered":"<p>A caixa cont\u00e9m tudo o que \u00e9 necess\u00e1rio para criar o seu bouquet de rosas da nossa nova s\u00e9rie floral.<\/p>\n","protected":false},"featured_media":251852,"template":"","meta":{"_acf_changed":false},"product_brand":[],"product_cat":[73318],"product_tag":[80660,82059,80565,80555,98646,80587,104375,82060,80572,80564,82061,80568,82062,73954,82063,82064,73965,80570,82065,80563,82066,104376,80559,82068,80561,82069,80574,98648,80566,78168,78355,98649,80558,80588,98650,79216,91281,82075,80575,80577,82076,80590,104378,80584,104379,80579,98654,98655,80583,98656,80581],"class_list":{"0":"post-253576","1":"product","2":"type-product","3":"status-publish","4":"has-post-thumbnail","6":"product_cat-floral-art-pt","7":"product_tag-80660","8":"product_tag-accessoires-pt-pt","9":"product_tag-accessoires","10":"product_tag-artisticos-serie-floral","11":"product_tag-artisticos-serie-floral-pt-pt","12":"product_tag-bouquet-of-roses","13":"product_tag-bouquet-of-roses-pt-pt","14":"product_tag-crear-pt-pt","15":"product_tag-crear","16":"product_tag-creatif","17":"product_tag-creatif-pt-pt","18":"product_tag-creativa","19":"product_tag-creativa-pt-pt","20":"product_tag-creative","21":"product_tag-creative-pt-pt","22":"product_tag-creatividad-pt-pt","23":"product_tag-creatividad","24":"product_tag-creer","25":"product_tag-creer-pt-pt","26":"product_tag-design","27":"product_tag-design-pt-pt","28":"product_tag-design-your-bouquet-of-roses-pt-pt","29":"product_tag-design-your-bouquet-of-roses","30":"product_tag-designer-pt-pt","31":"product_tag-designer","32":"product_tag-diseno-pt-pt","33":"product_tag-diseno","34":"product_tag-fantastique-pt-pt","35":"product_tag-fantastique","36":"product_tag-fantasy","37":"product_tag-fantasy-pt-pt-2","38":"product_tag-floral-pt-pt","39":"product_tag-floral","40":"product_tag-floral-art","41":"product_tag-floral-art-pt-pt","42":"product_tag-flower","43":"product_tag-flower-pt-pt","44":"product_tag-manualidad-pt-pt","45":"product_tag-manualidad","46":"product_tag-manualidades","47":"product_tag-manualidades-pt-pt","48":"product_tag-rosas","49":"product_tag-rosas-pt-pt","50":"product_tag-roses","51":"product_tag-roses-pt-pt","52":"product_tag-tendance","53":"product_tag-tendance-pt-pt","54":"product_tag-tendancia-pt-pt","55":"product_tag-tendancia","56":"product_tag-trendy-pt-pt","57":"product_tag-trendy","59":"first","60":"instock","61":"shipping-taxable","62":"product-type-simple"},"acf":[],"yoast_head":"<!-- This site is optimized with the Yoast SEO plugin v27.1.1 - https:\/\/yoast.com\/product\/yoast-seo-wordpress\/ -->\n<title>Ramo de 6 Rosas Amarelas - Floral Art - Educa Borras<\/title>\n<meta name=\"robots\" content=\"index, follow, max-snippet:-1, max-image-preview:large, max-video-preview:-1\" \/>\n<link rel=\"canonical\" href=\"https:\/\/www.educaborras.com\/pt-pt\/produto\/20422-pt-pt-2\/\" \/>\n<meta name=\"twitter:label1\" content=\"Tempo estimado de leitura\" \/>\n\t<meta name=\"twitter:data1\" content=\"1 minuto\" \/>\n<script type=\"application\/ld+json\" class=\"yoast-schema-graph\">{\"@context\":\"https:\/\/schema.org\",\"@graph\":[{\"@type\":\"WebPage\",\"@id\":\"https:\/\/www.educaborras.com\/pt-pt\/produto\/20422-pt-pt-2\/\",\"url\":\"https:\/\/www.educaborras.com\/pt-pt\/produto\/20422-pt-pt-2\/\",\"name\":\"Ramo de 6 Rosas Amarelas - Floral Art - Educa Borras\",\"isPartOf\":{\"@id\":\"https:\/\/www.educaborras.com\/pt-pt\/#website\"},\"primaryImageOfPage\":{\"@id\":\"https:\/\/www.educaborras.com\/pt-pt\/produto\/20422-pt-pt-2\/#primaryimage\"},\"image\":{\"@id\":\"https:\/\/www.educaborras.com\/pt-pt\/produto\/20422-pt-pt-2\/#primaryimage\"},\"thumbnailUrl\":\"https:\/\/www.educaborras.com\/wp-content\/uploads\/20422_01_high.jpg\",\"datePublished\":\"2025-11-06T10:47:44+00:00\",\"dateModified\":\"2026-04-04T00:36:23+00:00\",\"breadcrumb\":{\"@id\":\"https:\/\/www.educaborras.com\/pt-pt\/produto\/20422-pt-pt-2\/#breadcrumb\"},\"inLanguage\":\"pt-PT\",\"potentialAction\":[{\"@type\":\"ReadAction\",\"target\":[\"https:\/\/www.educaborras.com\/pt-pt\/produto\/20422-pt-pt-2\/\"]}]},{\"@type\":\"ImageObject\",\"inLanguage\":\"pt-PT\",\"@id\":\"https:\/\/www.educaborras.com\/pt-pt\/produto\/20422-pt-pt-2\/#primaryimage\",\"url\":\"https:\/\/www.educaborras.com\/wp-content\/uploads\/20422_01_high.jpg\",\"contentUrl\":\"https:\/\/www.educaborras.com\/wp-content\/uploads\/20422_01_high.jpg\",\"width\":2400,\"height\":2400,\"caption\":\"Ramo 6 Rosas Amarillas - Floral Art\"},{\"@type\":\"BreadcrumbList\",\"@id\":\"https:\/\/www.educaborras.com\/pt-pt\/produto\/20422-pt-pt-2\/#breadcrumb\",\"itemListElement\":[{\"@type\":\"ListItem\",\"position\":1,\"name\":\"Portada\",\"item\":\"https:\/\/www.educaborras.com\/pt-pt\/\"},{\"@type\":\"ListItem\",\"position\":2,\"name\":\"Produtos\",\"item\":\"https:\/\/www.educaborras.com\/pt-pt\/shop\/\"},{\"@type\":\"ListItem\",\"position\":3,\"name\":\"Ramo de 6 Rosas Amarelas &#8211; Floral Art\"}]},{\"@type\":\"WebSite\",\"@id\":\"https:\/\/www.educaborras.com\/pt-pt\/#website\",\"url\":\"https:\/\/www.educaborras.com\/pt-pt\/\",\"name\":\"Educa Borras\",\"description\":\"\",\"publisher\":{\"@id\":\"https:\/\/www.educaborras.com\/pt-pt\/#organization\"},\"potentialAction\":[{\"@type\":\"SearchAction\",\"target\":{\"@type\":\"EntryPoint\",\"urlTemplate\":\"https:\/\/www.educaborras.com\/pt-pt\/?s={search_term_string}\"},\"query-input\":{\"@type\":\"PropertyValueSpecification\",\"valueRequired\":true,\"valueName\":\"search_term_string\"}}],\"inLanguage\":\"pt-PT\"},{\"@type\":\"Organization\",\"@id\":\"https:\/\/www.educaborras.com\/pt-pt\/#organization\",\"name\":\"Educa Borras\",\"url\":\"https:\/\/www.educaborras.com\/pt-pt\/\",\"logo\":{\"@type\":\"ImageObject\",\"inLanguage\":\"pt-PT\",\"@id\":\"https:\/\/www.educaborras.com\/pt-pt\/#\/schema\/logo\/image\/\",\"url\":\"https:\/\/www.educaborras.com\/wp-content\/uploads\/cropped-LOGOS-EDUCA-BORRAS_retina.png\",\"contentUrl\":\"https:\/\/www.educaborras.com\/wp-content\/uploads\/cropped-LOGOS-EDUCA-BORRAS_retina.png\",\"caption\":\"Educa Borras\"},\"image\":{\"@id\":\"https:\/\/www.educaborras.com\/pt-pt\/#\/schema\/logo\/image\/\"}}]}<\/script>\n<!-- \/ Yoast SEO plugin. -->","yoast_head_json":{"title":"Ramo de 6 Rosas Amarelas - Floral Art - Educa Borras","robots":{"index":"index","follow":"follow","max-snippet":"max-snippet:-1","max-image-preview":"max-image-preview:large","max-video-preview":"max-video-preview:-1"},"canonical":"https:\/\/www.educaborras.com\/pt-pt\/produto\/20422-pt-pt-2\/","twitter_misc":{"Tempo estimado de leitura":"1 minuto"},"schema":{"@context":"https:\/\/schema.org","@graph":[{"@type":"WebPage","@id":"https:\/\/www.educaborras.com\/pt-pt\/produto\/20422-pt-pt-2\/","url":"https:\/\/www.educaborras.com\/pt-pt\/produto\/20422-pt-pt-2\/","name":"Ramo de 6 Rosas Amarelas - Floral Art - Educa Borras","isPartOf":{"@id":"https:\/\/www.educaborras.com\/pt-pt\/#website"},"primaryImageOfPage":{"@id":"https:\/\/www.educaborras.com\/pt-pt\/produto\/20422-pt-pt-2\/#primaryimage"},"image":{"@id":"https:\/\/www.educaborras.com\/pt-pt\/produto\/20422-pt-pt-2\/#primaryimage"},"thumbnailUrl":"https:\/\/www.educaborras.com\/wp-content\/uploads\/20422_01_high.jpg","datePublished":"2025-11-06T10:47:44+00:00","dateModified":"2026-04-04T00:36:23+00:00","breadcrumb":{"@id":"https:\/\/www.educaborras.com\/pt-pt\/produto\/20422-pt-pt-2\/#breadcrumb"},"inLanguage":"pt-PT","potentialAction":[{"@type":"ReadAction","target":["https:\/\/www.educaborras.com\/pt-pt\/produto\/20422-pt-pt-2\/"]}]},{"@type":"ImageObject","inLanguage":"pt-PT","@id":"https:\/\/www.educaborras.com\/pt-pt\/produto\/20422-pt-pt-2\/#primaryimage","url":"https:\/\/www.educaborras.com\/wp-content\/uploads\/20422_01_high.jpg","contentUrl":"https:\/\/www.educaborras.com\/wp-content\/uploads\/20422_01_high.jpg","width":2400,"height":2400,"caption":"Ramo 6 Rosas Amarillas - Floral Art"},{"@type":"BreadcrumbList","@id":"https:\/\/www.educaborras.com\/pt-pt\/produto\/20422-pt-pt-2\/#breadcrumb","itemListElement":[{"@type":"ListItem","position":1,"name":"Portada","item":"https:\/\/www.educaborras.com\/pt-pt\/"},{"@type":"ListItem","position":2,"name":"Produtos","item":"https:\/\/www.educaborras.com\/pt-pt\/shop\/"},{"@type":"ListItem","position":3,"name":"Ramo de 6 Rosas Amarelas &#8211; Floral Art"}]},{"@type":"WebSite","@id":"https:\/\/www.educaborras.com\/pt-pt\/#website","url":"https:\/\/www.educaborras.com\/pt-pt\/","name":"Educa Borras","description":"","publisher":{"@id":"https:\/\/www.educaborras.com\/pt-pt\/#organization"},"potentialAction":[{"@type":"SearchAction","target":{"@type":"EntryPoint","urlTemplate":"https:\/\/www.educaborras.com\/pt-pt\/?s={search_term_string}"},"query-input":{"@type":"PropertyValueSpecification","valueRequired":true,"valueName":"search_term_string"}}],"inLanguage":"pt-PT"},{"@type":"Organization","@id":"https:\/\/www.educaborras.com\/pt-pt\/#organization","name":"Educa Borras","url":"https:\/\/www.educaborras.com\/pt-pt\/","logo":{"@type":"ImageObject","inLanguage":"pt-PT","@id":"https:\/\/www.educaborras.com\/pt-pt\/#\/schema\/logo\/image\/","url":"https:\/\/www.educaborras.com\/wp-content\/uploads\/cropped-LOGOS-EDUCA-BORRAS_retina.png","contentUrl":"https:\/\/www.educaborras.com\/wp-content\/uploads\/cropped-LOGOS-EDUCA-BORRAS_retina.png","caption":"Educa Borras"},"image":{"@id":"https:\/\/www.educaborras.com\/pt-pt\/#\/schema\/logo\/image\/"}}]}},"_links":{"self":[{"href":"https:\/\/www.educaborras.com\/pt-pt\/wp-json\/wp\/v2\/product\/253576","targetHints":{"allow":["GET"]}}],"collection":[{"href":"https:\/\/www.educaborras.com\/pt-pt\/wp-json\/wp\/v2\/product"}],"about":[{"href":"https:\/\/www.educaborras.com\/pt-pt\/wp-json\/wp\/v2\/types\/product"}],"wp:featuredmedia":[{"embeddable":true,"href":"https:\/\/www.educaborras.com\/pt-pt\/wp-json\/wp\/v2\/media\/251852"}],"wp:attachment":[{"href":"https:\/\/www.educaborras.com\/pt-pt\/wp-json\/wp\/v2\/media?parent=253576"}],"wp:term":[{"taxonomy":"product_brand","embeddable":true,"href":"https:\/\/www.educaborras.com\/pt-pt\/wp-json\/wp\/v2\/product_brand?post=253576"},{"taxonomy":"product_cat","embeddable":true,"href":"https:\/\/www.educaborras.com\/pt-pt\/wp-json\/wp\/v2\/product_cat?post=253576"},{"taxonomy":"product_tag","embeddable":true,"href":"https:\/\/www.educaborras.com\/pt-pt\/wp-json\/wp\/v2\/product_tag?post=253576"}],"curies":[{"name":"wp","href":"https:\/\/api.w.org\/{rel}","templated":true}]}}