{"id":253466,"date":"2025-11-06T11:08:28","date_gmt":"2025-11-06T09:08:28","guid":{"rendered":"https:\/\/www.educaborras.com\/product\/20418-pt-pt\/"},"modified":"2026-04-12T03:05:36","modified_gmt":"2026-04-12T01:05:36","slug":"20418-pt-pt","status":"publish","type":"product","link":"https:\/\/www.educaborras.com\/pt-pt\/produto\/20418-pt-pt\/","title":{"rendered":"Puzzle Battle Dragon Ball Z"},"content":{"rendered":"<p>EST\u00c1 PRONTO PARA TESTAR SUAS HABILIDADES? Bem-vindo ao Puzzle Battle Dragon Ball Z, o jogo din\u00e2mico que testa sua velocidade, habilidades de observa\u00e7\u00e3o e capacidade de resolver puzzles! Compita contra amigos e familiares para ver quem consegue completar o seu puzzle primeiro e conquistar a vit\u00f3ria! Cont\u00e9m 12 puzzles de 42 pe\u00e7as cada (504 pe\u00e7as no total), 12 cartas de imagem, instru\u00e7\u00f5es.<\/p>\n","protected":false},"excerpt":{"rendered":"<p>Educa\u00ae oferece-te Puzzle Battle Dragon Ball Z, uma verdadeira batalha de puzzles.<\/p>\n","protected":false},"featured_media":251817,"template":"","meta":{"_acf_changed":false},"product_brand":[],"product_cat":[73290,73306],"product_tag":[74331,74349,84654,80346,79471,81774,73990,74226,74228,74142,80182,82321,84655,80348,78869,80688,74352,74332,74512,74437,82361,80353,74513,74438,74514,74439,74062,73995,80358,84656,84657,80360,80350,84658,82324,80356,74238,74144,80355,82325,74353,73997,84659,80364,82329,80347,80362,84660],"class_list":{"0":"post-253466","1":"product","2":"type-product","3":"status-publish","4":"has-post-thumbnail","6":"product_cat-jogos-de-mesa","7":"product_cat-puzzle-battle-pt","8":"product_tag-piezas","9":"product_tag-piezas-pt-pt","10":"product_tag-20418-pt-pt","11":"product_tag-80346","12":"product_tag-dragon-ball","13":"product_tag-dragon-ball-pt-pt","14":"product_tag-educa","15":"product_tag-educa-pt-pt","16":"product_tag-educa-borras-puzzle-pt-pt","17":"product_tag-educa-borras-puzzle","18":"product_tag-jigsaw","19":"product_tag-jigsaw-pt-pt","20":"product_tag-jigsaw-puzzle-battle-pt-pt","21":"product_tag-jigsaw-puzzle-battle","22":"product_tag-juego-de-mesa","23":"product_tag-juego-de-mesa-pt-pt","24":"product_tag-peca-pt-pt","25":"product_tag-peca","26":"product_tag-peces-pt-pt","27":"product_tag-peces","28":"product_tag-picce-pt-pt","29":"product_tag-picce","30":"product_tag-piece-pt-pt","31":"product_tag-piece","32":"product_tag-pieces-pt-pt","33":"product_tag-pieces","34":"product_tag-puzzle-pt-pt","35":"product_tag-puzzle","36":"product_tag-puzzle-battle-art","37":"product_tag-puzzle-battle-art-pt-pt","38":"product_tag-puzzle-battle-arte-pt-pt","39":"product_tag-puzzle-battle-arte","40":"product_tag-puzzle-juego","41":"product_tag-puzzle-juego-pt-pt","42":"product_tag-puzzle-pasion-pt-pt","43":"product_tag-puzzle-pasion","44":"product_tag-puzzle-passion-pt-pt","45":"product_tag-puzzle-passion","46":"product_tag-puzzlemania","47":"product_tag-puzzlemania-pt-pt","48":"product_tag-rompecabezas-pt-pt","49":"product_tag-rompecabezas","50":"product_tag-son-goku-pt-pt","51":"product_tag-son-goku","52":"product_tag-trencaclosques-pt-pt","53":"product_tag-trencaclosques","54":"product_tag-vegetta","55":"product_tag-vegetta-pt-pt","57":"first","58":"instock","59":"shipping-taxable","60":"product-type-simple"},"acf":[],"yoast_head":"<!-- This site is optimized with the Yoast SEO plugin v27.1.1 - https:\/\/yoast.com\/product\/yoast-seo-wordpress\/ -->\n<title>Puzzle Battle Dragon Ball Z - Educa Borras<\/title>\n<meta name=\"robots\" content=\"index, follow, max-snippet:-1, max-image-preview:large, max-video-preview:-1\" \/>\n<link rel=\"canonical\" href=\"https:\/\/www.educaborras.com\/pt-pt\/produto\/20418-pt-pt\/\" \/>\n<script type=\"application\/ld+json\" class=\"yoast-schema-graph\">{\"@context\":\"https:\/\/schema.org\",\"@graph\":[{\"@type\":\"WebPage\",\"@id\":\"https:\/\/www.educaborras.com\/pt-pt\/produto\/20418-pt-pt\/\",\"url\":\"https:\/\/www.educaborras.com\/pt-pt\/produto\/20418-pt-pt\/\",\"name\":\"Puzzle Battle Dragon Ball Z - Educa Borras\",\"isPartOf\":{\"@id\":\"https:\/\/www.educaborras.com\/pt-pt\/#website\"},\"primaryImageOfPage\":{\"@id\":\"https:\/\/www.educaborras.com\/pt-pt\/produto\/20418-pt-pt\/#primaryimage\"},\"image\":{\"@id\":\"https:\/\/www.educaborras.com\/pt-pt\/produto\/20418-pt-pt\/#primaryimage\"},\"thumbnailUrl\":\"https:\/\/www.educaborras.com\/wp-content\/uploads\/20418_01_high.jpg\",\"datePublished\":\"2025-11-06T09:08:28+00:00\",\"dateModified\":\"2026-04-12T01:05:36+00:00\",\"breadcrumb\":{\"@id\":\"https:\/\/www.educaborras.com\/pt-pt\/produto\/20418-pt-pt\/#breadcrumb\"},\"inLanguage\":\"pt-PT\",\"potentialAction\":[{\"@type\":\"ReadAction\",\"target\":[\"https:\/\/www.educaborras.com\/pt-pt\/produto\/20418-pt-pt\/\"]}]},{\"@type\":\"ImageObject\",\"inLanguage\":\"pt-PT\",\"@id\":\"https:\/\/www.educaborras.com\/pt-pt\/produto\/20418-pt-pt\/#primaryimage\",\"url\":\"https:\/\/www.educaborras.com\/wp-content\/uploads\/20418_01_high.jpg\",\"contentUrl\":\"https:\/\/www.educaborras.com\/wp-content\/uploads\/20418_01_high.jpg\",\"width\":2400,\"height\":2400,\"caption\":\"Puzzle Battle Dragon Ball Z\"},{\"@type\":\"BreadcrumbList\",\"@id\":\"https:\/\/www.educaborras.com\/pt-pt\/produto\/20418-pt-pt\/#breadcrumb\",\"itemListElement\":[{\"@type\":\"ListItem\",\"position\":1,\"name\":\"Portada\",\"item\":\"https:\/\/www.educaborras.com\/pt-pt\/\"},{\"@type\":\"ListItem\",\"position\":2,\"name\":\"Produtos\",\"item\":\"https:\/\/www.educaborras.com\/pt-pt\/shop\/\"},{\"@type\":\"ListItem\",\"position\":3,\"name\":\"Puzzle Battle Dragon Ball Z\"}]},{\"@type\":\"WebSite\",\"@id\":\"https:\/\/www.educaborras.com\/pt-pt\/#website\",\"url\":\"https:\/\/www.educaborras.com\/pt-pt\/\",\"name\":\"Educa Borras\",\"description\":\"\",\"publisher\":{\"@id\":\"https:\/\/www.educaborras.com\/pt-pt\/#organization\"},\"potentialAction\":[{\"@type\":\"SearchAction\",\"target\":{\"@type\":\"EntryPoint\",\"urlTemplate\":\"https:\/\/www.educaborras.com\/pt-pt\/?s={search_term_string}\"},\"query-input\":{\"@type\":\"PropertyValueSpecification\",\"valueRequired\":true,\"valueName\":\"search_term_string\"}}],\"inLanguage\":\"pt-PT\"},{\"@type\":\"Organization\",\"@id\":\"https:\/\/www.educaborras.com\/pt-pt\/#organization\",\"name\":\"Educa Borras\",\"url\":\"https:\/\/www.educaborras.com\/pt-pt\/\",\"logo\":{\"@type\":\"ImageObject\",\"inLanguage\":\"pt-PT\",\"@id\":\"https:\/\/www.educaborras.com\/pt-pt\/#\/schema\/logo\/image\/\",\"url\":\"https:\/\/www.educaborras.com\/wp-content\/uploads\/cropped-LOGOS-EDUCA-BORRAS_retina.png\",\"contentUrl\":\"https:\/\/www.educaborras.com\/wp-content\/uploads\/cropped-LOGOS-EDUCA-BORRAS_retina.png\",\"caption\":\"Educa Borras\"},\"image\":{\"@id\":\"https:\/\/www.educaborras.com\/pt-pt\/#\/schema\/logo\/image\/\"}}]}<\/script>\n<!-- \/ Yoast SEO plugin. -->","yoast_head_json":{"title":"Puzzle Battle Dragon Ball Z - Educa Borras","robots":{"index":"index","follow":"follow","max-snippet":"max-snippet:-1","max-image-preview":"max-image-preview:large","max-video-preview":"max-video-preview:-1"},"canonical":"https:\/\/www.educaborras.com\/pt-pt\/produto\/20418-pt-pt\/","schema":{"@context":"https:\/\/schema.org","@graph":[{"@type":"WebPage","@id":"https:\/\/www.educaborras.com\/pt-pt\/produto\/20418-pt-pt\/","url":"https:\/\/www.educaborras.com\/pt-pt\/produto\/20418-pt-pt\/","name":"Puzzle Battle Dragon Ball Z - Educa Borras","isPartOf":{"@id":"https:\/\/www.educaborras.com\/pt-pt\/#website"},"primaryImageOfPage":{"@id":"https:\/\/www.educaborras.com\/pt-pt\/produto\/20418-pt-pt\/#primaryimage"},"image":{"@id":"https:\/\/www.educaborras.com\/pt-pt\/produto\/20418-pt-pt\/#primaryimage"},"thumbnailUrl":"https:\/\/www.educaborras.com\/wp-content\/uploads\/20418_01_high.jpg","datePublished":"2025-11-06T09:08:28+00:00","dateModified":"2026-04-12T01:05:36+00:00","breadcrumb":{"@id":"https:\/\/www.educaborras.com\/pt-pt\/produto\/20418-pt-pt\/#breadcrumb"},"inLanguage":"pt-PT","potentialAction":[{"@type":"ReadAction","target":["https:\/\/www.educaborras.com\/pt-pt\/produto\/20418-pt-pt\/"]}]},{"@type":"ImageObject","inLanguage":"pt-PT","@id":"https:\/\/www.educaborras.com\/pt-pt\/produto\/20418-pt-pt\/#primaryimage","url":"https:\/\/www.educaborras.com\/wp-content\/uploads\/20418_01_high.jpg","contentUrl":"https:\/\/www.educaborras.com\/wp-content\/uploads\/20418_01_high.jpg","width":2400,"height":2400,"caption":"Puzzle Battle Dragon Ball Z"},{"@type":"BreadcrumbList","@id":"https:\/\/www.educaborras.com\/pt-pt\/produto\/20418-pt-pt\/#breadcrumb","itemListElement":[{"@type":"ListItem","position":1,"name":"Portada","item":"https:\/\/www.educaborras.com\/pt-pt\/"},{"@type":"ListItem","position":2,"name":"Produtos","item":"https:\/\/www.educaborras.com\/pt-pt\/shop\/"},{"@type":"ListItem","position":3,"name":"Puzzle Battle Dragon Ball Z"}]},{"@type":"WebSite","@id":"https:\/\/www.educaborras.com\/pt-pt\/#website","url":"https:\/\/www.educaborras.com\/pt-pt\/","name":"Educa Borras","description":"","publisher":{"@id":"https:\/\/www.educaborras.com\/pt-pt\/#organization"},"potentialAction":[{"@type":"SearchAction","target":{"@type":"EntryPoint","urlTemplate":"https:\/\/www.educaborras.com\/pt-pt\/?s={search_term_string}"},"query-input":{"@type":"PropertyValueSpecification","valueRequired":true,"valueName":"search_term_string"}}],"inLanguage":"pt-PT"},{"@type":"Organization","@id":"https:\/\/www.educaborras.com\/pt-pt\/#organization","name":"Educa Borras","url":"https:\/\/www.educaborras.com\/pt-pt\/","logo":{"@type":"ImageObject","inLanguage":"pt-PT","@id":"https:\/\/www.educaborras.com\/pt-pt\/#\/schema\/logo\/image\/","url":"https:\/\/www.educaborras.com\/wp-content\/uploads\/cropped-LOGOS-EDUCA-BORRAS_retina.png","contentUrl":"https:\/\/www.educaborras.com\/wp-content\/uploads\/cropped-LOGOS-EDUCA-BORRAS_retina.png","caption":"Educa Borras"},"image":{"@id":"https:\/\/www.educaborras.com\/pt-pt\/#\/schema\/logo\/image\/"}}]}},"_links":{"self":[{"href":"https:\/\/www.educaborras.com\/pt-pt\/wp-json\/wp\/v2\/product\/253466","targetHints":{"allow":["GET"]}}],"collection":[{"href":"https:\/\/www.educaborras.com\/pt-pt\/wp-json\/wp\/v2\/product"}],"about":[{"href":"https:\/\/www.educaborras.com\/pt-pt\/wp-json\/wp\/v2\/types\/product"}],"wp:featuredmedia":[{"embeddable":true,"href":"https:\/\/www.educaborras.com\/pt-pt\/wp-json\/wp\/v2\/media\/251817"}],"wp:attachment":[{"href":"https:\/\/www.educaborras.com\/pt-pt\/wp-json\/wp\/v2\/media?parent=253466"}],"wp:term":[{"taxonomy":"product_brand","embeddable":true,"href":"https:\/\/www.educaborras.com\/pt-pt\/wp-json\/wp\/v2\/product_brand?post=253466"},{"taxonomy":"product_cat","embeddable":true,"href":"https:\/\/www.educaborras.com\/pt-pt\/wp-json\/wp\/v2\/product_cat?post=253466"},{"taxonomy":"product_tag","embeddable":true,"href":"https:\/\/www.educaborras.com\/pt-pt\/wp-json\/wp\/v2\/product_tag?post=253466"}],"curies":[{"name":"wp","href":"https:\/\/api.w.org\/{rel}","templated":true}]}}