{"id":253441,"date":"2025-11-05T14:56:34","date_gmt":"2025-11-05T12:56:34","guid":{"rendered":"https:\/\/www.educaborras.com\/product\/20006-pt-pt\/"},"modified":"2026-04-20T02:32:07","modified_gmt":"2026-04-20T00:32:07","slug":"20006-pt-pt","status":"publish","type":"product","link":"https:\/\/www.educaborras.com\/pt-pt\/produto\/20006-pt-pt\/","title":{"rendered":"Mesa de desenho Disney Princess"},"content":{"rendered":"<p>Cria os teus desenhos com a mesa de luz, d\u00e1-lhes cor e decora-os com os adesivos! Cont\u00e9m: 1 mesa de luz, 1 livrinho de 32 p\u00e1ginas com modelos, padres e instru\u00e7ies, 1 l\u00e1pis, 1 folha com autocolantes. Funciona com 3 pilas Lr03 de 1,5 V. A partir dos 5 anos. \u00a9Disney<\/p>\n","protected":false},"excerpt":{"rendered":"<p>Cria os teus desenhos Disney Princess com a mesa de luz, d\u00e1-lhes cor e decora-os com os adesivos! \u00a9Disney<\/p>\n","protected":false},"featured_media":117769,"template":"","meta":{"_acf_changed":false},"product_brand":[],"product_cat":[73317,73316],"product_tag":[87321,89784,79466,86389,90188,87324,87323,103860,87325,80561,82068,81027,89814,89815,81030,74000,74432,77572,77616,87322,77299,77258,89816,81034,81033,89817,77995,78089,77571,77621,84433,79135,81031,89818,89819,81028,89820,81032,89821,81029],"class_list":{"0":"post-253441","1":"product","2":"type-product","3":"status-publish","4":"has-post-thumbnail","6":"product_cat-artisticos-pt","7":"product_cat-trabalhos-manuais-e-artisticos","8":"product_tag-87321","9":"product_tag-ariel-pt-pt","10":"product_tag-ariel","11":"product_tag-bella","12":"product_tag-bella-pt-pt","13":"product_tag-cendrillon","14":"product_tag-cenicienta","15":"product_tag-cenicienta-pt-pt","16":"product_tag-cinderella","17":"product_tag-designer","18":"product_tag-designer-pt-pt","19":"product_tag-dibuja","20":"product_tag-dibuja-pt-pt","21":"product_tag-disena-pt-pt","22":"product_tag-disena","23":"product_tag-disney","24":"product_tag-disney-pt-pt","25":"product_tag-disney-princess","26":"product_tag-disney-princess-pt-pt","27":"product_tag-jasmine","28":"product_tag-luz-pt-pt","29":"product_tag-luz","30":"product_tag-mesa-pt-pt","31":"product_tag-mesa","32":"product_tag-mon-atelier-designer","33":"product_tag-mon-atelier-designer-pt-pt","34":"product_tag-pilas","35":"product_tag-pilas-pt-pt","36":"product_tag-princesas","37":"product_tag-princesas-pt-pt","38":"product_tag-princesas-disney-pt-pt","39":"product_tag-princesas-disney","40":"product_tag-projector","41":"product_tag-projector-pt-pt","42":"product_tag-proyecta-pt-pt","43":"product_tag-proyecta","44":"product_tag-proyectar-pt-pt","45":"product_tag-proyectar","46":"product_tag-proyector-pt-pt","47":"product_tag-proyector","49":"first","50":"instock","51":"shipping-taxable","52":"product-type-simple"},"acf":[],"yoast_head":"<!-- This site is optimized with the Yoast SEO plugin v27.1.1 - https:\/\/yoast.com\/product\/yoast-seo-wordpress\/ -->\n<title>Mesa de desenho Disney Princess - Educa Borras<\/title>\n<meta name=\"robots\" content=\"index, follow, max-snippet:-1, max-image-preview:large, max-video-preview:-1\" \/>\n<link rel=\"canonical\" href=\"https:\/\/www.educaborras.com\/pt-pt\/produto\/20006-pt-pt\/\" \/>\n<script type=\"application\/ld+json\" class=\"yoast-schema-graph\">{\"@context\":\"https:\/\/schema.org\",\"@graph\":[{\"@type\":\"WebPage\",\"@id\":\"https:\/\/www.educaborras.com\/pt-pt\/produto\/20006-pt-pt\/\",\"url\":\"https:\/\/www.educaborras.com\/pt-pt\/produto\/20006-pt-pt\/\",\"name\":\"Mesa de desenho Disney Princess - Educa Borras\",\"isPartOf\":{\"@id\":\"https:\/\/www.educaborras.com\/pt-pt\/#website\"},\"primaryImageOfPage\":{\"@id\":\"https:\/\/www.educaborras.com\/pt-pt\/produto\/20006-pt-pt\/#primaryimage\"},\"image\":{\"@id\":\"https:\/\/www.educaborras.com\/pt-pt\/produto\/20006-pt-pt\/#primaryimage\"},\"thumbnailUrl\":\"https:\/\/www.educaborras.com\/wp-content\/uploads\/20006_01_high.jpg\",\"datePublished\":\"2025-11-05T12:56:34+00:00\",\"dateModified\":\"2026-04-20T00:32:07+00:00\",\"breadcrumb\":{\"@id\":\"https:\/\/www.educaborras.com\/pt-pt\/produto\/20006-pt-pt\/#breadcrumb\"},\"inLanguage\":\"pt-PT\",\"potentialAction\":[{\"@type\":\"ReadAction\",\"target\":[\"https:\/\/www.educaborras.com\/pt-pt\/produto\/20006-pt-pt\/\"]}]},{\"@type\":\"ImageObject\",\"inLanguage\":\"pt-PT\",\"@id\":\"https:\/\/www.educaborras.com\/pt-pt\/produto\/20006-pt-pt\/#primaryimage\",\"url\":\"https:\/\/www.educaborras.com\/wp-content\/uploads\/20006_01_high.jpg\",\"contentUrl\":\"https:\/\/www.educaborras.com\/wp-content\/uploads\/20006_01_high.jpg\",\"width\":2400,\"height\":2400,\"caption\":\"Mesa dise\u00f1o Disney Princess\"},{\"@type\":\"BreadcrumbList\",\"@id\":\"https:\/\/www.educaborras.com\/pt-pt\/produto\/20006-pt-pt\/#breadcrumb\",\"itemListElement\":[{\"@type\":\"ListItem\",\"position\":1,\"name\":\"Portada\",\"item\":\"https:\/\/www.educaborras.com\/pt-pt\/\"},{\"@type\":\"ListItem\",\"position\":2,\"name\":\"Produtos\",\"item\":\"https:\/\/www.educaborras.com\/pt-pt\/shop\/\"},{\"@type\":\"ListItem\",\"position\":3,\"name\":\"Mesa de desenho Disney Princess\"}]},{\"@type\":\"WebSite\",\"@id\":\"https:\/\/www.educaborras.com\/pt-pt\/#website\",\"url\":\"https:\/\/www.educaborras.com\/pt-pt\/\",\"name\":\"Educa Borras\",\"description\":\"\",\"publisher\":{\"@id\":\"https:\/\/www.educaborras.com\/pt-pt\/#organization\"},\"potentialAction\":[{\"@type\":\"SearchAction\",\"target\":{\"@type\":\"EntryPoint\",\"urlTemplate\":\"https:\/\/www.educaborras.com\/pt-pt\/?s={search_term_string}\"},\"query-input\":{\"@type\":\"PropertyValueSpecification\",\"valueRequired\":true,\"valueName\":\"search_term_string\"}}],\"inLanguage\":\"pt-PT\"},{\"@type\":\"Organization\",\"@id\":\"https:\/\/www.educaborras.com\/pt-pt\/#organization\",\"name\":\"Educa Borras\",\"url\":\"https:\/\/www.educaborras.com\/pt-pt\/\",\"logo\":{\"@type\":\"ImageObject\",\"inLanguage\":\"pt-PT\",\"@id\":\"https:\/\/www.educaborras.com\/pt-pt\/#\/schema\/logo\/image\/\",\"url\":\"https:\/\/www.educaborras.com\/wp-content\/uploads\/cropped-LOGOS-EDUCA-BORRAS_retina.png\",\"contentUrl\":\"https:\/\/www.educaborras.com\/wp-content\/uploads\/cropped-LOGOS-EDUCA-BORRAS_retina.png\",\"caption\":\"Educa Borras\"},\"image\":{\"@id\":\"https:\/\/www.educaborras.com\/pt-pt\/#\/schema\/logo\/image\/\"}}]}<\/script>\n<!-- \/ Yoast SEO plugin. -->","yoast_head_json":{"title":"Mesa de desenho Disney Princess - Educa Borras","robots":{"index":"index","follow":"follow","max-snippet":"max-snippet:-1","max-image-preview":"max-image-preview:large","max-video-preview":"max-video-preview:-1"},"canonical":"https:\/\/www.educaborras.com\/pt-pt\/produto\/20006-pt-pt\/","schema":{"@context":"https:\/\/schema.org","@graph":[{"@type":"WebPage","@id":"https:\/\/www.educaborras.com\/pt-pt\/produto\/20006-pt-pt\/","url":"https:\/\/www.educaborras.com\/pt-pt\/produto\/20006-pt-pt\/","name":"Mesa de desenho Disney Princess - Educa Borras","isPartOf":{"@id":"https:\/\/www.educaborras.com\/pt-pt\/#website"},"primaryImageOfPage":{"@id":"https:\/\/www.educaborras.com\/pt-pt\/produto\/20006-pt-pt\/#primaryimage"},"image":{"@id":"https:\/\/www.educaborras.com\/pt-pt\/produto\/20006-pt-pt\/#primaryimage"},"thumbnailUrl":"https:\/\/www.educaborras.com\/wp-content\/uploads\/20006_01_high.jpg","datePublished":"2025-11-05T12:56:34+00:00","dateModified":"2026-04-20T00:32:07+00:00","breadcrumb":{"@id":"https:\/\/www.educaborras.com\/pt-pt\/produto\/20006-pt-pt\/#breadcrumb"},"inLanguage":"pt-PT","potentialAction":[{"@type":"ReadAction","target":["https:\/\/www.educaborras.com\/pt-pt\/produto\/20006-pt-pt\/"]}]},{"@type":"ImageObject","inLanguage":"pt-PT","@id":"https:\/\/www.educaborras.com\/pt-pt\/produto\/20006-pt-pt\/#primaryimage","url":"https:\/\/www.educaborras.com\/wp-content\/uploads\/20006_01_high.jpg","contentUrl":"https:\/\/www.educaborras.com\/wp-content\/uploads\/20006_01_high.jpg","width":2400,"height":2400,"caption":"Mesa dise\u00f1o Disney Princess"},{"@type":"BreadcrumbList","@id":"https:\/\/www.educaborras.com\/pt-pt\/produto\/20006-pt-pt\/#breadcrumb","itemListElement":[{"@type":"ListItem","position":1,"name":"Portada","item":"https:\/\/www.educaborras.com\/pt-pt\/"},{"@type":"ListItem","position":2,"name":"Produtos","item":"https:\/\/www.educaborras.com\/pt-pt\/shop\/"},{"@type":"ListItem","position":3,"name":"Mesa de desenho Disney Princess"}]},{"@type":"WebSite","@id":"https:\/\/www.educaborras.com\/pt-pt\/#website","url":"https:\/\/www.educaborras.com\/pt-pt\/","name":"Educa Borras","description":"","publisher":{"@id":"https:\/\/www.educaborras.com\/pt-pt\/#organization"},"potentialAction":[{"@type":"SearchAction","target":{"@type":"EntryPoint","urlTemplate":"https:\/\/www.educaborras.com\/pt-pt\/?s={search_term_string}"},"query-input":{"@type":"PropertyValueSpecification","valueRequired":true,"valueName":"search_term_string"}}],"inLanguage":"pt-PT"},{"@type":"Organization","@id":"https:\/\/www.educaborras.com\/pt-pt\/#organization","name":"Educa Borras","url":"https:\/\/www.educaborras.com\/pt-pt\/","logo":{"@type":"ImageObject","inLanguage":"pt-PT","@id":"https:\/\/www.educaborras.com\/pt-pt\/#\/schema\/logo\/image\/","url":"https:\/\/www.educaborras.com\/wp-content\/uploads\/cropped-LOGOS-EDUCA-BORRAS_retina.png","contentUrl":"https:\/\/www.educaborras.com\/wp-content\/uploads\/cropped-LOGOS-EDUCA-BORRAS_retina.png","caption":"Educa Borras"},"image":{"@id":"https:\/\/www.educaborras.com\/pt-pt\/#\/schema\/logo\/image\/"}}]}},"_links":{"self":[{"href":"https:\/\/www.educaborras.com\/pt-pt\/wp-json\/wp\/v2\/product\/253441","targetHints":{"allow":["GET"]}}],"collection":[{"href":"https:\/\/www.educaborras.com\/pt-pt\/wp-json\/wp\/v2\/product"}],"about":[{"href":"https:\/\/www.educaborras.com\/pt-pt\/wp-json\/wp\/v2\/types\/product"}],"wp:featuredmedia":[{"embeddable":true,"href":"https:\/\/www.educaborras.com\/pt-pt\/wp-json\/wp\/v2\/media\/117769"}],"wp:attachment":[{"href":"https:\/\/www.educaborras.com\/pt-pt\/wp-json\/wp\/v2\/media?parent=253441"}],"wp:term":[{"taxonomy":"product_brand","embeddable":true,"href":"https:\/\/www.educaborras.com\/pt-pt\/wp-json\/wp\/v2\/product_brand?post=253441"},{"taxonomy":"product_cat","embeddable":true,"href":"https:\/\/www.educaborras.com\/pt-pt\/wp-json\/wp\/v2\/product_cat?post=253441"},{"taxonomy":"product_tag","embeddable":true,"href":"https:\/\/www.educaborras.com\/pt-pt\/wp-json\/wp\/v2\/product_tag?post=253441"}],"curies":[{"name":"wp","href":"https:\/\/api.w.org\/{rel}","templated":true}]}}