{"id":251286,"date":"2025-06-05T11:02:18","date_gmt":"2025-06-05T09:02:18","guid":{"rendered":"https:\/\/www.educaborras.com\/product\/20083\/"},"modified":"2026-04-29T03:46:20","modified_gmt":"2026-04-29T01:46:20","slug":"20083-pt-pt","status":"publish","type":"product","link":"https:\/\/www.educaborras.com\/pt-pt\/produto\/20083-pt-pt\/","title":{"rendered":"1,2,3 Nuts!"},"content":{"rendered":"<p>Escolhe a melhor forma de recolher o maior n\u00famero de nozes. Se encheres o teu cesto primeiro, ser\u00e1s o vencedor, mas cuidado! Tem muito cuidado com o caminho que escolhes, pois podes encontrar uma minhoca, yuck! Conte\u00fado: 1 tabuleiro da \u00e1rvore, 1 ficha de esquilo, 4 tabuleiros de cestos, 36 nozes, 32 nozes coloridas, 1 dado.<\/p>\n","protected":false},"excerpt":{"rendered":"<p>Escolhe a melhor forma de recolher o maior n\u00famero de nozes. Se encheres o teu cesto primeiro, ser\u00e1s o vencedor, mas cuidado! Tem muito cuidado com o caminho que escolhes, pois podes encontrar uma minhoca, yuck!<\/p>\n","protected":false},"featured_media":161051,"template":"","meta":{"_acf_changed":false},"product_brand":[],"product_cat":[73291,73290],"product_tag":[103477,78338,75954,103478,84485,103479,103480,75472,103481,98242,103482,75779,80688,78084,103483,103484,103485,82144,103486,103112,103487,103488,103489,92781],"class_list":{"0":"post-251286","1":"product","2":"type-product","3":"status-publish","4":"has-post-thumbnail","6":"product_cat-infantis-e-familiares","7":"product_cat-jogos-de-mesa","8":"product_tag-20083-pt-pt","9":"product_tag-arbol-pt-pt","10":"product_tag-ardilla-pt-pt","11":"product_tag-ardillas-pt-pt","12":"product_tag-camino-pt-pt","13":"product_tag-caminos-pt-pt","14":"product_tag-canastos-pt-pt","15":"product_tag-colores-pt-pt","16":"product_tag-coordinacion-pt-pt","17":"product_tag-dado-pt-pt","18":"product_tag-educa-think-pt-pt","19":"product_tag-educativo-pt-pt","20":"product_tag-juego-de-mesa-pt-pt","21":"product_tag-juego-familiar-pt-pt","22":"product_tag-nueces-pt-pt","23":"product_tag-nuez-pt-pt","24":"product_tag-nuts-pt-pt","25":"product_tag-observacion-pt-pt","26":"product_tag-ojo-mano-pt-pt","27":"product_tag-percepcion-visual-pt-pt","28":"product_tag-razonamiento-logico-pt-pt","29":"product_tag-recoleccion-pt-pt","30":"product_tag-recolectar-pt-pt","31":"product_tag-tablero-pt-pt","33":"first","34":"instock","35":"shipping-taxable","36":"product-type-simple"},"acf":[],"yoast_head":"<!-- This site is optimized with the Yoast SEO plugin v27.1.1 - https:\/\/yoast.com\/product\/yoast-seo-wordpress\/ -->\n<title>1,2,3 Nuts! - Educa Borras<\/title>\n<meta name=\"description\" content=\"Observa y escoge el camino con el mayor n\u00famero de nueces, y ser\u00e1s el primero en rellenar tu canasto, pero cuidado puedes encontrar con gusanos que te har\u00e1n perder nueces. Es un juego de conteo y observaci\u00f3n.\" \/>\n<meta name=\"robots\" content=\"index, follow, max-snippet:-1, max-image-preview:large, max-video-preview:-1\" \/>\n<link rel=\"canonical\" href=\"https:\/\/www.educaborras.com\/pt-pt\/produto\/20083-pt-pt\/\" \/>\n<script type=\"application\/ld+json\" class=\"yoast-schema-graph\">{\"@context\":\"https:\/\/schema.org\",\"@graph\":[{\"@type\":\"WebPage\",\"@id\":\"https:\/\/www.educaborras.com\/pt-pt\/produto\/20083-pt-pt\/\",\"url\":\"https:\/\/www.educaborras.com\/pt-pt\/produto\/20083-pt-pt\/\",\"name\":\"1,2,3 Nuts! - Educa Borras\",\"isPartOf\":{\"@id\":\"https:\/\/www.educaborras.com\/pt-pt\/#website\"},\"primaryImageOfPage\":{\"@id\":\"https:\/\/www.educaborras.com\/pt-pt\/produto\/20083-pt-pt\/#primaryimage\"},\"image\":{\"@id\":\"https:\/\/www.educaborras.com\/pt-pt\/produto\/20083-pt-pt\/#primaryimage\"},\"thumbnailUrl\":\"https:\/\/www.educaborras.com\/wp-content\/uploads\/20083_01_high-8.jpg\",\"datePublished\":\"2025-06-05T09:02:18+00:00\",\"dateModified\":\"2026-04-29T01:46:20+00:00\",\"description\":\"Observa y escoge el camino con el mayor n\u00famero de nueces, y ser\u00e1s el primero en rellenar tu canasto, pero cuidado puedes encontrar con gusanos que te har\u00e1n perder nueces. Es un juego de conteo y observaci\u00f3n.\",\"breadcrumb\":{\"@id\":\"https:\/\/www.educaborras.com\/pt-pt\/produto\/20083-pt-pt\/#breadcrumb\"},\"inLanguage\":\"pt-PT\",\"potentialAction\":[{\"@type\":\"ReadAction\",\"target\":[\"https:\/\/www.educaborras.com\/pt-pt\/produto\/20083-pt-pt\/\"]}]},{\"@type\":\"ImageObject\",\"inLanguage\":\"pt-PT\",\"@id\":\"https:\/\/www.educaborras.com\/pt-pt\/produto\/20083-pt-pt\/#primaryimage\",\"url\":\"https:\/\/www.educaborras.com\/wp-content\/uploads\/20083_01_high-8.jpg\",\"contentUrl\":\"https:\/\/www.educaborras.com\/wp-content\/uploads\/20083_01_high-8.jpg\"},{\"@type\":\"BreadcrumbList\",\"@id\":\"https:\/\/www.educaborras.com\/pt-pt\/produto\/20083-pt-pt\/#breadcrumb\",\"itemListElement\":[{\"@type\":\"ListItem\",\"position\":1,\"name\":\"Portada\",\"item\":\"https:\/\/www.educaborras.com\/pt-pt\/\"},{\"@type\":\"ListItem\",\"position\":2,\"name\":\"Produtos\",\"item\":\"https:\/\/www.educaborras.com\/pt-pt\/shop\/\"},{\"@type\":\"ListItem\",\"position\":3,\"name\":\"1,2,3 Nuts!\"}]},{\"@type\":\"WebSite\",\"@id\":\"https:\/\/www.educaborras.com\/pt-pt\/#website\",\"url\":\"https:\/\/www.educaborras.com\/pt-pt\/\",\"name\":\"Educa Borras\",\"description\":\"\",\"publisher\":{\"@id\":\"https:\/\/www.educaborras.com\/pt-pt\/#organization\"},\"potentialAction\":[{\"@type\":\"SearchAction\",\"target\":{\"@type\":\"EntryPoint\",\"urlTemplate\":\"https:\/\/www.educaborras.com\/pt-pt\/?s={search_term_string}\"},\"query-input\":{\"@type\":\"PropertyValueSpecification\",\"valueRequired\":true,\"valueName\":\"search_term_string\"}}],\"inLanguage\":\"pt-PT\"},{\"@type\":\"Organization\",\"@id\":\"https:\/\/www.educaborras.com\/pt-pt\/#organization\",\"name\":\"Educa Borras\",\"url\":\"https:\/\/www.educaborras.com\/pt-pt\/\",\"logo\":{\"@type\":\"ImageObject\",\"inLanguage\":\"pt-PT\",\"@id\":\"https:\/\/www.educaborras.com\/pt-pt\/#\/schema\/logo\/image\/\",\"url\":\"https:\/\/www.educaborras.com\/wp-content\/uploads\/cropped-LOGOS-EDUCA-BORRAS_retina.png\",\"contentUrl\":\"https:\/\/www.educaborras.com\/wp-content\/uploads\/cropped-LOGOS-EDUCA-BORRAS_retina.png\",\"caption\":\"Educa Borras\"},\"image\":{\"@id\":\"https:\/\/www.educaborras.com\/pt-pt\/#\/schema\/logo\/image\/\"}}]}<\/script>\n<!-- \/ Yoast SEO plugin. -->","yoast_head_json":{"title":"1,2,3 Nuts! - Educa Borras","description":"Observa y escoge el camino con el mayor n\u00famero de nueces, y ser\u00e1s el primero en rellenar tu canasto, pero cuidado puedes encontrar con gusanos que te har\u00e1n perder nueces. Es un juego de conteo y observaci\u00f3n.","robots":{"index":"index","follow":"follow","max-snippet":"max-snippet:-1","max-image-preview":"max-image-preview:large","max-video-preview":"max-video-preview:-1"},"canonical":"https:\/\/www.educaborras.com\/pt-pt\/produto\/20083-pt-pt\/","schema":{"@context":"https:\/\/schema.org","@graph":[{"@type":"WebPage","@id":"https:\/\/www.educaborras.com\/pt-pt\/produto\/20083-pt-pt\/","url":"https:\/\/www.educaborras.com\/pt-pt\/produto\/20083-pt-pt\/","name":"1,2,3 Nuts! - Educa Borras","isPartOf":{"@id":"https:\/\/www.educaborras.com\/pt-pt\/#website"},"primaryImageOfPage":{"@id":"https:\/\/www.educaborras.com\/pt-pt\/produto\/20083-pt-pt\/#primaryimage"},"image":{"@id":"https:\/\/www.educaborras.com\/pt-pt\/produto\/20083-pt-pt\/#primaryimage"},"thumbnailUrl":"https:\/\/www.educaborras.com\/wp-content\/uploads\/20083_01_high-8.jpg","datePublished":"2025-06-05T09:02:18+00:00","dateModified":"2026-04-29T01:46:20+00:00","description":"Observa y escoge el camino con el mayor n\u00famero de nueces, y ser\u00e1s el primero en rellenar tu canasto, pero cuidado puedes encontrar con gusanos que te har\u00e1n perder nueces. Es un juego de conteo y observaci\u00f3n.","breadcrumb":{"@id":"https:\/\/www.educaborras.com\/pt-pt\/produto\/20083-pt-pt\/#breadcrumb"},"inLanguage":"pt-PT","potentialAction":[{"@type":"ReadAction","target":["https:\/\/www.educaborras.com\/pt-pt\/produto\/20083-pt-pt\/"]}]},{"@type":"ImageObject","inLanguage":"pt-PT","@id":"https:\/\/www.educaborras.com\/pt-pt\/produto\/20083-pt-pt\/#primaryimage","url":"https:\/\/www.educaborras.com\/wp-content\/uploads\/20083_01_high-8.jpg","contentUrl":"https:\/\/www.educaborras.com\/wp-content\/uploads\/20083_01_high-8.jpg"},{"@type":"BreadcrumbList","@id":"https:\/\/www.educaborras.com\/pt-pt\/produto\/20083-pt-pt\/#breadcrumb","itemListElement":[{"@type":"ListItem","position":1,"name":"Portada","item":"https:\/\/www.educaborras.com\/pt-pt\/"},{"@type":"ListItem","position":2,"name":"Produtos","item":"https:\/\/www.educaborras.com\/pt-pt\/shop\/"},{"@type":"ListItem","position":3,"name":"1,2,3 Nuts!"}]},{"@type":"WebSite","@id":"https:\/\/www.educaborras.com\/pt-pt\/#website","url":"https:\/\/www.educaborras.com\/pt-pt\/","name":"Educa Borras","description":"","publisher":{"@id":"https:\/\/www.educaborras.com\/pt-pt\/#organization"},"potentialAction":[{"@type":"SearchAction","target":{"@type":"EntryPoint","urlTemplate":"https:\/\/www.educaborras.com\/pt-pt\/?s={search_term_string}"},"query-input":{"@type":"PropertyValueSpecification","valueRequired":true,"valueName":"search_term_string"}}],"inLanguage":"pt-PT"},{"@type":"Organization","@id":"https:\/\/www.educaborras.com\/pt-pt\/#organization","name":"Educa Borras","url":"https:\/\/www.educaborras.com\/pt-pt\/","logo":{"@type":"ImageObject","inLanguage":"pt-PT","@id":"https:\/\/www.educaborras.com\/pt-pt\/#\/schema\/logo\/image\/","url":"https:\/\/www.educaborras.com\/wp-content\/uploads\/cropped-LOGOS-EDUCA-BORRAS_retina.png","contentUrl":"https:\/\/www.educaborras.com\/wp-content\/uploads\/cropped-LOGOS-EDUCA-BORRAS_retina.png","caption":"Educa Borras"},"image":{"@id":"https:\/\/www.educaborras.com\/pt-pt\/#\/schema\/logo\/image\/"}}]}},"_links":{"self":[{"href":"https:\/\/www.educaborras.com\/pt-pt\/wp-json\/wp\/v2\/product\/251286","targetHints":{"allow":["GET"]}}],"collection":[{"href":"https:\/\/www.educaborras.com\/pt-pt\/wp-json\/wp\/v2\/product"}],"about":[{"href":"https:\/\/www.educaborras.com\/pt-pt\/wp-json\/wp\/v2\/types\/product"}],"wp:featuredmedia":[{"embeddable":true,"href":"https:\/\/www.educaborras.com\/pt-pt\/wp-json\/wp\/v2\/media\/161051"}],"wp:attachment":[{"href":"https:\/\/www.educaborras.com\/pt-pt\/wp-json\/wp\/v2\/media?parent=251286"}],"wp:term":[{"taxonomy":"product_brand","embeddable":true,"href":"https:\/\/www.educaborras.com\/pt-pt\/wp-json\/wp\/v2\/product_brand?post=251286"},{"taxonomy":"product_cat","embeddable":true,"href":"https:\/\/www.educaborras.com\/pt-pt\/wp-json\/wp\/v2\/product_cat?post=251286"},{"taxonomy":"product_tag","embeddable":true,"href":"https:\/\/www.educaborras.com\/pt-pt\/wp-json\/wp\/v2\/product_tag?post=251286"}],"curies":[{"name":"wp","href":"https:\/\/api.w.org\/{rel}","templated":true}]}}