{"id":251158,"date":"2025-06-05T11:03:32","date_gmt":"2025-06-05T09:03:32","guid":{"rendered":"https:\/\/www.educaborras.com\/product\/19688\/"},"modified":"2026-04-18T03:30:19","modified_gmt":"2026-04-18T01:30:19","slug":"19688-pt-pt","status":"publish","type":"product","link":"https:\/\/www.educaborras.com\/pt-pt\/produto\/19688-pt-pt\/","title":{"rendered":"Superpack 4 in 1 Contos da floresta"},"content":{"rendered":"<p>Uma extraordin\u00e1ria caixa cheia de divers\u00e3o e educa\u00e7\u00e3o. 4 jogos em 1: 1 puzzle com 25 pe\u00e7as, 1 puzzle com 50 pe\u00e7as, um apaixonante jogo de mem\u00f3ria com 28 fichas e um divertido domin\u00f3 com 28 fichas. Para jogar e aprender enquanto te divertes. Kasandra \u00e9 uma ilustradora internacional de hist\u00f3rias infantis, suas ilustra\u00e7\u00f5es contam hist\u00f3rias cativantes.<\/p>\n","protected":false},"excerpt":{"rendered":"<p>Uma extraordin\u00e1ria caixa cheia de divers\u00e3o e educa\u00e7\u00e3o.<\/p>\n","protected":false},"featured_media":110394,"template":"","meta":{"_acf_changed":false},"product_brand":[],"product_cat":[73294,73293],"product_tag":[104788,74325,104789,100925,100926,100927,104790,74226,74227,77245,100928,89971,104791,89972,89973,100931,77246,75667,74062,82516,77248,83645,74353,77249,77250,77251,104792,104793,104794,104795,104796,104797,104798,104799,104800,104801,104802,100942],"class_list":{"0":"post-251158","1":"product","2":"type-product","3":"status-publish","4":"has-post-thumbnail","6":"product_cat-educativos-de-personagens","7":"product_cat-jogos-educativos","8":"product_tag-19688-pt-pt","9":"product_tag-borras-pt-pt","10":"product_tag-by-kasandra-pt-pt","11":"product_tag-contes-de-la-foret-pt-pt","12":"product_tag-contos-da-floresta-pt-pt","13":"product_tag-cuentos-del-bosque-pt-pt","14":"product_tag-domino-educa-pt-pt","15":"product_tag-educa-pt-pt","16":"product_tag-educa-borras-pt-pt","17":"product_tag-educaborras-pt-pt","18":"product_tag-forest-tales-pt-pt","19":"product_tag-games-pt-pt","20":"product_tag-identic-educa-pt-pt","21":"product_tag-jeu-pt-pt","22":"product_tag-jeux-pt-pt","23":"product_tag-kasandra-pt-pt","24":"product_tag-pack-pt-pt","25":"product_tag-puzle-pt-pt","26":"product_tag-puzzle-pt-pt","27":"product_tag-puzzle-educa-pt-pt","28":"product_tag-puzzles-pt-pt","29":"product_tag-puzzles-educa-pt-pt","30":"product_tag-rompecabezas-pt-pt","31":"product_tag-super-pt-pt","32":"product_tag-super-pack-pt-pt","33":"product_tag-superpack-pt-pt","34":"product_tag-superpack-4-in-1-contes-de-la-foret-pt-pt","35":"product_tag-superpack-4-in-1-contos-da-floresta-pt-pt","36":"product_tag-superpack-4-in-1-cuentos-del-bosque-pt-pt","37":"product_tag-superpack-4-in-1-educa-pt-pt","38":"product_tag-superpack-4-in-1-forest-tales-pt-pt","39":"product_tag-superpack-4-in-1-waldmarchen-pt-pt","40":"product_tag-superpack-contes-de-la-foret-pt-pt","41":"product_tag-superpack-contos-da-floresta-pt-pt","42":"product_tag-superpack-cuentos-del-bosque-pt-pt","43":"product_tag-superpack-forest-tales-pt-pt","44":"product_tag-superpack-waldmarchen-pt-pt","45":"product_tag-waldmarchen-pt-pt","47":"first","48":"instock","49":"shipping-taxable","50":"product-type-simple"},"acf":[],"yoast_head":"<!-- This site is optimized with the Yoast SEO plugin v27.1.1 - https:\/\/yoast.com\/product\/yoast-seo-wordpress\/ -->\n<title>Superpack 4 in 1 Contos da floresta - Educa Borras<\/title>\n<meta name=\"description\" content=\"Este nuevo Superpack contiene 1 puzzle de 25 piezas, 1 puzzle de 50 piezas, 1 Identic memo game de 28 cartas y 1 domin\u00f3 con 28 piezas.\" \/>\n<meta name=\"robots\" content=\"index, follow, max-snippet:-1, max-image-preview:large, max-video-preview:-1\" \/>\n<link rel=\"canonical\" href=\"https:\/\/www.educaborras.com\/pt-pt\/produto\/19688-pt-pt\/\" \/>\n<script type=\"application\/ld+json\" class=\"yoast-schema-graph\">{\"@context\":\"https:\/\/schema.org\",\"@graph\":[{\"@type\":\"WebPage\",\"@id\":\"https:\/\/www.educaborras.com\/pt-pt\/produto\/19688-pt-pt\/\",\"url\":\"https:\/\/www.educaborras.com\/pt-pt\/produto\/19688-pt-pt\/\",\"name\":\"Superpack 4 in 1 Contos da floresta - Educa Borras\",\"isPartOf\":{\"@id\":\"https:\/\/www.educaborras.com\/pt-pt\/#website\"},\"primaryImageOfPage\":{\"@id\":\"https:\/\/www.educaborras.com\/pt-pt\/produto\/19688-pt-pt\/#primaryimage\"},\"image\":{\"@id\":\"https:\/\/www.educaborras.com\/pt-pt\/produto\/19688-pt-pt\/#primaryimage\"},\"thumbnailUrl\":\"https:\/\/www.educaborras.com\/wp-content\/uploads\/19688_01_high.jpg\",\"datePublished\":\"2025-06-05T09:03:32+00:00\",\"dateModified\":\"2026-04-18T01:30:19+00:00\",\"description\":\"Este nuevo Superpack contiene 1 puzzle de 25 piezas, 1 puzzle de 50 piezas, 1 Identic memo game de 28 cartas y 1 domin\u00f3 con 28 piezas.\",\"breadcrumb\":{\"@id\":\"https:\/\/www.educaborras.com\/pt-pt\/produto\/19688-pt-pt\/#breadcrumb\"},\"inLanguage\":\"pt-PT\",\"potentialAction\":[{\"@type\":\"ReadAction\",\"target\":[\"https:\/\/www.educaborras.com\/pt-pt\/produto\/19688-pt-pt\/\"]}]},{\"@type\":\"ImageObject\",\"inLanguage\":\"pt-PT\",\"@id\":\"https:\/\/www.educaborras.com\/pt-pt\/produto\/19688-pt-pt\/#primaryimage\",\"url\":\"https:\/\/www.educaborras.com\/wp-content\/uploads\/19688_01_high.jpg\",\"contentUrl\":\"https:\/\/www.educaborras.com\/wp-content\/uploads\/19688_01_high.jpg\",\"width\":3000,\"height\":3000,\"caption\":\"Superpack 4 in 1 Contos da floresta\"},{\"@type\":\"BreadcrumbList\",\"@id\":\"https:\/\/www.educaborras.com\/pt-pt\/produto\/19688-pt-pt\/#breadcrumb\",\"itemListElement\":[{\"@type\":\"ListItem\",\"position\":1,\"name\":\"Portada\",\"item\":\"https:\/\/www.educaborras.com\/pt-pt\/\"},{\"@type\":\"ListItem\",\"position\":2,\"name\":\"Produtos\",\"item\":\"https:\/\/www.educaborras.com\/pt-pt\/shop\/\"},{\"@type\":\"ListItem\",\"position\":3,\"name\":\"Superpack 4 in 1 Contos da floresta\"}]},{\"@type\":\"WebSite\",\"@id\":\"https:\/\/www.educaborras.com\/pt-pt\/#website\",\"url\":\"https:\/\/www.educaborras.com\/pt-pt\/\",\"name\":\"Educa Borras\",\"description\":\"\",\"publisher\":{\"@id\":\"https:\/\/www.educaborras.com\/pt-pt\/#organization\"},\"potentialAction\":[{\"@type\":\"SearchAction\",\"target\":{\"@type\":\"EntryPoint\",\"urlTemplate\":\"https:\/\/www.educaborras.com\/pt-pt\/?s={search_term_string}\"},\"query-input\":{\"@type\":\"PropertyValueSpecification\",\"valueRequired\":true,\"valueName\":\"search_term_string\"}}],\"inLanguage\":\"pt-PT\"},{\"@type\":\"Organization\",\"@id\":\"https:\/\/www.educaborras.com\/pt-pt\/#organization\",\"name\":\"Educa Borras\",\"url\":\"https:\/\/www.educaborras.com\/pt-pt\/\",\"logo\":{\"@type\":\"ImageObject\",\"inLanguage\":\"pt-PT\",\"@id\":\"https:\/\/www.educaborras.com\/pt-pt\/#\/schema\/logo\/image\/\",\"url\":\"https:\/\/www.educaborras.com\/wp-content\/uploads\/cropped-LOGOS-EDUCA-BORRAS_retina.png\",\"contentUrl\":\"https:\/\/www.educaborras.com\/wp-content\/uploads\/cropped-LOGOS-EDUCA-BORRAS_retina.png\",\"caption\":\"Educa Borras\"},\"image\":{\"@id\":\"https:\/\/www.educaborras.com\/pt-pt\/#\/schema\/logo\/image\/\"}}]}<\/script>\n<!-- \/ Yoast SEO plugin. -->","yoast_head_json":{"title":"Superpack 4 in 1 Contos da floresta - Educa Borras","description":"Este nuevo Superpack contiene 1 puzzle de 25 piezas, 1 puzzle de 50 piezas, 1 Identic memo game de 28 cartas y 1 domin\u00f3 con 28 piezas.","robots":{"index":"index","follow":"follow","max-snippet":"max-snippet:-1","max-image-preview":"max-image-preview:large","max-video-preview":"max-video-preview:-1"},"canonical":"https:\/\/www.educaborras.com\/pt-pt\/produto\/19688-pt-pt\/","schema":{"@context":"https:\/\/schema.org","@graph":[{"@type":"WebPage","@id":"https:\/\/www.educaborras.com\/pt-pt\/produto\/19688-pt-pt\/","url":"https:\/\/www.educaborras.com\/pt-pt\/produto\/19688-pt-pt\/","name":"Superpack 4 in 1 Contos da floresta - Educa Borras","isPartOf":{"@id":"https:\/\/www.educaborras.com\/pt-pt\/#website"},"primaryImageOfPage":{"@id":"https:\/\/www.educaborras.com\/pt-pt\/produto\/19688-pt-pt\/#primaryimage"},"image":{"@id":"https:\/\/www.educaborras.com\/pt-pt\/produto\/19688-pt-pt\/#primaryimage"},"thumbnailUrl":"https:\/\/www.educaborras.com\/wp-content\/uploads\/19688_01_high.jpg","datePublished":"2025-06-05T09:03:32+00:00","dateModified":"2026-04-18T01:30:19+00:00","description":"Este nuevo Superpack contiene 1 puzzle de 25 piezas, 1 puzzle de 50 piezas, 1 Identic memo game de 28 cartas y 1 domin\u00f3 con 28 piezas.","breadcrumb":{"@id":"https:\/\/www.educaborras.com\/pt-pt\/produto\/19688-pt-pt\/#breadcrumb"},"inLanguage":"pt-PT","potentialAction":[{"@type":"ReadAction","target":["https:\/\/www.educaborras.com\/pt-pt\/produto\/19688-pt-pt\/"]}]},{"@type":"ImageObject","inLanguage":"pt-PT","@id":"https:\/\/www.educaborras.com\/pt-pt\/produto\/19688-pt-pt\/#primaryimage","url":"https:\/\/www.educaborras.com\/wp-content\/uploads\/19688_01_high.jpg","contentUrl":"https:\/\/www.educaborras.com\/wp-content\/uploads\/19688_01_high.jpg","width":3000,"height":3000,"caption":"Superpack 4 in 1 Contos da floresta"},{"@type":"BreadcrumbList","@id":"https:\/\/www.educaborras.com\/pt-pt\/produto\/19688-pt-pt\/#breadcrumb","itemListElement":[{"@type":"ListItem","position":1,"name":"Portada","item":"https:\/\/www.educaborras.com\/pt-pt\/"},{"@type":"ListItem","position":2,"name":"Produtos","item":"https:\/\/www.educaborras.com\/pt-pt\/shop\/"},{"@type":"ListItem","position":3,"name":"Superpack 4 in 1 Contos da floresta"}]},{"@type":"WebSite","@id":"https:\/\/www.educaborras.com\/pt-pt\/#website","url":"https:\/\/www.educaborras.com\/pt-pt\/","name":"Educa Borras","description":"","publisher":{"@id":"https:\/\/www.educaborras.com\/pt-pt\/#organization"},"potentialAction":[{"@type":"SearchAction","target":{"@type":"EntryPoint","urlTemplate":"https:\/\/www.educaborras.com\/pt-pt\/?s={search_term_string}"},"query-input":{"@type":"PropertyValueSpecification","valueRequired":true,"valueName":"search_term_string"}}],"inLanguage":"pt-PT"},{"@type":"Organization","@id":"https:\/\/www.educaborras.com\/pt-pt\/#organization","name":"Educa Borras","url":"https:\/\/www.educaborras.com\/pt-pt\/","logo":{"@type":"ImageObject","inLanguage":"pt-PT","@id":"https:\/\/www.educaborras.com\/pt-pt\/#\/schema\/logo\/image\/","url":"https:\/\/www.educaborras.com\/wp-content\/uploads\/cropped-LOGOS-EDUCA-BORRAS_retina.png","contentUrl":"https:\/\/www.educaborras.com\/wp-content\/uploads\/cropped-LOGOS-EDUCA-BORRAS_retina.png","caption":"Educa Borras"},"image":{"@id":"https:\/\/www.educaborras.com\/pt-pt\/#\/schema\/logo\/image\/"}}]}},"_links":{"self":[{"href":"https:\/\/www.educaborras.com\/pt-pt\/wp-json\/wp\/v2\/product\/251158","targetHints":{"allow":["GET"]}}],"collection":[{"href":"https:\/\/www.educaborras.com\/pt-pt\/wp-json\/wp\/v2\/product"}],"about":[{"href":"https:\/\/www.educaborras.com\/pt-pt\/wp-json\/wp\/v2\/types\/product"}],"wp:featuredmedia":[{"embeddable":true,"href":"https:\/\/www.educaborras.com\/pt-pt\/wp-json\/wp\/v2\/media\/110394"}],"wp:attachment":[{"href":"https:\/\/www.educaborras.com\/pt-pt\/wp-json\/wp\/v2\/media?parent=251158"}],"wp:term":[{"taxonomy":"product_brand","embeddable":true,"href":"https:\/\/www.educaborras.com\/pt-pt\/wp-json\/wp\/v2\/product_brand?post=251158"},{"taxonomy":"product_cat","embeddable":true,"href":"https:\/\/www.educaborras.com\/pt-pt\/wp-json\/wp\/v2\/product_cat?post=251158"},{"taxonomy":"product_tag","embeddable":true,"href":"https:\/\/www.educaborras.com\/pt-pt\/wp-json\/wp\/v2\/product_tag?post=251158"}],"curies":[{"name":"wp","href":"https:\/\/api.w.org\/{rel}","templated":true}]}}