{"id":251106,"date":"2025-06-05T11:03:59","date_gmt":"2025-06-05T09:03:59","guid":{"rendered":"https:\/\/www.educaborras.com\/product\/19887\/"},"modified":"2026-04-19T02:56:47","modified_gmt":"2026-04-19T00:56:47","slug":"19887-pt-pt","status":"publish","type":"product","link":"https:\/\/www.educaborras.com\/pt-pt\/produto\/19887-pt-pt\/","title":{"rendered":"Set 3 in 1 Bluey &#8220;Creative Activity Set&#8221;"},"content":{"rendered":"<p>Conjunto criativo 3 em 1 para 3 actividades: Pintar por n\u00fameros, criar 2 figuras 3D para colorir e desenhar personagens da licen\u00e7a gra\u00e7as \u00e0 ajuda dos modelos em cart\u00e3o. Conte\u00fado: 1 moldura de pl\u00e1stico, 24 folhas para colorir, autocolantes, 2 pain\u00e9is de cart\u00e3o para montar 2 personagens da licen\u00e7a, 2 folhas de autocolantes coloridos, 6 l\u00e1pis de cor e 4 pain\u00e9is de cart\u00e3o com personagens.<\/p>\n","protected":false},"excerpt":{"rendered":"<p>Conjunto criativo 3 em 1 para 3 actividades: Pintar por n\u00fameros, criar 2 figuras 3D para colorir e desenhar personagens da licen\u00e7a gra\u00e7as \u00e0 ajuda dos modelos em cart\u00e3o.<\/p>\n","protected":false},"featured_media":120329,"template":"","meta":{"_acf_changed":false},"product_brand":[],"product_cat":[73317,73316],"product_tag":[104541,104542,98586,98587,98588,90540,98591,82063,82064,104543,98596,98599,98600,98603,96736,98604,76218],"class_list":{"0":"post-251106","1":"product","2":"type-product","3":"status-publish","4":"has-post-thumbnail","6":"product_cat-artisticos-pt","7":"product_cat-trabalhos-manuais-e-artisticos","8":"product_tag-3-en-1-pt-pt","9":"product_tag-3en1-pt-pt","10":"product_tag-activity-pt-pt","11":"product_tag-bandit-pt-pt","12":"product_tag-bingo-pt-pt","13":"product_tag-bluey-pt-pt","14":"product_tag-chilli-pt-pt","15":"product_tag-creative-pt-pt","16":"product_tag-creatividad-pt-pt","17":"product_tag-frame-pt-pt","18":"product_tag-honey-pt-pt","19":"product_tag-lucky-pt-pt","20":"product_tag-mackenzie-pt-pt","21":"product_tag-rusty-pt-pt","22":"product_tag-serie-pt-pt","23":"product_tag-set-pt-pt","24":"product_tag-tv-pt-pt","26":"first","27":"instock","28":"shipping-taxable","29":"product-type-simple"},"acf":[],"yoast_head":"<!-- This site is optimized with the Yoast SEO plugin v27.1.1 - https:\/\/yoast.com\/product\/yoast-seo-wordpress\/ -->\n<title>Set 3 in 1 Bluey &quot;Creative Activity Set&quot; - Educa Borras<\/title>\n<meta name=\"description\" content=\"Set creativo 3 en 1 para realizar 3 actividades: Pintar por n\u00fameros, crear 2 figuras 3D para colorear y dibujar personajes de la licencia gracias a la ayuda de las plantillas en cart\u00f3n.\" \/>\n<meta name=\"robots\" content=\"index, follow, max-snippet:-1, max-image-preview:large, max-video-preview:-1\" \/>\n<link rel=\"canonical\" href=\"https:\/\/www.educaborras.com\/pt-pt\/produto\/19887-pt-pt\/\" \/>\n<script type=\"application\/ld+json\" class=\"yoast-schema-graph\">{\"@context\":\"https:\/\/schema.org\",\"@graph\":[{\"@type\":\"WebPage\",\"@id\":\"https:\/\/www.educaborras.com\/pt-pt\/produto\/19887-pt-pt\/\",\"url\":\"https:\/\/www.educaborras.com\/pt-pt\/produto\/19887-pt-pt\/\",\"name\":\"Set 3 in 1 Bluey \\\"Creative Activity Set\\\" - Educa Borras\",\"isPartOf\":{\"@id\":\"https:\/\/www.educaborras.com\/pt-pt\/#website\"},\"primaryImageOfPage\":{\"@id\":\"https:\/\/www.educaborras.com\/pt-pt\/produto\/19887-pt-pt\/#primaryimage\"},\"image\":{\"@id\":\"https:\/\/www.educaborras.com\/pt-pt\/produto\/19887-pt-pt\/#primaryimage\"},\"thumbnailUrl\":\"https:\/\/www.educaborras.com\/wp-content\/uploads\/19887_01_high.jpg\",\"datePublished\":\"2025-06-05T09:03:59+00:00\",\"dateModified\":\"2026-04-19T00:56:47+00:00\",\"description\":\"Set creativo 3 en 1 para realizar 3 actividades: Pintar por n\u00fameros, crear 2 figuras 3D para colorear y dibujar personajes de la licencia gracias a la ayuda de las plantillas en cart\u00f3n.\",\"breadcrumb\":{\"@id\":\"https:\/\/www.educaborras.com\/pt-pt\/produto\/19887-pt-pt\/#breadcrumb\"},\"inLanguage\":\"pt-PT\",\"potentialAction\":[{\"@type\":\"ReadAction\",\"target\":[\"https:\/\/www.educaborras.com\/pt-pt\/produto\/19887-pt-pt\/\"]}]},{\"@type\":\"ImageObject\",\"inLanguage\":\"pt-PT\",\"@id\":\"https:\/\/www.educaborras.com\/pt-pt\/produto\/19887-pt-pt\/#primaryimage\",\"url\":\"https:\/\/www.educaborras.com\/wp-content\/uploads\/19887_01_high.jpg\",\"contentUrl\":\"https:\/\/www.educaborras.com\/wp-content\/uploads\/19887_01_high.jpg\",\"width\":2400,\"height\":2400},{\"@type\":\"BreadcrumbList\",\"@id\":\"https:\/\/www.educaborras.com\/pt-pt\/produto\/19887-pt-pt\/#breadcrumb\",\"itemListElement\":[{\"@type\":\"ListItem\",\"position\":1,\"name\":\"Portada\",\"item\":\"https:\/\/www.educaborras.com\/pt-pt\/\"},{\"@type\":\"ListItem\",\"position\":2,\"name\":\"Produtos\",\"item\":\"https:\/\/www.educaborras.com\/pt-pt\/shop\/\"},{\"@type\":\"ListItem\",\"position\":3,\"name\":\"Set 3 in 1 Bluey &#8220;Creative Activity Set&#8221;\"}]},{\"@type\":\"WebSite\",\"@id\":\"https:\/\/www.educaborras.com\/pt-pt\/#website\",\"url\":\"https:\/\/www.educaborras.com\/pt-pt\/\",\"name\":\"Educa Borras\",\"description\":\"\",\"publisher\":{\"@id\":\"https:\/\/www.educaborras.com\/pt-pt\/#organization\"},\"potentialAction\":[{\"@type\":\"SearchAction\",\"target\":{\"@type\":\"EntryPoint\",\"urlTemplate\":\"https:\/\/www.educaborras.com\/pt-pt\/?s={search_term_string}\"},\"query-input\":{\"@type\":\"PropertyValueSpecification\",\"valueRequired\":true,\"valueName\":\"search_term_string\"}}],\"inLanguage\":\"pt-PT\"},{\"@type\":\"Organization\",\"@id\":\"https:\/\/www.educaborras.com\/pt-pt\/#organization\",\"name\":\"Educa Borras\",\"url\":\"https:\/\/www.educaborras.com\/pt-pt\/\",\"logo\":{\"@type\":\"ImageObject\",\"inLanguage\":\"pt-PT\",\"@id\":\"https:\/\/www.educaborras.com\/pt-pt\/#\/schema\/logo\/image\/\",\"url\":\"https:\/\/www.educaborras.com\/wp-content\/uploads\/cropped-LOGOS-EDUCA-BORRAS_retina.png\",\"contentUrl\":\"https:\/\/www.educaborras.com\/wp-content\/uploads\/cropped-LOGOS-EDUCA-BORRAS_retina.png\",\"caption\":\"Educa Borras\"},\"image\":{\"@id\":\"https:\/\/www.educaborras.com\/pt-pt\/#\/schema\/logo\/image\/\"}}]}<\/script>\n<!-- \/ Yoast SEO plugin. -->","yoast_head_json":{"title":"Set 3 in 1 Bluey \"Creative Activity Set\" - Educa Borras","description":"Set creativo 3 en 1 para realizar 3 actividades: Pintar por n\u00fameros, crear 2 figuras 3D para colorear y dibujar personajes de la licencia gracias a la ayuda de las plantillas en cart\u00f3n.","robots":{"index":"index","follow":"follow","max-snippet":"max-snippet:-1","max-image-preview":"max-image-preview:large","max-video-preview":"max-video-preview:-1"},"canonical":"https:\/\/www.educaborras.com\/pt-pt\/produto\/19887-pt-pt\/","schema":{"@context":"https:\/\/schema.org","@graph":[{"@type":"WebPage","@id":"https:\/\/www.educaborras.com\/pt-pt\/produto\/19887-pt-pt\/","url":"https:\/\/www.educaborras.com\/pt-pt\/produto\/19887-pt-pt\/","name":"Set 3 in 1 Bluey \"Creative Activity Set\" - Educa Borras","isPartOf":{"@id":"https:\/\/www.educaborras.com\/pt-pt\/#website"},"primaryImageOfPage":{"@id":"https:\/\/www.educaborras.com\/pt-pt\/produto\/19887-pt-pt\/#primaryimage"},"image":{"@id":"https:\/\/www.educaborras.com\/pt-pt\/produto\/19887-pt-pt\/#primaryimage"},"thumbnailUrl":"https:\/\/www.educaborras.com\/wp-content\/uploads\/19887_01_high.jpg","datePublished":"2025-06-05T09:03:59+00:00","dateModified":"2026-04-19T00:56:47+00:00","description":"Set creativo 3 en 1 para realizar 3 actividades: Pintar por n\u00fameros, crear 2 figuras 3D para colorear y dibujar personajes de la licencia gracias a la ayuda de las plantillas en cart\u00f3n.","breadcrumb":{"@id":"https:\/\/www.educaborras.com\/pt-pt\/produto\/19887-pt-pt\/#breadcrumb"},"inLanguage":"pt-PT","potentialAction":[{"@type":"ReadAction","target":["https:\/\/www.educaborras.com\/pt-pt\/produto\/19887-pt-pt\/"]}]},{"@type":"ImageObject","inLanguage":"pt-PT","@id":"https:\/\/www.educaborras.com\/pt-pt\/produto\/19887-pt-pt\/#primaryimage","url":"https:\/\/www.educaborras.com\/wp-content\/uploads\/19887_01_high.jpg","contentUrl":"https:\/\/www.educaborras.com\/wp-content\/uploads\/19887_01_high.jpg","width":2400,"height":2400},{"@type":"BreadcrumbList","@id":"https:\/\/www.educaborras.com\/pt-pt\/produto\/19887-pt-pt\/#breadcrumb","itemListElement":[{"@type":"ListItem","position":1,"name":"Portada","item":"https:\/\/www.educaborras.com\/pt-pt\/"},{"@type":"ListItem","position":2,"name":"Produtos","item":"https:\/\/www.educaborras.com\/pt-pt\/shop\/"},{"@type":"ListItem","position":3,"name":"Set 3 in 1 Bluey &#8220;Creative Activity Set&#8221;"}]},{"@type":"WebSite","@id":"https:\/\/www.educaborras.com\/pt-pt\/#website","url":"https:\/\/www.educaborras.com\/pt-pt\/","name":"Educa Borras","description":"","publisher":{"@id":"https:\/\/www.educaborras.com\/pt-pt\/#organization"},"potentialAction":[{"@type":"SearchAction","target":{"@type":"EntryPoint","urlTemplate":"https:\/\/www.educaborras.com\/pt-pt\/?s={search_term_string}"},"query-input":{"@type":"PropertyValueSpecification","valueRequired":true,"valueName":"search_term_string"}}],"inLanguage":"pt-PT"},{"@type":"Organization","@id":"https:\/\/www.educaborras.com\/pt-pt\/#organization","name":"Educa Borras","url":"https:\/\/www.educaborras.com\/pt-pt\/","logo":{"@type":"ImageObject","inLanguage":"pt-PT","@id":"https:\/\/www.educaborras.com\/pt-pt\/#\/schema\/logo\/image\/","url":"https:\/\/www.educaborras.com\/wp-content\/uploads\/cropped-LOGOS-EDUCA-BORRAS_retina.png","contentUrl":"https:\/\/www.educaborras.com\/wp-content\/uploads\/cropped-LOGOS-EDUCA-BORRAS_retina.png","caption":"Educa Borras"},"image":{"@id":"https:\/\/www.educaborras.com\/pt-pt\/#\/schema\/logo\/image\/"}}]}},"_links":{"self":[{"href":"https:\/\/www.educaborras.com\/pt-pt\/wp-json\/wp\/v2\/product\/251106","targetHints":{"allow":["GET"]}}],"collection":[{"href":"https:\/\/www.educaborras.com\/pt-pt\/wp-json\/wp\/v2\/product"}],"about":[{"href":"https:\/\/www.educaborras.com\/pt-pt\/wp-json\/wp\/v2\/types\/product"}],"wp:featuredmedia":[{"embeddable":true,"href":"https:\/\/www.educaborras.com\/pt-pt\/wp-json\/wp\/v2\/media\/120329"}],"wp:attachment":[{"href":"https:\/\/www.educaborras.com\/pt-pt\/wp-json\/wp\/v2\/media?parent=251106"}],"wp:term":[{"taxonomy":"product_brand","embeddable":true,"href":"https:\/\/www.educaborras.com\/pt-pt\/wp-json\/wp\/v2\/product_brand?post=251106"},{"taxonomy":"product_cat","embeddable":true,"href":"https:\/\/www.educaborras.com\/pt-pt\/wp-json\/wp\/v2\/product_cat?post=251106"},{"taxonomy":"product_tag","embeddable":true,"href":"https:\/\/www.educaborras.com\/pt-pt\/wp-json\/wp\/v2\/product_tag?post=251106"}],"curies":[{"name":"wp","href":"https:\/\/api.w.org\/{rel}","templated":true}]}}