{"id":251098,"date":"2025-06-05T11:04:06","date_gmt":"2025-06-05T09:04:06","guid":{"rendered":"https:\/\/www.educaborras.com\/product\/19885\/"},"modified":"2026-04-20T02:31:58","modified_gmt":"2026-04-20T00:31:58","slug":"19885-pt-pt","status":"publish","type":"product","link":"https:\/\/www.educaborras.com\/pt-pt\/produto\/19885-pt-pt\/","title":{"rendered":"Templates Bluey &#8220;Creative Activity Set&#8221;"},"content":{"rendered":"<p>Conjunto criativo para decorar personagens ou objectos de cart\u00e3o com autocolantes coloridos e brincar com eles depois de montados e transformados em personagens 3D. Vantagens do jogo: Desenvolvimento da motricidade fina: destreza, aten\u00e7\u00e3o e concentra\u00e7\u00e3o para colar e descolar os autocolantes. E para montar as personagens\/objectos 3D. Aprender brincando, favorecendo: a resolu\u00e7\u00e3o de problemas e o jogo imaginativo. Conte\u00fado: 6 pain\u00e9is de cart\u00e3o para montar as 6 personagens licenciadas e mais de 100 autocolantes de cores diferentes.<\/p>\n","protected":false},"excerpt":{"rendered":"<p>Conjunto criativo para decorar personagens ou objectos de cart\u00e3o com autocolantes coloridos e brincar com eles depois de montados e transformados em personagens 3D.<\/p>\n","protected":false},"featured_media":120289,"template":"","meta":{"_acf_changed":false},"product_brand":[],"product_cat":[73317,73316],"product_tag":[105268,82209,98586,98587,98588,90540,98591,75472,83616,105269,82063,82064,105270,97422,105271,105272,98595,98596,98599,98600,80341,98601,75608,98603,96736,98604,76218],"class_list":{"0":"post-251098","1":"product","2":"type-product","3":"status-publish","4":"has-post-thumbnail","6":"product_cat-artisticos-pt","7":"product_cat-trabalhos-manuais-e-artisticos","8":"product_tag-19885-pt-pt","9":"product_tag-3d-pt-pt","10":"product_tag-activity-pt-pt","11":"product_tag-bandit-pt-pt","12":"product_tag-bingo-pt-pt","13":"product_tag-bluey-pt-pt","14":"product_tag-chilli-pt-pt","15":"product_tag-colores-pt-pt","16":"product_tag-construir-pt-pt","17":"product_tag-construye-pt-pt","18":"product_tag-creative-pt-pt","19":"product_tag-creatividad-pt-pt","20":"product_tag-decorar-pt-pt","21":"product_tag-figura-pt-pt","22":"product_tag-figuras-pt-pt","23":"product_tag-figures-pt-pt","24":"product_tag-gomets-pt-pt","25":"product_tag-honey-pt-pt","26":"product_tag-lucky-pt-pt","27":"product_tag-mackenzie-pt-pt","28":"product_tag-montar-pt-pt","29":"product_tag-pegatinas-pt-pt","30":"product_tag-personajes-pt-pt","31":"product_tag-rusty-pt-pt","32":"product_tag-serie-pt-pt","33":"product_tag-set-pt-pt","34":"product_tag-tv-pt-pt","36":"first","37":"instock","38":"shipping-taxable","39":"product-type-simple"},"acf":[],"yoast_head":"<!-- This site is optimized with the Yoast SEO plugin v27.1.1 - https:\/\/yoast.com\/product\/yoast-seo-wordpress\/ -->\n<title>Templates Bluey &quot;Creative Activity Set&quot; - Educa Borras<\/title>\n<meta name=\"description\" content=\"Set creativo para decorar personajes u objetos de cart\u00f3n con pegatinas de colores y jugar con ellos una vez montados y transformados en personajes 3D.\" \/>\n<meta name=\"robots\" content=\"index, follow, max-snippet:-1, max-image-preview:large, max-video-preview:-1\" \/>\n<link rel=\"canonical\" href=\"https:\/\/www.educaborras.com\/pt-pt\/produto\/19885-pt-pt\/\" \/>\n<script type=\"application\/ld+json\" class=\"yoast-schema-graph\">{\"@context\":\"https:\/\/schema.org\",\"@graph\":[{\"@type\":\"WebPage\",\"@id\":\"https:\/\/www.educaborras.com\/pt-pt\/produto\/19885-pt-pt\/\",\"url\":\"https:\/\/www.educaborras.com\/pt-pt\/produto\/19885-pt-pt\/\",\"name\":\"Templates Bluey \\\"Creative Activity Set\\\" - Educa Borras\",\"isPartOf\":{\"@id\":\"https:\/\/www.educaborras.com\/pt-pt\/#website\"},\"primaryImageOfPage\":{\"@id\":\"https:\/\/www.educaborras.com\/pt-pt\/produto\/19885-pt-pt\/#primaryimage\"},\"image\":{\"@id\":\"https:\/\/www.educaborras.com\/pt-pt\/produto\/19885-pt-pt\/#primaryimage\"},\"thumbnailUrl\":\"https:\/\/www.educaborras.com\/wp-content\/uploads\/19885_01_high.jpg\",\"datePublished\":\"2025-06-05T09:04:06+00:00\",\"dateModified\":\"2026-04-20T00:31:58+00:00\",\"description\":\"Set creativo para decorar personajes u objetos de cart\u00f3n con pegatinas de colores y jugar con ellos una vez montados y transformados en personajes 3D.\",\"breadcrumb\":{\"@id\":\"https:\/\/www.educaborras.com\/pt-pt\/produto\/19885-pt-pt\/#breadcrumb\"},\"inLanguage\":\"pt-PT\",\"potentialAction\":[{\"@type\":\"ReadAction\",\"target\":[\"https:\/\/www.educaborras.com\/pt-pt\/produto\/19885-pt-pt\/\"]}]},{\"@type\":\"ImageObject\",\"inLanguage\":\"pt-PT\",\"@id\":\"https:\/\/www.educaborras.com\/pt-pt\/produto\/19885-pt-pt\/#primaryimage\",\"url\":\"https:\/\/www.educaborras.com\/wp-content\/uploads\/19885_01_high.jpg\",\"contentUrl\":\"https:\/\/www.educaborras.com\/wp-content\/uploads\/19885_01_high.jpg\",\"width\":2400,\"height\":2400},{\"@type\":\"BreadcrumbList\",\"@id\":\"https:\/\/www.educaborras.com\/pt-pt\/produto\/19885-pt-pt\/#breadcrumb\",\"itemListElement\":[{\"@type\":\"ListItem\",\"position\":1,\"name\":\"Portada\",\"item\":\"https:\/\/www.educaborras.com\/pt-pt\/\"},{\"@type\":\"ListItem\",\"position\":2,\"name\":\"Produtos\",\"item\":\"https:\/\/www.educaborras.com\/pt-pt\/shop\/\"},{\"@type\":\"ListItem\",\"position\":3,\"name\":\"Templates Bluey &#8220;Creative Activity Set&#8221;\"}]},{\"@type\":\"WebSite\",\"@id\":\"https:\/\/www.educaborras.com\/pt-pt\/#website\",\"url\":\"https:\/\/www.educaborras.com\/pt-pt\/\",\"name\":\"Educa Borras\",\"description\":\"\",\"publisher\":{\"@id\":\"https:\/\/www.educaborras.com\/pt-pt\/#organization\"},\"potentialAction\":[{\"@type\":\"SearchAction\",\"target\":{\"@type\":\"EntryPoint\",\"urlTemplate\":\"https:\/\/www.educaborras.com\/pt-pt\/?s={search_term_string}\"},\"query-input\":{\"@type\":\"PropertyValueSpecification\",\"valueRequired\":true,\"valueName\":\"search_term_string\"}}],\"inLanguage\":\"pt-PT\"},{\"@type\":\"Organization\",\"@id\":\"https:\/\/www.educaborras.com\/pt-pt\/#organization\",\"name\":\"Educa Borras\",\"url\":\"https:\/\/www.educaborras.com\/pt-pt\/\",\"logo\":{\"@type\":\"ImageObject\",\"inLanguage\":\"pt-PT\",\"@id\":\"https:\/\/www.educaborras.com\/pt-pt\/#\/schema\/logo\/image\/\",\"url\":\"https:\/\/www.educaborras.com\/wp-content\/uploads\/cropped-LOGOS-EDUCA-BORRAS_retina.png\",\"contentUrl\":\"https:\/\/www.educaborras.com\/wp-content\/uploads\/cropped-LOGOS-EDUCA-BORRAS_retina.png\",\"caption\":\"Educa Borras\"},\"image\":{\"@id\":\"https:\/\/www.educaborras.com\/pt-pt\/#\/schema\/logo\/image\/\"}}]}<\/script>\n<!-- \/ Yoast SEO plugin. -->","yoast_head_json":{"title":"Templates Bluey \"Creative Activity Set\" - Educa Borras","description":"Set creativo para decorar personajes u objetos de cart\u00f3n con pegatinas de colores y jugar con ellos una vez montados y transformados en personajes 3D.","robots":{"index":"index","follow":"follow","max-snippet":"max-snippet:-1","max-image-preview":"max-image-preview:large","max-video-preview":"max-video-preview:-1"},"canonical":"https:\/\/www.educaborras.com\/pt-pt\/produto\/19885-pt-pt\/","schema":{"@context":"https:\/\/schema.org","@graph":[{"@type":"WebPage","@id":"https:\/\/www.educaborras.com\/pt-pt\/produto\/19885-pt-pt\/","url":"https:\/\/www.educaborras.com\/pt-pt\/produto\/19885-pt-pt\/","name":"Templates Bluey \"Creative Activity Set\" - Educa Borras","isPartOf":{"@id":"https:\/\/www.educaborras.com\/pt-pt\/#website"},"primaryImageOfPage":{"@id":"https:\/\/www.educaborras.com\/pt-pt\/produto\/19885-pt-pt\/#primaryimage"},"image":{"@id":"https:\/\/www.educaborras.com\/pt-pt\/produto\/19885-pt-pt\/#primaryimage"},"thumbnailUrl":"https:\/\/www.educaborras.com\/wp-content\/uploads\/19885_01_high.jpg","datePublished":"2025-06-05T09:04:06+00:00","dateModified":"2026-04-20T00:31:58+00:00","description":"Set creativo para decorar personajes u objetos de cart\u00f3n con pegatinas de colores y jugar con ellos una vez montados y transformados en personajes 3D.","breadcrumb":{"@id":"https:\/\/www.educaborras.com\/pt-pt\/produto\/19885-pt-pt\/#breadcrumb"},"inLanguage":"pt-PT","potentialAction":[{"@type":"ReadAction","target":["https:\/\/www.educaborras.com\/pt-pt\/produto\/19885-pt-pt\/"]}]},{"@type":"ImageObject","inLanguage":"pt-PT","@id":"https:\/\/www.educaborras.com\/pt-pt\/produto\/19885-pt-pt\/#primaryimage","url":"https:\/\/www.educaborras.com\/wp-content\/uploads\/19885_01_high.jpg","contentUrl":"https:\/\/www.educaborras.com\/wp-content\/uploads\/19885_01_high.jpg","width":2400,"height":2400},{"@type":"BreadcrumbList","@id":"https:\/\/www.educaborras.com\/pt-pt\/produto\/19885-pt-pt\/#breadcrumb","itemListElement":[{"@type":"ListItem","position":1,"name":"Portada","item":"https:\/\/www.educaborras.com\/pt-pt\/"},{"@type":"ListItem","position":2,"name":"Produtos","item":"https:\/\/www.educaborras.com\/pt-pt\/shop\/"},{"@type":"ListItem","position":3,"name":"Templates Bluey &#8220;Creative Activity Set&#8221;"}]},{"@type":"WebSite","@id":"https:\/\/www.educaborras.com\/pt-pt\/#website","url":"https:\/\/www.educaborras.com\/pt-pt\/","name":"Educa Borras","description":"","publisher":{"@id":"https:\/\/www.educaborras.com\/pt-pt\/#organization"},"potentialAction":[{"@type":"SearchAction","target":{"@type":"EntryPoint","urlTemplate":"https:\/\/www.educaborras.com\/pt-pt\/?s={search_term_string}"},"query-input":{"@type":"PropertyValueSpecification","valueRequired":true,"valueName":"search_term_string"}}],"inLanguage":"pt-PT"},{"@type":"Organization","@id":"https:\/\/www.educaborras.com\/pt-pt\/#organization","name":"Educa Borras","url":"https:\/\/www.educaborras.com\/pt-pt\/","logo":{"@type":"ImageObject","inLanguage":"pt-PT","@id":"https:\/\/www.educaborras.com\/pt-pt\/#\/schema\/logo\/image\/","url":"https:\/\/www.educaborras.com\/wp-content\/uploads\/cropped-LOGOS-EDUCA-BORRAS_retina.png","contentUrl":"https:\/\/www.educaborras.com\/wp-content\/uploads\/cropped-LOGOS-EDUCA-BORRAS_retina.png","caption":"Educa Borras"},"image":{"@id":"https:\/\/www.educaborras.com\/pt-pt\/#\/schema\/logo\/image\/"}}]}},"_links":{"self":[{"href":"https:\/\/www.educaborras.com\/pt-pt\/wp-json\/wp\/v2\/product\/251098","targetHints":{"allow":["GET"]}}],"collection":[{"href":"https:\/\/www.educaborras.com\/pt-pt\/wp-json\/wp\/v2\/product"}],"about":[{"href":"https:\/\/www.educaborras.com\/pt-pt\/wp-json\/wp\/v2\/types\/product"}],"wp:featuredmedia":[{"embeddable":true,"href":"https:\/\/www.educaborras.com\/pt-pt\/wp-json\/wp\/v2\/media\/120289"}],"wp:attachment":[{"href":"https:\/\/www.educaborras.com\/pt-pt\/wp-json\/wp\/v2\/media?parent=251098"}],"wp:term":[{"taxonomy":"product_brand","embeddable":true,"href":"https:\/\/www.educaborras.com\/pt-pt\/wp-json\/wp\/v2\/product_brand?post=251098"},{"taxonomy":"product_cat","embeddable":true,"href":"https:\/\/www.educaborras.com\/pt-pt\/wp-json\/wp\/v2\/product_cat?post=251098"},{"taxonomy":"product_tag","embeddable":true,"href":"https:\/\/www.educaborras.com\/pt-pt\/wp-json\/wp\/v2\/product_tag?post=251098"}],"curies":[{"name":"wp","href":"https:\/\/api.w.org\/{rel}","templated":true}]}}