{"id":251086,"date":"2025-06-05T11:04:14","date_gmt":"2025-06-05T09:04:14","guid":{"rendered":"https:\/\/www.educaborras.com\/product\/20141\/"},"modified":"2026-04-20T02:41:22","modified_gmt":"2026-04-20T00:41:22","slug":"20141-pt-pt","status":"publish","type":"product","link":"https:\/\/www.educaborras.com\/pt-pt\/produto\/20141-pt-pt\/","title":{"rendered":"Ramo Silvestre Floral Art"},"content":{"rendered":"<p>A caixa inclui todos os elementos necess\u00e1rios para criar o seu bouquet selvagem da nossa nova s\u00e9rie floral. Conte\u00fado: &#8211; Cart\u00e3o cortado, folhas de papel pr\u00e9-cortadas impressas em ambos os lados, tubo de pl\u00e1stico cortado em diferentes tamanhos, grelha de pl\u00e1stico verde, grelha de pl\u00e1stico amarela. \u00a0https:\/\/youtu.be\/-xS0Q3GB1Yw<\/p>\n","protected":false},"excerpt":{"rendered":"<p>A caixa cont\u00e9m tudo o que \u00e9 necess\u00e1rio para criar o seu bouquet selvagem da nossa nova s\u00e9rie floral.<\/p>\n","protected":false},"featured_media":118524,"template":"","meta":{"_acf_changed":false},"product_brand":[],"product_cat":[73318],"product_tag":[98645,82059,98646,82060,82061,82062,82063,82064,82065,82066,98647,82068,98648,78355,98649,98650,91281,82075,82076,98651,98652,98653,98654,98655,98656,98657],"class_list":{"0":"post-251086","1":"product","2":"type-product","3":"status-publish","4":"has-post-thumbnail","6":"product_cat-floral-art-pt","7":"product_tag-20141-pt-pt","8":"product_tag-accessoires-pt-pt","9":"product_tag-artisticos-serie-floral-pt-pt","10":"product_tag-crear-pt-pt","11":"product_tag-creatif-pt-pt","12":"product_tag-creativa-pt-pt","13":"product_tag-creative-pt-pt","14":"product_tag-creatividad-pt-pt","15":"product_tag-creer-pt-pt","16":"product_tag-design-pt-pt","17":"product_tag-design-your-wild-bouquet-pt-pt","18":"product_tag-designer-pt-pt","19":"product_tag-fantastique-pt-pt","20":"product_tag-fantasy-pt-pt-2","21":"product_tag-floral-pt-pt","22":"product_tag-floral-art-pt-pt","23":"product_tag-flower-pt-pt","24":"product_tag-manualidad-pt-pt","25":"product_tag-manualidades-pt-pt","26":"product_tag-ramo-pt-pt","27":"product_tag-ramo-silvestre-pt-pt","28":"product_tag-silvestre-pt-pt","29":"product_tag-tendance-pt-pt","30":"product_tag-tendancia-pt-pt","31":"product_tag-trendy-pt-pt","32":"product_tag-your-wild-bouquet-pt-pt","34":"first","35":"instock","36":"shipping-taxable","37":"product-type-simple"},"acf":[],"yoast_head":"<!-- This site is optimized with the Yoast SEO plugin v27.1.1 - https:\/\/yoast.com\/product\/yoast-seo-wordpress\/ -->\n<title>Ramo Silvestre Floral Art - Educa Borras<\/title>\n<meta name=\"description\" content=\"Un kit de manualidades para crear un precioso ramo de flores silvestres de papel troquelado, sin necesidad de pegamento, ni tijeras. Ideal para adultos y ni\u00f1os.\" \/>\n<meta name=\"robots\" content=\"index, follow, max-snippet:-1, max-image-preview:large, max-video-preview:-1\" \/>\n<link rel=\"canonical\" href=\"https:\/\/www.educaborras.com\/pt-pt\/produto\/20141-pt-pt\/\" \/>\n<script type=\"application\/ld+json\" class=\"yoast-schema-graph\">{\"@context\":\"https:\/\/schema.org\",\"@graph\":[{\"@type\":\"WebPage\",\"@id\":\"https:\/\/www.educaborras.com\/pt-pt\/produto\/20141-pt-pt\/\",\"url\":\"https:\/\/www.educaborras.com\/pt-pt\/produto\/20141-pt-pt\/\",\"name\":\"Ramo Silvestre Floral Art - Educa Borras\",\"isPartOf\":{\"@id\":\"https:\/\/www.educaborras.com\/pt-pt\/#website\"},\"primaryImageOfPage\":{\"@id\":\"https:\/\/www.educaborras.com\/pt-pt\/produto\/20141-pt-pt\/#primaryimage\"},\"image\":{\"@id\":\"https:\/\/www.educaborras.com\/pt-pt\/produto\/20141-pt-pt\/#primaryimage\"},\"thumbnailUrl\":\"https:\/\/www.educaborras.com\/wp-content\/uploads\/20141_01_high.jpg\",\"datePublished\":\"2025-06-05T09:04:14+00:00\",\"dateModified\":\"2026-04-20T00:41:22+00:00\",\"description\":\"Un kit de manualidades para crear un precioso ramo de flores silvestres de papel troquelado, sin necesidad de pegamento, ni tijeras. Ideal para adultos y ni\u00f1os.\",\"breadcrumb\":{\"@id\":\"https:\/\/www.educaborras.com\/pt-pt\/produto\/20141-pt-pt\/#breadcrumb\"},\"inLanguage\":\"pt-PT\",\"potentialAction\":[{\"@type\":\"ReadAction\",\"target\":[\"https:\/\/www.educaborras.com\/pt-pt\/produto\/20141-pt-pt\/\"]}]},{\"@type\":\"ImageObject\",\"inLanguage\":\"pt-PT\",\"@id\":\"https:\/\/www.educaborras.com\/pt-pt\/produto\/20141-pt-pt\/#primaryimage\",\"url\":\"https:\/\/www.educaborras.com\/wp-content\/uploads\/20141_01_high.jpg\",\"contentUrl\":\"https:\/\/www.educaborras.com\/wp-content\/uploads\/20141_01_high.jpg\",\"width\":3000,\"height\":3000},{\"@type\":\"BreadcrumbList\",\"@id\":\"https:\/\/www.educaborras.com\/pt-pt\/produto\/20141-pt-pt\/#breadcrumb\",\"itemListElement\":[{\"@type\":\"ListItem\",\"position\":1,\"name\":\"Portada\",\"item\":\"https:\/\/www.educaborras.com\/pt-pt\/\"},{\"@type\":\"ListItem\",\"position\":2,\"name\":\"Produtos\",\"item\":\"https:\/\/www.educaborras.com\/pt-pt\/shop\/\"},{\"@type\":\"ListItem\",\"position\":3,\"name\":\"Ramo Silvestre Floral Art\"}]},{\"@type\":\"WebSite\",\"@id\":\"https:\/\/www.educaborras.com\/pt-pt\/#website\",\"url\":\"https:\/\/www.educaborras.com\/pt-pt\/\",\"name\":\"Educa Borras\",\"description\":\"\",\"publisher\":{\"@id\":\"https:\/\/www.educaborras.com\/pt-pt\/#organization\"},\"potentialAction\":[{\"@type\":\"SearchAction\",\"target\":{\"@type\":\"EntryPoint\",\"urlTemplate\":\"https:\/\/www.educaborras.com\/pt-pt\/?s={search_term_string}\"},\"query-input\":{\"@type\":\"PropertyValueSpecification\",\"valueRequired\":true,\"valueName\":\"search_term_string\"}}],\"inLanguage\":\"pt-PT\"},{\"@type\":\"Organization\",\"@id\":\"https:\/\/www.educaborras.com\/pt-pt\/#organization\",\"name\":\"Educa Borras\",\"url\":\"https:\/\/www.educaborras.com\/pt-pt\/\",\"logo\":{\"@type\":\"ImageObject\",\"inLanguage\":\"pt-PT\",\"@id\":\"https:\/\/www.educaborras.com\/pt-pt\/#\/schema\/logo\/image\/\",\"url\":\"https:\/\/www.educaborras.com\/wp-content\/uploads\/cropped-LOGOS-EDUCA-BORRAS_retina.png\",\"contentUrl\":\"https:\/\/www.educaborras.com\/wp-content\/uploads\/cropped-LOGOS-EDUCA-BORRAS_retina.png\",\"caption\":\"Educa Borras\"},\"image\":{\"@id\":\"https:\/\/www.educaborras.com\/pt-pt\/#\/schema\/logo\/image\/\"}}]}<\/script>\n<!-- \/ Yoast SEO plugin. -->","yoast_head_json":{"title":"Ramo Silvestre Floral Art - Educa Borras","description":"Un kit de manualidades para crear un precioso ramo de flores silvestres de papel troquelado, sin necesidad de pegamento, ni tijeras. Ideal para adultos y ni\u00f1os.","robots":{"index":"index","follow":"follow","max-snippet":"max-snippet:-1","max-image-preview":"max-image-preview:large","max-video-preview":"max-video-preview:-1"},"canonical":"https:\/\/www.educaborras.com\/pt-pt\/produto\/20141-pt-pt\/","schema":{"@context":"https:\/\/schema.org","@graph":[{"@type":"WebPage","@id":"https:\/\/www.educaborras.com\/pt-pt\/produto\/20141-pt-pt\/","url":"https:\/\/www.educaborras.com\/pt-pt\/produto\/20141-pt-pt\/","name":"Ramo Silvestre Floral Art - Educa Borras","isPartOf":{"@id":"https:\/\/www.educaborras.com\/pt-pt\/#website"},"primaryImageOfPage":{"@id":"https:\/\/www.educaborras.com\/pt-pt\/produto\/20141-pt-pt\/#primaryimage"},"image":{"@id":"https:\/\/www.educaborras.com\/pt-pt\/produto\/20141-pt-pt\/#primaryimage"},"thumbnailUrl":"https:\/\/www.educaborras.com\/wp-content\/uploads\/20141_01_high.jpg","datePublished":"2025-06-05T09:04:14+00:00","dateModified":"2026-04-20T00:41:22+00:00","description":"Un kit de manualidades para crear un precioso ramo de flores silvestres de papel troquelado, sin necesidad de pegamento, ni tijeras. Ideal para adultos y ni\u00f1os.","breadcrumb":{"@id":"https:\/\/www.educaborras.com\/pt-pt\/produto\/20141-pt-pt\/#breadcrumb"},"inLanguage":"pt-PT","potentialAction":[{"@type":"ReadAction","target":["https:\/\/www.educaborras.com\/pt-pt\/produto\/20141-pt-pt\/"]}]},{"@type":"ImageObject","inLanguage":"pt-PT","@id":"https:\/\/www.educaborras.com\/pt-pt\/produto\/20141-pt-pt\/#primaryimage","url":"https:\/\/www.educaborras.com\/wp-content\/uploads\/20141_01_high.jpg","contentUrl":"https:\/\/www.educaborras.com\/wp-content\/uploads\/20141_01_high.jpg","width":3000,"height":3000},{"@type":"BreadcrumbList","@id":"https:\/\/www.educaborras.com\/pt-pt\/produto\/20141-pt-pt\/#breadcrumb","itemListElement":[{"@type":"ListItem","position":1,"name":"Portada","item":"https:\/\/www.educaborras.com\/pt-pt\/"},{"@type":"ListItem","position":2,"name":"Produtos","item":"https:\/\/www.educaborras.com\/pt-pt\/shop\/"},{"@type":"ListItem","position":3,"name":"Ramo Silvestre Floral Art"}]},{"@type":"WebSite","@id":"https:\/\/www.educaborras.com\/pt-pt\/#website","url":"https:\/\/www.educaborras.com\/pt-pt\/","name":"Educa Borras","description":"","publisher":{"@id":"https:\/\/www.educaborras.com\/pt-pt\/#organization"},"potentialAction":[{"@type":"SearchAction","target":{"@type":"EntryPoint","urlTemplate":"https:\/\/www.educaborras.com\/pt-pt\/?s={search_term_string}"},"query-input":{"@type":"PropertyValueSpecification","valueRequired":true,"valueName":"search_term_string"}}],"inLanguage":"pt-PT"},{"@type":"Organization","@id":"https:\/\/www.educaborras.com\/pt-pt\/#organization","name":"Educa Borras","url":"https:\/\/www.educaborras.com\/pt-pt\/","logo":{"@type":"ImageObject","inLanguage":"pt-PT","@id":"https:\/\/www.educaborras.com\/pt-pt\/#\/schema\/logo\/image\/","url":"https:\/\/www.educaborras.com\/wp-content\/uploads\/cropped-LOGOS-EDUCA-BORRAS_retina.png","contentUrl":"https:\/\/www.educaborras.com\/wp-content\/uploads\/cropped-LOGOS-EDUCA-BORRAS_retina.png","caption":"Educa Borras"},"image":{"@id":"https:\/\/www.educaborras.com\/pt-pt\/#\/schema\/logo\/image\/"}}]}},"_links":{"self":[{"href":"https:\/\/www.educaborras.com\/pt-pt\/wp-json\/wp\/v2\/product\/251086","targetHints":{"allow":["GET"]}}],"collection":[{"href":"https:\/\/www.educaborras.com\/pt-pt\/wp-json\/wp\/v2\/product"}],"about":[{"href":"https:\/\/www.educaborras.com\/pt-pt\/wp-json\/wp\/v2\/types\/product"}],"wp:featuredmedia":[{"embeddable":true,"href":"https:\/\/www.educaborras.com\/pt-pt\/wp-json\/wp\/v2\/media\/118524"}],"wp:attachment":[{"href":"https:\/\/www.educaborras.com\/pt-pt\/wp-json\/wp\/v2\/media?parent=251086"}],"wp:term":[{"taxonomy":"product_brand","embeddable":true,"href":"https:\/\/www.educaborras.com\/pt-pt\/wp-json\/wp\/v2\/product_brand?post=251086"},{"taxonomy":"product_cat","embeddable":true,"href":"https:\/\/www.educaborras.com\/pt-pt\/wp-json\/wp\/v2\/product_cat?post=251086"},{"taxonomy":"product_tag","embeddable":true,"href":"https:\/\/www.educaborras.com\/pt-pt\/wp-json\/wp\/v2\/product_tag?post=251086"}],"curies":[{"name":"wp","href":"https:\/\/api.w.org\/{rel}","templated":true}]}}