{"id":251070,"date":"2025-06-05T11:04:21","date_gmt":"2025-06-05T09:04:21","guid":{"rendered":"https:\/\/www.educaborras.com\/product\/20099\/"},"modified":"2026-05-03T03:50:23","modified_gmt":"2026-05-03T01:50:23","slug":"20099-pt-pt","status":"publish","type":"product","link":"https:\/\/www.educaborras.com\/pt-pt\/produto\/20099-pt-pt\/","title":{"rendered":"My Model Doll Gala Night"},"content":{"rendered":"<p>A caixa inclui todos os elementos necess\u00e1rios para criar roupas para participar de todos os eventos ou comemora\u00e7\u00f5es. Conte\u00fado: &#8211; 1 boneca articulada para montar &#8211; Tecido com motivos pr\u00e9-impressos &#8211; Tecido com motivos n\u00e3o estampados &#8211; Acess\u00f3rios de moda &#8211; Clipes de roupa &#8211; 2 sacos de l\u00e3 para o cabelo &#8211; 1 ferramenta de perfura\u00e7\u00e3o &#8211; manequim &#8211; guarda-roupa &#8211; autocolantes &#8211; Instru\u00e7\u00f5es e instru\u00e7\u00f5es em v\u00eddeo.<\/p>\n","protected":false},"excerpt":{"rendered":"<p>A caixa inclui todos os elementos necess\u00e1rios para a cria\u00e7\u00e3o de modelos com os padr\u00f5es impressos, bem como os padr\u00f5es a preto e branco a criar. Inclui um manequim para exibir as pe\u00e7as de vestu\u00e1rio concebidas e um guarda-roupa para guardar todos os padr\u00f5es e acess\u00f3rios do My Model.<\/p>\n","protected":false},"featured_media":161826,"template":"","meta":{"_acf_changed":false},"product_brand":[],"product_cat":[73493],"product_tag":[87478,82059,87479,87480,82060,82061,82062,82063,82064,82065,82066,82067,82068,87481,82069,82070,87482,82071,87483,82072,82073,82074,82075,82076,82077,82078,82079,82080,87484,82081,87485,87486,82082,87487,82085,82086,82087,82088,87488,82089,82090,82091],"class_list":{"0":"post-251070","1":"product","2":"type-product","3":"status-publish","4":"has-post-thumbnail","6":"product_cat-my-model-pt","7":"product_tag-20099-pt-pt","8":"product_tag-accessoires-pt-pt","9":"product_tag-armario-para-montar-pt-pt","10":"product_tag-clips-para-ropa-pt-pt","11":"product_tag-crear-pt-pt","12":"product_tag-creatif-pt-pt","13":"product_tag-creativa-pt-pt","14":"product_tag-creative-pt-pt","15":"product_tag-creatividad-pt-pt","16":"product_tag-creer-pt-pt","17":"product_tag-design-pt-pt","18":"product_tag-design-your-doll-pt-pt","19":"product_tag-designer-pt-pt","20":"product_tag-designers-kit-pt-pt","21":"product_tag-diseno-pt-pt","22":"product_tag-doll-pt-pt","23":"product_tag-estampado-pt-pt","24":"product_tag-fee-pt-pt","25":"product_tag-gala-night-pt-pt","26":"product_tag-look-pt-pt","27":"product_tag-looks-pt-pt","28":"product_tag-mannequin-pt-pt","29":"product_tag-manualidad-pt-pt","30":"product_tag-manualidades-pt-pt","31":"product_tag-moda-pt-pt","32":"product_tag-mode-pt-pt","33":"product_tag-model-pt-pt","34":"product_tag-muneca-pt-pt","35":"product_tag-muneca-articulada-pt-pt","36":"product_tag-my-model-pt-pt","37":"product_tag-my-model-noche-de-gala-pt-pt","38":"product_tag-noche-de-gala-pt-pt","39":"product_tag-outfits-pt-pt","40":"product_tag-patrones-pt-pt","41":"product_tag-poupee-pt-pt","42":"product_tag-sirene-pt-pt","43":"product_tag-stylisme-pt-pt","44":"product_tag-styliste-pt-pt","45":"product_tag-tela-pt-pt","46":"product_tag-tenues-pt-pt","47":"product_tag-vetements-pt-pt","48":"product_tag-your-pt-pt","50":"first","51":"instock","52":"shipping-taxable","53":"product-type-simple"},"acf":[],"yoast_head":"<!-- This site is optimized with the Yoast SEO plugin v27.1.1 - https:\/\/yoast.com\/product\/yoast-seo-wordpress\/ -->\n<title>My Model Doll Gala Night - Educa Borras<\/title>\n<meta name=\"description\" content=\"Podr\u00e1s crear m\u00e1s de 300 looks diferentes, guardarlos en el armario o exponerlos en el maniqu\u00ed. Incorpora una tela con patrones estampados y otra con los patrones serigrafiados para poder dibujar y crear tus propios dise\u00f1os.\" \/>\n<meta name=\"robots\" content=\"index, follow, max-snippet:-1, max-image-preview:large, max-video-preview:-1\" \/>\n<link rel=\"canonical\" href=\"https:\/\/www.educaborras.com\/pt-pt\/produto\/20099-pt-pt\/\" \/>\n<script type=\"application\/ld+json\" class=\"yoast-schema-graph\">{\"@context\":\"https:\/\/schema.org\",\"@graph\":[{\"@type\":\"WebPage\",\"@id\":\"https:\/\/www.educaborras.com\/pt-pt\/produto\/20099-pt-pt\/\",\"url\":\"https:\/\/www.educaborras.com\/pt-pt\/produto\/20099-pt-pt\/\",\"name\":\"My Model Doll Gala Night - Educa Borras\",\"isPartOf\":{\"@id\":\"https:\/\/www.educaborras.com\/pt-pt\/#website\"},\"primaryImageOfPage\":{\"@id\":\"https:\/\/www.educaborras.com\/pt-pt\/produto\/20099-pt-pt\/#primaryimage\"},\"image\":{\"@id\":\"https:\/\/www.educaborras.com\/pt-pt\/produto\/20099-pt-pt\/#primaryimage\"},\"thumbnailUrl\":\"https:\/\/www.educaborras.com\/wp-content\/uploads\/20099_01_high-11.jpg\",\"datePublished\":\"2025-06-05T09:04:21+00:00\",\"dateModified\":\"2026-05-03T01:50:23+00:00\",\"description\":\"Podr\u00e1s crear m\u00e1s de 300 looks diferentes, guardarlos en el armario o exponerlos en el maniqu\u00ed. Incorpora una tela con patrones estampados y otra con los patrones serigrafiados para poder dibujar y crear tus propios dise\u00f1os.\",\"breadcrumb\":{\"@id\":\"https:\/\/www.educaborras.com\/pt-pt\/produto\/20099-pt-pt\/#breadcrumb\"},\"inLanguage\":\"pt-PT\",\"potentialAction\":[{\"@type\":\"ReadAction\",\"target\":[\"https:\/\/www.educaborras.com\/pt-pt\/produto\/20099-pt-pt\/\"]}]},{\"@type\":\"ImageObject\",\"inLanguage\":\"pt-PT\",\"@id\":\"https:\/\/www.educaborras.com\/pt-pt\/produto\/20099-pt-pt\/#primaryimage\",\"url\":\"https:\/\/www.educaborras.com\/wp-content\/uploads\/20099_01_high-11.jpg\",\"contentUrl\":\"https:\/\/www.educaborras.com\/wp-content\/uploads\/20099_01_high-11.jpg\"},{\"@type\":\"BreadcrumbList\",\"@id\":\"https:\/\/www.educaborras.com\/pt-pt\/produto\/20099-pt-pt\/#breadcrumb\",\"itemListElement\":[{\"@type\":\"ListItem\",\"position\":1,\"name\":\"Portada\",\"item\":\"https:\/\/www.educaborras.com\/pt-pt\/\"},{\"@type\":\"ListItem\",\"position\":2,\"name\":\"Produtos\",\"item\":\"https:\/\/www.educaborras.com\/pt-pt\/shop\/\"},{\"@type\":\"ListItem\",\"position\":3,\"name\":\"My Model Doll Gala Night\"}]},{\"@type\":\"WebSite\",\"@id\":\"https:\/\/www.educaborras.com\/pt-pt\/#website\",\"url\":\"https:\/\/www.educaborras.com\/pt-pt\/\",\"name\":\"Educa Borras\",\"description\":\"\",\"publisher\":{\"@id\":\"https:\/\/www.educaborras.com\/pt-pt\/#organization\"},\"potentialAction\":[{\"@type\":\"SearchAction\",\"target\":{\"@type\":\"EntryPoint\",\"urlTemplate\":\"https:\/\/www.educaborras.com\/pt-pt\/?s={search_term_string}\"},\"query-input\":{\"@type\":\"PropertyValueSpecification\",\"valueRequired\":true,\"valueName\":\"search_term_string\"}}],\"inLanguage\":\"pt-PT\"},{\"@type\":\"Organization\",\"@id\":\"https:\/\/www.educaborras.com\/pt-pt\/#organization\",\"name\":\"Educa Borras\",\"url\":\"https:\/\/www.educaborras.com\/pt-pt\/\",\"logo\":{\"@type\":\"ImageObject\",\"inLanguage\":\"pt-PT\",\"@id\":\"https:\/\/www.educaborras.com\/pt-pt\/#\/schema\/logo\/image\/\",\"url\":\"https:\/\/www.educaborras.com\/wp-content\/uploads\/cropped-LOGOS-EDUCA-BORRAS_retina.png\",\"contentUrl\":\"https:\/\/www.educaborras.com\/wp-content\/uploads\/cropped-LOGOS-EDUCA-BORRAS_retina.png\",\"caption\":\"Educa Borras\"},\"image\":{\"@id\":\"https:\/\/www.educaborras.com\/pt-pt\/#\/schema\/logo\/image\/\"}}]}<\/script>\n<!-- \/ Yoast SEO plugin. -->","yoast_head_json":{"title":"My Model Doll Gala Night - Educa Borras","description":"Podr\u00e1s crear m\u00e1s de 300 looks diferentes, guardarlos en el armario o exponerlos en el maniqu\u00ed. Incorpora una tela con patrones estampados y otra con los patrones serigrafiados para poder dibujar y crear tus propios dise\u00f1os.","robots":{"index":"index","follow":"follow","max-snippet":"max-snippet:-1","max-image-preview":"max-image-preview:large","max-video-preview":"max-video-preview:-1"},"canonical":"https:\/\/www.educaborras.com\/pt-pt\/produto\/20099-pt-pt\/","schema":{"@context":"https:\/\/schema.org","@graph":[{"@type":"WebPage","@id":"https:\/\/www.educaborras.com\/pt-pt\/produto\/20099-pt-pt\/","url":"https:\/\/www.educaborras.com\/pt-pt\/produto\/20099-pt-pt\/","name":"My Model Doll Gala Night - Educa Borras","isPartOf":{"@id":"https:\/\/www.educaborras.com\/pt-pt\/#website"},"primaryImageOfPage":{"@id":"https:\/\/www.educaborras.com\/pt-pt\/produto\/20099-pt-pt\/#primaryimage"},"image":{"@id":"https:\/\/www.educaborras.com\/pt-pt\/produto\/20099-pt-pt\/#primaryimage"},"thumbnailUrl":"https:\/\/www.educaborras.com\/wp-content\/uploads\/20099_01_high-11.jpg","datePublished":"2025-06-05T09:04:21+00:00","dateModified":"2026-05-03T01:50:23+00:00","description":"Podr\u00e1s crear m\u00e1s de 300 looks diferentes, guardarlos en el armario o exponerlos en el maniqu\u00ed. Incorpora una tela con patrones estampados y otra con los patrones serigrafiados para poder dibujar y crear tus propios dise\u00f1os.","breadcrumb":{"@id":"https:\/\/www.educaborras.com\/pt-pt\/produto\/20099-pt-pt\/#breadcrumb"},"inLanguage":"pt-PT","potentialAction":[{"@type":"ReadAction","target":["https:\/\/www.educaborras.com\/pt-pt\/produto\/20099-pt-pt\/"]}]},{"@type":"ImageObject","inLanguage":"pt-PT","@id":"https:\/\/www.educaborras.com\/pt-pt\/produto\/20099-pt-pt\/#primaryimage","url":"https:\/\/www.educaborras.com\/wp-content\/uploads\/20099_01_high-11.jpg","contentUrl":"https:\/\/www.educaborras.com\/wp-content\/uploads\/20099_01_high-11.jpg"},{"@type":"BreadcrumbList","@id":"https:\/\/www.educaborras.com\/pt-pt\/produto\/20099-pt-pt\/#breadcrumb","itemListElement":[{"@type":"ListItem","position":1,"name":"Portada","item":"https:\/\/www.educaborras.com\/pt-pt\/"},{"@type":"ListItem","position":2,"name":"Produtos","item":"https:\/\/www.educaborras.com\/pt-pt\/shop\/"},{"@type":"ListItem","position":3,"name":"My Model Doll Gala Night"}]},{"@type":"WebSite","@id":"https:\/\/www.educaborras.com\/pt-pt\/#website","url":"https:\/\/www.educaborras.com\/pt-pt\/","name":"Educa Borras","description":"","publisher":{"@id":"https:\/\/www.educaborras.com\/pt-pt\/#organization"},"potentialAction":[{"@type":"SearchAction","target":{"@type":"EntryPoint","urlTemplate":"https:\/\/www.educaborras.com\/pt-pt\/?s={search_term_string}"},"query-input":{"@type":"PropertyValueSpecification","valueRequired":true,"valueName":"search_term_string"}}],"inLanguage":"pt-PT"},{"@type":"Organization","@id":"https:\/\/www.educaborras.com\/pt-pt\/#organization","name":"Educa Borras","url":"https:\/\/www.educaborras.com\/pt-pt\/","logo":{"@type":"ImageObject","inLanguage":"pt-PT","@id":"https:\/\/www.educaborras.com\/pt-pt\/#\/schema\/logo\/image\/","url":"https:\/\/www.educaborras.com\/wp-content\/uploads\/cropped-LOGOS-EDUCA-BORRAS_retina.png","contentUrl":"https:\/\/www.educaborras.com\/wp-content\/uploads\/cropped-LOGOS-EDUCA-BORRAS_retina.png","caption":"Educa Borras"},"image":{"@id":"https:\/\/www.educaborras.com\/pt-pt\/#\/schema\/logo\/image\/"}}]}},"_links":{"self":[{"href":"https:\/\/www.educaborras.com\/pt-pt\/wp-json\/wp\/v2\/product\/251070","targetHints":{"allow":["GET"]}}],"collection":[{"href":"https:\/\/www.educaborras.com\/pt-pt\/wp-json\/wp\/v2\/product"}],"about":[{"href":"https:\/\/www.educaborras.com\/pt-pt\/wp-json\/wp\/v2\/types\/product"}],"wp:featuredmedia":[{"embeddable":true,"href":"https:\/\/www.educaborras.com\/pt-pt\/wp-json\/wp\/v2\/media\/161826"}],"wp:attachment":[{"href":"https:\/\/www.educaborras.com\/pt-pt\/wp-json\/wp\/v2\/media?parent=251070"}],"wp:term":[{"taxonomy":"product_brand","embeddable":true,"href":"https:\/\/www.educaborras.com\/pt-pt\/wp-json\/wp\/v2\/product_brand?post=251070"},{"taxonomy":"product_cat","embeddable":true,"href":"https:\/\/www.educaborras.com\/pt-pt\/wp-json\/wp\/v2\/product_cat?post=251070"},{"taxonomy":"product_tag","embeddable":true,"href":"https:\/\/www.educaborras.com\/pt-pt\/wp-json\/wp\/v2\/product_tag?post=251070"}],"curies":[{"name":"wp","href":"https:\/\/api.w.org\/{rel}","templated":true}]}}