{"id":251042,"date":"2025-06-05T11:04:36","date_gmt":"2025-06-05T09:04:36","guid":{"rendered":"https:\/\/www.educaborras.com\/product\/18482\/"},"modified":"2026-04-29T02:25:52","modified_gmt":"2026-04-29T00:25:52","slug":"18482-pt-pt","status":"publish","type":"product","link":"https:\/\/www.educaborras.com\/pt-pt\/produto\/18482-pt-pt\/","title":{"rendered":"500 Bike near Notre Dame"},"content":{"rendered":"<p>Educa\u00ae oferece a cole\u00e7\u00e3o de puzzles adultos mais completa do mercado, com formatos desde 500 a 42000 pe\u00e7as e com as melhores imagens. Tamanho aproximado do puzzle montado: 48 x 34 cm. Em todos os puzzles de 500 a 2.000 pe\u00e7as (inclusive), oferecemos a cola especial FIX PUZZLE\u00ae, para poder pendurar o puzzle uma vez terminada a montagem.<\/p>\n","protected":false},"excerpt":{"rendered":"<p>Imagens espectaculares em preto e branco com um detalhe de cor.<\/p>\n","protected":false},"featured_media":161911,"template":"","meta":{"_acf_changed":false},"product_brand":[],"product_cat":[73296],"product_tag":[74349,94760,82359,82320,76931,91278,94761,94762,76933,94763,74226,74228,79683,79684,80338,83014,83015,83016,82321,82322,94578,83168,74352,74512,74513,74514,75667,74062,82323,82324,74238,82325,82326,74353,82329,94764],"class_list":{"0":"post-251042","1":"product","2":"type-product","3":"status-publish","4":"has-post-thumbnail","6":"product_cat-produto-descontinuado","7":"product_tag-piezas-pt-pt","8":"product_tag-18482-pt-pt","9":"product_tag-2020-pt-pt","10":"product_tag-500-pt-pt","11":"product_tag-bicicleta-pt-pt","12":"product_tag-bike-pt-pt","13":"product_tag-black-and-white-pt-pt","14":"product_tag-blanc-i-negre-pt-pt","15":"product_tag-blanco-y-negro-pt-pt","16":"product_tag-coloured-black-and-white-pt-pt","17":"product_tag-educa-pt-pt","18":"product_tag-educa-borras-puzzle-pt-pt","19":"product_tag-europa-pt-pt","20":"product_tag-europe-pt-pt","21":"product_tag-fix-puzzle-pt-pt","22":"product_tag-franca-pt-pt","23":"product_tag-france-pt-pt","24":"product_tag-francia-pt-pt","25":"product_tag-jigsaw-pt-pt","26":"product_tag-jigsaw-puzzle-pt-pt","27":"product_tag-notre-dame-pt-pt","28":"product_tag-paris-pt-pt-2","29":"product_tag-peca-pt-pt","30":"product_tag-peces-pt-pt","31":"product_tag-piece-pt-pt","32":"product_tag-pieces-pt-pt","33":"product_tag-puzle-pt-pt","34":"product_tag-puzzle-pt-pt","35":"product_tag-puzzle-500-pt-pt","36":"product_tag-puzzle-pasion-pt-pt","37":"product_tag-puzzle-passion-pt-pt","38":"product_tag-puzzlemania-pt-pt","39":"product_tag-puzzlepassion-pt-pt","40":"product_tag-rompecabezas-pt-pt","41":"product_tag-trencaclosques-pt-pt","42":"product_tag-velo-pt-pt","44":"first","45":"instock","46":"shipping-taxable","47":"product-type-simple"},"acf":[],"yoast_head":"<!-- This site is optimized with the Yoast SEO plugin v27.1.1 - https:\/\/yoast.com\/product\/yoast-seo-wordpress\/ -->\n<title>500 Bike near Notre Dame - Educa Borras<\/title>\n<meta name=\"robots\" content=\"index, follow, max-snippet:-1, max-image-preview:large, max-video-preview:-1\" \/>\n<link rel=\"canonical\" href=\"https:\/\/www.educaborras.com\/pt-pt\/produto\/18482-pt-pt\/\" \/>\n<script type=\"application\/ld+json\" class=\"yoast-schema-graph\">{\"@context\":\"https:\/\/schema.org\",\"@graph\":[{\"@type\":\"WebPage\",\"@id\":\"https:\/\/www.educaborras.com\/pt-pt\/produto\/18482-pt-pt\/\",\"url\":\"https:\/\/www.educaborras.com\/pt-pt\/produto\/18482-pt-pt\/\",\"name\":\"500 Bike near Notre Dame - Educa Borras\",\"isPartOf\":{\"@id\":\"https:\/\/www.educaborras.com\/pt-pt\/#website\"},\"primaryImageOfPage\":{\"@id\":\"https:\/\/www.educaborras.com\/pt-pt\/produto\/18482-pt-pt\/#primaryimage\"},\"image\":{\"@id\":\"https:\/\/www.educaborras.com\/pt-pt\/produto\/18482-pt-pt\/#primaryimage\"},\"thumbnailUrl\":\"https:\/\/www.educaborras.com\/wp-content\/uploads\/18482_01_med-16.jpg\",\"datePublished\":\"2025-06-05T09:04:36+00:00\",\"dateModified\":\"2026-04-29T00:25:52+00:00\",\"breadcrumb\":{\"@id\":\"https:\/\/www.educaborras.com\/pt-pt\/produto\/18482-pt-pt\/#breadcrumb\"},\"inLanguage\":\"pt-PT\",\"potentialAction\":[{\"@type\":\"ReadAction\",\"target\":[\"https:\/\/www.educaborras.com\/pt-pt\/produto\/18482-pt-pt\/\"]}]},{\"@type\":\"ImageObject\",\"inLanguage\":\"pt-PT\",\"@id\":\"https:\/\/www.educaborras.com\/pt-pt\/produto\/18482-pt-pt\/#primaryimage\",\"url\":\"https:\/\/www.educaborras.com\/wp-content\/uploads\/18482_01_med-16.jpg\",\"contentUrl\":\"https:\/\/www.educaborras.com\/wp-content\/uploads\/18482_01_med-16.jpg\"},{\"@type\":\"BreadcrumbList\",\"@id\":\"https:\/\/www.educaborras.com\/pt-pt\/produto\/18482-pt-pt\/#breadcrumb\",\"itemListElement\":[{\"@type\":\"ListItem\",\"position\":1,\"name\":\"Portada\",\"item\":\"https:\/\/www.educaborras.com\/pt-pt\/\"},{\"@type\":\"ListItem\",\"position\":2,\"name\":\"Produtos\",\"item\":\"https:\/\/www.educaborras.com\/pt-pt\/shop\/\"},{\"@type\":\"ListItem\",\"position\":3,\"name\":\"500 Bike near Notre Dame\"}]},{\"@type\":\"WebSite\",\"@id\":\"https:\/\/www.educaborras.com\/pt-pt\/#website\",\"url\":\"https:\/\/www.educaborras.com\/pt-pt\/\",\"name\":\"Educa Borras\",\"description\":\"\",\"publisher\":{\"@id\":\"https:\/\/www.educaborras.com\/pt-pt\/#organization\"},\"potentialAction\":[{\"@type\":\"SearchAction\",\"target\":{\"@type\":\"EntryPoint\",\"urlTemplate\":\"https:\/\/www.educaborras.com\/pt-pt\/?s={search_term_string}\"},\"query-input\":{\"@type\":\"PropertyValueSpecification\",\"valueRequired\":true,\"valueName\":\"search_term_string\"}}],\"inLanguage\":\"pt-PT\"},{\"@type\":\"Organization\",\"@id\":\"https:\/\/www.educaborras.com\/pt-pt\/#organization\",\"name\":\"Educa Borras\",\"url\":\"https:\/\/www.educaborras.com\/pt-pt\/\",\"logo\":{\"@type\":\"ImageObject\",\"inLanguage\":\"pt-PT\",\"@id\":\"https:\/\/www.educaborras.com\/pt-pt\/#\/schema\/logo\/image\/\",\"url\":\"https:\/\/www.educaborras.com\/wp-content\/uploads\/cropped-LOGOS-EDUCA-BORRAS_retina.png\",\"contentUrl\":\"https:\/\/www.educaborras.com\/wp-content\/uploads\/cropped-LOGOS-EDUCA-BORRAS_retina.png\",\"caption\":\"Educa Borras\"},\"image\":{\"@id\":\"https:\/\/www.educaborras.com\/pt-pt\/#\/schema\/logo\/image\/\"}}]}<\/script>\n<!-- \/ Yoast SEO plugin. -->","yoast_head_json":{"title":"500 Bike near Notre Dame - Educa Borras","robots":{"index":"index","follow":"follow","max-snippet":"max-snippet:-1","max-image-preview":"max-image-preview:large","max-video-preview":"max-video-preview:-1"},"canonical":"https:\/\/www.educaborras.com\/pt-pt\/produto\/18482-pt-pt\/","schema":{"@context":"https:\/\/schema.org","@graph":[{"@type":"WebPage","@id":"https:\/\/www.educaborras.com\/pt-pt\/produto\/18482-pt-pt\/","url":"https:\/\/www.educaborras.com\/pt-pt\/produto\/18482-pt-pt\/","name":"500 Bike near Notre Dame - Educa Borras","isPartOf":{"@id":"https:\/\/www.educaborras.com\/pt-pt\/#website"},"primaryImageOfPage":{"@id":"https:\/\/www.educaborras.com\/pt-pt\/produto\/18482-pt-pt\/#primaryimage"},"image":{"@id":"https:\/\/www.educaborras.com\/pt-pt\/produto\/18482-pt-pt\/#primaryimage"},"thumbnailUrl":"https:\/\/www.educaborras.com\/wp-content\/uploads\/18482_01_med-16.jpg","datePublished":"2025-06-05T09:04:36+00:00","dateModified":"2026-04-29T00:25:52+00:00","breadcrumb":{"@id":"https:\/\/www.educaborras.com\/pt-pt\/produto\/18482-pt-pt\/#breadcrumb"},"inLanguage":"pt-PT","potentialAction":[{"@type":"ReadAction","target":["https:\/\/www.educaborras.com\/pt-pt\/produto\/18482-pt-pt\/"]}]},{"@type":"ImageObject","inLanguage":"pt-PT","@id":"https:\/\/www.educaborras.com\/pt-pt\/produto\/18482-pt-pt\/#primaryimage","url":"https:\/\/www.educaborras.com\/wp-content\/uploads\/18482_01_med-16.jpg","contentUrl":"https:\/\/www.educaborras.com\/wp-content\/uploads\/18482_01_med-16.jpg"},{"@type":"BreadcrumbList","@id":"https:\/\/www.educaborras.com\/pt-pt\/produto\/18482-pt-pt\/#breadcrumb","itemListElement":[{"@type":"ListItem","position":1,"name":"Portada","item":"https:\/\/www.educaborras.com\/pt-pt\/"},{"@type":"ListItem","position":2,"name":"Produtos","item":"https:\/\/www.educaborras.com\/pt-pt\/shop\/"},{"@type":"ListItem","position":3,"name":"500 Bike near Notre Dame"}]},{"@type":"WebSite","@id":"https:\/\/www.educaborras.com\/pt-pt\/#website","url":"https:\/\/www.educaborras.com\/pt-pt\/","name":"Educa Borras","description":"","publisher":{"@id":"https:\/\/www.educaborras.com\/pt-pt\/#organization"},"potentialAction":[{"@type":"SearchAction","target":{"@type":"EntryPoint","urlTemplate":"https:\/\/www.educaborras.com\/pt-pt\/?s={search_term_string}"},"query-input":{"@type":"PropertyValueSpecification","valueRequired":true,"valueName":"search_term_string"}}],"inLanguage":"pt-PT"},{"@type":"Organization","@id":"https:\/\/www.educaborras.com\/pt-pt\/#organization","name":"Educa Borras","url":"https:\/\/www.educaborras.com\/pt-pt\/","logo":{"@type":"ImageObject","inLanguage":"pt-PT","@id":"https:\/\/www.educaborras.com\/pt-pt\/#\/schema\/logo\/image\/","url":"https:\/\/www.educaborras.com\/wp-content\/uploads\/cropped-LOGOS-EDUCA-BORRAS_retina.png","contentUrl":"https:\/\/www.educaborras.com\/wp-content\/uploads\/cropped-LOGOS-EDUCA-BORRAS_retina.png","caption":"Educa Borras"},"image":{"@id":"https:\/\/www.educaborras.com\/pt-pt\/#\/schema\/logo\/image\/"}}]}},"_links":{"self":[{"href":"https:\/\/www.educaborras.com\/pt-pt\/wp-json\/wp\/v2\/product\/251042","targetHints":{"allow":["GET"]}}],"collection":[{"href":"https:\/\/www.educaborras.com\/pt-pt\/wp-json\/wp\/v2\/product"}],"about":[{"href":"https:\/\/www.educaborras.com\/pt-pt\/wp-json\/wp\/v2\/types\/product"}],"wp:featuredmedia":[{"embeddable":true,"href":"https:\/\/www.educaborras.com\/pt-pt\/wp-json\/wp\/v2\/media\/161911"}],"wp:attachment":[{"href":"https:\/\/www.educaborras.com\/pt-pt\/wp-json\/wp\/v2\/media?parent=251042"}],"wp:term":[{"taxonomy":"product_brand","embeddable":true,"href":"https:\/\/www.educaborras.com\/pt-pt\/wp-json\/wp\/v2\/product_brand?post=251042"},{"taxonomy":"product_cat","embeddable":true,"href":"https:\/\/www.educaborras.com\/pt-pt\/wp-json\/wp\/v2\/product_cat?post=251042"},{"taxonomy":"product_tag","embeddable":true,"href":"https:\/\/www.educaborras.com\/pt-pt\/wp-json\/wp\/v2\/product_tag?post=251042"}],"curies":[{"name":"wp","href":"https:\/\/api.w.org\/{rel}","templated":true}]}}