{"id":250818,"date":"2025-06-05T11:06:30","date_gmt":"2025-06-05T09:06:30","guid":{"rendered":"https:\/\/www.educaborras.com\/product\/17677\/"},"modified":"2026-05-01T03:07:16","modified_gmt":"2026-05-01T01:07:16","slug":"17677-pt-pt","status":"publish","type":"product","link":"https:\/\/www.educaborras.com\/pt-pt\/produto\/17677-pt-pt\/","title":{"rendered":"4000 Farol em Rock Bay"},"content":{"rendered":"<p>A Educa\u00ae oferece a cole\u00e7\u00e3o de Puzzles Adultos mais completa do mercado, com formatos desde 500 a 42000 pe\u00e7as e com as melhores imagens. Tamanho aproximado do puzzle montado: 136 x 96 cm.<\/p>\n","protected":false},"excerpt":{"rendered":"<p>A Educa\u00ae oferece a cole\u00e7\u00e3o de Puzzles Adultos mais completa do mercado, com formatos desde 500 a 42000 pe\u00e7as e com as melhores imagens.<\/p>\n","protected":false},"featured_media":162456,"template":"","meta":{"_acf_changed":false},"product_brand":[],"product_cat":[73296],"product_tag":[74349,84241,83084,84242,84243,84244,84245,84246,84247,84248,84249,84250,84251,84252,84253,84254,78578,84180,78579,75399,84255,84256,84257,84258,82790,82794,82795,74512,74514,75667,74062,84259],"class_list":{"0":"post-250818","1":"product","2":"type-product","3":"status-publish","4":"has-post-thumbnail","6":"product_cat-produto-descontinuado","7":"product_tag-piezas-pt-pt","8":"product_tag-17677-pt-pt","9":"product_tag-4000-pt-pt","10":"product_tag-4000-far-a-rock-bay-pt-pt","11":"product_tag-4000-faro-en-rock-bay-pt-pt","12":"product_tag-4000-farol-em-rock-bay-pt-pt","13":"product_tag-4000-leuchtturm-in-rock-bay-pt-pt","14":"product_tag-4000-lighthouse-at-rock-bay-pt-pt","15":"product_tag-4000-phare-a-rock-bay-pt-pt","16":"product_tag-azul-pt-pt","17":"product_tag-bahia-pt-pt","18":"product_tag-barco-pt-pt","19":"product_tag-boat-pt-pt","20":"product_tag-casa-pt-pt","21":"product_tag-far-pt-pt","22":"product_tag-faro-pt-pt","23":"product_tag-flores-pt-pt","24":"product_tag-flors-pt-pt","25":"product_tag-flowers-pt-pt","26":"product_tag-garden-pt-pt","27":"product_tag-gaviota-pt-pt","28":"product_tag-gaviotas-pt-pt","29":"product_tag-house-pt-pt","30":"product_tag-jardin-pt-pt","31":"product_tag-landscape-pt-pt","32":"product_tag-paisaje-pt-pt","33":"product_tag-paisatge-pt-pt","34":"product_tag-peces-pt-pt","35":"product_tag-pieces-pt-pt","36":"product_tag-puzle-pt-pt","37":"product_tag-puzzle-pt-pt","38":"product_tag-rock-pt-pt","40":"first","41":"instock","42":"shipping-taxable","43":"product-type-simple"},"acf":[],"yoast_head":"<!-- This site is optimized with the Yoast SEO plugin v27.1.1 - https:\/\/yoast.com\/product\/yoast-seo-wordpress\/ -->\n<title>4000 Farol em Rock Bay - Educa Borras<\/title>\n<meta name=\"robots\" content=\"index, follow, max-snippet:-1, max-image-preview:large, max-video-preview:-1\" \/>\n<link rel=\"canonical\" href=\"https:\/\/www.educaborras.com\/pt-pt\/produto\/17677-pt-pt\/\" \/>\n<script type=\"application\/ld+json\" class=\"yoast-schema-graph\">{\"@context\":\"https:\/\/schema.org\",\"@graph\":[{\"@type\":\"WebPage\",\"@id\":\"https:\/\/www.educaborras.com\/pt-pt\/produto\/17677-pt-pt\/\",\"url\":\"https:\/\/www.educaborras.com\/pt-pt\/produto\/17677-pt-pt\/\",\"name\":\"4000 Farol em Rock Bay - Educa Borras\",\"isPartOf\":{\"@id\":\"https:\/\/www.educaborras.com\/pt-pt\/#website\"},\"primaryImageOfPage\":{\"@id\":\"https:\/\/www.educaborras.com\/pt-pt\/produto\/17677-pt-pt\/#primaryimage\"},\"image\":{\"@id\":\"https:\/\/www.educaborras.com\/pt-pt\/produto\/17677-pt-pt\/#primaryimage\"},\"thumbnailUrl\":\"https:\/\/www.educaborras.com\/wp-content\/uploads\/17677_01_med-8.jpg\",\"datePublished\":\"2025-06-05T09:06:30+00:00\",\"dateModified\":\"2026-05-01T01:07:16+00:00\",\"breadcrumb\":{\"@id\":\"https:\/\/www.educaborras.com\/pt-pt\/produto\/17677-pt-pt\/#breadcrumb\"},\"inLanguage\":\"pt-PT\",\"potentialAction\":[{\"@type\":\"ReadAction\",\"target\":[\"https:\/\/www.educaborras.com\/pt-pt\/produto\/17677-pt-pt\/\"]}]},{\"@type\":\"ImageObject\",\"inLanguage\":\"pt-PT\",\"@id\":\"https:\/\/www.educaborras.com\/pt-pt\/produto\/17677-pt-pt\/#primaryimage\",\"url\":\"https:\/\/www.educaborras.com\/wp-content\/uploads\/17677_01_med-8.jpg\",\"contentUrl\":\"https:\/\/www.educaborras.com\/wp-content\/uploads\/17677_01_med-8.jpg\"},{\"@type\":\"BreadcrumbList\",\"@id\":\"https:\/\/www.educaborras.com\/pt-pt\/produto\/17677-pt-pt\/#breadcrumb\",\"itemListElement\":[{\"@type\":\"ListItem\",\"position\":1,\"name\":\"Portada\",\"item\":\"https:\/\/www.educaborras.com\/pt-pt\/\"},{\"@type\":\"ListItem\",\"position\":2,\"name\":\"Produtos\",\"item\":\"https:\/\/www.educaborras.com\/pt-pt\/shop\/\"},{\"@type\":\"ListItem\",\"position\":3,\"name\":\"4000 Farol em Rock Bay\"}]},{\"@type\":\"WebSite\",\"@id\":\"https:\/\/www.educaborras.com\/pt-pt\/#website\",\"url\":\"https:\/\/www.educaborras.com\/pt-pt\/\",\"name\":\"Educa Borras\",\"description\":\"\",\"publisher\":{\"@id\":\"https:\/\/www.educaborras.com\/pt-pt\/#organization\"},\"potentialAction\":[{\"@type\":\"SearchAction\",\"target\":{\"@type\":\"EntryPoint\",\"urlTemplate\":\"https:\/\/www.educaborras.com\/pt-pt\/?s={search_term_string}\"},\"query-input\":{\"@type\":\"PropertyValueSpecification\",\"valueRequired\":true,\"valueName\":\"search_term_string\"}}],\"inLanguage\":\"pt-PT\"},{\"@type\":\"Organization\",\"@id\":\"https:\/\/www.educaborras.com\/pt-pt\/#organization\",\"name\":\"Educa Borras\",\"url\":\"https:\/\/www.educaborras.com\/pt-pt\/\",\"logo\":{\"@type\":\"ImageObject\",\"inLanguage\":\"pt-PT\",\"@id\":\"https:\/\/www.educaborras.com\/pt-pt\/#\/schema\/logo\/image\/\",\"url\":\"https:\/\/www.educaborras.com\/wp-content\/uploads\/cropped-LOGOS-EDUCA-BORRAS_retina.png\",\"contentUrl\":\"https:\/\/www.educaborras.com\/wp-content\/uploads\/cropped-LOGOS-EDUCA-BORRAS_retina.png\",\"caption\":\"Educa Borras\"},\"image\":{\"@id\":\"https:\/\/www.educaborras.com\/pt-pt\/#\/schema\/logo\/image\/\"}}]}<\/script>\n<!-- \/ Yoast SEO plugin. -->","yoast_head_json":{"title":"4000 Farol em Rock Bay - Educa Borras","robots":{"index":"index","follow":"follow","max-snippet":"max-snippet:-1","max-image-preview":"max-image-preview:large","max-video-preview":"max-video-preview:-1"},"canonical":"https:\/\/www.educaborras.com\/pt-pt\/produto\/17677-pt-pt\/","schema":{"@context":"https:\/\/schema.org","@graph":[{"@type":"WebPage","@id":"https:\/\/www.educaborras.com\/pt-pt\/produto\/17677-pt-pt\/","url":"https:\/\/www.educaborras.com\/pt-pt\/produto\/17677-pt-pt\/","name":"4000 Farol em Rock Bay - Educa Borras","isPartOf":{"@id":"https:\/\/www.educaborras.com\/pt-pt\/#website"},"primaryImageOfPage":{"@id":"https:\/\/www.educaborras.com\/pt-pt\/produto\/17677-pt-pt\/#primaryimage"},"image":{"@id":"https:\/\/www.educaborras.com\/pt-pt\/produto\/17677-pt-pt\/#primaryimage"},"thumbnailUrl":"https:\/\/www.educaborras.com\/wp-content\/uploads\/17677_01_med-8.jpg","datePublished":"2025-06-05T09:06:30+00:00","dateModified":"2026-05-01T01:07:16+00:00","breadcrumb":{"@id":"https:\/\/www.educaborras.com\/pt-pt\/produto\/17677-pt-pt\/#breadcrumb"},"inLanguage":"pt-PT","potentialAction":[{"@type":"ReadAction","target":["https:\/\/www.educaborras.com\/pt-pt\/produto\/17677-pt-pt\/"]}]},{"@type":"ImageObject","inLanguage":"pt-PT","@id":"https:\/\/www.educaborras.com\/pt-pt\/produto\/17677-pt-pt\/#primaryimage","url":"https:\/\/www.educaborras.com\/wp-content\/uploads\/17677_01_med-8.jpg","contentUrl":"https:\/\/www.educaborras.com\/wp-content\/uploads\/17677_01_med-8.jpg"},{"@type":"BreadcrumbList","@id":"https:\/\/www.educaborras.com\/pt-pt\/produto\/17677-pt-pt\/#breadcrumb","itemListElement":[{"@type":"ListItem","position":1,"name":"Portada","item":"https:\/\/www.educaborras.com\/pt-pt\/"},{"@type":"ListItem","position":2,"name":"Produtos","item":"https:\/\/www.educaborras.com\/pt-pt\/shop\/"},{"@type":"ListItem","position":3,"name":"4000 Farol em Rock Bay"}]},{"@type":"WebSite","@id":"https:\/\/www.educaborras.com\/pt-pt\/#website","url":"https:\/\/www.educaborras.com\/pt-pt\/","name":"Educa Borras","description":"","publisher":{"@id":"https:\/\/www.educaborras.com\/pt-pt\/#organization"},"potentialAction":[{"@type":"SearchAction","target":{"@type":"EntryPoint","urlTemplate":"https:\/\/www.educaborras.com\/pt-pt\/?s={search_term_string}"},"query-input":{"@type":"PropertyValueSpecification","valueRequired":true,"valueName":"search_term_string"}}],"inLanguage":"pt-PT"},{"@type":"Organization","@id":"https:\/\/www.educaborras.com\/pt-pt\/#organization","name":"Educa Borras","url":"https:\/\/www.educaborras.com\/pt-pt\/","logo":{"@type":"ImageObject","inLanguage":"pt-PT","@id":"https:\/\/www.educaborras.com\/pt-pt\/#\/schema\/logo\/image\/","url":"https:\/\/www.educaborras.com\/wp-content\/uploads\/cropped-LOGOS-EDUCA-BORRAS_retina.png","contentUrl":"https:\/\/www.educaborras.com\/wp-content\/uploads\/cropped-LOGOS-EDUCA-BORRAS_retina.png","caption":"Educa Borras"},"image":{"@id":"https:\/\/www.educaborras.com\/pt-pt\/#\/schema\/logo\/image\/"}}]}},"_links":{"self":[{"href":"https:\/\/www.educaborras.com\/pt-pt\/wp-json\/wp\/v2\/product\/250818","targetHints":{"allow":["GET"]}}],"collection":[{"href":"https:\/\/www.educaborras.com\/pt-pt\/wp-json\/wp\/v2\/product"}],"about":[{"href":"https:\/\/www.educaborras.com\/pt-pt\/wp-json\/wp\/v2\/types\/product"}],"wp:featuredmedia":[{"embeddable":true,"href":"https:\/\/www.educaborras.com\/pt-pt\/wp-json\/wp\/v2\/media\/162456"}],"wp:attachment":[{"href":"https:\/\/www.educaborras.com\/pt-pt\/wp-json\/wp\/v2\/media?parent=250818"}],"wp:term":[{"taxonomy":"product_brand","embeddable":true,"href":"https:\/\/www.educaborras.com\/pt-pt\/wp-json\/wp\/v2\/product_brand?post=250818"},{"taxonomy":"product_cat","embeddable":true,"href":"https:\/\/www.educaborras.com\/pt-pt\/wp-json\/wp\/v2\/product_cat?post=250818"},{"taxonomy":"product_tag","embeddable":true,"href":"https:\/\/www.educaborras.com\/pt-pt\/wp-json\/wp\/v2\/product_tag?post=250818"}],"curies":[{"name":"wp","href":"https:\/\/api.w.org\/{rel}","templated":true}]}}