{"id":250722,"date":"2025-06-05T11:07:08","date_gmt":"2025-06-05T09:07:08","guid":{"rendered":"https:\/\/www.educaborras.com\/product\/18903\/"},"modified":"2026-04-30T02:03:34","modified_gmt":"2026-04-30T00:03:34","slug":"18903-pt-pt","status":"publish","type":"product","link":"https:\/\/www.educaborras.com\/pt-pt\/produto\/18903-pt-pt\/","title":{"rendered":"4 in a Box Puzzles. Her\u00f3is em Ac\u00e7\u00e3o 20+40+60+80"},"content":{"rendered":"<p>Cada caixa cont\u00e9m 4 puzzles com diferente n\u00famero de pe\u00e7as (entre 20 e 80), para que as crian\u00e7as se atrevam com v\u00e1rios n\u00edveis de dificuldade \u00e0 medida que crescem e ganham pr\u00e1tica na montagem. Tamanho aproximado de cada puzzle montado: 28 x 20 cm. Assunto: Profiss\u00f5es (Pol\u00edcia, M\u00e9dico, Ambul\u00e2ncia, Bombeiro)<\/p>\n","protected":false},"excerpt":{"rendered":"<p>Set de 4 puzzles com diferentes n\u00edveis de dificuldade, de 20 a 80 pe\u00e7as. Assunto: Profiss\u00f5es (Pol\u00edcia, M\u00e9dico, Ambul\u00e2ncia, Bombeiro)<\/p>\n","protected":false},"featured_media":162636,"template":"","meta":{"_acf_changed":false},"product_brand":[],"product_cat":[73296],"product_tag":[90840,90793,90841,90842,90843,90844,90845,90846,74226,74227,74228,90800,74230,74232,74233,90319,75667,74062,90801,90802,90847,90805,90806,90848,76552,90807,90808,74238,90809,90810,90811,90812,81453,74353,83646],"class_list":{"0":"post-250722","1":"product","2":"type-product","3":"status-publish","4":"has-post-thumbnail","6":"product_cat-produto-descontinuado","7":"product_tag-18903-pt-pt","8":"product_tag-20-40-60-80-pt-pt","9":"product_tag-4-in-a-box-puzzles-helden-in-aktion-20-40-60-80-pt-pt","10":"product_tag-4-in-a-box-puzzles-heroes-en-accion-20-40-60-80-pt-pt","11":"product_tag-4-in-a-box-puzzles-heroes-in-action-20-40-60-80-pt-pt","12":"product_tag-4-in-a-box-puzzles-herois-em-accao-20-40-60-80-pt-pt","13":"product_tag-4-in-a-box-puzzles-herois-en-accio-20-40-60-80-pt-pt","14":"product_tag-4-in-a-box-puzzles-les-heros-en-action-20-40-60-80-pt-pt","15":"product_tag-educa-pt-pt","16":"product_tag-educa-borras-pt-pt","17":"product_tag-educa-borras-puzzle-pt-pt","18":"product_tag-educa-junior-pt-pt","19":"product_tag-educa-puzzle-pt-pt","20":"product_tag-educa-puzzle-passion-pt-pt","21":"product_tag-educa-puzzles-pt-pt","22":"product_tag-multi-4-puzzles-pt-pt","23":"product_tag-puzle-pt-pt","24":"product_tag-puzzle-pt-pt","25":"product_tag-puzzle-educa-ninos-pt-pt","26":"product_tag-puzzle-infantil-pt-pt","27":"product_tag-puzzle-infantil-animales-pt-pt","28":"product_tag-puzzle-infantil-nina-pt-pt","29":"product_tag-puzzle-infantil-nino-pt-pt","30":"product_tag-puzzle-infantil-profesiones-pt-pt","31":"product_tag-puzzle-junior-pt-pt","32":"product_tag-puzzle-ninos-pt-pt","33":"product_tag-puzzle-para-ninos-pt-pt","34":"product_tag-puzzle-passion-pt-pt","35":"product_tag-puzzles-4-anos-pt-pt","36":"product_tag-puzzles-5-anos-pt-pt","37":"product_tag-puzzles-6-anos-pt-pt","38":"product_tag-puzzles-infantiles-pt-pt","39":"product_tag-puzzles-progresivos-pt-pt","40":"product_tag-rompecabezas-pt-pt","41":"product_tag-rompecabezas-educa-pt-pt","43":"first","44":"instock","45":"shipping-taxable","46":"product-type-simple"},"acf":[],"yoast_head":"<!-- This site is optimized with the Yoast SEO plugin v27.1.1 - https:\/\/yoast.com\/product\/yoast-seo-wordpress\/ -->\n<title>4 in a Box Puzzles. Her\u00f3is em Ac\u00e7\u00e3o 20+40+60+80 - Educa Borras<\/title>\n<meta name=\"robots\" content=\"index, follow, max-snippet:-1, max-image-preview:large, max-video-preview:-1\" \/>\n<link rel=\"canonical\" href=\"https:\/\/www.educaborras.com\/pt-pt\/produto\/18903-pt-pt\/\" \/>\n<script type=\"application\/ld+json\" class=\"yoast-schema-graph\">{\"@context\":\"https:\/\/schema.org\",\"@graph\":[{\"@type\":\"WebPage\",\"@id\":\"https:\/\/www.educaborras.com\/pt-pt\/produto\/18903-pt-pt\/\",\"url\":\"https:\/\/www.educaborras.com\/pt-pt\/produto\/18903-pt-pt\/\",\"name\":\"4 in a Box Puzzles. Her\u00f3is em Ac\u00e7\u00e3o 20+40+60+80 - Educa Borras\",\"isPartOf\":{\"@id\":\"https:\/\/www.educaborras.com\/pt-pt\/#website\"},\"primaryImageOfPage\":{\"@id\":\"https:\/\/www.educaborras.com\/pt-pt\/produto\/18903-pt-pt\/#primaryimage\"},\"image\":{\"@id\":\"https:\/\/www.educaborras.com\/pt-pt\/produto\/18903-pt-pt\/#primaryimage\"},\"thumbnailUrl\":\"https:\/\/www.educaborras.com\/wp-content\/uploads\/18903_01_high-13.jpg\",\"datePublished\":\"2025-06-05T09:07:08+00:00\",\"dateModified\":\"2026-04-30T00:03:34+00:00\",\"breadcrumb\":{\"@id\":\"https:\/\/www.educaborras.com\/pt-pt\/produto\/18903-pt-pt\/#breadcrumb\"},\"inLanguage\":\"pt-PT\",\"potentialAction\":[{\"@type\":\"ReadAction\",\"target\":[\"https:\/\/www.educaborras.com\/pt-pt\/produto\/18903-pt-pt\/\"]}]},{\"@type\":\"ImageObject\",\"inLanguage\":\"pt-PT\",\"@id\":\"https:\/\/www.educaborras.com\/pt-pt\/produto\/18903-pt-pt\/#primaryimage\",\"url\":\"https:\/\/www.educaborras.com\/wp-content\/uploads\/18903_01_high-13.jpg\",\"contentUrl\":\"https:\/\/www.educaborras.com\/wp-content\/uploads\/18903_01_high-13.jpg\"},{\"@type\":\"BreadcrumbList\",\"@id\":\"https:\/\/www.educaborras.com\/pt-pt\/produto\/18903-pt-pt\/#breadcrumb\",\"itemListElement\":[{\"@type\":\"ListItem\",\"position\":1,\"name\":\"Portada\",\"item\":\"https:\/\/www.educaborras.com\/pt-pt\/\"},{\"@type\":\"ListItem\",\"position\":2,\"name\":\"Produtos\",\"item\":\"https:\/\/www.educaborras.com\/pt-pt\/shop\/\"},{\"@type\":\"ListItem\",\"position\":3,\"name\":\"4 in a Box Puzzles. Her\u00f3is em Ac\u00e7\u00e3o 20+40+60+80\"}]},{\"@type\":\"WebSite\",\"@id\":\"https:\/\/www.educaborras.com\/pt-pt\/#website\",\"url\":\"https:\/\/www.educaborras.com\/pt-pt\/\",\"name\":\"Educa Borras\",\"description\":\"\",\"publisher\":{\"@id\":\"https:\/\/www.educaborras.com\/pt-pt\/#organization\"},\"potentialAction\":[{\"@type\":\"SearchAction\",\"target\":{\"@type\":\"EntryPoint\",\"urlTemplate\":\"https:\/\/www.educaborras.com\/pt-pt\/?s={search_term_string}\"},\"query-input\":{\"@type\":\"PropertyValueSpecification\",\"valueRequired\":true,\"valueName\":\"search_term_string\"}}],\"inLanguage\":\"pt-PT\"},{\"@type\":\"Organization\",\"@id\":\"https:\/\/www.educaborras.com\/pt-pt\/#organization\",\"name\":\"Educa Borras\",\"url\":\"https:\/\/www.educaborras.com\/pt-pt\/\",\"logo\":{\"@type\":\"ImageObject\",\"inLanguage\":\"pt-PT\",\"@id\":\"https:\/\/www.educaborras.com\/pt-pt\/#\/schema\/logo\/image\/\",\"url\":\"https:\/\/www.educaborras.com\/wp-content\/uploads\/cropped-LOGOS-EDUCA-BORRAS_retina.png\",\"contentUrl\":\"https:\/\/www.educaborras.com\/wp-content\/uploads\/cropped-LOGOS-EDUCA-BORRAS_retina.png\",\"caption\":\"Educa Borras\"},\"image\":{\"@id\":\"https:\/\/www.educaborras.com\/pt-pt\/#\/schema\/logo\/image\/\"}}]}<\/script>\n<!-- \/ Yoast SEO plugin. -->","yoast_head_json":{"title":"4 in a Box Puzzles. Her\u00f3is em Ac\u00e7\u00e3o 20+40+60+80 - Educa Borras","robots":{"index":"index","follow":"follow","max-snippet":"max-snippet:-1","max-image-preview":"max-image-preview:large","max-video-preview":"max-video-preview:-1"},"canonical":"https:\/\/www.educaborras.com\/pt-pt\/produto\/18903-pt-pt\/","schema":{"@context":"https:\/\/schema.org","@graph":[{"@type":"WebPage","@id":"https:\/\/www.educaborras.com\/pt-pt\/produto\/18903-pt-pt\/","url":"https:\/\/www.educaborras.com\/pt-pt\/produto\/18903-pt-pt\/","name":"4 in a Box Puzzles. Her\u00f3is em Ac\u00e7\u00e3o 20+40+60+80 - Educa Borras","isPartOf":{"@id":"https:\/\/www.educaborras.com\/pt-pt\/#website"},"primaryImageOfPage":{"@id":"https:\/\/www.educaborras.com\/pt-pt\/produto\/18903-pt-pt\/#primaryimage"},"image":{"@id":"https:\/\/www.educaborras.com\/pt-pt\/produto\/18903-pt-pt\/#primaryimage"},"thumbnailUrl":"https:\/\/www.educaborras.com\/wp-content\/uploads\/18903_01_high-13.jpg","datePublished":"2025-06-05T09:07:08+00:00","dateModified":"2026-04-30T00:03:34+00:00","breadcrumb":{"@id":"https:\/\/www.educaborras.com\/pt-pt\/produto\/18903-pt-pt\/#breadcrumb"},"inLanguage":"pt-PT","potentialAction":[{"@type":"ReadAction","target":["https:\/\/www.educaborras.com\/pt-pt\/produto\/18903-pt-pt\/"]}]},{"@type":"ImageObject","inLanguage":"pt-PT","@id":"https:\/\/www.educaborras.com\/pt-pt\/produto\/18903-pt-pt\/#primaryimage","url":"https:\/\/www.educaborras.com\/wp-content\/uploads\/18903_01_high-13.jpg","contentUrl":"https:\/\/www.educaborras.com\/wp-content\/uploads\/18903_01_high-13.jpg"},{"@type":"BreadcrumbList","@id":"https:\/\/www.educaborras.com\/pt-pt\/produto\/18903-pt-pt\/#breadcrumb","itemListElement":[{"@type":"ListItem","position":1,"name":"Portada","item":"https:\/\/www.educaborras.com\/pt-pt\/"},{"@type":"ListItem","position":2,"name":"Produtos","item":"https:\/\/www.educaborras.com\/pt-pt\/shop\/"},{"@type":"ListItem","position":3,"name":"4 in a Box Puzzles. Her\u00f3is em Ac\u00e7\u00e3o 20+40+60+80"}]},{"@type":"WebSite","@id":"https:\/\/www.educaborras.com\/pt-pt\/#website","url":"https:\/\/www.educaborras.com\/pt-pt\/","name":"Educa Borras","description":"","publisher":{"@id":"https:\/\/www.educaborras.com\/pt-pt\/#organization"},"potentialAction":[{"@type":"SearchAction","target":{"@type":"EntryPoint","urlTemplate":"https:\/\/www.educaborras.com\/pt-pt\/?s={search_term_string}"},"query-input":{"@type":"PropertyValueSpecification","valueRequired":true,"valueName":"search_term_string"}}],"inLanguage":"pt-PT"},{"@type":"Organization","@id":"https:\/\/www.educaborras.com\/pt-pt\/#organization","name":"Educa Borras","url":"https:\/\/www.educaborras.com\/pt-pt\/","logo":{"@type":"ImageObject","inLanguage":"pt-PT","@id":"https:\/\/www.educaborras.com\/pt-pt\/#\/schema\/logo\/image\/","url":"https:\/\/www.educaborras.com\/wp-content\/uploads\/cropped-LOGOS-EDUCA-BORRAS_retina.png","contentUrl":"https:\/\/www.educaborras.com\/wp-content\/uploads\/cropped-LOGOS-EDUCA-BORRAS_retina.png","caption":"Educa Borras"},"image":{"@id":"https:\/\/www.educaborras.com\/pt-pt\/#\/schema\/logo\/image\/"}}]}},"_links":{"self":[{"href":"https:\/\/www.educaborras.com\/pt-pt\/wp-json\/wp\/v2\/product\/250722","targetHints":{"allow":["GET"]}}],"collection":[{"href":"https:\/\/www.educaborras.com\/pt-pt\/wp-json\/wp\/v2\/product"}],"about":[{"href":"https:\/\/www.educaborras.com\/pt-pt\/wp-json\/wp\/v2\/types\/product"}],"wp:featuredmedia":[{"embeddable":true,"href":"https:\/\/www.educaborras.com\/pt-pt\/wp-json\/wp\/v2\/media\/162636"}],"wp:attachment":[{"href":"https:\/\/www.educaborras.com\/pt-pt\/wp-json\/wp\/v2\/media?parent=250722"}],"wp:term":[{"taxonomy":"product_brand","embeddable":true,"href":"https:\/\/www.educaborras.com\/pt-pt\/wp-json\/wp\/v2\/product_brand?post=250722"},{"taxonomy":"product_cat","embeddable":true,"href":"https:\/\/www.educaborras.com\/pt-pt\/wp-json\/wp\/v2\/product_cat?post=250722"},{"taxonomy":"product_tag","embeddable":true,"href":"https:\/\/www.educaborras.com\/pt-pt\/wp-json\/wp\/v2\/product_tag?post=250722"}],"curies":[{"name":"wp","href":"https:\/\/api.w.org\/{rel}","templated":true}]}}