{"id":250706,"date":"2025-06-05T11:07:15","date_gmt":"2025-06-05T09:07:15","guid":{"rendered":"https:\/\/www.educaborras.com\/product\/18908\/"},"modified":"2026-04-30T03:40:13","modified_gmt":"2026-04-30T01:40:13","slug":"18908-pt-pt","status":"publish","type":"product","link":"https:\/\/www.educaborras.com\/pt-pt\/produto\/18908-pt-pt\/","title":{"rendered":"28 O Espa\u00e7o Round Puzzle"},"content":{"rendered":"<p>Puzzle redondo de 28 pe\u00e7as de 48 cm de di\u00e2metro. Cont\u00e9m 3 elementos amov\u00edveis cortados com uma forma personalizada especial. Estes Puzzle redondo de 28 pe\u00e7as e 48 cm de di\u00e2metro. Cont\u00e9m partes amov\u00edveis de 2 a 4 pe\u00e7as e recortadas em formato especial. Pe\u00e7as grandes, f\u00e1ceis de manusear e encaixar. Tema: Espa\u00e7o<\/p>\n","protected":false},"excerpt":{"rendered":"<p>Puzzle redondo de 28 pe\u00e7as e 48 cm de di\u00e2metro. Cont\u00e9m partes amov\u00edveis de 2 a 4 pe\u00e7as e recortadas em formato especial. Pe\u00e7as grandes, f\u00e1ceis de manusear e encaixar.<\/p>\n","protected":false},"featured_media":162676,"template":"","meta":{"_acf_changed":false},"product_brand":[],"product_cat":[73296],"product_tag":[74349,96873,96874,96875,96876,96877,96878,96879,74226,74227,74228,90800,74230,74232,74233,82321,82322,74352,74512,74513,74514,75667,74062,96880,90801,96881,90802,96882,90805,90806,96883,76552,90807,90808,74238,96884,96794,96795,96796,96797,96798,96799,90812,74353,83646,96800,82329],"class_list":{"0":"post-250706","1":"product","2":"type-product","3":"status-publish","4":"has-post-thumbnail","6":"product_cat-produto-descontinuado","7":"product_tag-piezas-pt-pt","8":"product_tag-18908-pt-pt","9":"product_tag-28-el-espacio-round-puzzle-pt-pt","10":"product_tag-28-lespace-round-puzzle-pt-pt","11":"product_tag-28-lespai-round-puzzle-pt-pt","12":"product_tag-28-o-espaco-round-puzzle-pt-pt","13":"product_tag-28-the-space-round-puzzle-pt-pt","14":"product_tag-28-weltraum-round-puzzle-pt-pt","15":"product_tag-educa-pt-pt","16":"product_tag-educa-borras-pt-pt","17":"product_tag-educa-borras-puzzle-pt-pt","18":"product_tag-educa-junior-pt-pt","19":"product_tag-educa-puzzle-pt-pt","20":"product_tag-educa-puzzle-passion-pt-pt","21":"product_tag-educa-puzzles-pt-pt","22":"product_tag-jigsaw-pt-pt","23":"product_tag-jigsaw-puzzle-pt-pt","24":"product_tag-peca-pt-pt","25":"product_tag-peces-pt-pt","26":"product_tag-piece-pt-pt","27":"product_tag-pieces-pt-pt","28":"product_tag-puzle-pt-pt","29":"product_tag-puzzle-pt-pt","30":"product_tag-puzzle-astronautas-pt-pt","31":"product_tag-puzzle-educa-ninos-pt-pt","32":"product_tag-puzzle-espacio-pt-pt","33":"product_tag-puzzle-infantil-pt-pt","34":"product_tag-puzzle-infantil-astronautas-pt-pt","35":"product_tag-puzzle-infantil-nina-pt-pt","36":"product_tag-puzzle-infantil-nino-pt-pt","37":"product_tag-puzzle-infantil-planetas-pt-pt","38":"product_tag-puzzle-junior-pt-pt","39":"product_tag-puzzle-ninos-pt-pt","40":"product_tag-puzzle-para-ninos-pt-pt","41":"product_tag-puzzle-passion-pt-pt","42":"product_tag-puzzle-planetas-pt-pt","43":"product_tag-puzzle-redondo-pt-pt","44":"product_tag-puzzle-redondo-28-piezas-pt-pt","45":"product_tag-puzzle-redondo-3-anos-pt-pt","46":"product_tag-puzzle-redondo-4-anos-pt-pt","47":"product_tag-puzzle-redondo-infantil-pt-pt","48":"product_tag-puzzle-redondo-ninos-pt-pt","49":"product_tag-puzzles-infantiles-pt-pt","50":"product_tag-rompecabezas-pt-pt","51":"product_tag-rompecabezas-educa-pt-pt","52":"product_tag-round-puzzle-pt-pt","53":"product_tag-trencaclosques-pt-pt","55":"first","56":"instock","57":"shipping-taxable","58":"product-type-simple"},"acf":[],"yoast_head":"<!-- This site is optimized with the Yoast SEO plugin v27.1.1 - https:\/\/yoast.com\/product\/yoast-seo-wordpress\/ -->\n<title>28 O Espa\u00e7o Round Puzzle - Educa Borras<\/title>\n<meta name=\"robots\" content=\"index, follow, max-snippet:-1, max-image-preview:large, max-video-preview:-1\" \/>\n<link rel=\"canonical\" href=\"https:\/\/www.educaborras.com\/pt-pt\/produto\/18908-pt-pt\/\" \/>\n<script type=\"application\/ld+json\" class=\"yoast-schema-graph\">{\"@context\":\"https:\/\/schema.org\",\"@graph\":[{\"@type\":\"WebPage\",\"@id\":\"https:\/\/www.educaborras.com\/pt-pt\/produto\/18908-pt-pt\/\",\"url\":\"https:\/\/www.educaborras.com\/pt-pt\/produto\/18908-pt-pt\/\",\"name\":\"28 O Espa\u00e7o Round Puzzle - Educa Borras\",\"isPartOf\":{\"@id\":\"https:\/\/www.educaborras.com\/pt-pt\/#website\"},\"primaryImageOfPage\":{\"@id\":\"https:\/\/www.educaborras.com\/pt-pt\/produto\/18908-pt-pt\/#primaryimage\"},\"image\":{\"@id\":\"https:\/\/www.educaborras.com\/pt-pt\/produto\/18908-pt-pt\/#primaryimage\"},\"thumbnailUrl\":\"https:\/\/www.educaborras.com\/wp-content\/uploads\/18908_01_high-13.jpg\",\"datePublished\":\"2025-06-05T09:07:15+00:00\",\"dateModified\":\"2026-04-30T01:40:13+00:00\",\"breadcrumb\":{\"@id\":\"https:\/\/www.educaborras.com\/pt-pt\/produto\/18908-pt-pt\/#breadcrumb\"},\"inLanguage\":\"pt-PT\",\"potentialAction\":[{\"@type\":\"ReadAction\",\"target\":[\"https:\/\/www.educaborras.com\/pt-pt\/produto\/18908-pt-pt\/\"]}]},{\"@type\":\"ImageObject\",\"inLanguage\":\"pt-PT\",\"@id\":\"https:\/\/www.educaborras.com\/pt-pt\/produto\/18908-pt-pt\/#primaryimage\",\"url\":\"https:\/\/www.educaborras.com\/wp-content\/uploads\/18908_01_high-13.jpg\",\"contentUrl\":\"https:\/\/www.educaborras.com\/wp-content\/uploads\/18908_01_high-13.jpg\"},{\"@type\":\"BreadcrumbList\",\"@id\":\"https:\/\/www.educaborras.com\/pt-pt\/produto\/18908-pt-pt\/#breadcrumb\",\"itemListElement\":[{\"@type\":\"ListItem\",\"position\":1,\"name\":\"Portada\",\"item\":\"https:\/\/www.educaborras.com\/pt-pt\/\"},{\"@type\":\"ListItem\",\"position\":2,\"name\":\"Produtos\",\"item\":\"https:\/\/www.educaborras.com\/pt-pt\/shop\/\"},{\"@type\":\"ListItem\",\"position\":3,\"name\":\"28 O Espa\u00e7o Round Puzzle\"}]},{\"@type\":\"WebSite\",\"@id\":\"https:\/\/www.educaborras.com\/pt-pt\/#website\",\"url\":\"https:\/\/www.educaborras.com\/pt-pt\/\",\"name\":\"Educa Borras\",\"description\":\"\",\"publisher\":{\"@id\":\"https:\/\/www.educaborras.com\/pt-pt\/#organization\"},\"potentialAction\":[{\"@type\":\"SearchAction\",\"target\":{\"@type\":\"EntryPoint\",\"urlTemplate\":\"https:\/\/www.educaborras.com\/pt-pt\/?s={search_term_string}\"},\"query-input\":{\"@type\":\"PropertyValueSpecification\",\"valueRequired\":true,\"valueName\":\"search_term_string\"}}],\"inLanguage\":\"pt-PT\"},{\"@type\":\"Organization\",\"@id\":\"https:\/\/www.educaborras.com\/pt-pt\/#organization\",\"name\":\"Educa Borras\",\"url\":\"https:\/\/www.educaborras.com\/pt-pt\/\",\"logo\":{\"@type\":\"ImageObject\",\"inLanguage\":\"pt-PT\",\"@id\":\"https:\/\/www.educaborras.com\/pt-pt\/#\/schema\/logo\/image\/\",\"url\":\"https:\/\/www.educaborras.com\/wp-content\/uploads\/cropped-LOGOS-EDUCA-BORRAS_retina.png\",\"contentUrl\":\"https:\/\/www.educaborras.com\/wp-content\/uploads\/cropped-LOGOS-EDUCA-BORRAS_retina.png\",\"caption\":\"Educa Borras\"},\"image\":{\"@id\":\"https:\/\/www.educaborras.com\/pt-pt\/#\/schema\/logo\/image\/\"}}]}<\/script>\n<!-- \/ Yoast SEO plugin. -->","yoast_head_json":{"title":"28 O Espa\u00e7o Round Puzzle - Educa Borras","robots":{"index":"index","follow":"follow","max-snippet":"max-snippet:-1","max-image-preview":"max-image-preview:large","max-video-preview":"max-video-preview:-1"},"canonical":"https:\/\/www.educaborras.com\/pt-pt\/produto\/18908-pt-pt\/","schema":{"@context":"https:\/\/schema.org","@graph":[{"@type":"WebPage","@id":"https:\/\/www.educaborras.com\/pt-pt\/produto\/18908-pt-pt\/","url":"https:\/\/www.educaborras.com\/pt-pt\/produto\/18908-pt-pt\/","name":"28 O Espa\u00e7o Round Puzzle - Educa Borras","isPartOf":{"@id":"https:\/\/www.educaborras.com\/pt-pt\/#website"},"primaryImageOfPage":{"@id":"https:\/\/www.educaborras.com\/pt-pt\/produto\/18908-pt-pt\/#primaryimage"},"image":{"@id":"https:\/\/www.educaborras.com\/pt-pt\/produto\/18908-pt-pt\/#primaryimage"},"thumbnailUrl":"https:\/\/www.educaborras.com\/wp-content\/uploads\/18908_01_high-13.jpg","datePublished":"2025-06-05T09:07:15+00:00","dateModified":"2026-04-30T01:40:13+00:00","breadcrumb":{"@id":"https:\/\/www.educaborras.com\/pt-pt\/produto\/18908-pt-pt\/#breadcrumb"},"inLanguage":"pt-PT","potentialAction":[{"@type":"ReadAction","target":["https:\/\/www.educaborras.com\/pt-pt\/produto\/18908-pt-pt\/"]}]},{"@type":"ImageObject","inLanguage":"pt-PT","@id":"https:\/\/www.educaborras.com\/pt-pt\/produto\/18908-pt-pt\/#primaryimage","url":"https:\/\/www.educaborras.com\/wp-content\/uploads\/18908_01_high-13.jpg","contentUrl":"https:\/\/www.educaborras.com\/wp-content\/uploads\/18908_01_high-13.jpg"},{"@type":"BreadcrumbList","@id":"https:\/\/www.educaborras.com\/pt-pt\/produto\/18908-pt-pt\/#breadcrumb","itemListElement":[{"@type":"ListItem","position":1,"name":"Portada","item":"https:\/\/www.educaborras.com\/pt-pt\/"},{"@type":"ListItem","position":2,"name":"Produtos","item":"https:\/\/www.educaborras.com\/pt-pt\/shop\/"},{"@type":"ListItem","position":3,"name":"28 O Espa\u00e7o Round Puzzle"}]},{"@type":"WebSite","@id":"https:\/\/www.educaborras.com\/pt-pt\/#website","url":"https:\/\/www.educaborras.com\/pt-pt\/","name":"Educa Borras","description":"","publisher":{"@id":"https:\/\/www.educaborras.com\/pt-pt\/#organization"},"potentialAction":[{"@type":"SearchAction","target":{"@type":"EntryPoint","urlTemplate":"https:\/\/www.educaborras.com\/pt-pt\/?s={search_term_string}"},"query-input":{"@type":"PropertyValueSpecification","valueRequired":true,"valueName":"search_term_string"}}],"inLanguage":"pt-PT"},{"@type":"Organization","@id":"https:\/\/www.educaborras.com\/pt-pt\/#organization","name":"Educa Borras","url":"https:\/\/www.educaborras.com\/pt-pt\/","logo":{"@type":"ImageObject","inLanguage":"pt-PT","@id":"https:\/\/www.educaborras.com\/pt-pt\/#\/schema\/logo\/image\/","url":"https:\/\/www.educaborras.com\/wp-content\/uploads\/cropped-LOGOS-EDUCA-BORRAS_retina.png","contentUrl":"https:\/\/www.educaborras.com\/wp-content\/uploads\/cropped-LOGOS-EDUCA-BORRAS_retina.png","caption":"Educa Borras"},"image":{"@id":"https:\/\/www.educaborras.com\/pt-pt\/#\/schema\/logo\/image\/"}}]}},"_links":{"self":[{"href":"https:\/\/www.educaborras.com\/pt-pt\/wp-json\/wp\/v2\/product\/250706","targetHints":{"allow":["GET"]}}],"collection":[{"href":"https:\/\/www.educaborras.com\/pt-pt\/wp-json\/wp\/v2\/product"}],"about":[{"href":"https:\/\/www.educaborras.com\/pt-pt\/wp-json\/wp\/v2\/types\/product"}],"wp:featuredmedia":[{"embeddable":true,"href":"https:\/\/www.educaborras.com\/pt-pt\/wp-json\/wp\/v2\/media\/162676"}],"wp:attachment":[{"href":"https:\/\/www.educaborras.com\/pt-pt\/wp-json\/wp\/v2\/media?parent=250706"}],"wp:term":[{"taxonomy":"product_brand","embeddable":true,"href":"https:\/\/www.educaborras.com\/pt-pt\/wp-json\/wp\/v2\/product_brand?post=250706"},{"taxonomy":"product_cat","embeddable":true,"href":"https:\/\/www.educaborras.com\/pt-pt\/wp-json\/wp\/v2\/product_cat?post=250706"},{"taxonomy":"product_tag","embeddable":true,"href":"https:\/\/www.educaborras.com\/pt-pt\/wp-json\/wp\/v2\/product_tag?post=250706"}],"curies":[{"name":"wp","href":"https:\/\/api.w.org\/{rel}","templated":true}]}}