{"id":250450,"date":"2025-06-05T11:10:10","date_gmt":"2025-06-05T09:10:10","guid":{"rendered":"https:\/\/www.educaborras.com\/product\/19432\/"},"modified":"2026-04-30T02:16:11","modified_gmt":"2026-04-30T00:16:11","slug":"19432-pt-pt","status":"publish","type":"product","link":"https:\/\/www.educaborras.com\/pt-pt\/produto\/19432-pt-pt\/","title":{"rendered":"Lince Super Champion 1000 imagens"},"content":{"rendered":"<p>Um jogo de a\u00e7\u00e3o que p\u00f5e a prova os reflexos e a acuidade visual de toda a fam\u00edlia. S\u00ea o primeiro a encontrar as tuas imagens no tabuleiro, re\u00fane o maior n\u00famero de fichas e&#8230; ganha! Tabuleiro modular, partidas sempre diferentes! Conte\u00fado: 1 tabuleiro de jogo, 1026 fichas com imagens, 2 caixas mont\u00e1vels, 1 dado gigante, 18 fichas coloridas, manual de regras. https:\/\/www.youtube.com\/watch?v=ciMm04529l4<\/p>\n","protected":false},"excerpt":{"rendered":"<p>Um jogo de a\u00e7\u00e3o que p\u00f5e a prova os reflexos e a acuidade visual de toda a fam\u00edlia.<\/p>\n","protected":false},"featured_media":163821,"template":"","meta":{"_acf_changed":false},"product_brand":[],"product_cat":[73296],"product_tag":[97983,97984,97985,97986,97987,97988,74226,77982,82135,82136,82137,77082,77496,82138,77983,76322,82139,76352,77499,82140,82141,82142,82143,82144,97989],"class_list":{"0":"post-250450","1":"product","2":"type-product","3":"status-publish","4":"has-post-thumbnail","6":"product_cat-produto-descontinuado","7":"product_tag-1000-imagenes-pt-pt","8":"product_tag-1000-imagens-pt-pt","9":"product_tag-1000-imatges-pt-pt","10":"product_tag-1026-pt-pt","11":"product_tag-19432-pt-pt","12":"product_tag-champion-pt-pt","13":"product_tag-educa-pt-pt","14":"product_tag-game-pt-pt","15":"product_tag-habilidad-pt-pt","16":"product_tag-habilitat-pt-pt","17":"product_tag-image-pt-pt","18":"product_tag-imagen-pt-pt","19":"product_tag-imagenes-pt-pt","20":"product_tag-imatge-pt-pt","21":"product_tag-joc-pt-pt","22":"product_tag-joc-de-taula-pt-pt","23":"product_tag-joc-familiar-pt-pt","24":"product_tag-juego-pt-pt","25":"product_tag-lince-pt-pt","26":"product_tag-lince-edicio-familia-pt-pt","27":"product_tag-lince-edicion-familia-pt-pt","28":"product_tag-lynx-pt-pt","29":"product_tag-observacio-pt-pt","30":"product_tag-observacion-pt-pt","31":"product_tag-super-champion-pt-pt","33":"first","34":"instock","35":"shipping-taxable","36":"product-type-simple"},"acf":[],"yoast_head":"<!-- This site is optimized with the Yoast SEO plugin v27.1.1 - https:\/\/yoast.com\/product\/yoast-seo-wordpress\/ -->\n<title>Lince Super Champion 1000 imagens - Educa Borras<\/title>\n<meta name=\"description\" content=\"\u00a1Una edici\u00f3n exclusiva con m\u00e1s de 1000 im\u00e1genes y nuevas din\u00e1micas de juego!\" \/>\n<meta name=\"robots\" content=\"index, follow, max-snippet:-1, max-image-preview:large, max-video-preview:-1\" \/>\n<link rel=\"canonical\" href=\"https:\/\/www.educaborras.com\/pt-pt\/produto\/19432-pt-pt\/\" \/>\n<script type=\"application\/ld+json\" class=\"yoast-schema-graph\">{\"@context\":\"https:\/\/schema.org\",\"@graph\":[{\"@type\":\"WebPage\",\"@id\":\"https:\/\/www.educaborras.com\/pt-pt\/produto\/19432-pt-pt\/\",\"url\":\"https:\/\/www.educaborras.com\/pt-pt\/produto\/19432-pt-pt\/\",\"name\":\"Lince Super Champion 1000 imagens - Educa Borras\",\"isPartOf\":{\"@id\":\"https:\/\/www.educaborras.com\/pt-pt\/#website\"},\"primaryImageOfPage\":{\"@id\":\"https:\/\/www.educaborras.com\/pt-pt\/produto\/19432-pt-pt\/#primaryimage\"},\"image\":{\"@id\":\"https:\/\/www.educaborras.com\/pt-pt\/produto\/19432-pt-pt\/#primaryimage\"},\"thumbnailUrl\":\"https:\/\/www.educaborras.com\/wp-content\/uploads\/19432_01_high-9.jpg\",\"datePublished\":\"2025-06-05T09:10:10+00:00\",\"dateModified\":\"2026-04-30T00:16:11+00:00\",\"description\":\"\u00a1Una edici\u00f3n exclusiva con m\u00e1s de 1000 im\u00e1genes y nuevas din\u00e1micas de juego!\",\"breadcrumb\":{\"@id\":\"https:\/\/www.educaborras.com\/pt-pt\/produto\/19432-pt-pt\/#breadcrumb\"},\"inLanguage\":\"pt-PT\",\"potentialAction\":[{\"@type\":\"ReadAction\",\"target\":[\"https:\/\/www.educaborras.com\/pt-pt\/produto\/19432-pt-pt\/\"]}]},{\"@type\":\"ImageObject\",\"inLanguage\":\"pt-PT\",\"@id\":\"https:\/\/www.educaborras.com\/pt-pt\/produto\/19432-pt-pt\/#primaryimage\",\"url\":\"https:\/\/www.educaborras.com\/wp-content\/uploads\/19432_01_high-9.jpg\",\"contentUrl\":\"https:\/\/www.educaborras.com\/wp-content\/uploads\/19432_01_high-9.jpg\"},{\"@type\":\"BreadcrumbList\",\"@id\":\"https:\/\/www.educaborras.com\/pt-pt\/produto\/19432-pt-pt\/#breadcrumb\",\"itemListElement\":[{\"@type\":\"ListItem\",\"position\":1,\"name\":\"Portada\",\"item\":\"https:\/\/www.educaborras.com\/pt-pt\/\"},{\"@type\":\"ListItem\",\"position\":2,\"name\":\"Produtos\",\"item\":\"https:\/\/www.educaborras.com\/pt-pt\/shop\/\"},{\"@type\":\"ListItem\",\"position\":3,\"name\":\"Lince Super Champion 1000 imagens\"}]},{\"@type\":\"WebSite\",\"@id\":\"https:\/\/www.educaborras.com\/pt-pt\/#website\",\"url\":\"https:\/\/www.educaborras.com\/pt-pt\/\",\"name\":\"Educa Borras\",\"description\":\"\",\"publisher\":{\"@id\":\"https:\/\/www.educaborras.com\/pt-pt\/#organization\"},\"potentialAction\":[{\"@type\":\"SearchAction\",\"target\":{\"@type\":\"EntryPoint\",\"urlTemplate\":\"https:\/\/www.educaborras.com\/pt-pt\/?s={search_term_string}\"},\"query-input\":{\"@type\":\"PropertyValueSpecification\",\"valueRequired\":true,\"valueName\":\"search_term_string\"}}],\"inLanguage\":\"pt-PT\"},{\"@type\":\"Organization\",\"@id\":\"https:\/\/www.educaborras.com\/pt-pt\/#organization\",\"name\":\"Educa Borras\",\"url\":\"https:\/\/www.educaborras.com\/pt-pt\/\",\"logo\":{\"@type\":\"ImageObject\",\"inLanguage\":\"pt-PT\",\"@id\":\"https:\/\/www.educaborras.com\/pt-pt\/#\/schema\/logo\/image\/\",\"url\":\"https:\/\/www.educaborras.com\/wp-content\/uploads\/cropped-LOGOS-EDUCA-BORRAS_retina.png\",\"contentUrl\":\"https:\/\/www.educaborras.com\/wp-content\/uploads\/cropped-LOGOS-EDUCA-BORRAS_retina.png\",\"caption\":\"Educa Borras\"},\"image\":{\"@id\":\"https:\/\/www.educaborras.com\/pt-pt\/#\/schema\/logo\/image\/\"}}]}<\/script>\n<!-- \/ Yoast SEO plugin. -->","yoast_head_json":{"title":"Lince Super Champion 1000 imagens - Educa Borras","description":"\u00a1Una edici\u00f3n exclusiva con m\u00e1s de 1000 im\u00e1genes y nuevas din\u00e1micas de juego!","robots":{"index":"index","follow":"follow","max-snippet":"max-snippet:-1","max-image-preview":"max-image-preview:large","max-video-preview":"max-video-preview:-1"},"canonical":"https:\/\/www.educaborras.com\/pt-pt\/produto\/19432-pt-pt\/","schema":{"@context":"https:\/\/schema.org","@graph":[{"@type":"WebPage","@id":"https:\/\/www.educaborras.com\/pt-pt\/produto\/19432-pt-pt\/","url":"https:\/\/www.educaborras.com\/pt-pt\/produto\/19432-pt-pt\/","name":"Lince Super Champion 1000 imagens - Educa Borras","isPartOf":{"@id":"https:\/\/www.educaborras.com\/pt-pt\/#website"},"primaryImageOfPage":{"@id":"https:\/\/www.educaborras.com\/pt-pt\/produto\/19432-pt-pt\/#primaryimage"},"image":{"@id":"https:\/\/www.educaborras.com\/pt-pt\/produto\/19432-pt-pt\/#primaryimage"},"thumbnailUrl":"https:\/\/www.educaborras.com\/wp-content\/uploads\/19432_01_high-9.jpg","datePublished":"2025-06-05T09:10:10+00:00","dateModified":"2026-04-30T00:16:11+00:00","description":"\u00a1Una edici\u00f3n exclusiva con m\u00e1s de 1000 im\u00e1genes y nuevas din\u00e1micas de juego!","breadcrumb":{"@id":"https:\/\/www.educaborras.com\/pt-pt\/produto\/19432-pt-pt\/#breadcrumb"},"inLanguage":"pt-PT","potentialAction":[{"@type":"ReadAction","target":["https:\/\/www.educaborras.com\/pt-pt\/produto\/19432-pt-pt\/"]}]},{"@type":"ImageObject","inLanguage":"pt-PT","@id":"https:\/\/www.educaborras.com\/pt-pt\/produto\/19432-pt-pt\/#primaryimage","url":"https:\/\/www.educaborras.com\/wp-content\/uploads\/19432_01_high-9.jpg","contentUrl":"https:\/\/www.educaborras.com\/wp-content\/uploads\/19432_01_high-9.jpg"},{"@type":"BreadcrumbList","@id":"https:\/\/www.educaborras.com\/pt-pt\/produto\/19432-pt-pt\/#breadcrumb","itemListElement":[{"@type":"ListItem","position":1,"name":"Portada","item":"https:\/\/www.educaborras.com\/pt-pt\/"},{"@type":"ListItem","position":2,"name":"Produtos","item":"https:\/\/www.educaborras.com\/pt-pt\/shop\/"},{"@type":"ListItem","position":3,"name":"Lince Super Champion 1000 imagens"}]},{"@type":"WebSite","@id":"https:\/\/www.educaborras.com\/pt-pt\/#website","url":"https:\/\/www.educaborras.com\/pt-pt\/","name":"Educa Borras","description":"","publisher":{"@id":"https:\/\/www.educaborras.com\/pt-pt\/#organization"},"potentialAction":[{"@type":"SearchAction","target":{"@type":"EntryPoint","urlTemplate":"https:\/\/www.educaborras.com\/pt-pt\/?s={search_term_string}"},"query-input":{"@type":"PropertyValueSpecification","valueRequired":true,"valueName":"search_term_string"}}],"inLanguage":"pt-PT"},{"@type":"Organization","@id":"https:\/\/www.educaborras.com\/pt-pt\/#organization","name":"Educa Borras","url":"https:\/\/www.educaborras.com\/pt-pt\/","logo":{"@type":"ImageObject","inLanguage":"pt-PT","@id":"https:\/\/www.educaborras.com\/pt-pt\/#\/schema\/logo\/image\/","url":"https:\/\/www.educaborras.com\/wp-content\/uploads\/cropped-LOGOS-EDUCA-BORRAS_retina.png","contentUrl":"https:\/\/www.educaborras.com\/wp-content\/uploads\/cropped-LOGOS-EDUCA-BORRAS_retina.png","caption":"Educa Borras"},"image":{"@id":"https:\/\/www.educaborras.com\/pt-pt\/#\/schema\/logo\/image\/"}}]}},"_links":{"self":[{"href":"https:\/\/www.educaborras.com\/pt-pt\/wp-json\/wp\/v2\/product\/250450","targetHints":{"allow":["GET"]}}],"collection":[{"href":"https:\/\/www.educaborras.com\/pt-pt\/wp-json\/wp\/v2\/product"}],"about":[{"href":"https:\/\/www.educaborras.com\/pt-pt\/wp-json\/wp\/v2\/types\/product"}],"wp:featuredmedia":[{"embeddable":true,"href":"https:\/\/www.educaborras.com\/pt-pt\/wp-json\/wp\/v2\/media\/163821"}],"wp:attachment":[{"href":"https:\/\/www.educaborras.com\/pt-pt\/wp-json\/wp\/v2\/media?parent=250450"}],"wp:term":[{"taxonomy":"product_brand","embeddable":true,"href":"https:\/\/www.educaborras.com\/pt-pt\/wp-json\/wp\/v2\/product_brand?post=250450"},{"taxonomy":"product_cat","embeddable":true,"href":"https:\/\/www.educaborras.com\/pt-pt\/wp-json\/wp\/v2\/product_cat?post=250450"},{"taxonomy":"product_tag","embeddable":true,"href":"https:\/\/www.educaborras.com\/pt-pt\/wp-json\/wp\/v2\/product_tag?post=250450"}],"curies":[{"name":"wp","href":"https:\/\/api.w.org\/{rel}","templated":true}]}}