{"id":250414,"date":"2025-06-05T11:10:42","date_gmt":"2025-06-05T09:10:42","guid":{"rendered":"https:\/\/www.educaborras.com\/product\/19499\/"},"modified":"2026-04-29T02:36:19","modified_gmt":"2026-04-29T00:36:19","slug":"19499-pt-pt","status":"publish","type":"product","link":"https:\/\/www.educaborras.com\/pt-pt\/produto\/19499-pt-pt\/","title":{"rendered":"Puzzle-Figura 3D Harry Potter"},"content":{"rendered":"<p>Cria um puzzle em 3D de Harry Potter. H\u00e1 6 modelos diferentes. Empilha as camadas horizontalmente e obt\u00e9m uma fant\u00e1stica figura de 10 cm de altura. N\u00e3o \u00e9 necess\u00e1rio cola. Cada modelo inclui duas pe\u00e7as que fazem parte de um puzzle de 12 pe\u00e7as. Coleciona as 6 personagens para poderes completar o puzzle! Conte\u00fado: \u00b7 43 pe\u00e7as para montar a figura-puzzle 3D \u00b7 2 pe\u00e7as que fazem parte do puzzle exclusivo Harry Potter de 12 pe\u00e7as \u00b7 Instru\u00e7\u00f5es de montagem<\/p>\n","protected":false},"excerpt":{"rendered":"<p>Crie um quebra-cabe\u00e7a de Harry Potter em 3D.<\/p>\n","protected":false},"featured_media":163996,"template":"","meta":{"_acf_changed":false},"product_brand":[],"product_cat":[73296],"product_tag":[74349,103521,97413,97414,97415,97416,97417,97418,97419,97420,74226,74227,97421,97422,97423,97424,94435,97425,97426,97427,97428,97429,97430,97431,74514,97432,81737,75612,97433,82221,97434,75614,97435,97436,97437,97438,97439,97440,97441],"class_list":{"0":"post-250414","1":"product","2":"type-product","3":"status-publish","4":"has-post-thumbnail","6":"product_cat-produto-descontinuado","7":"product_tag-piezas-pt-pt","8":"product_tag-19499-pt-pt","9":"product_tag-3d-puzzle-pt-pt","10":"product_tag-6-modelos-pt-pt","11":"product_tag-a-partir-de-6-anos-pt-pt","12":"product_tag-apilable-pt-pt","13":"product_tag-assembling-3d-puzzle-pt-pt","14":"product_tag-coleccionable-pt-pt","15":"product_tag-collectable-pt-pt","16":"product_tag-collectionable-pt-pt","17":"product_tag-educa-pt-pt","18":"product_tag-educa-borras-pt-pt","19":"product_tag-exclusivo-puzzle-pt-pt","20":"product_tag-figura-pt-pt","21":"product_tag-fsc-pt-pt","22":"product_tag-hagrid-pt-pt","23":"product_tag-harry-potter-pt-pt","24":"product_tag-harry-potter-funko-pt-pt","25":"product_tag-hermione-pt-pt","26":"product_tag-layers-pt-pt","27":"product_tag-lord-voldemort-pt-pt","28":"product_tag-minerva-pt-pt","29":"product_tag-minerva-mcgonagall-pt-pt","30":"product_tag-no-glue-required-pt-pt","31":"product_tag-pieces-pt-pt","32":"product_tag-pieza-filosofal-pt-pt","33":"product_tag-puzle-3d-pt-pt","34":"product_tag-puzle-cartro-pt-pt","35":"product_tag-puzle-figura-pt-pt","36":"product_tag-puzzle-3d-pt-pt","37":"product_tag-puzzle-apilable-pt-pt","38":"product_tag-puzzle-carton-pt-pt","39":"product_tag-puzzle-figura-pt-pt","40":"product_tag-puzzle-harry-potter-pt-pt","41":"product_tag-ron-weasley-pt-pt","42":"product_tag-ron-weasly-pt-pt","43":"product_tag-rubeus-pt-pt","44":"product_tag-surtido-pt-pt","45":"product_tag-varita-harry-potter-pt-pt","47":"first","48":"instock","49":"shipping-taxable","50":"product-type-simple"},"acf":[],"yoast_head":"<!-- This site is optimized with the Yoast SEO plugin v27.1.1 - https:\/\/yoast.com\/product\/yoast-seo-wordpress\/ -->\n<title>Puzzle-Figura 3D Harry Potter - Educa Borras<\/title>\n<meta name=\"robots\" content=\"index, follow, max-snippet:-1, max-image-preview:large, max-video-preview:-1\" \/>\n<link rel=\"canonical\" href=\"https:\/\/www.educaborras.com\/pt-pt\/produto\/19499-pt-pt\/\" \/>\n<script type=\"application\/ld+json\" class=\"yoast-schema-graph\">{\"@context\":\"https:\/\/schema.org\",\"@graph\":[{\"@type\":\"WebPage\",\"@id\":\"https:\/\/www.educaborras.com\/pt-pt\/produto\/19499-pt-pt\/\",\"url\":\"https:\/\/www.educaborras.com\/pt-pt\/produto\/19499-pt-pt\/\",\"name\":\"Puzzle-Figura 3D Harry Potter - Educa Borras\",\"isPartOf\":{\"@id\":\"https:\/\/www.educaborras.com\/pt-pt\/#website\"},\"primaryImageOfPage\":{\"@id\":\"https:\/\/www.educaborras.com\/pt-pt\/produto\/19499-pt-pt\/#primaryimage\"},\"image\":{\"@id\":\"https:\/\/www.educaborras.com\/pt-pt\/produto\/19499-pt-pt\/#primaryimage\"},\"thumbnailUrl\":\"https:\/\/www.educaborras.com\/wp-content\/uploads\/19499_01_high-11.jpg\",\"datePublished\":\"2025-06-05T09:10:42+00:00\",\"dateModified\":\"2026-04-29T00:36:19+00:00\",\"breadcrumb\":{\"@id\":\"https:\/\/www.educaborras.com\/pt-pt\/produto\/19499-pt-pt\/#breadcrumb\"},\"inLanguage\":\"pt-PT\",\"potentialAction\":[{\"@type\":\"ReadAction\",\"target\":[\"https:\/\/www.educaborras.com\/pt-pt\/produto\/19499-pt-pt\/\"]}]},{\"@type\":\"ImageObject\",\"inLanguage\":\"pt-PT\",\"@id\":\"https:\/\/www.educaborras.com\/pt-pt\/produto\/19499-pt-pt\/#primaryimage\",\"url\":\"https:\/\/www.educaborras.com\/wp-content\/uploads\/19499_01_high-11.jpg\",\"contentUrl\":\"https:\/\/www.educaborras.com\/wp-content\/uploads\/19499_01_high-11.jpg\"},{\"@type\":\"BreadcrumbList\",\"@id\":\"https:\/\/www.educaborras.com\/pt-pt\/produto\/19499-pt-pt\/#breadcrumb\",\"itemListElement\":[{\"@type\":\"ListItem\",\"position\":1,\"name\":\"Portada\",\"item\":\"https:\/\/www.educaborras.com\/pt-pt\/\"},{\"@type\":\"ListItem\",\"position\":2,\"name\":\"Produtos\",\"item\":\"https:\/\/www.educaborras.com\/pt-pt\/shop\/\"},{\"@type\":\"ListItem\",\"position\":3,\"name\":\"Puzzle-Figura 3D Harry Potter\"}]},{\"@type\":\"WebSite\",\"@id\":\"https:\/\/www.educaborras.com\/pt-pt\/#website\",\"url\":\"https:\/\/www.educaborras.com\/pt-pt\/\",\"name\":\"Educa Borras\",\"description\":\"\",\"publisher\":{\"@id\":\"https:\/\/www.educaborras.com\/pt-pt\/#organization\"},\"potentialAction\":[{\"@type\":\"SearchAction\",\"target\":{\"@type\":\"EntryPoint\",\"urlTemplate\":\"https:\/\/www.educaborras.com\/pt-pt\/?s={search_term_string}\"},\"query-input\":{\"@type\":\"PropertyValueSpecification\",\"valueRequired\":true,\"valueName\":\"search_term_string\"}}],\"inLanguage\":\"pt-PT\"},{\"@type\":\"Organization\",\"@id\":\"https:\/\/www.educaborras.com\/pt-pt\/#organization\",\"name\":\"Educa Borras\",\"url\":\"https:\/\/www.educaborras.com\/pt-pt\/\",\"logo\":{\"@type\":\"ImageObject\",\"inLanguage\":\"pt-PT\",\"@id\":\"https:\/\/www.educaborras.com\/pt-pt\/#\/schema\/logo\/image\/\",\"url\":\"https:\/\/www.educaborras.com\/wp-content\/uploads\/cropped-LOGOS-EDUCA-BORRAS_retina.png\",\"contentUrl\":\"https:\/\/www.educaborras.com\/wp-content\/uploads\/cropped-LOGOS-EDUCA-BORRAS_retina.png\",\"caption\":\"Educa Borras\"},\"image\":{\"@id\":\"https:\/\/www.educaborras.com\/pt-pt\/#\/schema\/logo\/image\/\"}}]}<\/script>\n<!-- \/ Yoast SEO plugin. -->","yoast_head_json":{"title":"Puzzle-Figura 3D Harry Potter - Educa Borras","robots":{"index":"index","follow":"follow","max-snippet":"max-snippet:-1","max-image-preview":"max-image-preview:large","max-video-preview":"max-video-preview:-1"},"canonical":"https:\/\/www.educaborras.com\/pt-pt\/produto\/19499-pt-pt\/","schema":{"@context":"https:\/\/schema.org","@graph":[{"@type":"WebPage","@id":"https:\/\/www.educaborras.com\/pt-pt\/produto\/19499-pt-pt\/","url":"https:\/\/www.educaborras.com\/pt-pt\/produto\/19499-pt-pt\/","name":"Puzzle-Figura 3D Harry Potter - Educa Borras","isPartOf":{"@id":"https:\/\/www.educaborras.com\/pt-pt\/#website"},"primaryImageOfPage":{"@id":"https:\/\/www.educaborras.com\/pt-pt\/produto\/19499-pt-pt\/#primaryimage"},"image":{"@id":"https:\/\/www.educaborras.com\/pt-pt\/produto\/19499-pt-pt\/#primaryimage"},"thumbnailUrl":"https:\/\/www.educaborras.com\/wp-content\/uploads\/19499_01_high-11.jpg","datePublished":"2025-06-05T09:10:42+00:00","dateModified":"2026-04-29T00:36:19+00:00","breadcrumb":{"@id":"https:\/\/www.educaborras.com\/pt-pt\/produto\/19499-pt-pt\/#breadcrumb"},"inLanguage":"pt-PT","potentialAction":[{"@type":"ReadAction","target":["https:\/\/www.educaborras.com\/pt-pt\/produto\/19499-pt-pt\/"]}]},{"@type":"ImageObject","inLanguage":"pt-PT","@id":"https:\/\/www.educaborras.com\/pt-pt\/produto\/19499-pt-pt\/#primaryimage","url":"https:\/\/www.educaborras.com\/wp-content\/uploads\/19499_01_high-11.jpg","contentUrl":"https:\/\/www.educaborras.com\/wp-content\/uploads\/19499_01_high-11.jpg"},{"@type":"BreadcrumbList","@id":"https:\/\/www.educaborras.com\/pt-pt\/produto\/19499-pt-pt\/#breadcrumb","itemListElement":[{"@type":"ListItem","position":1,"name":"Portada","item":"https:\/\/www.educaborras.com\/pt-pt\/"},{"@type":"ListItem","position":2,"name":"Produtos","item":"https:\/\/www.educaborras.com\/pt-pt\/shop\/"},{"@type":"ListItem","position":3,"name":"Puzzle-Figura 3D Harry Potter"}]},{"@type":"WebSite","@id":"https:\/\/www.educaborras.com\/pt-pt\/#website","url":"https:\/\/www.educaborras.com\/pt-pt\/","name":"Educa Borras","description":"","publisher":{"@id":"https:\/\/www.educaborras.com\/pt-pt\/#organization"},"potentialAction":[{"@type":"SearchAction","target":{"@type":"EntryPoint","urlTemplate":"https:\/\/www.educaborras.com\/pt-pt\/?s={search_term_string}"},"query-input":{"@type":"PropertyValueSpecification","valueRequired":true,"valueName":"search_term_string"}}],"inLanguage":"pt-PT"},{"@type":"Organization","@id":"https:\/\/www.educaborras.com\/pt-pt\/#organization","name":"Educa Borras","url":"https:\/\/www.educaborras.com\/pt-pt\/","logo":{"@type":"ImageObject","inLanguage":"pt-PT","@id":"https:\/\/www.educaborras.com\/pt-pt\/#\/schema\/logo\/image\/","url":"https:\/\/www.educaborras.com\/wp-content\/uploads\/cropped-LOGOS-EDUCA-BORRAS_retina.png","contentUrl":"https:\/\/www.educaborras.com\/wp-content\/uploads\/cropped-LOGOS-EDUCA-BORRAS_retina.png","caption":"Educa Borras"},"image":{"@id":"https:\/\/www.educaborras.com\/pt-pt\/#\/schema\/logo\/image\/"}}]}},"_links":{"self":[{"href":"https:\/\/www.educaborras.com\/pt-pt\/wp-json\/wp\/v2\/product\/250414","targetHints":{"allow":["GET"]}}],"collection":[{"href":"https:\/\/www.educaborras.com\/pt-pt\/wp-json\/wp\/v2\/product"}],"about":[{"href":"https:\/\/www.educaborras.com\/pt-pt\/wp-json\/wp\/v2\/types\/product"}],"wp:featuredmedia":[{"embeddable":true,"href":"https:\/\/www.educaborras.com\/pt-pt\/wp-json\/wp\/v2\/media\/163996"}],"wp:attachment":[{"href":"https:\/\/www.educaborras.com\/pt-pt\/wp-json\/wp\/v2\/media?parent=250414"}],"wp:term":[{"taxonomy":"product_brand","embeddable":true,"href":"https:\/\/www.educaborras.com\/pt-pt\/wp-json\/wp\/v2\/product_brand?post=250414"},{"taxonomy":"product_cat","embeddable":true,"href":"https:\/\/www.educaborras.com\/pt-pt\/wp-json\/wp\/v2\/product_cat?post=250414"},{"taxonomy":"product_tag","embeddable":true,"href":"https:\/\/www.educaborras.com\/pt-pt\/wp-json\/wp\/v2\/product_tag?post=250414"}],"curies":[{"name":"wp","href":"https:\/\/api.w.org\/{rel}","templated":true}]}}