{"id":249990,"date":"2025-06-05T11:15:00","date_gmt":"2025-06-05T09:15:00","guid":{"rendered":"https:\/\/www.educaborras.com\/product\/18899\/"},"modified":"2026-04-20T03:45:10","modified_gmt":"2026-04-20T01:45:10","slug":"18899-pt-pt","status":"publish","type":"product","link":"https:\/\/www.educaborras.com\/pt-pt\/produto\/18899-pt-pt\/","title":{"rendered":"Maes e Beb\u00e9s My First Puzzles"},"content":{"rendered":"<p>Puzzles progressivos de 5 a 8 pe\u00e7as. Cada puzzle inclui figuras amov\u00edveis de 1, 2 ou 3 pe\u00e7as. Cenas atrativas e coloridas, ideais para idades a partir dos 24 meses. Pe\u00e7as grandes, f\u00e1ceis de manusear e encaixar. Tema: M\u00e3es e beb\u00e9s da Quinta. Tamanho de cada puzzle montado: 23,5 x 16,2 cm.<\/p>\n","protected":false},"excerpt":{"rendered":"<p>Puzzles progressivos de 5 a 8 pe\u00e7as. Cada puzzle inclui figuras amov\u00edveis de 1, 2 ou 3 pe\u00e7as. Cenas atrativas e coloridas, ideais para idades a partir dos 24 meses. Pe\u00e7as grandes, f\u00e1ceis de manusear e encaixar.<\/p>\n","protected":false},"featured_media":165766,"template":"","meta":{"_acf_changed":false},"product_brand":[],"product_cat":[73495],"product_tag":[74349,101048,92934,74226,74227,74228,90800,74230,74232,74233,101049,101050,101051,101052,101053,101054,74352,74512,74513,74514,77875,75667,74062,92938,92939,92940,90801,90802,90847,101055,90805,90806,76552,90807,90808,74238,76481,92941,90812,74353,83646],"class_list":{"0":"post-249990","1":"product","2":"type-product","3":"status-publish","4":"has-post-thumbnail","6":"product_cat-puzzles-baby-pt","7":"product_tag-piezas-pt-pt","8":"product_tag-18899-pt-pt","9":"product_tag-baby-puzzles-pt-pt","10":"product_tag-educa-pt-pt","11":"product_tag-educa-borras-pt-pt","12":"product_tag-educa-borras-puzzle-pt-pt","13":"product_tag-educa-junior-pt-pt","14":"product_tag-educa-puzzle-pt-pt","15":"product_tag-educa-puzzle-passion-pt-pt","16":"product_tag-educa-puzzles-pt-pt","17":"product_tag-farm-mothers-and-babies-my-first-puzzles-pt-pt","18":"product_tag-maes-e-bebes-my-first-puzzles-pt-pt","19":"product_tag-mamas-y-bebes-de-la-granja-my-first-puzzles-pt-pt","20":"product_tag-mares-i-bebes-de-la-granja-my-first-puzzles-pt-pt","21":"product_tag-meres-et-bebes-my-first-puzzles-pt-pt","22":"product_tag-mutter-und-babys-my-first-puzzles-pt-pt","23":"product_tag-peca-pt-pt","24":"product_tag-peces-pt-pt","25":"product_tag-piece-pt-pt","26":"product_tag-pieces-pt-pt","27":"product_tag-pieza-pt-pt-pt-pt","28":"product_tag-puzle-pt-pt","29":"product_tag-puzzle-pt-pt","30":"product_tag-puzzle-2-anos-pt-pt","31":"product_tag-puzzle-24-meses-pt-pt","32":"product_tag-puzzle-bebe-pt-pt","33":"product_tag-puzzle-educa-ninos-pt-pt","34":"product_tag-puzzle-infantil-pt-pt","35":"product_tag-puzzle-infantil-animales-pt-pt","36":"product_tag-puzzle-infantil-animales-granja-pt-pt","37":"product_tag-puzzle-infantil-nina-pt-pt","38":"product_tag-puzzle-infantil-nino-pt-pt","39":"product_tag-puzzle-junior-pt-pt","40":"product_tag-puzzle-ninos-pt-pt","41":"product_tag-puzzle-para-ninos-pt-pt","42":"product_tag-puzzle-passion-pt-pt","43":"product_tag-puzzle-progresivo-pt-pt","44":"product_tag-puzzle-progresivo-bebe-pt-pt","45":"product_tag-puzzles-infantiles-pt-pt","46":"product_tag-rompecabezas-pt-pt","47":"product_tag-rompecabezas-educa-pt-pt","49":"first","50":"instock","51":"shipping-taxable","52":"product-type-simple"},"acf":[],"yoast_head":"<!-- This site is optimized with the Yoast SEO plugin v27.1.1 - https:\/\/yoast.com\/product\/yoast-seo-wordpress\/ -->\n<title>Maes e Beb\u00e9s My First Puzzles - Educa Borras<\/title>\n<meta name=\"robots\" content=\"index, follow, max-snippet:-1, max-image-preview:large, max-video-preview:-1\" \/>\n<link rel=\"canonical\" href=\"https:\/\/www.educaborras.com\/pt-pt\/produto\/18899-pt-pt\/\" \/>\n<script type=\"application\/ld+json\" class=\"yoast-schema-graph\">{\"@context\":\"https:\/\/schema.org\",\"@graph\":[{\"@type\":\"WebPage\",\"@id\":\"https:\/\/www.educaborras.com\/pt-pt\/produto\/18899-pt-pt\/\",\"url\":\"https:\/\/www.educaborras.com\/pt-pt\/produto\/18899-pt-pt\/\",\"name\":\"Maes e Beb\u00e9s My First Puzzles - Educa Borras\",\"isPartOf\":{\"@id\":\"https:\/\/www.educaborras.com\/pt-pt\/#website\"},\"primaryImageOfPage\":{\"@id\":\"https:\/\/www.educaborras.com\/pt-pt\/produto\/18899-pt-pt\/#primaryimage\"},\"image\":{\"@id\":\"https:\/\/www.educaborras.com\/pt-pt\/produto\/18899-pt-pt\/#primaryimage\"},\"thumbnailUrl\":\"https:\/\/www.educaborras.com\/wp-content\/uploads\/18899_01_high-13.jpg\",\"datePublished\":\"2025-06-05T09:15:00+00:00\",\"dateModified\":\"2026-04-20T01:45:10+00:00\",\"breadcrumb\":{\"@id\":\"https:\/\/www.educaborras.com\/pt-pt\/produto\/18899-pt-pt\/#breadcrumb\"},\"inLanguage\":\"pt-PT\",\"potentialAction\":[{\"@type\":\"ReadAction\",\"target\":[\"https:\/\/www.educaborras.com\/pt-pt\/produto\/18899-pt-pt\/\"]}]},{\"@type\":\"ImageObject\",\"inLanguage\":\"pt-PT\",\"@id\":\"https:\/\/www.educaborras.com\/pt-pt\/produto\/18899-pt-pt\/#primaryimage\",\"url\":\"https:\/\/www.educaborras.com\/wp-content\/uploads\/18899_01_high-13.jpg\",\"contentUrl\":\"https:\/\/www.educaborras.com\/wp-content\/uploads\/18899_01_high-13.jpg\"},{\"@type\":\"BreadcrumbList\",\"@id\":\"https:\/\/www.educaborras.com\/pt-pt\/produto\/18899-pt-pt\/#breadcrumb\",\"itemListElement\":[{\"@type\":\"ListItem\",\"position\":1,\"name\":\"Portada\",\"item\":\"https:\/\/www.educaborras.com\/pt-pt\/\"},{\"@type\":\"ListItem\",\"position\":2,\"name\":\"Produtos\",\"item\":\"https:\/\/www.educaborras.com\/pt-pt\/shop\/\"},{\"@type\":\"ListItem\",\"position\":3,\"name\":\"Maes e Beb\u00e9s My First Puzzles\"}]},{\"@type\":\"WebSite\",\"@id\":\"https:\/\/www.educaborras.com\/pt-pt\/#website\",\"url\":\"https:\/\/www.educaborras.com\/pt-pt\/\",\"name\":\"Educa Borras\",\"description\":\"\",\"publisher\":{\"@id\":\"https:\/\/www.educaborras.com\/pt-pt\/#organization\"},\"potentialAction\":[{\"@type\":\"SearchAction\",\"target\":{\"@type\":\"EntryPoint\",\"urlTemplate\":\"https:\/\/www.educaborras.com\/pt-pt\/?s={search_term_string}\"},\"query-input\":{\"@type\":\"PropertyValueSpecification\",\"valueRequired\":true,\"valueName\":\"search_term_string\"}}],\"inLanguage\":\"pt-PT\"},{\"@type\":\"Organization\",\"@id\":\"https:\/\/www.educaborras.com\/pt-pt\/#organization\",\"name\":\"Educa Borras\",\"url\":\"https:\/\/www.educaborras.com\/pt-pt\/\",\"logo\":{\"@type\":\"ImageObject\",\"inLanguage\":\"pt-PT\",\"@id\":\"https:\/\/www.educaborras.com\/pt-pt\/#\/schema\/logo\/image\/\",\"url\":\"https:\/\/www.educaborras.com\/wp-content\/uploads\/cropped-LOGOS-EDUCA-BORRAS_retina.png\",\"contentUrl\":\"https:\/\/www.educaborras.com\/wp-content\/uploads\/cropped-LOGOS-EDUCA-BORRAS_retina.png\",\"caption\":\"Educa Borras\"},\"image\":{\"@id\":\"https:\/\/www.educaborras.com\/pt-pt\/#\/schema\/logo\/image\/\"}}]}<\/script>\n<!-- \/ Yoast SEO plugin. -->","yoast_head_json":{"title":"Maes e Beb\u00e9s My First Puzzles - Educa Borras","robots":{"index":"index","follow":"follow","max-snippet":"max-snippet:-1","max-image-preview":"max-image-preview:large","max-video-preview":"max-video-preview:-1"},"canonical":"https:\/\/www.educaborras.com\/pt-pt\/produto\/18899-pt-pt\/","schema":{"@context":"https:\/\/schema.org","@graph":[{"@type":"WebPage","@id":"https:\/\/www.educaborras.com\/pt-pt\/produto\/18899-pt-pt\/","url":"https:\/\/www.educaborras.com\/pt-pt\/produto\/18899-pt-pt\/","name":"Maes e Beb\u00e9s My First Puzzles - Educa Borras","isPartOf":{"@id":"https:\/\/www.educaborras.com\/pt-pt\/#website"},"primaryImageOfPage":{"@id":"https:\/\/www.educaborras.com\/pt-pt\/produto\/18899-pt-pt\/#primaryimage"},"image":{"@id":"https:\/\/www.educaborras.com\/pt-pt\/produto\/18899-pt-pt\/#primaryimage"},"thumbnailUrl":"https:\/\/www.educaborras.com\/wp-content\/uploads\/18899_01_high-13.jpg","datePublished":"2025-06-05T09:15:00+00:00","dateModified":"2026-04-20T01:45:10+00:00","breadcrumb":{"@id":"https:\/\/www.educaborras.com\/pt-pt\/produto\/18899-pt-pt\/#breadcrumb"},"inLanguage":"pt-PT","potentialAction":[{"@type":"ReadAction","target":["https:\/\/www.educaborras.com\/pt-pt\/produto\/18899-pt-pt\/"]}]},{"@type":"ImageObject","inLanguage":"pt-PT","@id":"https:\/\/www.educaborras.com\/pt-pt\/produto\/18899-pt-pt\/#primaryimage","url":"https:\/\/www.educaborras.com\/wp-content\/uploads\/18899_01_high-13.jpg","contentUrl":"https:\/\/www.educaborras.com\/wp-content\/uploads\/18899_01_high-13.jpg"},{"@type":"BreadcrumbList","@id":"https:\/\/www.educaborras.com\/pt-pt\/produto\/18899-pt-pt\/#breadcrumb","itemListElement":[{"@type":"ListItem","position":1,"name":"Portada","item":"https:\/\/www.educaborras.com\/pt-pt\/"},{"@type":"ListItem","position":2,"name":"Produtos","item":"https:\/\/www.educaborras.com\/pt-pt\/shop\/"},{"@type":"ListItem","position":3,"name":"Maes e Beb\u00e9s My First Puzzles"}]},{"@type":"WebSite","@id":"https:\/\/www.educaborras.com\/pt-pt\/#website","url":"https:\/\/www.educaborras.com\/pt-pt\/","name":"Educa Borras","description":"","publisher":{"@id":"https:\/\/www.educaborras.com\/pt-pt\/#organization"},"potentialAction":[{"@type":"SearchAction","target":{"@type":"EntryPoint","urlTemplate":"https:\/\/www.educaborras.com\/pt-pt\/?s={search_term_string}"},"query-input":{"@type":"PropertyValueSpecification","valueRequired":true,"valueName":"search_term_string"}}],"inLanguage":"pt-PT"},{"@type":"Organization","@id":"https:\/\/www.educaborras.com\/pt-pt\/#organization","name":"Educa Borras","url":"https:\/\/www.educaborras.com\/pt-pt\/","logo":{"@type":"ImageObject","inLanguage":"pt-PT","@id":"https:\/\/www.educaborras.com\/pt-pt\/#\/schema\/logo\/image\/","url":"https:\/\/www.educaborras.com\/wp-content\/uploads\/cropped-LOGOS-EDUCA-BORRAS_retina.png","contentUrl":"https:\/\/www.educaborras.com\/wp-content\/uploads\/cropped-LOGOS-EDUCA-BORRAS_retina.png","caption":"Educa Borras"},"image":{"@id":"https:\/\/www.educaborras.com\/pt-pt\/#\/schema\/logo\/image\/"}}]}},"_links":{"self":[{"href":"https:\/\/www.educaborras.com\/pt-pt\/wp-json\/wp\/v2\/product\/249990","targetHints":{"allow":["GET"]}}],"collection":[{"href":"https:\/\/www.educaborras.com\/pt-pt\/wp-json\/wp\/v2\/product"}],"about":[{"href":"https:\/\/www.educaborras.com\/pt-pt\/wp-json\/wp\/v2\/types\/product"}],"wp:featuredmedia":[{"embeddable":true,"href":"https:\/\/www.educaborras.com\/pt-pt\/wp-json\/wp\/v2\/media\/165766"}],"wp:attachment":[{"href":"https:\/\/www.educaborras.com\/pt-pt\/wp-json\/wp\/v2\/media?parent=249990"}],"wp:term":[{"taxonomy":"product_brand","embeddable":true,"href":"https:\/\/www.educaborras.com\/pt-pt\/wp-json\/wp\/v2\/product_brand?post=249990"},{"taxonomy":"product_cat","embeddable":true,"href":"https:\/\/www.educaborras.com\/pt-pt\/wp-json\/wp\/v2\/product_cat?post=249990"},{"taxonomy":"product_tag","embeddable":true,"href":"https:\/\/www.educaborras.com\/pt-pt\/wp-json\/wp\/v2\/product_tag?post=249990"}],"curies":[{"name":"wp","href":"https:\/\/api.w.org\/{rel}","templated":true}]}}