{"id":249974,"date":"2025-06-05T11:15:08","date_gmt":"2025-06-05T09:15:08","guid":{"rendered":"https:\/\/www.educaborras.com\/product\/19952\/"},"modified":"2026-04-30T02:45:17","modified_gmt":"2026-04-30T00:45:17","slug":"19952-pt-pt","status":"publish","type":"product","link":"https:\/\/www.educaborras.com\/pt-pt\/produto\/19952-pt-pt\/","title":{"rendered":"Baby Puzzles Fauna Selvagem"},"content":{"rendered":"<p>Cinco puzzles progressivos com 3 a 5 pe\u00e7as. Pe\u00e7as maiores, mais grossas e mais f\u00e1ceis de manipular. Estimulam a aten\u00e7\u00e3o assim como o desenvolvimento da psicomotricidade, a curiosidade e a imagina\u00e7\u00e3o dos mais pequenos.<\/p>\n","protected":false},"excerpt":{"rendered":"<p>Os puzzles para os mais pequenos da casa. Pe\u00e7as maiores, mais grossas e mais f\u00e1ceis de manipular.<\/p>\n","protected":false},"featured_media":165826,"template":"","meta":{"_acf_changed":false},"product_brand":[],"product_cat":[73495],"product_tag":[74349,96109,96110,74566,96111,96112,96113,96114,96115,74226,74227,74228,74230,74232,74233,96116,74571,82321,96117,96118,77086,75960,96119,96120,96121,74512,96122,74514,77875,82516,74238,83645,83646,96123,75147,75148,82329],"class_list":{"0":"post-249974","1":"product","2":"type-product","3":"status-publish","4":"has-post-thumbnail","6":"product_cat-puzzles-baby-pt","7":"product_tag-piezas-pt-pt","8":"product_tag-19952-pt-pt","9":"product_tag-affe-pt-pt","10":"product_tag-baby-pt-pt","11":"product_tag-baby-puzzles-fauna-salvaje-pt-pt","12":"product_tag-baby-puzzles-fauna-selvagem-tigre-pt-pt","13":"product_tag-baby-puzzles-wild-fauna-tiger-pt-pt","14":"product_tag-baby-puzzles-wildtiere-pt-pt","15":"product_tag-coala-pt-pt","16":"product_tag-educa-pt-pt","17":"product_tag-educa-borras-pt-pt","18":"product_tag-educa-borras-puzzle-pt-pt","19":"product_tag-educa-puzzle-pt-pt","20":"product_tag-educa-puzzle-passion-pt-pt","21":"product_tag-educa-puzzles-pt-pt","22":"product_tag-enfant-pt-pt","23":"product_tag-infantil-pt-pt","24":"product_tag-jigsaw-pt-pt","25":"product_tag-koala-pt-pt","26":"product_tag-macaco-pt-pt","27":"product_tag-monkey-pt-pt","28":"product_tag-panda-pt-pt","29":"product_tag-papagaio-pt-pt","30":"product_tag-papagei-pt-pt","31":"product_tag-parrot-pt-pt","32":"product_tag-peces-pt-pt","33":"product_tag-perroquet-pt-pt","34":"product_tag-pieces-pt-pt","35":"product_tag-pieza-pt-pt-pt-pt","36":"product_tag-puzzle-educa-pt-pt","37":"product_tag-puzzle-passion-pt-pt","38":"product_tag-puzzles-educa-pt-pt","39":"product_tag-rompecabezas-educa-pt-pt","40":"product_tag-singe-pt-pt","41":"product_tag-tiger-pt-pt","42":"product_tag-tigre-pt-pt","43":"product_tag-trencaclosques-pt-pt","45":"first","46":"instock","47":"shipping-taxable","48":"product-type-simple"},"acf":[],"yoast_head":"<!-- This site is optimized with the Yoast SEO plugin v27.1.1 - https:\/\/yoast.com\/product\/yoast-seo-wordpress\/ -->\n<title>Baby Puzzles Fauna Selvagem - Educa Borras<\/title>\n<meta name=\"description\" content=\"5 puzzles de 3 a 5 piezas para construir aut\u00e9nticas figuras y jugar con ellas. Piezas m\u00e1s grandes, m\u00e1s gruesas y m\u00e1s f\u00e1ciles de manipular.\" \/>\n<meta name=\"robots\" content=\"index, follow, max-snippet:-1, max-image-preview:large, max-video-preview:-1\" \/>\n<link rel=\"canonical\" href=\"https:\/\/www.educaborras.com\/pt-pt\/produto\/19952-pt-pt\/\" \/>\n<script type=\"application\/ld+json\" class=\"yoast-schema-graph\">{\"@context\":\"https:\/\/schema.org\",\"@graph\":[{\"@type\":\"WebPage\",\"@id\":\"https:\/\/www.educaborras.com\/pt-pt\/produto\/19952-pt-pt\/\",\"url\":\"https:\/\/www.educaborras.com\/pt-pt\/produto\/19952-pt-pt\/\",\"name\":\"Baby Puzzles Fauna Selvagem - Educa Borras\",\"isPartOf\":{\"@id\":\"https:\/\/www.educaborras.com\/pt-pt\/#website\"},\"primaryImageOfPage\":{\"@id\":\"https:\/\/www.educaborras.com\/pt-pt\/produto\/19952-pt-pt\/#primaryimage\"},\"image\":{\"@id\":\"https:\/\/www.educaborras.com\/pt-pt\/produto\/19952-pt-pt\/#primaryimage\"},\"thumbnailUrl\":\"https:\/\/www.educaborras.com\/wp-content\/uploads\/19952_01_high-11.jpg\",\"datePublished\":\"2025-06-05T09:15:08+00:00\",\"dateModified\":\"2026-04-30T00:45:17+00:00\",\"description\":\"5 puzzles de 3 a 5 piezas para construir aut\u00e9nticas figuras y jugar con ellas. Piezas m\u00e1s grandes, m\u00e1s gruesas y m\u00e1s f\u00e1ciles de manipular.\",\"breadcrumb\":{\"@id\":\"https:\/\/www.educaborras.com\/pt-pt\/produto\/19952-pt-pt\/#breadcrumb\"},\"inLanguage\":\"pt-PT\",\"potentialAction\":[{\"@type\":\"ReadAction\",\"target\":[\"https:\/\/www.educaborras.com\/pt-pt\/produto\/19952-pt-pt\/\"]}]},{\"@type\":\"ImageObject\",\"inLanguage\":\"pt-PT\",\"@id\":\"https:\/\/www.educaborras.com\/pt-pt\/produto\/19952-pt-pt\/#primaryimage\",\"url\":\"https:\/\/www.educaborras.com\/wp-content\/uploads\/19952_01_high-11.jpg\",\"contentUrl\":\"https:\/\/www.educaborras.com\/wp-content\/uploads\/19952_01_high-11.jpg\"},{\"@type\":\"BreadcrumbList\",\"@id\":\"https:\/\/www.educaborras.com\/pt-pt\/produto\/19952-pt-pt\/#breadcrumb\",\"itemListElement\":[{\"@type\":\"ListItem\",\"position\":1,\"name\":\"Portada\",\"item\":\"https:\/\/www.educaborras.com\/pt-pt\/\"},{\"@type\":\"ListItem\",\"position\":2,\"name\":\"Produtos\",\"item\":\"https:\/\/www.educaborras.com\/pt-pt\/shop\/\"},{\"@type\":\"ListItem\",\"position\":3,\"name\":\"Baby Puzzles Fauna Selvagem\"}]},{\"@type\":\"WebSite\",\"@id\":\"https:\/\/www.educaborras.com\/pt-pt\/#website\",\"url\":\"https:\/\/www.educaborras.com\/pt-pt\/\",\"name\":\"Educa Borras\",\"description\":\"\",\"publisher\":{\"@id\":\"https:\/\/www.educaborras.com\/pt-pt\/#organization\"},\"potentialAction\":[{\"@type\":\"SearchAction\",\"target\":{\"@type\":\"EntryPoint\",\"urlTemplate\":\"https:\/\/www.educaborras.com\/pt-pt\/?s={search_term_string}\"},\"query-input\":{\"@type\":\"PropertyValueSpecification\",\"valueRequired\":true,\"valueName\":\"search_term_string\"}}],\"inLanguage\":\"pt-PT\"},{\"@type\":\"Organization\",\"@id\":\"https:\/\/www.educaborras.com\/pt-pt\/#organization\",\"name\":\"Educa Borras\",\"url\":\"https:\/\/www.educaborras.com\/pt-pt\/\",\"logo\":{\"@type\":\"ImageObject\",\"inLanguage\":\"pt-PT\",\"@id\":\"https:\/\/www.educaborras.com\/pt-pt\/#\/schema\/logo\/image\/\",\"url\":\"https:\/\/www.educaborras.com\/wp-content\/uploads\/cropped-LOGOS-EDUCA-BORRAS_retina.png\",\"contentUrl\":\"https:\/\/www.educaborras.com\/wp-content\/uploads\/cropped-LOGOS-EDUCA-BORRAS_retina.png\",\"caption\":\"Educa Borras\"},\"image\":{\"@id\":\"https:\/\/www.educaborras.com\/pt-pt\/#\/schema\/logo\/image\/\"}}]}<\/script>\n<!-- \/ Yoast SEO plugin. -->","yoast_head_json":{"title":"Baby Puzzles Fauna Selvagem - Educa Borras","description":"5 puzzles de 3 a 5 piezas para construir aut\u00e9nticas figuras y jugar con ellas. Piezas m\u00e1s grandes, m\u00e1s gruesas y m\u00e1s f\u00e1ciles de manipular.","robots":{"index":"index","follow":"follow","max-snippet":"max-snippet:-1","max-image-preview":"max-image-preview:large","max-video-preview":"max-video-preview:-1"},"canonical":"https:\/\/www.educaborras.com\/pt-pt\/produto\/19952-pt-pt\/","schema":{"@context":"https:\/\/schema.org","@graph":[{"@type":"WebPage","@id":"https:\/\/www.educaborras.com\/pt-pt\/produto\/19952-pt-pt\/","url":"https:\/\/www.educaborras.com\/pt-pt\/produto\/19952-pt-pt\/","name":"Baby Puzzles Fauna Selvagem - Educa Borras","isPartOf":{"@id":"https:\/\/www.educaborras.com\/pt-pt\/#website"},"primaryImageOfPage":{"@id":"https:\/\/www.educaborras.com\/pt-pt\/produto\/19952-pt-pt\/#primaryimage"},"image":{"@id":"https:\/\/www.educaborras.com\/pt-pt\/produto\/19952-pt-pt\/#primaryimage"},"thumbnailUrl":"https:\/\/www.educaborras.com\/wp-content\/uploads\/19952_01_high-11.jpg","datePublished":"2025-06-05T09:15:08+00:00","dateModified":"2026-04-30T00:45:17+00:00","description":"5 puzzles de 3 a 5 piezas para construir aut\u00e9nticas figuras y jugar con ellas. Piezas m\u00e1s grandes, m\u00e1s gruesas y m\u00e1s f\u00e1ciles de manipular.","breadcrumb":{"@id":"https:\/\/www.educaborras.com\/pt-pt\/produto\/19952-pt-pt\/#breadcrumb"},"inLanguage":"pt-PT","potentialAction":[{"@type":"ReadAction","target":["https:\/\/www.educaborras.com\/pt-pt\/produto\/19952-pt-pt\/"]}]},{"@type":"ImageObject","inLanguage":"pt-PT","@id":"https:\/\/www.educaborras.com\/pt-pt\/produto\/19952-pt-pt\/#primaryimage","url":"https:\/\/www.educaborras.com\/wp-content\/uploads\/19952_01_high-11.jpg","contentUrl":"https:\/\/www.educaborras.com\/wp-content\/uploads\/19952_01_high-11.jpg"},{"@type":"BreadcrumbList","@id":"https:\/\/www.educaborras.com\/pt-pt\/produto\/19952-pt-pt\/#breadcrumb","itemListElement":[{"@type":"ListItem","position":1,"name":"Portada","item":"https:\/\/www.educaborras.com\/pt-pt\/"},{"@type":"ListItem","position":2,"name":"Produtos","item":"https:\/\/www.educaborras.com\/pt-pt\/shop\/"},{"@type":"ListItem","position":3,"name":"Baby Puzzles Fauna Selvagem"}]},{"@type":"WebSite","@id":"https:\/\/www.educaborras.com\/pt-pt\/#website","url":"https:\/\/www.educaborras.com\/pt-pt\/","name":"Educa Borras","description":"","publisher":{"@id":"https:\/\/www.educaborras.com\/pt-pt\/#organization"},"potentialAction":[{"@type":"SearchAction","target":{"@type":"EntryPoint","urlTemplate":"https:\/\/www.educaborras.com\/pt-pt\/?s={search_term_string}"},"query-input":{"@type":"PropertyValueSpecification","valueRequired":true,"valueName":"search_term_string"}}],"inLanguage":"pt-PT"},{"@type":"Organization","@id":"https:\/\/www.educaborras.com\/pt-pt\/#organization","name":"Educa Borras","url":"https:\/\/www.educaborras.com\/pt-pt\/","logo":{"@type":"ImageObject","inLanguage":"pt-PT","@id":"https:\/\/www.educaborras.com\/pt-pt\/#\/schema\/logo\/image\/","url":"https:\/\/www.educaborras.com\/wp-content\/uploads\/cropped-LOGOS-EDUCA-BORRAS_retina.png","contentUrl":"https:\/\/www.educaborras.com\/wp-content\/uploads\/cropped-LOGOS-EDUCA-BORRAS_retina.png","caption":"Educa Borras"},"image":{"@id":"https:\/\/www.educaborras.com\/pt-pt\/#\/schema\/logo\/image\/"}}]}},"_links":{"self":[{"href":"https:\/\/www.educaborras.com\/pt-pt\/wp-json\/wp\/v2\/product\/249974","targetHints":{"allow":["GET"]}}],"collection":[{"href":"https:\/\/www.educaborras.com\/pt-pt\/wp-json\/wp\/v2\/product"}],"about":[{"href":"https:\/\/www.educaborras.com\/pt-pt\/wp-json\/wp\/v2\/types\/product"}],"wp:featuredmedia":[{"embeddable":true,"href":"https:\/\/www.educaborras.com\/pt-pt\/wp-json\/wp\/v2\/media\/165826"}],"wp:attachment":[{"href":"https:\/\/www.educaborras.com\/pt-pt\/wp-json\/wp\/v2\/media?parent=249974"}],"wp:term":[{"taxonomy":"product_brand","embeddable":true,"href":"https:\/\/www.educaborras.com\/pt-pt\/wp-json\/wp\/v2\/product_brand?post=249974"},{"taxonomy":"product_cat","embeddable":true,"href":"https:\/\/www.educaborras.com\/pt-pt\/wp-json\/wp\/v2\/product_cat?post=249974"},{"taxonomy":"product_tag","embeddable":true,"href":"https:\/\/www.educaborras.com\/pt-pt\/wp-json\/wp\/v2\/product_tag?post=249974"}],"curies":[{"name":"wp","href":"https:\/\/api.w.org\/{rel}","templated":true}]}}