{"id":249850,"date":"2025-06-05T11:16:02","date_gmt":"2025-06-05T09:16:02","guid":{"rendered":"https:\/\/www.educaborras.com\/product\/20100\/"},"modified":"2026-04-04T03:41:52","modified_gmt":"2026-04-04T01:41:52","slug":"20100-pt-pt","status":"publish","type":"product","link":"https:\/\/www.educaborras.com\/pt-pt\/produto\/20100-pt-pt\/","title":{"rendered":"2&#215;100 Inside Out 2"},"content":{"rendered":"<p>Estes 2 puzzles s\u0103o compostos por grandes pe\u00e7as, perfeitamente acabadas para que o manuseamento pelas crian\u00e7as seja simples e seguro. N\u015f pe\u00e7as por puzzle: 100. Tamanho aproximado do puzzle montado: 40 x 28 cm. \u00a9Disney\/Pixar<\/p>\n","protected":false},"excerpt":{"rendered":"<p>Educa\u00ae oferece uma extensa cole\u00e7\u0103o de puzzles infantis para todas as idades, com tamanhos desde as 2 at\u00e9 rs 300 pe\u00e7as e com as melhores imagens. \u00a9Disney\/Pixar<\/p>\n","protected":false},"featured_media":166171,"template":"","meta":{"_acf_changed":false},"product_brand":[],"product_cat":[73529,73300],"product_tag":[74349,80233,81945,90548,90051,74226,74227,74228,74230,74232,74233,90549,82321,74512,74514,77875,76216,82516,74238,83645,83646,82329],"class_list":{"0":"post-249850","1":"product","2":"type-product","3":"status-publish","4":"has-post-thumbnail","6":"product_cat-puzzles-infantis","7":"product_cat-puzzles-de-100-a-199-pecas","8":"product_tag-piezas-pt-pt","9":"product_tag-100-pt-pt","10":"product_tag-2x100-pt-pt","11":"product_tag-20100-pt-pt","12":"product_tag-disney-pixar-pt-pt","13":"product_tag-educa-pt-pt","14":"product_tag-educa-borras-pt-pt","15":"product_tag-educa-borras-puzzle-pt-pt","16":"product_tag-educa-puzzle-pt-pt","17":"product_tag-educa-puzzle-passion-pt-pt","18":"product_tag-educa-puzzles-pt-pt","19":"product_tag-inside-out-pt-pt","20":"product_tag-jigsaw-pt-pt","21":"product_tag-peces-pt-pt","22":"product_tag-pieces-pt-pt","23":"product_tag-pieza-pt-pt-pt-pt","24":"product_tag-pixar-pt-pt","25":"product_tag-puzzle-educa-pt-pt","26":"product_tag-puzzle-passion-pt-pt","27":"product_tag-puzzles-educa-pt-pt","28":"product_tag-rompecabezas-educa-pt-pt","29":"product_tag-trencaclosques-pt-pt","31":"first","32":"instock","33":"shipping-taxable","34":"product-type-simple"},"acf":[],"yoast_head":"<!-- This site is optimized with the Yoast SEO plugin v27.1.1 - https:\/\/yoast.com\/product\/yoast-seo-wordpress\/ -->\n<title>2x100 Inside Out 2 - Educa Borras<\/title>\n<meta name=\"description\" content=\"Educa\u00ae te ofrece una colecci\u00f3n de Puzzles Infantiles para todas las edades con tama\u00f1os desde las 2 a las 400 piezas y con las im\u00e1genes y personajes m\u00e1s divertidos. \u00a9 Disney\/Pixar.\" \/>\n<meta name=\"robots\" content=\"index, follow, max-snippet:-1, max-image-preview:large, max-video-preview:-1\" \/>\n<link rel=\"canonical\" href=\"https:\/\/www.educaborras.com\/pt-pt\/produto\/20100-pt-pt\/\" \/>\n<script type=\"application\/ld+json\" class=\"yoast-schema-graph\">{\"@context\":\"https:\/\/schema.org\",\"@graph\":[{\"@type\":\"WebPage\",\"@id\":\"https:\/\/www.educaborras.com\/pt-pt\/produto\/20100-pt-pt\/\",\"url\":\"https:\/\/www.educaborras.com\/pt-pt\/produto\/20100-pt-pt\/\",\"name\":\"2x100 Inside Out 2 - Educa Borras\",\"isPartOf\":{\"@id\":\"https:\/\/www.educaborras.com\/pt-pt\/#website\"},\"primaryImageOfPage\":{\"@id\":\"https:\/\/www.educaborras.com\/pt-pt\/produto\/20100-pt-pt\/#primaryimage\"},\"image\":{\"@id\":\"https:\/\/www.educaborras.com\/pt-pt\/produto\/20100-pt-pt\/#primaryimage\"},\"thumbnailUrl\":\"https:\/\/www.educaborras.com\/wp-content\/uploads\/20100_01_high-11.jpg\",\"datePublished\":\"2025-06-05T09:16:02+00:00\",\"dateModified\":\"2026-04-04T01:41:52+00:00\",\"description\":\"Educa\u00ae te ofrece una colecci\u00f3n de Puzzles Infantiles para todas las edades con tama\u00f1os desde las 2 a las 400 piezas y con las im\u00e1genes y personajes m\u00e1s divertidos. \u00a9 Disney\/Pixar.\",\"breadcrumb\":{\"@id\":\"https:\/\/www.educaborras.com\/pt-pt\/produto\/20100-pt-pt\/#breadcrumb\"},\"inLanguage\":\"pt-PT\",\"potentialAction\":[{\"@type\":\"ReadAction\",\"target\":[\"https:\/\/www.educaborras.com\/pt-pt\/produto\/20100-pt-pt\/\"]}]},{\"@type\":\"ImageObject\",\"inLanguage\":\"pt-PT\",\"@id\":\"https:\/\/www.educaborras.com\/pt-pt\/produto\/20100-pt-pt\/#primaryimage\",\"url\":\"https:\/\/www.educaborras.com\/wp-content\/uploads\/20100_01_high-11.jpg\",\"contentUrl\":\"https:\/\/www.educaborras.com\/wp-content\/uploads\/20100_01_high-11.jpg\"},{\"@type\":\"BreadcrumbList\",\"@id\":\"https:\/\/www.educaborras.com\/pt-pt\/produto\/20100-pt-pt\/#breadcrumb\",\"itemListElement\":[{\"@type\":\"ListItem\",\"position\":1,\"name\":\"Portada\",\"item\":\"https:\/\/www.educaborras.com\/pt-pt\/\"},{\"@type\":\"ListItem\",\"position\":2,\"name\":\"Produtos\",\"item\":\"https:\/\/www.educaborras.com\/pt-pt\/shop\/\"},{\"@type\":\"ListItem\",\"position\":3,\"name\":\"2&#215;100 Inside Out 2\"}]},{\"@type\":\"WebSite\",\"@id\":\"https:\/\/www.educaborras.com\/pt-pt\/#website\",\"url\":\"https:\/\/www.educaborras.com\/pt-pt\/\",\"name\":\"Educa Borras\",\"description\":\"\",\"publisher\":{\"@id\":\"https:\/\/www.educaborras.com\/pt-pt\/#organization\"},\"potentialAction\":[{\"@type\":\"SearchAction\",\"target\":{\"@type\":\"EntryPoint\",\"urlTemplate\":\"https:\/\/www.educaborras.com\/pt-pt\/?s={search_term_string}\"},\"query-input\":{\"@type\":\"PropertyValueSpecification\",\"valueRequired\":true,\"valueName\":\"search_term_string\"}}],\"inLanguage\":\"pt-PT\"},{\"@type\":\"Organization\",\"@id\":\"https:\/\/www.educaborras.com\/pt-pt\/#organization\",\"name\":\"Educa Borras\",\"url\":\"https:\/\/www.educaborras.com\/pt-pt\/\",\"logo\":{\"@type\":\"ImageObject\",\"inLanguage\":\"pt-PT\",\"@id\":\"https:\/\/www.educaborras.com\/pt-pt\/#\/schema\/logo\/image\/\",\"url\":\"https:\/\/www.educaborras.com\/wp-content\/uploads\/cropped-LOGOS-EDUCA-BORRAS_retina.png\",\"contentUrl\":\"https:\/\/www.educaborras.com\/wp-content\/uploads\/cropped-LOGOS-EDUCA-BORRAS_retina.png\",\"caption\":\"Educa Borras\"},\"image\":{\"@id\":\"https:\/\/www.educaborras.com\/pt-pt\/#\/schema\/logo\/image\/\"}}]}<\/script>\n<!-- \/ Yoast SEO plugin. -->","yoast_head_json":{"title":"2x100 Inside Out 2 - Educa Borras","description":"Educa\u00ae te ofrece una colecci\u00f3n de Puzzles Infantiles para todas las edades con tama\u00f1os desde las 2 a las 400 piezas y con las im\u00e1genes y personajes m\u00e1s divertidos. \u00a9 Disney\/Pixar.","robots":{"index":"index","follow":"follow","max-snippet":"max-snippet:-1","max-image-preview":"max-image-preview:large","max-video-preview":"max-video-preview:-1"},"canonical":"https:\/\/www.educaborras.com\/pt-pt\/produto\/20100-pt-pt\/","schema":{"@context":"https:\/\/schema.org","@graph":[{"@type":"WebPage","@id":"https:\/\/www.educaborras.com\/pt-pt\/produto\/20100-pt-pt\/","url":"https:\/\/www.educaborras.com\/pt-pt\/produto\/20100-pt-pt\/","name":"2x100 Inside Out 2 - Educa Borras","isPartOf":{"@id":"https:\/\/www.educaborras.com\/pt-pt\/#website"},"primaryImageOfPage":{"@id":"https:\/\/www.educaborras.com\/pt-pt\/produto\/20100-pt-pt\/#primaryimage"},"image":{"@id":"https:\/\/www.educaborras.com\/pt-pt\/produto\/20100-pt-pt\/#primaryimage"},"thumbnailUrl":"https:\/\/www.educaborras.com\/wp-content\/uploads\/20100_01_high-11.jpg","datePublished":"2025-06-05T09:16:02+00:00","dateModified":"2026-04-04T01:41:52+00:00","description":"Educa\u00ae te ofrece una colecci\u00f3n de Puzzles Infantiles para todas las edades con tama\u00f1os desde las 2 a las 400 piezas y con las im\u00e1genes y personajes m\u00e1s divertidos. \u00a9 Disney\/Pixar.","breadcrumb":{"@id":"https:\/\/www.educaborras.com\/pt-pt\/produto\/20100-pt-pt\/#breadcrumb"},"inLanguage":"pt-PT","potentialAction":[{"@type":"ReadAction","target":["https:\/\/www.educaborras.com\/pt-pt\/produto\/20100-pt-pt\/"]}]},{"@type":"ImageObject","inLanguage":"pt-PT","@id":"https:\/\/www.educaborras.com\/pt-pt\/produto\/20100-pt-pt\/#primaryimage","url":"https:\/\/www.educaborras.com\/wp-content\/uploads\/20100_01_high-11.jpg","contentUrl":"https:\/\/www.educaborras.com\/wp-content\/uploads\/20100_01_high-11.jpg"},{"@type":"BreadcrumbList","@id":"https:\/\/www.educaborras.com\/pt-pt\/produto\/20100-pt-pt\/#breadcrumb","itemListElement":[{"@type":"ListItem","position":1,"name":"Portada","item":"https:\/\/www.educaborras.com\/pt-pt\/"},{"@type":"ListItem","position":2,"name":"Produtos","item":"https:\/\/www.educaborras.com\/pt-pt\/shop\/"},{"@type":"ListItem","position":3,"name":"2&#215;100 Inside Out 2"}]},{"@type":"WebSite","@id":"https:\/\/www.educaborras.com\/pt-pt\/#website","url":"https:\/\/www.educaborras.com\/pt-pt\/","name":"Educa Borras","description":"","publisher":{"@id":"https:\/\/www.educaborras.com\/pt-pt\/#organization"},"potentialAction":[{"@type":"SearchAction","target":{"@type":"EntryPoint","urlTemplate":"https:\/\/www.educaborras.com\/pt-pt\/?s={search_term_string}"},"query-input":{"@type":"PropertyValueSpecification","valueRequired":true,"valueName":"search_term_string"}}],"inLanguage":"pt-PT"},{"@type":"Organization","@id":"https:\/\/www.educaborras.com\/pt-pt\/#organization","name":"Educa Borras","url":"https:\/\/www.educaborras.com\/pt-pt\/","logo":{"@type":"ImageObject","inLanguage":"pt-PT","@id":"https:\/\/www.educaborras.com\/pt-pt\/#\/schema\/logo\/image\/","url":"https:\/\/www.educaborras.com\/wp-content\/uploads\/cropped-LOGOS-EDUCA-BORRAS_retina.png","contentUrl":"https:\/\/www.educaborras.com\/wp-content\/uploads\/cropped-LOGOS-EDUCA-BORRAS_retina.png","caption":"Educa Borras"},"image":{"@id":"https:\/\/www.educaborras.com\/pt-pt\/#\/schema\/logo\/image\/"}}]}},"_links":{"self":[{"href":"https:\/\/www.educaborras.com\/pt-pt\/wp-json\/wp\/v2\/product\/249850","targetHints":{"allow":["GET"]}}],"collection":[{"href":"https:\/\/www.educaborras.com\/pt-pt\/wp-json\/wp\/v2\/product"}],"about":[{"href":"https:\/\/www.educaborras.com\/pt-pt\/wp-json\/wp\/v2\/types\/product"}],"wp:featuredmedia":[{"embeddable":true,"href":"https:\/\/www.educaborras.com\/pt-pt\/wp-json\/wp\/v2\/media\/166171"}],"wp:attachment":[{"href":"https:\/\/www.educaborras.com\/pt-pt\/wp-json\/wp\/v2\/media?parent=249850"}],"wp:term":[{"taxonomy":"product_brand","embeddable":true,"href":"https:\/\/www.educaborras.com\/pt-pt\/wp-json\/wp\/v2\/product_brand?post=249850"},{"taxonomy":"product_cat","embeddable":true,"href":"https:\/\/www.educaborras.com\/pt-pt\/wp-json\/wp\/v2\/product_cat?post=249850"},{"taxonomy":"product_tag","embeddable":true,"href":"https:\/\/www.educaborras.com\/pt-pt\/wp-json\/wp\/v2\/product_tag?post=249850"}],"curies":[{"name":"wp","href":"https:\/\/api.w.org\/{rel}","templated":true}]}}