{"id":249766,"date":"2025-06-05T11:16:32","date_gmt":"2025-06-05T09:16:32","guid":{"rendered":"https:\/\/www.educaborras.com\/product\/19672\/"},"modified":"2026-04-29T03:16:50","modified_gmt":"2026-04-29T01:16:50","slug":"19672-pt-pt","status":"publish","type":"product","link":"https:\/\/www.educaborras.com\/pt-pt\/produto\/19672-pt-pt\/","title":{"rendered":"2&#215;50 Disney Princess"},"content":{"rendered":"<p>Nova madeira ecol\u00f3gica, mais resistente e mais segura para as crian\u00e7as (n\u00e3o gera farpas). Imagens mais atrativas e cores brilhantes gra\u00e7as ao acabamento plastificado. N\u00famero de pe\u00e7as por puzzle: 50. Tamanho aproximado do puzzle montado: 26 x 18 cm. \u00a9Disney<\/p>\n","protected":false},"excerpt":{"rendered":"<p>Super Puzzles EDUCA\u00ae: puzzles de madeira \u00fanicos. \u00a9Disney<\/p>\n","protected":false},"featured_media":166386,"template":"","meta":{"_acf_changed":false},"product_brand":[],"product_cat":[73302],"product_tag":[74349,100685,83283,83284,100686,84862,90187,83285,89784,90188,90189,90190,88137,76286,74432,83286,78578,76371,83287,76989,76991,74352,74512,74513,74514,77875,75667,74062,100687,100688,100689,100690,100691,100692,83505,100693,100694,100695,100696,100697,84435,74353,90191,90192,77354,83288,83289,90193,80421,81898],"class_list":{"0":"post-249766","1":"product","2":"type-product","3":"status-publish","4":"has-post-thumbnail","6":"product_cat-puzzles-de-21-a-99-pecas","7":"product_tag-piezas-pt-pt","8":"product_tag-19672-pt-pt","9":"product_tag-2x25-frozen-2-pt-pt","10":"product_tag-2x25-reine-des-neiges-2-pt-pt","11":"product_tag-2x50-frozen-2princesas-disney-pt-pt","12":"product_tag-50-pt-pt","13":"product_tag-aletas-pt-pt","14":"product_tag-anna-pt-pt","15":"product_tag-ariel-pt-pt","16":"product_tag-bella-pt-pt","17":"product_tag-cabellera-pt-pt","18":"product_tag-cabello-pt-pt","19":"product_tag-castillo-pt-pt","20":"product_tag-dibujos-animados-pt-pt","21":"product_tag-disney-pt-pt","22":"product_tag-elsa-pt-pt","23":"product_tag-flores-pt-pt","24":"product_tag-frozen-pt-pt","25":"product_tag-frozen-2-pt-pt","26":"product_tag-fusta-pt-pt","27":"product_tag-madera-pt-pt","28":"product_tag-peca-pt-pt","29":"product_tag-peces-pt-pt","30":"product_tag-piece-pt-pt","31":"product_tag-pieces-pt-pt","32":"product_tag-pieza-pt-pt-pt-pt","33":"product_tag-puzle-pt-pt","34":"product_tag-puzzle-pt-pt","35":"product_tag-puzzle-ariel-pt-pt","36":"product_tag-puzzle-aurora-pt-pt","37":"product_tag-puzzle-bella-pt-pt","38":"product_tag-puzzle-bella-durmiente-pt-pt","39":"product_tag-puzzle-blancanieves-pt-pt","40":"product_tag-puzzle-cenicienta-pt-pt","41":"product_tag-puzzle-disney-princess-pt-pt","42":"product_tag-puzzle-jasmine-pt-pt","43":"product_tag-puzzle-mulan-pt-pt","44":"product_tag-puzzle-princesas-disney-pt-pt","45":"product_tag-puzzle-rapunzel-pt-pt","46":"product_tag-puzzle-sirenita-pt-pt","47":"product_tag-rapunzel-pt-pt","48":"product_tag-rompecabezas-pt-pt","49":"product_tag-sebastian-pt-pt","50":"product_tag-sirena-pt-pt","51":"product_tag-sirenita-pt-pt","52":"product_tag-super-puzle-pt-pt","53":"product_tag-super-puzzle-pt-pt","54":"product_tag-super-puzzles-pt-pt","55":"product_tag-torre-pt-pt","56":"product_tag-wood-pt-pt","58":"first","59":"instock","60":"shipping-taxable","61":"product-type-simple"},"acf":[],"yoast_head":"<!-- This site is optimized with the Yoast SEO plugin v27.1.1 - https:\/\/yoast.com\/product\/yoast-seo-wordpress\/ -->\n<title>2x50 Disney Princess - Educa Borras<\/title>\n<meta name=\"robots\" content=\"index, follow, max-snippet:-1, max-image-preview:large, max-video-preview:-1\" \/>\n<link rel=\"canonical\" href=\"https:\/\/www.educaborras.com\/pt-pt\/produto\/19672-pt-pt\/\" \/>\n<script type=\"application\/ld+json\" class=\"yoast-schema-graph\">{\"@context\":\"https:\/\/schema.org\",\"@graph\":[{\"@type\":\"WebPage\",\"@id\":\"https:\/\/www.educaborras.com\/pt-pt\/produto\/19672-pt-pt\/\",\"url\":\"https:\/\/www.educaborras.com\/pt-pt\/produto\/19672-pt-pt\/\",\"name\":\"2x50 Disney Princess - Educa Borras\",\"isPartOf\":{\"@id\":\"https:\/\/www.educaborras.com\/pt-pt\/#website\"},\"primaryImageOfPage\":{\"@id\":\"https:\/\/www.educaborras.com\/pt-pt\/produto\/19672-pt-pt\/#primaryimage\"},\"image\":{\"@id\":\"https:\/\/www.educaborras.com\/pt-pt\/produto\/19672-pt-pt\/#primaryimage\"},\"thumbnailUrl\":\"https:\/\/www.educaborras.com\/wp-content\/uploads\/19672_01_high-12.jpg\",\"datePublished\":\"2025-06-05T09:16:32+00:00\",\"dateModified\":\"2026-04-29T01:16:50+00:00\",\"breadcrumb\":{\"@id\":\"https:\/\/www.educaborras.com\/pt-pt\/produto\/19672-pt-pt\/#breadcrumb\"},\"inLanguage\":\"pt-PT\",\"potentialAction\":[{\"@type\":\"ReadAction\",\"target\":[\"https:\/\/www.educaborras.com\/pt-pt\/produto\/19672-pt-pt\/\"]}]},{\"@type\":\"ImageObject\",\"inLanguage\":\"pt-PT\",\"@id\":\"https:\/\/www.educaborras.com\/pt-pt\/produto\/19672-pt-pt\/#primaryimage\",\"url\":\"https:\/\/www.educaborras.com\/wp-content\/uploads\/19672_01_high-12.jpg\",\"contentUrl\":\"https:\/\/www.educaborras.com\/wp-content\/uploads\/19672_01_high-12.jpg\"},{\"@type\":\"BreadcrumbList\",\"@id\":\"https:\/\/www.educaborras.com\/pt-pt\/produto\/19672-pt-pt\/#breadcrumb\",\"itemListElement\":[{\"@type\":\"ListItem\",\"position\":1,\"name\":\"Portada\",\"item\":\"https:\/\/www.educaborras.com\/pt-pt\/\"},{\"@type\":\"ListItem\",\"position\":2,\"name\":\"Produtos\",\"item\":\"https:\/\/www.educaborras.com\/pt-pt\/shop\/\"},{\"@type\":\"ListItem\",\"position\":3,\"name\":\"2&#215;50 Disney Princess\"}]},{\"@type\":\"WebSite\",\"@id\":\"https:\/\/www.educaborras.com\/pt-pt\/#website\",\"url\":\"https:\/\/www.educaborras.com\/pt-pt\/\",\"name\":\"Educa Borras\",\"description\":\"\",\"publisher\":{\"@id\":\"https:\/\/www.educaborras.com\/pt-pt\/#organization\"},\"potentialAction\":[{\"@type\":\"SearchAction\",\"target\":{\"@type\":\"EntryPoint\",\"urlTemplate\":\"https:\/\/www.educaborras.com\/pt-pt\/?s={search_term_string}\"},\"query-input\":{\"@type\":\"PropertyValueSpecification\",\"valueRequired\":true,\"valueName\":\"search_term_string\"}}],\"inLanguage\":\"pt-PT\"},{\"@type\":\"Organization\",\"@id\":\"https:\/\/www.educaborras.com\/pt-pt\/#organization\",\"name\":\"Educa Borras\",\"url\":\"https:\/\/www.educaborras.com\/pt-pt\/\",\"logo\":{\"@type\":\"ImageObject\",\"inLanguage\":\"pt-PT\",\"@id\":\"https:\/\/www.educaborras.com\/pt-pt\/#\/schema\/logo\/image\/\",\"url\":\"https:\/\/www.educaborras.com\/wp-content\/uploads\/cropped-LOGOS-EDUCA-BORRAS_retina.png\",\"contentUrl\":\"https:\/\/www.educaborras.com\/wp-content\/uploads\/cropped-LOGOS-EDUCA-BORRAS_retina.png\",\"caption\":\"Educa Borras\"},\"image\":{\"@id\":\"https:\/\/www.educaborras.com\/pt-pt\/#\/schema\/logo\/image\/\"}}]}<\/script>\n<!-- \/ Yoast SEO plugin. -->","yoast_head_json":{"title":"2x50 Disney Princess - Educa Borras","robots":{"index":"index","follow":"follow","max-snippet":"max-snippet:-1","max-image-preview":"max-image-preview:large","max-video-preview":"max-video-preview:-1"},"canonical":"https:\/\/www.educaborras.com\/pt-pt\/produto\/19672-pt-pt\/","schema":{"@context":"https:\/\/schema.org","@graph":[{"@type":"WebPage","@id":"https:\/\/www.educaborras.com\/pt-pt\/produto\/19672-pt-pt\/","url":"https:\/\/www.educaborras.com\/pt-pt\/produto\/19672-pt-pt\/","name":"2x50 Disney Princess - Educa Borras","isPartOf":{"@id":"https:\/\/www.educaborras.com\/pt-pt\/#website"},"primaryImageOfPage":{"@id":"https:\/\/www.educaborras.com\/pt-pt\/produto\/19672-pt-pt\/#primaryimage"},"image":{"@id":"https:\/\/www.educaborras.com\/pt-pt\/produto\/19672-pt-pt\/#primaryimage"},"thumbnailUrl":"https:\/\/www.educaborras.com\/wp-content\/uploads\/19672_01_high-12.jpg","datePublished":"2025-06-05T09:16:32+00:00","dateModified":"2026-04-29T01:16:50+00:00","breadcrumb":{"@id":"https:\/\/www.educaborras.com\/pt-pt\/produto\/19672-pt-pt\/#breadcrumb"},"inLanguage":"pt-PT","potentialAction":[{"@type":"ReadAction","target":["https:\/\/www.educaborras.com\/pt-pt\/produto\/19672-pt-pt\/"]}]},{"@type":"ImageObject","inLanguage":"pt-PT","@id":"https:\/\/www.educaborras.com\/pt-pt\/produto\/19672-pt-pt\/#primaryimage","url":"https:\/\/www.educaborras.com\/wp-content\/uploads\/19672_01_high-12.jpg","contentUrl":"https:\/\/www.educaborras.com\/wp-content\/uploads\/19672_01_high-12.jpg"},{"@type":"BreadcrumbList","@id":"https:\/\/www.educaborras.com\/pt-pt\/produto\/19672-pt-pt\/#breadcrumb","itemListElement":[{"@type":"ListItem","position":1,"name":"Portada","item":"https:\/\/www.educaborras.com\/pt-pt\/"},{"@type":"ListItem","position":2,"name":"Produtos","item":"https:\/\/www.educaborras.com\/pt-pt\/shop\/"},{"@type":"ListItem","position":3,"name":"2&#215;50 Disney Princess"}]},{"@type":"WebSite","@id":"https:\/\/www.educaborras.com\/pt-pt\/#website","url":"https:\/\/www.educaborras.com\/pt-pt\/","name":"Educa Borras","description":"","publisher":{"@id":"https:\/\/www.educaborras.com\/pt-pt\/#organization"},"potentialAction":[{"@type":"SearchAction","target":{"@type":"EntryPoint","urlTemplate":"https:\/\/www.educaborras.com\/pt-pt\/?s={search_term_string}"},"query-input":{"@type":"PropertyValueSpecification","valueRequired":true,"valueName":"search_term_string"}}],"inLanguage":"pt-PT"},{"@type":"Organization","@id":"https:\/\/www.educaborras.com\/pt-pt\/#organization","name":"Educa Borras","url":"https:\/\/www.educaborras.com\/pt-pt\/","logo":{"@type":"ImageObject","inLanguage":"pt-PT","@id":"https:\/\/www.educaborras.com\/pt-pt\/#\/schema\/logo\/image\/","url":"https:\/\/www.educaborras.com\/wp-content\/uploads\/cropped-LOGOS-EDUCA-BORRAS_retina.png","contentUrl":"https:\/\/www.educaborras.com\/wp-content\/uploads\/cropped-LOGOS-EDUCA-BORRAS_retina.png","caption":"Educa Borras"},"image":{"@id":"https:\/\/www.educaborras.com\/pt-pt\/#\/schema\/logo\/image\/"}}]}},"_links":{"self":[{"href":"https:\/\/www.educaborras.com\/pt-pt\/wp-json\/wp\/v2\/product\/249766","targetHints":{"allow":["GET"]}}],"collection":[{"href":"https:\/\/www.educaborras.com\/pt-pt\/wp-json\/wp\/v2\/product"}],"about":[{"href":"https:\/\/www.educaborras.com\/pt-pt\/wp-json\/wp\/v2\/types\/product"}],"wp:featuredmedia":[{"embeddable":true,"href":"https:\/\/www.educaborras.com\/pt-pt\/wp-json\/wp\/v2\/media\/166386"}],"wp:attachment":[{"href":"https:\/\/www.educaborras.com\/pt-pt\/wp-json\/wp\/v2\/media?parent=249766"}],"wp:term":[{"taxonomy":"product_brand","embeddable":true,"href":"https:\/\/www.educaborras.com\/pt-pt\/wp-json\/wp\/v2\/product_brand?post=249766"},{"taxonomy":"product_cat","embeddable":true,"href":"https:\/\/www.educaborras.com\/pt-pt\/wp-json\/wp\/v2\/product_cat?post=249766"},{"taxonomy":"product_tag","embeddable":true,"href":"https:\/\/www.educaborras.com\/pt-pt\/wp-json\/wp\/v2\/product_tag?post=249766"}],"curies":[{"name":"wp","href":"https:\/\/api.w.org\/{rel}","templated":true}]}}