{"id":249662,"date":"2025-06-05T11:17:32","date_gmt":"2025-06-05T09:17:32","guid":{"rendered":"https:\/\/www.educaborras.com\/product\/19880\/"},"modified":"2026-04-05T03:51:21","modified_gmt":"2026-04-05T01:51:21","slug":"20089-pt-pt-2","status":"publish","type":"product","link":"https:\/\/www.educaborras.com\/pt-pt\/produto\/20089-pt-pt-2\/","title":{"rendered":"Crazy Blocks"},"content":{"rendered":"<p>Crazy Blocks, o jogo mais explosivo baseado no tradicional Tetris, \u00e9 um jogo de constru\u00e7\u00e3o interativo que desenvolve a vivacidade e a destreza. https:\/\/youtu.be\/kAWNevUhS4Y<\/p>\n","protected":false},"excerpt":{"rendered":"<p>Crazy Blocks, o jogo mais explosivo baseado no tradicional Tetris, \u00e9 um jogo de constru\u00e7\u00e3o interativo que desenvolve a vivacidade e a destreza.<\/p>\n","protected":false},"featured_media":166816,"template":"","meta":{"_acf_changed":false},"product_brand":[],"product_cat":[73291,73290],"product_tag":[74349,97231,96252,97232,75472,97233,97234,97235,97236,87698,94433,76352,80688,97237],"class_list":{"0":"post-249662","1":"product","2":"type-product","3":"status-publish","4":"has-post-thumbnail","6":"product_cat-infantis-e-familiares","7":"product_cat-jogos-de-mesa","8":"product_tag-piezas-pt-pt","9":"product_tag-20089-pt-pt","10":"product_tag-agilidad-pt-pt","11":"product_tag-bloques-pt-pt","12":"product_tag-colores-pt-pt","13":"product_tag-competicion-pt-pt","14":"product_tag-construcciones-pt-pt","15":"product_tag-crazy-blocks-pt-pt","16":"product_tag-cuenta-atras-pt-pt","17":"product_tag-diversion-pt-pt","18":"product_tag-familiar-pt-pt","19":"product_tag-juego-pt-pt","20":"product_tag-juego-de-mesa-pt-pt","21":"product_tag-tetris-pt-pt","23":"first","24":"instock","25":"shipping-taxable","26":"product-type-simple"},"acf":[],"yoast_head":"<!-- This site is optimized with the Yoast SEO plugin v27.1.1 - https:\/\/yoast.com\/product\/yoast-seo-wordpress\/ -->\n<title>Crazy Blocks - Educa Borras<\/title>\n<meta name=\"description\" content=\"Una nueva colecci\u00f3n de puzles de cart\u00f3n con un \u00e1rea de imagen mayor y acabado brillante incluyendo los mejores personajes Petit Ours Brun.\" \/>\n<meta name=\"robots\" content=\"index, follow, max-snippet:-1, max-image-preview:large, max-video-preview:-1\" \/>\n<link rel=\"canonical\" href=\"https:\/\/www.educaborras.com\/pt-pt\/produto\/20089-pt-pt-2\/\" \/>\n<script type=\"application\/ld+json\" class=\"yoast-schema-graph\">{\"@context\":\"https:\/\/schema.org\",\"@graph\":[{\"@type\":\"WebPage\",\"@id\":\"https:\/\/www.educaborras.com\/pt-pt\/produto\/20089-pt-pt-2\/\",\"url\":\"https:\/\/www.educaborras.com\/pt-pt\/produto\/20089-pt-pt-2\/\",\"name\":\"Crazy Blocks - Educa Borras\",\"isPartOf\":{\"@id\":\"https:\/\/www.educaborras.com\/pt-pt\/#website\"},\"primaryImageOfPage\":{\"@id\":\"https:\/\/www.educaborras.com\/pt-pt\/produto\/20089-pt-pt-2\/#primaryimage\"},\"image\":{\"@id\":\"https:\/\/www.educaborras.com\/pt-pt\/produto\/20089-pt-pt-2\/#primaryimage\"},\"thumbnailUrl\":\"https:\/\/www.educaborras.com\/wp-content\/uploads\/19880_01_high-12.jpg\",\"datePublished\":\"2025-06-05T09:17:32+00:00\",\"dateModified\":\"2026-04-05T01:51:21+00:00\",\"description\":\"Una nueva colecci\u00f3n de puzles de cart\u00f3n con un \u00e1rea de imagen mayor y acabado brillante incluyendo los mejores personajes Petit Ours Brun.\",\"breadcrumb\":{\"@id\":\"https:\/\/www.educaborras.com\/pt-pt\/produto\/20089-pt-pt-2\/#breadcrumb\"},\"inLanguage\":\"pt-PT\",\"potentialAction\":[{\"@type\":\"ReadAction\",\"target\":[\"https:\/\/www.educaborras.com\/pt-pt\/produto\/20089-pt-pt-2\/\"]}]},{\"@type\":\"ImageObject\",\"inLanguage\":\"pt-PT\",\"@id\":\"https:\/\/www.educaborras.com\/pt-pt\/produto\/20089-pt-pt-2\/#primaryimage\",\"url\":\"https:\/\/www.educaborras.com\/wp-content\/uploads\/19880_01_high-12.jpg\",\"contentUrl\":\"https:\/\/www.educaborras.com\/wp-content\/uploads\/19880_01_high-12.jpg\"},{\"@type\":\"BreadcrumbList\",\"@id\":\"https:\/\/www.educaborras.com\/pt-pt\/produto\/20089-pt-pt-2\/#breadcrumb\",\"itemListElement\":[{\"@type\":\"ListItem\",\"position\":1,\"name\":\"Portada\",\"item\":\"https:\/\/www.educaborras.com\/pt-pt\/\"},{\"@type\":\"ListItem\",\"position\":2,\"name\":\"Produtos\",\"item\":\"https:\/\/www.educaborras.com\/pt-pt\/shop\/\"},{\"@type\":\"ListItem\",\"position\":3,\"name\":\"Crazy Blocks\"}]},{\"@type\":\"WebSite\",\"@id\":\"https:\/\/www.educaborras.com\/pt-pt\/#website\",\"url\":\"https:\/\/www.educaborras.com\/pt-pt\/\",\"name\":\"Educa Borras\",\"description\":\"\",\"publisher\":{\"@id\":\"https:\/\/www.educaborras.com\/pt-pt\/#organization\"},\"potentialAction\":[{\"@type\":\"SearchAction\",\"target\":{\"@type\":\"EntryPoint\",\"urlTemplate\":\"https:\/\/www.educaborras.com\/pt-pt\/?s={search_term_string}\"},\"query-input\":{\"@type\":\"PropertyValueSpecification\",\"valueRequired\":true,\"valueName\":\"search_term_string\"}}],\"inLanguage\":\"pt-PT\"},{\"@type\":\"Organization\",\"@id\":\"https:\/\/www.educaborras.com\/pt-pt\/#organization\",\"name\":\"Educa Borras\",\"url\":\"https:\/\/www.educaborras.com\/pt-pt\/\",\"logo\":{\"@type\":\"ImageObject\",\"inLanguage\":\"pt-PT\",\"@id\":\"https:\/\/www.educaborras.com\/pt-pt\/#\/schema\/logo\/image\/\",\"url\":\"https:\/\/www.educaborras.com\/wp-content\/uploads\/cropped-LOGOS-EDUCA-BORRAS_retina.png\",\"contentUrl\":\"https:\/\/www.educaborras.com\/wp-content\/uploads\/cropped-LOGOS-EDUCA-BORRAS_retina.png\",\"caption\":\"Educa Borras\"},\"image\":{\"@id\":\"https:\/\/www.educaborras.com\/pt-pt\/#\/schema\/logo\/image\/\"}}]}<\/script>\n<!-- \/ Yoast SEO plugin. -->","yoast_head_json":{"title":"Crazy Blocks - Educa Borras","description":"Una nueva colecci\u00f3n de puzles de cart\u00f3n con un \u00e1rea de imagen mayor y acabado brillante incluyendo los mejores personajes Petit Ours Brun.","robots":{"index":"index","follow":"follow","max-snippet":"max-snippet:-1","max-image-preview":"max-image-preview:large","max-video-preview":"max-video-preview:-1"},"canonical":"https:\/\/www.educaborras.com\/pt-pt\/produto\/20089-pt-pt-2\/","schema":{"@context":"https:\/\/schema.org","@graph":[{"@type":"WebPage","@id":"https:\/\/www.educaborras.com\/pt-pt\/produto\/20089-pt-pt-2\/","url":"https:\/\/www.educaborras.com\/pt-pt\/produto\/20089-pt-pt-2\/","name":"Crazy Blocks - Educa Borras","isPartOf":{"@id":"https:\/\/www.educaborras.com\/pt-pt\/#website"},"primaryImageOfPage":{"@id":"https:\/\/www.educaborras.com\/pt-pt\/produto\/20089-pt-pt-2\/#primaryimage"},"image":{"@id":"https:\/\/www.educaborras.com\/pt-pt\/produto\/20089-pt-pt-2\/#primaryimage"},"thumbnailUrl":"https:\/\/www.educaborras.com\/wp-content\/uploads\/19880_01_high-12.jpg","datePublished":"2025-06-05T09:17:32+00:00","dateModified":"2026-04-05T01:51:21+00:00","description":"Una nueva colecci\u00f3n de puzles de cart\u00f3n con un \u00e1rea de imagen mayor y acabado brillante incluyendo los mejores personajes Petit Ours Brun.","breadcrumb":{"@id":"https:\/\/www.educaborras.com\/pt-pt\/produto\/20089-pt-pt-2\/#breadcrumb"},"inLanguage":"pt-PT","potentialAction":[{"@type":"ReadAction","target":["https:\/\/www.educaborras.com\/pt-pt\/produto\/20089-pt-pt-2\/"]}]},{"@type":"ImageObject","inLanguage":"pt-PT","@id":"https:\/\/www.educaborras.com\/pt-pt\/produto\/20089-pt-pt-2\/#primaryimage","url":"https:\/\/www.educaborras.com\/wp-content\/uploads\/19880_01_high-12.jpg","contentUrl":"https:\/\/www.educaborras.com\/wp-content\/uploads\/19880_01_high-12.jpg"},{"@type":"BreadcrumbList","@id":"https:\/\/www.educaborras.com\/pt-pt\/produto\/20089-pt-pt-2\/#breadcrumb","itemListElement":[{"@type":"ListItem","position":1,"name":"Portada","item":"https:\/\/www.educaborras.com\/pt-pt\/"},{"@type":"ListItem","position":2,"name":"Produtos","item":"https:\/\/www.educaborras.com\/pt-pt\/shop\/"},{"@type":"ListItem","position":3,"name":"Crazy Blocks"}]},{"@type":"WebSite","@id":"https:\/\/www.educaborras.com\/pt-pt\/#website","url":"https:\/\/www.educaborras.com\/pt-pt\/","name":"Educa Borras","description":"","publisher":{"@id":"https:\/\/www.educaborras.com\/pt-pt\/#organization"},"potentialAction":[{"@type":"SearchAction","target":{"@type":"EntryPoint","urlTemplate":"https:\/\/www.educaborras.com\/pt-pt\/?s={search_term_string}"},"query-input":{"@type":"PropertyValueSpecification","valueRequired":true,"valueName":"search_term_string"}}],"inLanguage":"pt-PT"},{"@type":"Organization","@id":"https:\/\/www.educaborras.com\/pt-pt\/#organization","name":"Educa Borras","url":"https:\/\/www.educaborras.com\/pt-pt\/","logo":{"@type":"ImageObject","inLanguage":"pt-PT","@id":"https:\/\/www.educaborras.com\/pt-pt\/#\/schema\/logo\/image\/","url":"https:\/\/www.educaborras.com\/wp-content\/uploads\/cropped-LOGOS-EDUCA-BORRAS_retina.png","contentUrl":"https:\/\/www.educaborras.com\/wp-content\/uploads\/cropped-LOGOS-EDUCA-BORRAS_retina.png","caption":"Educa Borras"},"image":{"@id":"https:\/\/www.educaborras.com\/pt-pt\/#\/schema\/logo\/image\/"}}]}},"_links":{"self":[{"href":"https:\/\/www.educaborras.com\/pt-pt\/wp-json\/wp\/v2\/product\/249662","targetHints":{"allow":["GET"]}}],"collection":[{"href":"https:\/\/www.educaborras.com\/pt-pt\/wp-json\/wp\/v2\/product"}],"about":[{"href":"https:\/\/www.educaborras.com\/pt-pt\/wp-json\/wp\/v2\/types\/product"}],"wp:featuredmedia":[{"embeddable":true,"href":"https:\/\/www.educaborras.com\/pt-pt\/wp-json\/wp\/v2\/media\/166816"}],"wp:attachment":[{"href":"https:\/\/www.educaborras.com\/pt-pt\/wp-json\/wp\/v2\/media?parent=249662"}],"wp:term":[{"taxonomy":"product_brand","embeddable":true,"href":"https:\/\/www.educaborras.com\/pt-pt\/wp-json\/wp\/v2\/product_brand?post=249662"},{"taxonomy":"product_cat","embeddable":true,"href":"https:\/\/www.educaborras.com\/pt-pt\/wp-json\/wp\/v2\/product_cat?post=249662"},{"taxonomy":"product_tag","embeddable":true,"href":"https:\/\/www.educaborras.com\/pt-pt\/wp-json\/wp\/v2\/product_tag?post=249662"}],"curies":[{"name":"wp","href":"https:\/\/api.w.org\/{rel}","templated":true}]}}