{"id":249538,"date":"2025-06-05T11:18:25","date_gmt":"2025-06-05T09:18:25","guid":{"rendered":"https:\/\/www.educaborras.com\/product\/19884\/"},"modified":"2026-04-15T02:33:48","modified_gmt":"2026-04-15T00:33:48","slug":"19830-pt-pt-2","status":"publish","type":"product","link":"https:\/\/www.educaborras.com\/pt-pt\/produto\/19830-pt-pt-2\/","title":{"rendered":"Mala Puzzles Progressivos Bluey 12+16+20+25"},"content":{"rendered":"<p>Agora, uma sele\u00e7\u00e3o dos melhores puzzles com os personagens de Bluey e a qualidade Educa\u00ae t\u00eam tamb\u00e9m&#8230; UM EXTRA. Uma magn\u00edfica mala de pl\u00e1stico onde guardar os puzzles ou o que quiseres. Uma magn\u00edfica oferta. Com os personagens preferidos das crian\u00e7as. Tamanho de cada puzzle montado: 16 x 16 cm.<\/p>\n","protected":false},"excerpt":{"rendered":"<p>Os melhores puzzles com os personagens de Bluey, agora numa magn\u00edfica mala de pl\u00e1stico.<\/p>\n","protected":false},"featured_media":167151,"template":"","meta":{"_acf_changed":false},"product_brand":[],"product_cat":[73304],"product_tag":[101023,98587,98588,98591,79986,75606,98596,74571,98599,98600,77561,100732,86753,74512,76477,77567,75667,74062,100733,100734,98603],"class_list":{"0":"post-249538","1":"product","2":"type-product","3":"status-publish","4":"has-post-thumbnail","6":"product_cat-puzzles-progressivos","7":"product_tag-19830-pt-pt","8":"product_tag-bandit-pt-pt","9":"product_tag-bingo-pt-pt","10":"product_tag-chilli-pt-pt","11":"product_tag-dibuixos-pt-pt","12":"product_tag-dibujos-pt-pt","13":"product_tag-honey-pt-pt","14":"product_tag-infantil-pt-pt","15":"product_tag-lucky-pt-pt","16":"product_tag-mackenzie-pt-pt","17":"product_tag-maleta-pt-pt","18":"product_tag-malette-puzzles-progressifs-pt-pt","19":"product_tag-malette-puzzles-progressifs","20":"product_tag-peces-pt-pt","21":"product_tag-progresivos-pt-pt","22":"product_tag-progressius-pt-pt","23":"product_tag-puzle-pt-pt","24":"product_tag-puzzle-pt-pt","25":"product_tag-puzzle-bluey-pt-pt","26":"product_tag-puzzles-bluey-pt-pt","27":"product_tag-rusty-pt-pt","29":"first","30":"instock","31":"shipping-taxable","32":"product-type-simple"},"acf":[],"yoast_head":"<!-- This site is optimized with the Yoast SEO plugin v27.1.1 - https:\/\/yoast.com\/product\/yoast-seo-wordpress\/ -->\n<title>Mala Puzzles Progressivos Bluey 12+16+20+25 - Educa Borras<\/title>\n<meta name=\"description\" content=\"Nuevos y atractivos puzles se unen a la colecci\u00f3n infantil de Educa\u00ae, una divertida manera para que los m\u00e1s peque\u00f1os de la casa aprendan a hacer puzles con diferentes niveles de dificultad.\" \/>\n<meta name=\"robots\" content=\"index, follow, max-snippet:-1, max-image-preview:large, max-video-preview:-1\" \/>\n<link rel=\"canonical\" href=\"https:\/\/www.educaborras.com\/pt-pt\/produto\/19830-pt-pt-2\/\" \/>\n<script type=\"application\/ld+json\" class=\"yoast-schema-graph\">{\"@context\":\"https:\/\/schema.org\",\"@graph\":[{\"@type\":\"WebPage\",\"@id\":\"https:\/\/www.educaborras.com\/pt-pt\/produto\/19830-pt-pt-2\/\",\"url\":\"https:\/\/www.educaborras.com\/pt-pt\/produto\/19830-pt-pt-2\/\",\"name\":\"Mala Puzzles Progressivos Bluey 12+16+20+25 - Educa Borras\",\"isPartOf\":{\"@id\":\"https:\/\/www.educaborras.com\/pt-pt\/#website\"},\"primaryImageOfPage\":{\"@id\":\"https:\/\/www.educaborras.com\/pt-pt\/produto\/19830-pt-pt-2\/#primaryimage\"},\"image\":{\"@id\":\"https:\/\/www.educaborras.com\/pt-pt\/produto\/19830-pt-pt-2\/#primaryimage\"},\"thumbnailUrl\":\"https:\/\/www.educaborras.com\/wp-content\/uploads\/19884_01_high-11.jpg\",\"datePublished\":\"2025-06-05T09:18:25+00:00\",\"dateModified\":\"2026-04-15T00:33:48+00:00\",\"description\":\"Nuevos y atractivos puzles se unen a la colecci\u00f3n infantil de Educa\u00ae, una divertida manera para que los m\u00e1s peque\u00f1os de la casa aprendan a hacer puzles con diferentes niveles de dificultad.\",\"breadcrumb\":{\"@id\":\"https:\/\/www.educaborras.com\/pt-pt\/produto\/19830-pt-pt-2\/#breadcrumb\"},\"inLanguage\":\"pt-PT\",\"potentialAction\":[{\"@type\":\"ReadAction\",\"target\":[\"https:\/\/www.educaborras.com\/pt-pt\/produto\/19830-pt-pt-2\/\"]}]},{\"@type\":\"ImageObject\",\"inLanguage\":\"pt-PT\",\"@id\":\"https:\/\/www.educaborras.com\/pt-pt\/produto\/19830-pt-pt-2\/#primaryimage\",\"url\":\"https:\/\/www.educaborras.com\/wp-content\/uploads\/19884_01_high-11.jpg\",\"contentUrl\":\"https:\/\/www.educaborras.com\/wp-content\/uploads\/19884_01_high-11.jpg\"},{\"@type\":\"BreadcrumbList\",\"@id\":\"https:\/\/www.educaborras.com\/pt-pt\/produto\/19830-pt-pt-2\/#breadcrumb\",\"itemListElement\":[{\"@type\":\"ListItem\",\"position\":1,\"name\":\"Portada\",\"item\":\"https:\/\/www.educaborras.com\/pt-pt\/\"},{\"@type\":\"ListItem\",\"position\":2,\"name\":\"Produtos\",\"item\":\"https:\/\/www.educaborras.com\/pt-pt\/shop\/\"},{\"@type\":\"ListItem\",\"position\":3,\"name\":\"Mala Puzzles Progressivos Bluey 12+16+20+25\"}]},{\"@type\":\"WebSite\",\"@id\":\"https:\/\/www.educaborras.com\/pt-pt\/#website\",\"url\":\"https:\/\/www.educaborras.com\/pt-pt\/\",\"name\":\"Educa Borras\",\"description\":\"\",\"publisher\":{\"@id\":\"https:\/\/www.educaborras.com\/pt-pt\/#organization\"},\"potentialAction\":[{\"@type\":\"SearchAction\",\"target\":{\"@type\":\"EntryPoint\",\"urlTemplate\":\"https:\/\/www.educaborras.com\/pt-pt\/?s={search_term_string}\"},\"query-input\":{\"@type\":\"PropertyValueSpecification\",\"valueRequired\":true,\"valueName\":\"search_term_string\"}}],\"inLanguage\":\"pt-PT\"},{\"@type\":\"Organization\",\"@id\":\"https:\/\/www.educaborras.com\/pt-pt\/#organization\",\"name\":\"Educa Borras\",\"url\":\"https:\/\/www.educaborras.com\/pt-pt\/\",\"logo\":{\"@type\":\"ImageObject\",\"inLanguage\":\"pt-PT\",\"@id\":\"https:\/\/www.educaborras.com\/pt-pt\/#\/schema\/logo\/image\/\",\"url\":\"https:\/\/www.educaborras.com\/wp-content\/uploads\/cropped-LOGOS-EDUCA-BORRAS_retina.png\",\"contentUrl\":\"https:\/\/www.educaborras.com\/wp-content\/uploads\/cropped-LOGOS-EDUCA-BORRAS_retina.png\",\"caption\":\"Educa Borras\"},\"image\":{\"@id\":\"https:\/\/www.educaborras.com\/pt-pt\/#\/schema\/logo\/image\/\"}}]}<\/script>\n<!-- \/ Yoast SEO plugin. -->","yoast_head_json":{"title":"Mala Puzzles Progressivos Bluey 12+16+20+25 - Educa Borras","description":"Nuevos y atractivos puzles se unen a la colecci\u00f3n infantil de Educa\u00ae, una divertida manera para que los m\u00e1s peque\u00f1os de la casa aprendan a hacer puzles con diferentes niveles de dificultad.","robots":{"index":"index","follow":"follow","max-snippet":"max-snippet:-1","max-image-preview":"max-image-preview:large","max-video-preview":"max-video-preview:-1"},"canonical":"https:\/\/www.educaborras.com\/pt-pt\/produto\/19830-pt-pt-2\/","schema":{"@context":"https:\/\/schema.org","@graph":[{"@type":"WebPage","@id":"https:\/\/www.educaborras.com\/pt-pt\/produto\/19830-pt-pt-2\/","url":"https:\/\/www.educaborras.com\/pt-pt\/produto\/19830-pt-pt-2\/","name":"Mala Puzzles Progressivos Bluey 12+16+20+25 - Educa Borras","isPartOf":{"@id":"https:\/\/www.educaborras.com\/pt-pt\/#website"},"primaryImageOfPage":{"@id":"https:\/\/www.educaborras.com\/pt-pt\/produto\/19830-pt-pt-2\/#primaryimage"},"image":{"@id":"https:\/\/www.educaborras.com\/pt-pt\/produto\/19830-pt-pt-2\/#primaryimage"},"thumbnailUrl":"https:\/\/www.educaborras.com\/wp-content\/uploads\/19884_01_high-11.jpg","datePublished":"2025-06-05T09:18:25+00:00","dateModified":"2026-04-15T00:33:48+00:00","description":"Nuevos y atractivos puzles se unen a la colecci\u00f3n infantil de Educa\u00ae, una divertida manera para que los m\u00e1s peque\u00f1os de la casa aprendan a hacer puzles con diferentes niveles de dificultad.","breadcrumb":{"@id":"https:\/\/www.educaborras.com\/pt-pt\/produto\/19830-pt-pt-2\/#breadcrumb"},"inLanguage":"pt-PT","potentialAction":[{"@type":"ReadAction","target":["https:\/\/www.educaborras.com\/pt-pt\/produto\/19830-pt-pt-2\/"]}]},{"@type":"ImageObject","inLanguage":"pt-PT","@id":"https:\/\/www.educaborras.com\/pt-pt\/produto\/19830-pt-pt-2\/#primaryimage","url":"https:\/\/www.educaborras.com\/wp-content\/uploads\/19884_01_high-11.jpg","contentUrl":"https:\/\/www.educaborras.com\/wp-content\/uploads\/19884_01_high-11.jpg"},{"@type":"BreadcrumbList","@id":"https:\/\/www.educaborras.com\/pt-pt\/produto\/19830-pt-pt-2\/#breadcrumb","itemListElement":[{"@type":"ListItem","position":1,"name":"Portada","item":"https:\/\/www.educaborras.com\/pt-pt\/"},{"@type":"ListItem","position":2,"name":"Produtos","item":"https:\/\/www.educaborras.com\/pt-pt\/shop\/"},{"@type":"ListItem","position":3,"name":"Mala Puzzles Progressivos Bluey 12+16+20+25"}]},{"@type":"WebSite","@id":"https:\/\/www.educaborras.com\/pt-pt\/#website","url":"https:\/\/www.educaborras.com\/pt-pt\/","name":"Educa Borras","description":"","publisher":{"@id":"https:\/\/www.educaborras.com\/pt-pt\/#organization"},"potentialAction":[{"@type":"SearchAction","target":{"@type":"EntryPoint","urlTemplate":"https:\/\/www.educaborras.com\/pt-pt\/?s={search_term_string}"},"query-input":{"@type":"PropertyValueSpecification","valueRequired":true,"valueName":"search_term_string"}}],"inLanguage":"pt-PT"},{"@type":"Organization","@id":"https:\/\/www.educaborras.com\/pt-pt\/#organization","name":"Educa Borras","url":"https:\/\/www.educaborras.com\/pt-pt\/","logo":{"@type":"ImageObject","inLanguage":"pt-PT","@id":"https:\/\/www.educaborras.com\/pt-pt\/#\/schema\/logo\/image\/","url":"https:\/\/www.educaborras.com\/wp-content\/uploads\/cropped-LOGOS-EDUCA-BORRAS_retina.png","contentUrl":"https:\/\/www.educaborras.com\/wp-content\/uploads\/cropped-LOGOS-EDUCA-BORRAS_retina.png","caption":"Educa Borras"},"image":{"@id":"https:\/\/www.educaborras.com\/pt-pt\/#\/schema\/logo\/image\/"}}]}},"_links":{"self":[{"href":"https:\/\/www.educaborras.com\/pt-pt\/wp-json\/wp\/v2\/product\/249538","targetHints":{"allow":["GET"]}}],"collection":[{"href":"https:\/\/www.educaborras.com\/pt-pt\/wp-json\/wp\/v2\/product"}],"about":[{"href":"https:\/\/www.educaborras.com\/pt-pt\/wp-json\/wp\/v2\/types\/product"}],"wp:featuredmedia":[{"embeddable":true,"href":"https:\/\/www.educaborras.com\/pt-pt\/wp-json\/wp\/v2\/media\/167151"}],"wp:attachment":[{"href":"https:\/\/www.educaborras.com\/pt-pt\/wp-json\/wp\/v2\/media?parent=249538"}],"wp:term":[{"taxonomy":"product_brand","embeddable":true,"href":"https:\/\/www.educaborras.com\/pt-pt\/wp-json\/wp\/v2\/product_brand?post=249538"},{"taxonomy":"product_cat","embeddable":true,"href":"https:\/\/www.educaborras.com\/pt-pt\/wp-json\/wp\/v2\/product_cat?post=249538"},{"taxonomy":"product_tag","embeddable":true,"href":"https:\/\/www.educaborras.com\/pt-pt\/wp-json\/wp\/v2\/product_tag?post=249538"}],"curies":[{"name":"wp","href":"https:\/\/api.w.org\/{rel}","templated":true}]}}