{"id":249402,"date":"2025-06-05T11:19:30","date_gmt":"2025-06-05T09:19:30","guid":{"rendered":"https:\/\/www.educaborras.com\/product\/19557\/"},"modified":"2026-05-02T03:08:07","modified_gmt":"2026-05-02T01:08:07","slug":"19557-pt-pt","status":"publish","type":"product","link":"https:\/\/www.educaborras.com\/pt-pt\/produto\/19557-pt-pt\/","title":{"rendered":"1000 Tempo Para Mim, Ana Jar\u00e9n"},"content":{"rendered":"<p>A Educa\u00ae oferece a cole\u00e7\u00e3o de Puzzles Adultos mais completa do mercado, com formatos desde 500 a 42000 pe\u00e7as e com as melhores imagens. Tamanho aproximado do puzzle montado: 48 x 68 cm.<\/p>\n","protected":false},"excerpt":{"rendered":"<p>A Educa\u00ae oferece a cole\u00e7\u00e3o de Puzzles Adultos mais completa do mercado, com formatos desde 500 a 42000 pe\u00e7as e com as melhores imagens.<\/p>\n","protected":false},"featured_media":167601,"template":"","meta":{"_acf_changed":false},"product_brand":[],"product_cat":[73530,73308],"product_tag":[98879,98880,98881,98882,98884,90098,89882,98886,74122,74325,98887,98888,88457,98889,89883,90991,98890,98891,98892,88568,74226,74230,78578,84180,78579,98893,85753,98894,94437,98895,98896,94976,98897,98898,91003,74062,82514,90808,74238,84307,74353,98899,98900,98901,98902,98903,98904,91965,98252,94978],"class_list":{"0":"post-249402","1":"product","2":"type-product","3":"status-publish","4":"has-post-thumbnail","6":"product_cat-puzzles-adultos-pt","7":"product_cat-puzzles-de-1000-pecas","8":"product_tag-1000-temps-per-a-mi-pt-pt","9":"product_tag-1000-tiempo-para-mi-pt-pt","10":"product_tag-1000-time-for-myself-pt-pt","11":"product_tag-1000-un-temps-pour-soi-pt-pt","12":"product_tag-19557-pt-pt-2","13":"product_tag-500-piezas-pt-pt","14":"product_tag-adulto-pt-pt","15":"product_tag-ana-jaren-pt-pt-2","16":"product_tag-arte-pt-pt","17":"product_tag-borras-pt-pt","18":"product_tag-breakfast-pt-pt","19":"product_tag-brunchs-pt-pt","20":"product_tag-cafe-pt-pt","21":"product_tag-cafetera-pt-pt","22":"product_tag-carton-pt-pt","23":"product_tag-carton-reciclado-pt-pt","24":"product_tag-coffe-time-pt-pt","25":"product_tag-desayuno-pt-pt","26":"product_tag-despertador-pt-pt","27":"product_tag-dificil-pt-pt","28":"product_tag-educa-pt-pt","29":"product_tag-educa-puzzle-pt-pt","30":"product_tag-flores-pt-pt","31":"product_tag-flors-pt-pt","32":"product_tag-flowers-pt-pt","33":"product_tag-gafas-pt-pt","34":"product_tag-ilustracion-pt-pt","35":"product_tag-ilustradora-pt-pt","36":"product_tag-libros-pt-pt","37":"product_tag-mermelada-pt-pt","38":"product_tag-metime-pt-pt","39":"product_tag-mujer-pt-pt","40":"product_tag-paletas-de-colores-pt-pt","41":"product_tag-planta-pt-pt","42":"product_tag-puzle-carton-pt-pt","43":"product_tag-puzzle-pt-pt","44":"product_tag-puzzle-1000-piezas-pt-pt","45":"product_tag-puzzle-para-ninos-pt-pt","46":"product_tag-puzzle-passion-pt-pt","47":"product_tag-reloj-pt-pt","48":"product_tag-rompecabezas-pt-pt","49":"product_tag-sentada-pt-pt","50":"product_tag-silla-pt-pt","51":"product_tag-taza-de-te-pt-pt","52":"product_tag-telefono-pt-pt","53":"product_tag-tematica-pt-pt","54":"product_tag-tostadas-pt-pt","55":"product_tag-ventana-pt-pt","56":"product_tag-walkman-pt-pt","57":"product_tag-woman-pt-pt","59":"first","60":"instock","61":"shipping-taxable","62":"product-type-simple"},"acf":[],"yoast_head":"<!-- This site is optimized with the Yoast SEO plugin v27.1.1 - https:\/\/yoast.com\/product\/yoast-seo-wordpress\/ -->\n<title>1000 Tempo Para Mim, Ana Jar\u00e9n - Educa Borras<\/title>\n<meta name=\"robots\" content=\"index, follow, max-snippet:-1, max-image-preview:large, max-video-preview:-1\" \/>\n<link rel=\"canonical\" href=\"https:\/\/www.educaborras.com\/pt-pt\/produto\/19557-pt-pt\/\" \/>\n<script type=\"application\/ld+json\" class=\"yoast-schema-graph\">{\"@context\":\"https:\/\/schema.org\",\"@graph\":[{\"@type\":\"WebPage\",\"@id\":\"https:\/\/www.educaborras.com\/pt-pt\/produto\/19557-pt-pt\/\",\"url\":\"https:\/\/www.educaborras.com\/pt-pt\/produto\/19557-pt-pt\/\",\"name\":\"1000 Tempo Para Mim, Ana Jar\u00e9n - Educa Borras\",\"isPartOf\":{\"@id\":\"https:\/\/www.educaborras.com\/pt-pt\/#website\"},\"primaryImageOfPage\":{\"@id\":\"https:\/\/www.educaborras.com\/pt-pt\/produto\/19557-pt-pt\/#primaryimage\"},\"image\":{\"@id\":\"https:\/\/www.educaborras.com\/pt-pt\/produto\/19557-pt-pt\/#primaryimage\"},\"thumbnailUrl\":\"https:\/\/www.educaborras.com\/wp-content\/uploads\/19557_01_high-scaled-12.jpg\",\"datePublished\":\"2025-06-05T09:19:30+00:00\",\"dateModified\":\"2026-05-02T01:08:07+00:00\",\"breadcrumb\":{\"@id\":\"https:\/\/www.educaborras.com\/pt-pt\/produto\/19557-pt-pt\/#breadcrumb\"},\"inLanguage\":\"pt-PT\",\"potentialAction\":[{\"@type\":\"ReadAction\",\"target\":[\"https:\/\/www.educaborras.com\/pt-pt\/produto\/19557-pt-pt\/\"]}]},{\"@type\":\"ImageObject\",\"inLanguage\":\"pt-PT\",\"@id\":\"https:\/\/www.educaborras.com\/pt-pt\/produto\/19557-pt-pt\/#primaryimage\",\"url\":\"https:\/\/www.educaborras.com\/wp-content\/uploads\/19557_01_high-scaled-12.jpg\",\"contentUrl\":\"https:\/\/www.educaborras.com\/wp-content\/uploads\/19557_01_high-scaled-12.jpg\"},{\"@type\":\"BreadcrumbList\",\"@id\":\"https:\/\/www.educaborras.com\/pt-pt\/produto\/19557-pt-pt\/#breadcrumb\",\"itemListElement\":[{\"@type\":\"ListItem\",\"position\":1,\"name\":\"Portada\",\"item\":\"https:\/\/www.educaborras.com\/pt-pt\/\"},{\"@type\":\"ListItem\",\"position\":2,\"name\":\"Produtos\",\"item\":\"https:\/\/www.educaborras.com\/pt-pt\/shop\/\"},{\"@type\":\"ListItem\",\"position\":3,\"name\":\"1000 Tempo Para Mim, Ana Jar\u00e9n\"}]},{\"@type\":\"WebSite\",\"@id\":\"https:\/\/www.educaborras.com\/pt-pt\/#website\",\"url\":\"https:\/\/www.educaborras.com\/pt-pt\/\",\"name\":\"Educa Borras\",\"description\":\"\",\"publisher\":{\"@id\":\"https:\/\/www.educaborras.com\/pt-pt\/#organization\"},\"potentialAction\":[{\"@type\":\"SearchAction\",\"target\":{\"@type\":\"EntryPoint\",\"urlTemplate\":\"https:\/\/www.educaborras.com\/pt-pt\/?s={search_term_string}\"},\"query-input\":{\"@type\":\"PropertyValueSpecification\",\"valueRequired\":true,\"valueName\":\"search_term_string\"}}],\"inLanguage\":\"pt-PT\"},{\"@type\":\"Organization\",\"@id\":\"https:\/\/www.educaborras.com\/pt-pt\/#organization\",\"name\":\"Educa Borras\",\"url\":\"https:\/\/www.educaborras.com\/pt-pt\/\",\"logo\":{\"@type\":\"ImageObject\",\"inLanguage\":\"pt-PT\",\"@id\":\"https:\/\/www.educaborras.com\/pt-pt\/#\/schema\/logo\/image\/\",\"url\":\"https:\/\/www.educaborras.com\/wp-content\/uploads\/cropped-LOGOS-EDUCA-BORRAS_retina.png\",\"contentUrl\":\"https:\/\/www.educaborras.com\/wp-content\/uploads\/cropped-LOGOS-EDUCA-BORRAS_retina.png\",\"caption\":\"Educa Borras\"},\"image\":{\"@id\":\"https:\/\/www.educaborras.com\/pt-pt\/#\/schema\/logo\/image\/\"}}]}<\/script>\n<!-- \/ Yoast SEO plugin. -->","yoast_head_json":{"title":"1000 Tempo Para Mim, Ana Jar\u00e9n - Educa Borras","robots":{"index":"index","follow":"follow","max-snippet":"max-snippet:-1","max-image-preview":"max-image-preview:large","max-video-preview":"max-video-preview:-1"},"canonical":"https:\/\/www.educaborras.com\/pt-pt\/produto\/19557-pt-pt\/","schema":{"@context":"https:\/\/schema.org","@graph":[{"@type":"WebPage","@id":"https:\/\/www.educaborras.com\/pt-pt\/produto\/19557-pt-pt\/","url":"https:\/\/www.educaborras.com\/pt-pt\/produto\/19557-pt-pt\/","name":"1000 Tempo Para Mim, Ana Jar\u00e9n - Educa Borras","isPartOf":{"@id":"https:\/\/www.educaborras.com\/pt-pt\/#website"},"primaryImageOfPage":{"@id":"https:\/\/www.educaborras.com\/pt-pt\/produto\/19557-pt-pt\/#primaryimage"},"image":{"@id":"https:\/\/www.educaborras.com\/pt-pt\/produto\/19557-pt-pt\/#primaryimage"},"thumbnailUrl":"https:\/\/www.educaborras.com\/wp-content\/uploads\/19557_01_high-scaled-12.jpg","datePublished":"2025-06-05T09:19:30+00:00","dateModified":"2026-05-02T01:08:07+00:00","breadcrumb":{"@id":"https:\/\/www.educaborras.com\/pt-pt\/produto\/19557-pt-pt\/#breadcrumb"},"inLanguage":"pt-PT","potentialAction":[{"@type":"ReadAction","target":["https:\/\/www.educaborras.com\/pt-pt\/produto\/19557-pt-pt\/"]}]},{"@type":"ImageObject","inLanguage":"pt-PT","@id":"https:\/\/www.educaborras.com\/pt-pt\/produto\/19557-pt-pt\/#primaryimage","url":"https:\/\/www.educaborras.com\/wp-content\/uploads\/19557_01_high-scaled-12.jpg","contentUrl":"https:\/\/www.educaborras.com\/wp-content\/uploads\/19557_01_high-scaled-12.jpg"},{"@type":"BreadcrumbList","@id":"https:\/\/www.educaborras.com\/pt-pt\/produto\/19557-pt-pt\/#breadcrumb","itemListElement":[{"@type":"ListItem","position":1,"name":"Portada","item":"https:\/\/www.educaborras.com\/pt-pt\/"},{"@type":"ListItem","position":2,"name":"Produtos","item":"https:\/\/www.educaborras.com\/pt-pt\/shop\/"},{"@type":"ListItem","position":3,"name":"1000 Tempo Para Mim, Ana Jar\u00e9n"}]},{"@type":"WebSite","@id":"https:\/\/www.educaborras.com\/pt-pt\/#website","url":"https:\/\/www.educaborras.com\/pt-pt\/","name":"Educa Borras","description":"","publisher":{"@id":"https:\/\/www.educaborras.com\/pt-pt\/#organization"},"potentialAction":[{"@type":"SearchAction","target":{"@type":"EntryPoint","urlTemplate":"https:\/\/www.educaborras.com\/pt-pt\/?s={search_term_string}"},"query-input":{"@type":"PropertyValueSpecification","valueRequired":true,"valueName":"search_term_string"}}],"inLanguage":"pt-PT"},{"@type":"Organization","@id":"https:\/\/www.educaborras.com\/pt-pt\/#organization","name":"Educa Borras","url":"https:\/\/www.educaborras.com\/pt-pt\/","logo":{"@type":"ImageObject","inLanguage":"pt-PT","@id":"https:\/\/www.educaborras.com\/pt-pt\/#\/schema\/logo\/image\/","url":"https:\/\/www.educaborras.com\/wp-content\/uploads\/cropped-LOGOS-EDUCA-BORRAS_retina.png","contentUrl":"https:\/\/www.educaborras.com\/wp-content\/uploads\/cropped-LOGOS-EDUCA-BORRAS_retina.png","caption":"Educa Borras"},"image":{"@id":"https:\/\/www.educaborras.com\/pt-pt\/#\/schema\/logo\/image\/"}}]}},"_links":{"self":[{"href":"https:\/\/www.educaborras.com\/pt-pt\/wp-json\/wp\/v2\/product\/249402","targetHints":{"allow":["GET"]}}],"collection":[{"href":"https:\/\/www.educaborras.com\/pt-pt\/wp-json\/wp\/v2\/product"}],"about":[{"href":"https:\/\/www.educaborras.com\/pt-pt\/wp-json\/wp\/v2\/types\/product"}],"wp:featuredmedia":[{"embeddable":true,"href":"https:\/\/www.educaborras.com\/pt-pt\/wp-json\/wp\/v2\/media\/167601"}],"wp:attachment":[{"href":"https:\/\/www.educaborras.com\/pt-pt\/wp-json\/wp\/v2\/media?parent=249402"}],"wp:term":[{"taxonomy":"product_brand","embeddable":true,"href":"https:\/\/www.educaborras.com\/pt-pt\/wp-json\/wp\/v2\/product_brand?post=249402"},{"taxonomy":"product_cat","embeddable":true,"href":"https:\/\/www.educaborras.com\/pt-pt\/wp-json\/wp\/v2\/product_cat?post=249402"},{"taxonomy":"product_tag","embeddable":true,"href":"https:\/\/www.educaborras.com\/pt-pt\/wp-json\/wp\/v2\/product_tag?post=249402"}],"curies":[{"name":"wp","href":"https:\/\/api.w.org\/{rel}","templated":true}]}}