{"id":249146,"date":"2025-06-05T11:22:44","date_gmt":"2025-06-05T09:22:44","guid":{"rendered":"https:\/\/www.educaborras.com\/product\/18583\/"},"modified":"2026-04-27T03:50:39","modified_gmt":"2026-04-27T01:50:39","slug":"18583-pt-pt","status":"publish","type":"product","link":"https:\/\/www.educaborras.com\/pt-pt\/produto\/18583-pt-pt\/","title":{"rendered":"5000 A melhor livraria do mundo"},"content":{"rendered":"<p>A Educa\u00ae oferece a cole\u00e7\u00e3o de Puzzles Adultos mais completa do mercado, com formatos desde 500 a 42000 pe\u00e7as e com as melhores imagens. Tamanho aproximado do puzzle montado: 157 x 107 cm. Para todos os puzzles de 3000 ou mais pe\u00e7as, e sempre que dispon\u00edveis, a EDUCA\u00ae oferece o servi\u00e7o de pe\u00e7a perdida. Mais informa\u00e7\u00e3o em www.puzzlepassion.com<\/p>\n","protected":false},"excerpt":{"rendered":"<p>A Educa\u00ae oferece a cole\u00e7\u00e3o de Puzzles Adultos mais completa do mercado, com formatos desde 500 a 42000 pe\u00e7as e com as melhores imagens.<\/p>\n","protected":false},"featured_media":169086,"template":"","meta":{"_acf_changed":false},"product_brand":[],"product_cat":[73530,73312],"product_tag":[74349,95687,82359,88389,95688,95689,95690,95691,95692,95693,76930,76931,91278,95642,95643,95644,95645,88457,95646,74226,74228,95647,80338,78578,78579,94437,95648,95651,74352,74512,74513,74514,88317,75667,74062,95694,95653,95654,82324,74238,95655,82325,82326,74353,95656,91285,95657,95661],"class_list":{"0":"post-249146","1":"product","2":"type-product","3":"status-publish","4":"has-post-thumbnail","6":"product_cat-puzzles-adultos-pt","7":"product_cat-puzzles-de-4000-a-8000-pecas","8":"product_tag-piezas-pt-pt","9":"product_tag-18583-pt-pt","10":"product_tag-2020-pt-pt","11":"product_tag-5000-pt-pt","12":"product_tag-5000-a-melhor-livraria-do-mundo-pt-pt","13":"product_tag-5000-die-grosartigste-bucherei-der-welt-pt-pt","14":"product_tag-5000-greatest-bookshop-in-the-world-pt-pt","15":"product_tag-5000-la-meilleure-librairie-du-monde-pt-pt","16":"product_tag-5000-la-mejor-libreria-del-mundo-pt-pt","17":"product_tag-5000-puzzle-pt-pt","18":"product_tag-bici-pt-pt","19":"product_tag-bicicleta-pt-pt","20":"product_tag-bike-pt-pt","21":"product_tag-books-pt-pt","22":"product_tag-bookshop-puzzle-pt-pt","23":"product_tag-cadira-pt-pt","24":"product_tag-cadires-pt-pt","25":"product_tag-cafe-pt-pt","26":"product_tag-cofee-pt-pt","27":"product_tag-educa-pt-pt","28":"product_tag-educa-borras-puzzle-pt-pt","29":"product_tag-escaparate-libreria-pt-pt","30":"product_tag-fix-puzzle-pt-pt","31":"product_tag-flores-pt-pt","32":"product_tag-flowers-pt-pt","33":"product_tag-libros-pt-pt","34":"product_tag-llibres-pt-pt","35":"product_tag-oldbooks-and-prints-pt-pt","36":"product_tag-peca-pt-pt","37":"product_tag-peces-pt-pt","38":"product_tag-piece-pt-pt","39":"product_tag-pieces-pt-pt","40":"product_tag-pueblo-pt-pt","41":"product_tag-puzle-pt-pt","42":"product_tag-puzzle-pt-pt","43":"product_tag-puzzle-5000-pt-pt","44":"product_tag-puzzle-bookshop-pt-pt","45":"product_tag-puzzle-libreria-pt-pt","46":"product_tag-puzzle-pasion-pt-pt","47":"product_tag-puzzle-passion-pt-pt","48":"product_tag-puzzle-vintage-bookshop-pt-pt","49":"product_tag-puzzlemania-pt-pt","50":"product_tag-puzzlepassion-pt-pt","51":"product_tag-rompecabezas-pt-pt","52":"product_tag-sillas-pt-pt","53":"product_tag-street-pt-pt","54":"product_tag-tranquilidad-pt-pt","55":"product_tag-vintage-bookshop-pt-pt","57":"first","58":"instock","59":"shipping-taxable","60":"product-type-simple"},"acf":[],"yoast_head":"<!-- This site is optimized with the Yoast SEO plugin v27.1.1 - https:\/\/yoast.com\/product\/yoast-seo-wordpress\/ -->\n<title>5000 A melhor livraria do mundo - Educa Borras<\/title>\n<meta name=\"robots\" content=\"index, follow, max-snippet:-1, max-image-preview:large, max-video-preview:-1\" \/>\n<link rel=\"canonical\" href=\"https:\/\/www.educaborras.com\/pt-pt\/produto\/18583-pt-pt\/\" \/>\n<script type=\"application\/ld+json\" class=\"yoast-schema-graph\">{\"@context\":\"https:\/\/schema.org\",\"@graph\":[{\"@type\":\"WebPage\",\"@id\":\"https:\/\/www.educaborras.com\/pt-pt\/produto\/18583-pt-pt\/\",\"url\":\"https:\/\/www.educaborras.com\/pt-pt\/produto\/18583-pt-pt\/\",\"name\":\"5000 A melhor livraria do mundo - Educa Borras\",\"isPartOf\":{\"@id\":\"https:\/\/www.educaborras.com\/pt-pt\/#website\"},\"primaryImageOfPage\":{\"@id\":\"https:\/\/www.educaborras.com\/pt-pt\/produto\/18583-pt-pt\/#primaryimage\"},\"image\":{\"@id\":\"https:\/\/www.educaborras.com\/pt-pt\/produto\/18583-pt-pt\/#primaryimage\"},\"thumbnailUrl\":\"https:\/\/www.educaborras.com\/wp-content\/uploads\/18583_01_high-12.jpg\",\"datePublished\":\"2025-06-05T09:22:44+00:00\",\"dateModified\":\"2026-04-27T01:50:39+00:00\",\"breadcrumb\":{\"@id\":\"https:\/\/www.educaborras.com\/pt-pt\/produto\/18583-pt-pt\/#breadcrumb\"},\"inLanguage\":\"pt-PT\",\"potentialAction\":[{\"@type\":\"ReadAction\",\"target\":[\"https:\/\/www.educaborras.com\/pt-pt\/produto\/18583-pt-pt\/\"]}]},{\"@type\":\"ImageObject\",\"inLanguage\":\"pt-PT\",\"@id\":\"https:\/\/www.educaborras.com\/pt-pt\/produto\/18583-pt-pt\/#primaryimage\",\"url\":\"https:\/\/www.educaborras.com\/wp-content\/uploads\/18583_01_high-12.jpg\",\"contentUrl\":\"https:\/\/www.educaborras.com\/wp-content\/uploads\/18583_01_high-12.jpg\"},{\"@type\":\"BreadcrumbList\",\"@id\":\"https:\/\/www.educaborras.com\/pt-pt\/produto\/18583-pt-pt\/#breadcrumb\",\"itemListElement\":[{\"@type\":\"ListItem\",\"position\":1,\"name\":\"Portada\",\"item\":\"https:\/\/www.educaborras.com\/pt-pt\/\"},{\"@type\":\"ListItem\",\"position\":2,\"name\":\"Produtos\",\"item\":\"https:\/\/www.educaborras.com\/pt-pt\/shop\/\"},{\"@type\":\"ListItem\",\"position\":3,\"name\":\"5000 A melhor livraria do mundo\"}]},{\"@type\":\"WebSite\",\"@id\":\"https:\/\/www.educaborras.com\/pt-pt\/#website\",\"url\":\"https:\/\/www.educaborras.com\/pt-pt\/\",\"name\":\"Educa Borras\",\"description\":\"\",\"publisher\":{\"@id\":\"https:\/\/www.educaborras.com\/pt-pt\/#organization\"},\"potentialAction\":[{\"@type\":\"SearchAction\",\"target\":{\"@type\":\"EntryPoint\",\"urlTemplate\":\"https:\/\/www.educaborras.com\/pt-pt\/?s={search_term_string}\"},\"query-input\":{\"@type\":\"PropertyValueSpecification\",\"valueRequired\":true,\"valueName\":\"search_term_string\"}}],\"inLanguage\":\"pt-PT\"},{\"@type\":\"Organization\",\"@id\":\"https:\/\/www.educaborras.com\/pt-pt\/#organization\",\"name\":\"Educa Borras\",\"url\":\"https:\/\/www.educaborras.com\/pt-pt\/\",\"logo\":{\"@type\":\"ImageObject\",\"inLanguage\":\"pt-PT\",\"@id\":\"https:\/\/www.educaborras.com\/pt-pt\/#\/schema\/logo\/image\/\",\"url\":\"https:\/\/www.educaborras.com\/wp-content\/uploads\/cropped-LOGOS-EDUCA-BORRAS_retina.png\",\"contentUrl\":\"https:\/\/www.educaborras.com\/wp-content\/uploads\/cropped-LOGOS-EDUCA-BORRAS_retina.png\",\"caption\":\"Educa Borras\"},\"image\":{\"@id\":\"https:\/\/www.educaborras.com\/pt-pt\/#\/schema\/logo\/image\/\"}}]}<\/script>\n<!-- \/ Yoast SEO plugin. -->","yoast_head_json":{"title":"5000 A melhor livraria do mundo - Educa Borras","robots":{"index":"index","follow":"follow","max-snippet":"max-snippet:-1","max-image-preview":"max-image-preview:large","max-video-preview":"max-video-preview:-1"},"canonical":"https:\/\/www.educaborras.com\/pt-pt\/produto\/18583-pt-pt\/","schema":{"@context":"https:\/\/schema.org","@graph":[{"@type":"WebPage","@id":"https:\/\/www.educaborras.com\/pt-pt\/produto\/18583-pt-pt\/","url":"https:\/\/www.educaborras.com\/pt-pt\/produto\/18583-pt-pt\/","name":"5000 A melhor livraria do mundo - Educa Borras","isPartOf":{"@id":"https:\/\/www.educaborras.com\/pt-pt\/#website"},"primaryImageOfPage":{"@id":"https:\/\/www.educaborras.com\/pt-pt\/produto\/18583-pt-pt\/#primaryimage"},"image":{"@id":"https:\/\/www.educaborras.com\/pt-pt\/produto\/18583-pt-pt\/#primaryimage"},"thumbnailUrl":"https:\/\/www.educaborras.com\/wp-content\/uploads\/18583_01_high-12.jpg","datePublished":"2025-06-05T09:22:44+00:00","dateModified":"2026-04-27T01:50:39+00:00","breadcrumb":{"@id":"https:\/\/www.educaborras.com\/pt-pt\/produto\/18583-pt-pt\/#breadcrumb"},"inLanguage":"pt-PT","potentialAction":[{"@type":"ReadAction","target":["https:\/\/www.educaborras.com\/pt-pt\/produto\/18583-pt-pt\/"]}]},{"@type":"ImageObject","inLanguage":"pt-PT","@id":"https:\/\/www.educaborras.com\/pt-pt\/produto\/18583-pt-pt\/#primaryimage","url":"https:\/\/www.educaborras.com\/wp-content\/uploads\/18583_01_high-12.jpg","contentUrl":"https:\/\/www.educaborras.com\/wp-content\/uploads\/18583_01_high-12.jpg"},{"@type":"BreadcrumbList","@id":"https:\/\/www.educaborras.com\/pt-pt\/produto\/18583-pt-pt\/#breadcrumb","itemListElement":[{"@type":"ListItem","position":1,"name":"Portada","item":"https:\/\/www.educaborras.com\/pt-pt\/"},{"@type":"ListItem","position":2,"name":"Produtos","item":"https:\/\/www.educaborras.com\/pt-pt\/shop\/"},{"@type":"ListItem","position":3,"name":"5000 A melhor livraria do mundo"}]},{"@type":"WebSite","@id":"https:\/\/www.educaborras.com\/pt-pt\/#website","url":"https:\/\/www.educaborras.com\/pt-pt\/","name":"Educa Borras","description":"","publisher":{"@id":"https:\/\/www.educaborras.com\/pt-pt\/#organization"},"potentialAction":[{"@type":"SearchAction","target":{"@type":"EntryPoint","urlTemplate":"https:\/\/www.educaborras.com\/pt-pt\/?s={search_term_string}"},"query-input":{"@type":"PropertyValueSpecification","valueRequired":true,"valueName":"search_term_string"}}],"inLanguage":"pt-PT"},{"@type":"Organization","@id":"https:\/\/www.educaborras.com\/pt-pt\/#organization","name":"Educa Borras","url":"https:\/\/www.educaborras.com\/pt-pt\/","logo":{"@type":"ImageObject","inLanguage":"pt-PT","@id":"https:\/\/www.educaborras.com\/pt-pt\/#\/schema\/logo\/image\/","url":"https:\/\/www.educaborras.com\/wp-content\/uploads\/cropped-LOGOS-EDUCA-BORRAS_retina.png","contentUrl":"https:\/\/www.educaborras.com\/wp-content\/uploads\/cropped-LOGOS-EDUCA-BORRAS_retina.png","caption":"Educa Borras"},"image":{"@id":"https:\/\/www.educaborras.com\/pt-pt\/#\/schema\/logo\/image\/"}}]}},"_links":{"self":[{"href":"https:\/\/www.educaborras.com\/pt-pt\/wp-json\/wp\/v2\/product\/249146","targetHints":{"allow":["GET"]}}],"collection":[{"href":"https:\/\/www.educaborras.com\/pt-pt\/wp-json\/wp\/v2\/product"}],"about":[{"href":"https:\/\/www.educaborras.com\/pt-pt\/wp-json\/wp\/v2\/types\/product"}],"wp:featuredmedia":[{"embeddable":true,"href":"https:\/\/www.educaborras.com\/pt-pt\/wp-json\/wp\/v2\/media\/169086"}],"wp:attachment":[{"href":"https:\/\/www.educaborras.com\/pt-pt\/wp-json\/wp\/v2\/media?parent=249146"}],"wp:term":[{"taxonomy":"product_brand","embeddable":true,"href":"https:\/\/www.educaborras.com\/pt-pt\/wp-json\/wp\/v2\/product_brand?post=249146"},{"taxonomy":"product_cat","embeddable":true,"href":"https:\/\/www.educaborras.com\/pt-pt\/wp-json\/wp\/v2\/product_cat?post=249146"},{"taxonomy":"product_tag","embeddable":true,"href":"https:\/\/www.educaborras.com\/pt-pt\/wp-json\/wp\/v2\/product_tag?post=249146"}],"curies":[{"name":"wp","href":"https:\/\/api.w.org\/{rel}","templated":true}]}}