{"id":249042,"date":"2025-06-05T11:23:23","date_gmt":"2025-06-05T09:23:23","guid":{"rendered":"https:\/\/www.educaborras.com\/product\/18223\/"},"modified":"2026-04-29T03:02:32","modified_gmt":"2026-04-29T01:02:32","slug":"18223-pt-pt","status":"publish","type":"product","link":"https:\/\/www.educaborras.com\/pt-pt\/produto\/18223-pt-pt\/","title":{"rendered":"500 Mapa hist\u00f3rico de Portugal"},"content":{"rendered":"<p>Educa\u00ae oferece a cole\u00e7\u00e3o de puzzles adultos mais completa do mercado, com formatos desde 500 a 42000 pe\u00e7as e com as melhores imagens. Tamanho aproximado do puzzle montado: 34 x 48 cm. Em todos os puzzles de 500 a 2.000 pe\u00e7as (inclusive), oferecemos a cola especial FIX PUZZLE\u00ae, para poder pendurar o puzzle uma vez terminada a montagem.<\/p>\n","protected":false},"excerpt":{"rendered":"<p>Educa\u00ae oferece a cole\u00e7\u00e3o de puzzles adultos mais completa do mercado, com formatos desde 500 a 42000 pe\u00e7as e com as melhores imagens.<\/p>\n","protected":false},"featured_media":169381,"template":"","meta":{"_acf_changed":false},"product_brand":[],"product_cat":[73530,73543],"product_tag":[74349,94354,94355,82320,94356,94357,94358,92740,75300,74352,74512,74513,74514,80464,75667,74062,74353],"class_list":{"0":"post-249042","1":"product","2":"type-product","3":"status-publish","4":"has-post-thumbnail","6":"product_cat-puzzles-adultos-pt","7":"product_cat-puzzles-de-500-pecas-pt","8":"product_tag-piezas-pt-pt","9":"product_tag-18223-pt-pt","10":"product_tag-18838-educational-educational-games-i-learn-the-alphabet-letters-alphabet-i-learn-el-abecedario-the-alphabet-pt-pt","11":"product_tag-500-pt-pt","12":"product_tag-500-mapa-historic-de-portugal-pt-pt","13":"product_tag-500-mapa-historico-de-portugal-pt-pt","14":"product_tag-500-puzzle-mapa-historico-portugal-pt-pt","15":"product_tag-historico-pt-pt","16":"product_tag-mapa-pt-pt","17":"product_tag-peca-pt-pt","18":"product_tag-peces-pt-pt","19":"product_tag-piece-pt-pt","20":"product_tag-pieces-pt-pt","21":"product_tag-portugal-pt-pt","22":"product_tag-puzle-pt-pt","23":"product_tag-puzzle-pt-pt","24":"product_tag-rompecabezas-pt-pt","26":"first","27":"instock","28":"shipping-taxable","29":"product-type-simple"},"acf":[],"yoast_head":"<!-- This site is optimized with the Yoast SEO plugin v27.1.1 - https:\/\/yoast.com\/product\/yoast-seo-wordpress\/ -->\n<title>500 Mapa hist\u00f3rico de Portugal - Educa Borras<\/title>\n<meta name=\"robots\" content=\"index, follow, max-snippet:-1, max-image-preview:large, max-video-preview:-1\" \/>\n<link rel=\"canonical\" href=\"https:\/\/www.educaborras.com\/pt-pt\/produto\/18223-pt-pt\/\" \/>\n<script type=\"application\/ld+json\" class=\"yoast-schema-graph\">{\"@context\":\"https:\/\/schema.org\",\"@graph\":[{\"@type\":\"WebPage\",\"@id\":\"https:\/\/www.educaborras.com\/pt-pt\/produto\/18223-pt-pt\/\",\"url\":\"https:\/\/www.educaborras.com\/pt-pt\/produto\/18223-pt-pt\/\",\"name\":\"500 Mapa hist\u00f3rico de Portugal - Educa Borras\",\"isPartOf\":{\"@id\":\"https:\/\/www.educaborras.com\/pt-pt\/#website\"},\"primaryImageOfPage\":{\"@id\":\"https:\/\/www.educaborras.com\/pt-pt\/produto\/18223-pt-pt\/#primaryimage\"},\"image\":{\"@id\":\"https:\/\/www.educaborras.com\/pt-pt\/produto\/18223-pt-pt\/#primaryimage\"},\"thumbnailUrl\":\"https:\/\/www.educaborras.com\/wp-content\/uploads\/18223_01_high-12.jpg\",\"datePublished\":\"2025-06-05T09:23:23+00:00\",\"dateModified\":\"2026-04-29T01:02:32+00:00\",\"breadcrumb\":{\"@id\":\"https:\/\/www.educaborras.com\/pt-pt\/produto\/18223-pt-pt\/#breadcrumb\"},\"inLanguage\":\"pt-PT\",\"potentialAction\":[{\"@type\":\"ReadAction\",\"target\":[\"https:\/\/www.educaborras.com\/pt-pt\/produto\/18223-pt-pt\/\"]}]},{\"@type\":\"ImageObject\",\"inLanguage\":\"pt-PT\",\"@id\":\"https:\/\/www.educaborras.com\/pt-pt\/produto\/18223-pt-pt\/#primaryimage\",\"url\":\"https:\/\/www.educaborras.com\/wp-content\/uploads\/18223_01_high-12.jpg\",\"contentUrl\":\"https:\/\/www.educaborras.com\/wp-content\/uploads\/18223_01_high-12.jpg\"},{\"@type\":\"BreadcrumbList\",\"@id\":\"https:\/\/www.educaborras.com\/pt-pt\/produto\/18223-pt-pt\/#breadcrumb\",\"itemListElement\":[{\"@type\":\"ListItem\",\"position\":1,\"name\":\"Portada\",\"item\":\"https:\/\/www.educaborras.com\/pt-pt\/\"},{\"@type\":\"ListItem\",\"position\":2,\"name\":\"Produtos\",\"item\":\"https:\/\/www.educaborras.com\/pt-pt\/shop\/\"},{\"@type\":\"ListItem\",\"position\":3,\"name\":\"500 Mapa hist\u00f3rico de Portugal\"}]},{\"@type\":\"WebSite\",\"@id\":\"https:\/\/www.educaborras.com\/pt-pt\/#website\",\"url\":\"https:\/\/www.educaborras.com\/pt-pt\/\",\"name\":\"Educa Borras\",\"description\":\"\",\"publisher\":{\"@id\":\"https:\/\/www.educaborras.com\/pt-pt\/#organization\"},\"potentialAction\":[{\"@type\":\"SearchAction\",\"target\":{\"@type\":\"EntryPoint\",\"urlTemplate\":\"https:\/\/www.educaborras.com\/pt-pt\/?s={search_term_string}\"},\"query-input\":{\"@type\":\"PropertyValueSpecification\",\"valueRequired\":true,\"valueName\":\"search_term_string\"}}],\"inLanguage\":\"pt-PT\"},{\"@type\":\"Organization\",\"@id\":\"https:\/\/www.educaborras.com\/pt-pt\/#organization\",\"name\":\"Educa Borras\",\"url\":\"https:\/\/www.educaborras.com\/pt-pt\/\",\"logo\":{\"@type\":\"ImageObject\",\"inLanguage\":\"pt-PT\",\"@id\":\"https:\/\/www.educaborras.com\/pt-pt\/#\/schema\/logo\/image\/\",\"url\":\"https:\/\/www.educaborras.com\/wp-content\/uploads\/cropped-LOGOS-EDUCA-BORRAS_retina.png\",\"contentUrl\":\"https:\/\/www.educaborras.com\/wp-content\/uploads\/cropped-LOGOS-EDUCA-BORRAS_retina.png\",\"caption\":\"Educa Borras\"},\"image\":{\"@id\":\"https:\/\/www.educaborras.com\/pt-pt\/#\/schema\/logo\/image\/\"}}]}<\/script>\n<!-- \/ Yoast SEO plugin. -->","yoast_head_json":{"title":"500 Mapa hist\u00f3rico de Portugal - Educa Borras","robots":{"index":"index","follow":"follow","max-snippet":"max-snippet:-1","max-image-preview":"max-image-preview:large","max-video-preview":"max-video-preview:-1"},"canonical":"https:\/\/www.educaborras.com\/pt-pt\/produto\/18223-pt-pt\/","schema":{"@context":"https:\/\/schema.org","@graph":[{"@type":"WebPage","@id":"https:\/\/www.educaborras.com\/pt-pt\/produto\/18223-pt-pt\/","url":"https:\/\/www.educaborras.com\/pt-pt\/produto\/18223-pt-pt\/","name":"500 Mapa hist\u00f3rico de Portugal - Educa Borras","isPartOf":{"@id":"https:\/\/www.educaborras.com\/pt-pt\/#website"},"primaryImageOfPage":{"@id":"https:\/\/www.educaborras.com\/pt-pt\/produto\/18223-pt-pt\/#primaryimage"},"image":{"@id":"https:\/\/www.educaborras.com\/pt-pt\/produto\/18223-pt-pt\/#primaryimage"},"thumbnailUrl":"https:\/\/www.educaborras.com\/wp-content\/uploads\/18223_01_high-12.jpg","datePublished":"2025-06-05T09:23:23+00:00","dateModified":"2026-04-29T01:02:32+00:00","breadcrumb":{"@id":"https:\/\/www.educaborras.com\/pt-pt\/produto\/18223-pt-pt\/#breadcrumb"},"inLanguage":"pt-PT","potentialAction":[{"@type":"ReadAction","target":["https:\/\/www.educaborras.com\/pt-pt\/produto\/18223-pt-pt\/"]}]},{"@type":"ImageObject","inLanguage":"pt-PT","@id":"https:\/\/www.educaborras.com\/pt-pt\/produto\/18223-pt-pt\/#primaryimage","url":"https:\/\/www.educaborras.com\/wp-content\/uploads\/18223_01_high-12.jpg","contentUrl":"https:\/\/www.educaborras.com\/wp-content\/uploads\/18223_01_high-12.jpg"},{"@type":"BreadcrumbList","@id":"https:\/\/www.educaborras.com\/pt-pt\/produto\/18223-pt-pt\/#breadcrumb","itemListElement":[{"@type":"ListItem","position":1,"name":"Portada","item":"https:\/\/www.educaborras.com\/pt-pt\/"},{"@type":"ListItem","position":2,"name":"Produtos","item":"https:\/\/www.educaborras.com\/pt-pt\/shop\/"},{"@type":"ListItem","position":3,"name":"500 Mapa hist\u00f3rico de Portugal"}]},{"@type":"WebSite","@id":"https:\/\/www.educaborras.com\/pt-pt\/#website","url":"https:\/\/www.educaborras.com\/pt-pt\/","name":"Educa Borras","description":"","publisher":{"@id":"https:\/\/www.educaborras.com\/pt-pt\/#organization"},"potentialAction":[{"@type":"SearchAction","target":{"@type":"EntryPoint","urlTemplate":"https:\/\/www.educaborras.com\/pt-pt\/?s={search_term_string}"},"query-input":{"@type":"PropertyValueSpecification","valueRequired":true,"valueName":"search_term_string"}}],"inLanguage":"pt-PT"},{"@type":"Organization","@id":"https:\/\/www.educaborras.com\/pt-pt\/#organization","name":"Educa Borras","url":"https:\/\/www.educaborras.com\/pt-pt\/","logo":{"@type":"ImageObject","inLanguage":"pt-PT","@id":"https:\/\/www.educaborras.com\/pt-pt\/#\/schema\/logo\/image\/","url":"https:\/\/www.educaborras.com\/wp-content\/uploads\/cropped-LOGOS-EDUCA-BORRAS_retina.png","contentUrl":"https:\/\/www.educaborras.com\/wp-content\/uploads\/cropped-LOGOS-EDUCA-BORRAS_retina.png","caption":"Educa Borras"},"image":{"@id":"https:\/\/www.educaborras.com\/pt-pt\/#\/schema\/logo\/image\/"}}]}},"_links":{"self":[{"href":"https:\/\/www.educaborras.com\/pt-pt\/wp-json\/wp\/v2\/product\/249042","targetHints":{"allow":["GET"]}}],"collection":[{"href":"https:\/\/www.educaborras.com\/pt-pt\/wp-json\/wp\/v2\/product"}],"about":[{"href":"https:\/\/www.educaborras.com\/pt-pt\/wp-json\/wp\/v2\/types\/product"}],"wp:featuredmedia":[{"embeddable":true,"href":"https:\/\/www.educaborras.com\/pt-pt\/wp-json\/wp\/v2\/media\/169381"}],"wp:attachment":[{"href":"https:\/\/www.educaborras.com\/pt-pt\/wp-json\/wp\/v2\/media?parent=249042"}],"wp:term":[{"taxonomy":"product_brand","embeddable":true,"href":"https:\/\/www.educaborras.com\/pt-pt\/wp-json\/wp\/v2\/product_brand?post=249042"},{"taxonomy":"product_cat","embeddable":true,"href":"https:\/\/www.educaborras.com\/pt-pt\/wp-json\/wp\/v2\/product_cat?post=249042"},{"taxonomy":"product_tag","embeddable":true,"href":"https:\/\/www.educaborras.com\/pt-pt\/wp-json\/wp\/v2\/product_tag?post=249042"}],"curies":[{"name":"wp","href":"https:\/\/api.w.org\/{rel}","templated":true}]}}