{"id":248434,"date":"2025-09-17T12:47:04","date_gmt":"2025-09-17T10:47:04","guid":{"rendered":"https:\/\/www.educaborras.com\/product\/20309\/"},"modified":"2026-04-28T03:20:08","modified_gmt":"2026-04-28T01:20:08","slug":"20309-pt-pt","status":"publish","type":"product","link":"https:\/\/www.educaborras.com\/pt-pt\/produto\/20309-pt-pt\/","title":{"rendered":"2&#215;1000 A Rapariga com Brinco de P\u00e9rola + A Leiteira, Johannes Vermeer"},"content":{"rendered":"<p>Duas das obras mais emblem\u00e1ticas de Johannes Vermeer numa magn\u00edfica cole\u00e7\u00e3o de dois puzzles de 1000 pe\u00e7as. Tamanho aproximado do puzzle montado: 48 x 68 cm. Inclui duas saquetas da cola especial FIX PUZZLE\u00ae, para colar o puzzle assim que a montagem estiver terminada.<\/p>\n","protected":false},"excerpt":{"rendered":"<p>Duas das obras mais emblem\u00e1ticas de Johannes Vermeer numa magn\u00edfica cole\u00e7\u00e3o de dois puzzles de 1000 pe\u00e7as.<\/p>\n","protected":false},"featured_media":125330,"template":"","meta":{"_acf_changed":false},"product_brand":[],"product_cat":[73530,73308],"product_tag":[74349,82699,82702,105450,105451,105452,105453,105454,82703,82359,105449,82704,82705,74122,82707,105455,105456,105457,105458,74226,74228,82710,80338,105460,82321,82322,105461,105462,105463,105464,105465,74352,74512,74513,74514,75667,74062,82378,105466,82725,105467,105468,82324,74238,105469,82325,82326,105470,74353,105471,82329,105472,105473],"class_list":{"0":"post-248434","1":"product","2":"type-product","3":"status-publish","4":"has-post-thumbnail","6":"product_cat-puzzles-adultos-pt","7":"product_cat-puzzles-de-1000-pecas","8":"product_tag-piezas-pt-pt","9":"product_tag-1000-puzzles-pt-pt","10":"product_tag-2x1000-pt-pt","11":"product_tag-2x1000-a-rapariga-com-brinco-de-perola-a-leiteira-pt-pt","12":"product_tag-2x1000-girl-with-a-pearl-earring-the-milkmaid-pt-pt","13":"product_tag-2x1000-la-jeune-fille-a-la-perle-la-laitiere-pt-pt","14":"product_tag-2x1000-la-joven-de-la-perla-la-lechera-pt-pt","15":"product_tag-2x1000-la-noia-de-la-perla-la-lletnera-pt-pt","16":"product_tag-2x1000-puzzle-pt-pt","17":"product_tag-2020-pt-pt","18":"product_tag-20309-pt-pt","19":"product_tag-art-pt-pt","20":"product_tag-art-collection-pt-pt","21":"product_tag-arte-pt-pt","22":"product_tag-arte-europeo-pt-pt","23":"product_tag-arte-holandes-pt-pt","24":"product_tag-baroque-pt-pt","25":"product_tag-barroco-pt-pt","26":"product_tag-dutch-golden-age-pt-pt","27":"product_tag-educa-pt-pt","28":"product_tag-educa-borras-puzzle-pt-pt","29":"product_tag-european-art-pt-pt","30":"product_tag-fix-puzzle-pt-pt","31":"product_tag-girl-with-a-pearl-earring-puzzle-pt-pt","32":"product_tag-jigsaw-pt-pt","33":"product_tag-jigsaw-puzzle-pt-pt","34":"product_tag-johannes-vermeer-pt-pt","35":"product_tag-mauritshuis-museum-pt-pt","36":"product_tag-milkmaid-puzzle-pt-pt","37":"product_tag-museo-mauritshuis-pt-pt","38":"product_tag-museo-rijksmuseum-pt-pt","39":"product_tag-peca-pt-pt","40":"product_tag-peces-pt-pt","41":"product_tag-piece-pt-pt","42":"product_tag-pieces-pt-pt","43":"product_tag-puzle-pt-pt","44":"product_tag-puzzle-pt-pt","45":"product_tag-puzzle-1000-pt-pt","46":"product_tag-puzzle-1000-vermeer-pt-pt","47":"product_tag-puzzle-2x1000-pt-pt","48":"product_tag-puzzle-joven-perla-pt-pt","49":"product_tag-puzzle-lechera-pt-pt","50":"product_tag-puzzle-pasion-pt-pt","51":"product_tag-puzzle-passion-pt-pt","52":"product_tag-puzzle-vermeer-pt-pt","53":"product_tag-puzzlemania-pt-pt","54":"product_tag-puzzlepassion-pt-pt","55":"product_tag-rijksmuseum-pt-pt","56":"product_tag-rompecabezas-pt-pt","57":"product_tag-set-puzzles-vermeer-pt-pt","58":"product_tag-trencaclosques-pt-pt","59":"product_tag-vermeer-puzzle-pt-pt","60":"product_tag-vermeer-puzzles-set-pt-pt","62":"first","63":"instock","64":"shipping-taxable","65":"product-type-simple"},"acf":[],"yoast_head":"<!-- This site is optimized with the Yoast SEO plugin v27.1.1 - https:\/\/yoast.com\/product\/yoast-seo-wordpress\/ -->\n<title>2x1000 A Rapariga com Brinco de P\u00e9rola + A Leiteira, Johannes Vermeer - Educa Borras<\/title>\n<meta name=\"robots\" content=\"index, follow, max-snippet:-1, max-image-preview:large, max-video-preview:-1\" \/>\n<link rel=\"canonical\" href=\"https:\/\/www.educaborras.com\/pt-pt\/produto\/20309-pt-pt\/\" \/>\n<script type=\"application\/ld+json\" class=\"yoast-schema-graph\">{\"@context\":\"https:\/\/schema.org\",\"@graph\":[{\"@type\":\"WebPage\",\"@id\":\"https:\/\/www.educaborras.com\/pt-pt\/produto\/20309-pt-pt\/\",\"url\":\"https:\/\/www.educaborras.com\/pt-pt\/produto\/20309-pt-pt\/\",\"name\":\"2x1000 A Rapariga com Brinco de P\u00e9rola + A Leiteira, Johannes Vermeer - Educa Borras\",\"isPartOf\":{\"@id\":\"https:\/\/www.educaborras.com\/pt-pt\/#website\"},\"primaryImageOfPage\":{\"@id\":\"https:\/\/www.educaborras.com\/pt-pt\/produto\/20309-pt-pt\/#primaryimage\"},\"image\":{\"@id\":\"https:\/\/www.educaborras.com\/pt-pt\/produto\/20309-pt-pt\/#primaryimage\"},\"thumbnailUrl\":\"https:\/\/www.educaborras.com\/wp-content\/uploads\/20309_01_high.jpg\",\"datePublished\":\"2025-09-17T10:47:04+00:00\",\"dateModified\":\"2026-04-28T01:20:08+00:00\",\"breadcrumb\":{\"@id\":\"https:\/\/www.educaborras.com\/pt-pt\/produto\/20309-pt-pt\/#breadcrumb\"},\"inLanguage\":\"pt-PT\",\"potentialAction\":[{\"@type\":\"ReadAction\",\"target\":[\"https:\/\/www.educaborras.com\/pt-pt\/produto\/20309-pt-pt\/\"]}]},{\"@type\":\"ImageObject\",\"inLanguage\":\"pt-PT\",\"@id\":\"https:\/\/www.educaborras.com\/pt-pt\/produto\/20309-pt-pt\/#primaryimage\",\"url\":\"https:\/\/www.educaborras.com\/wp-content\/uploads\/20309_01_high.jpg\",\"contentUrl\":\"https:\/\/www.educaborras.com\/wp-content\/uploads\/20309_01_high.jpg\",\"width\":2400,\"height\":2400},{\"@type\":\"BreadcrumbList\",\"@id\":\"https:\/\/www.educaborras.com\/pt-pt\/produto\/20309-pt-pt\/#breadcrumb\",\"itemListElement\":[{\"@type\":\"ListItem\",\"position\":1,\"name\":\"Portada\",\"item\":\"https:\/\/www.educaborras.com\/pt-pt\/\"},{\"@type\":\"ListItem\",\"position\":2,\"name\":\"Produtos\",\"item\":\"https:\/\/www.educaborras.com\/pt-pt\/shop\/\"},{\"@type\":\"ListItem\",\"position\":3,\"name\":\"2&#215;1000 A Rapariga com Brinco de P\u00e9rola + A Leiteira, Johannes Vermeer\"}]},{\"@type\":\"WebSite\",\"@id\":\"https:\/\/www.educaborras.com\/pt-pt\/#website\",\"url\":\"https:\/\/www.educaborras.com\/pt-pt\/\",\"name\":\"Educa Borras\",\"description\":\"\",\"publisher\":{\"@id\":\"https:\/\/www.educaborras.com\/pt-pt\/#organization\"},\"potentialAction\":[{\"@type\":\"SearchAction\",\"target\":{\"@type\":\"EntryPoint\",\"urlTemplate\":\"https:\/\/www.educaborras.com\/pt-pt\/?s={search_term_string}\"},\"query-input\":{\"@type\":\"PropertyValueSpecification\",\"valueRequired\":true,\"valueName\":\"search_term_string\"}}],\"inLanguage\":\"pt-PT\"},{\"@type\":\"Organization\",\"@id\":\"https:\/\/www.educaborras.com\/pt-pt\/#organization\",\"name\":\"Educa Borras\",\"url\":\"https:\/\/www.educaborras.com\/pt-pt\/\",\"logo\":{\"@type\":\"ImageObject\",\"inLanguage\":\"pt-PT\",\"@id\":\"https:\/\/www.educaborras.com\/pt-pt\/#\/schema\/logo\/image\/\",\"url\":\"https:\/\/www.educaborras.com\/wp-content\/uploads\/cropped-LOGOS-EDUCA-BORRAS_retina.png\",\"contentUrl\":\"https:\/\/www.educaborras.com\/wp-content\/uploads\/cropped-LOGOS-EDUCA-BORRAS_retina.png\",\"caption\":\"Educa Borras\"},\"image\":{\"@id\":\"https:\/\/www.educaborras.com\/pt-pt\/#\/schema\/logo\/image\/\"}}]}<\/script>\n<!-- \/ Yoast SEO plugin. -->","yoast_head_json":{"title":"2x1000 A Rapariga com Brinco de P\u00e9rola + A Leiteira, Johannes Vermeer - Educa Borras","robots":{"index":"index","follow":"follow","max-snippet":"max-snippet:-1","max-image-preview":"max-image-preview:large","max-video-preview":"max-video-preview:-1"},"canonical":"https:\/\/www.educaborras.com\/pt-pt\/produto\/20309-pt-pt\/","schema":{"@context":"https:\/\/schema.org","@graph":[{"@type":"WebPage","@id":"https:\/\/www.educaborras.com\/pt-pt\/produto\/20309-pt-pt\/","url":"https:\/\/www.educaborras.com\/pt-pt\/produto\/20309-pt-pt\/","name":"2x1000 A Rapariga com Brinco de P\u00e9rola + A Leiteira, Johannes Vermeer - Educa Borras","isPartOf":{"@id":"https:\/\/www.educaborras.com\/pt-pt\/#website"},"primaryImageOfPage":{"@id":"https:\/\/www.educaborras.com\/pt-pt\/produto\/20309-pt-pt\/#primaryimage"},"image":{"@id":"https:\/\/www.educaborras.com\/pt-pt\/produto\/20309-pt-pt\/#primaryimage"},"thumbnailUrl":"https:\/\/www.educaborras.com\/wp-content\/uploads\/20309_01_high.jpg","datePublished":"2025-09-17T10:47:04+00:00","dateModified":"2026-04-28T01:20:08+00:00","breadcrumb":{"@id":"https:\/\/www.educaborras.com\/pt-pt\/produto\/20309-pt-pt\/#breadcrumb"},"inLanguage":"pt-PT","potentialAction":[{"@type":"ReadAction","target":["https:\/\/www.educaborras.com\/pt-pt\/produto\/20309-pt-pt\/"]}]},{"@type":"ImageObject","inLanguage":"pt-PT","@id":"https:\/\/www.educaborras.com\/pt-pt\/produto\/20309-pt-pt\/#primaryimage","url":"https:\/\/www.educaborras.com\/wp-content\/uploads\/20309_01_high.jpg","contentUrl":"https:\/\/www.educaborras.com\/wp-content\/uploads\/20309_01_high.jpg","width":2400,"height":2400},{"@type":"BreadcrumbList","@id":"https:\/\/www.educaborras.com\/pt-pt\/produto\/20309-pt-pt\/#breadcrumb","itemListElement":[{"@type":"ListItem","position":1,"name":"Portada","item":"https:\/\/www.educaborras.com\/pt-pt\/"},{"@type":"ListItem","position":2,"name":"Produtos","item":"https:\/\/www.educaborras.com\/pt-pt\/shop\/"},{"@type":"ListItem","position":3,"name":"2&#215;1000 A Rapariga com Brinco de P\u00e9rola + A Leiteira, Johannes Vermeer"}]},{"@type":"WebSite","@id":"https:\/\/www.educaborras.com\/pt-pt\/#website","url":"https:\/\/www.educaborras.com\/pt-pt\/","name":"Educa Borras","description":"","publisher":{"@id":"https:\/\/www.educaborras.com\/pt-pt\/#organization"},"potentialAction":[{"@type":"SearchAction","target":{"@type":"EntryPoint","urlTemplate":"https:\/\/www.educaborras.com\/pt-pt\/?s={search_term_string}"},"query-input":{"@type":"PropertyValueSpecification","valueRequired":true,"valueName":"search_term_string"}}],"inLanguage":"pt-PT"},{"@type":"Organization","@id":"https:\/\/www.educaborras.com\/pt-pt\/#organization","name":"Educa Borras","url":"https:\/\/www.educaborras.com\/pt-pt\/","logo":{"@type":"ImageObject","inLanguage":"pt-PT","@id":"https:\/\/www.educaborras.com\/pt-pt\/#\/schema\/logo\/image\/","url":"https:\/\/www.educaborras.com\/wp-content\/uploads\/cropped-LOGOS-EDUCA-BORRAS_retina.png","contentUrl":"https:\/\/www.educaborras.com\/wp-content\/uploads\/cropped-LOGOS-EDUCA-BORRAS_retina.png","caption":"Educa Borras"},"image":{"@id":"https:\/\/www.educaborras.com\/pt-pt\/#\/schema\/logo\/image\/"}}]}},"_links":{"self":[{"href":"https:\/\/www.educaborras.com\/pt-pt\/wp-json\/wp\/v2\/product\/248434","targetHints":{"allow":["GET"]}}],"collection":[{"href":"https:\/\/www.educaborras.com\/pt-pt\/wp-json\/wp\/v2\/product"}],"about":[{"href":"https:\/\/www.educaborras.com\/pt-pt\/wp-json\/wp\/v2\/types\/product"}],"wp:featuredmedia":[{"embeddable":true,"href":"https:\/\/www.educaborras.com\/pt-pt\/wp-json\/wp\/v2\/media\/125330"}],"wp:attachment":[{"href":"https:\/\/www.educaborras.com\/pt-pt\/wp-json\/wp\/v2\/media?parent=248434"}],"wp:term":[{"taxonomy":"product_brand","embeddable":true,"href":"https:\/\/www.educaborras.com\/pt-pt\/wp-json\/wp\/v2\/product_brand?post=248434"},{"taxonomy":"product_cat","embeddable":true,"href":"https:\/\/www.educaborras.com\/pt-pt\/wp-json\/wp\/v2\/product_cat?post=248434"},{"taxonomy":"product_tag","embeddable":true,"href":"https:\/\/www.educaborras.com\/pt-pt\/wp-json\/wp\/v2\/product_tag?post=248434"}],"curies":[{"name":"wp","href":"https:\/\/api.w.org\/{rel}","templated":true}]}}