{"id":248350,"date":"2025-09-17T12:53:16","date_gmt":"2025-09-17T10:53:16","guid":{"rendered":"https:\/\/www.educaborras.com\/product\/20335\/"},"modified":"2026-04-29T03:31:07","modified_gmt":"2026-04-29T01:31:07","slug":"20335-pt-pt","status":"publish","type":"product","link":"https:\/\/www.educaborras.com\/pt-pt\/produto\/20335-pt-pt\/","title":{"rendered":"NY Panorama Puzzle 3D"},"content":{"rendered":"<p>Junte-se \u00e0 Revolu\u00e7\u00e3o do Mundo dos Puzzles com o Inovador 3D Puzzle! Monte o cubo, resolva o desafio e desfrute da sua experi\u00eancia est\u00e9tica. Este desafio 6-em-1 oferece uma experi\u00eancia \u00fanica para os entusiastas de puzzles. Estrutura: Uma base mont\u00e1vel coberta por 6 puzzles, cada um composto por 36 pe\u00e7as, totalizando 216 pe\u00e7as. Pe\u00e7as: Pe\u00e7as pequenas, de tamanho semelhante \u00e0s de um puzzle padr\u00e3o para adultos. Dimens\u00f5es: Cada face do cubo mede 12 x 12 cm.<\/p>\n","protected":false},"excerpt":{"rendered":"<p>Monte o seu puzzle NY Panorama 3D!<\/p>\n","protected":false},"featured_media":245814,"template":"","meta":{"_acf_changed":false},"product_brand":[],"product_cat":[73514],"product_tag":[90729,90730,82209,90731,81543,90732,90733,90734,90735,75229,75231,75233,74130,90736],"class_list":{"0":"post-248350","1":"product","2":"type-product","3":"status-publish","4":"has-post-thumbnail","6":"product_cat-3d-puzzle-cube-pt","7":"product_tag-20335-pt-pt","8":"product_tag-216-pieces-pt-pt","9":"product_tag-3d-pt-pt","10":"product_tag-3d-puzle-pt-pt","11":"product_tag-3d-puzzles-pt-pt","12":"product_tag-cube-pt-pt","13":"product_tag-cube-3d-pt-pt","14":"product_tag-deco-pt-pt","15":"product_tag-modern-moderno-pt-pt","16":"product_tag-new-york-pt-pt","17":"product_tag-nova-york-pt-pt","18":"product_tag-ny-pt-pt","19":"product_tag-panorama-pt-pt","20":"product_tag-puzzle-cube3d-pt-pt","22":"first","23":"instock","24":"shipping-taxable","25":"product-type-simple"},"acf":[],"yoast_head":"<!-- This site is optimized with the Yoast SEO plugin v27.1.1 - https:\/\/yoast.com\/product\/yoast-seo-wordpress\/ -->\n<title>NY Panorama Puzzle 3D - Educa Borras<\/title>\n<meta name=\"robots\" content=\"index, follow, max-snippet:-1, max-image-preview:large, max-video-preview:-1\" \/>\n<link rel=\"canonical\" href=\"https:\/\/www.educaborras.com\/pt-pt\/produto\/20335-pt-pt\/\" \/>\n<script type=\"application\/ld+json\" class=\"yoast-schema-graph\">{\"@context\":\"https:\/\/schema.org\",\"@graph\":[{\"@type\":\"WebPage\",\"@id\":\"https:\/\/www.educaborras.com\/pt-pt\/produto\/20335-pt-pt\/\",\"url\":\"https:\/\/www.educaborras.com\/pt-pt\/produto\/20335-pt-pt\/\",\"name\":\"NY Panorama Puzzle 3D - Educa Borras\",\"isPartOf\":{\"@id\":\"https:\/\/www.educaborras.com\/pt-pt\/#website\"},\"primaryImageOfPage\":{\"@id\":\"https:\/\/www.educaborras.com\/pt-pt\/produto\/20335-pt-pt\/#primaryimage\"},\"image\":{\"@id\":\"https:\/\/www.educaborras.com\/pt-pt\/produto\/20335-pt-pt\/#primaryimage\"},\"thumbnailUrl\":\"https:\/\/www.educaborras.com\/wp-content\/uploads\/20335_01_high.jpg\",\"datePublished\":\"2025-09-17T10:53:16+00:00\",\"dateModified\":\"2026-04-29T01:31:07+00:00\",\"breadcrumb\":{\"@id\":\"https:\/\/www.educaborras.com\/pt-pt\/produto\/20335-pt-pt\/#breadcrumb\"},\"inLanguage\":\"pt-PT\",\"potentialAction\":[{\"@type\":\"ReadAction\",\"target\":[\"https:\/\/www.educaborras.com\/pt-pt\/produto\/20335-pt-pt\/\"]}]},{\"@type\":\"ImageObject\",\"inLanguage\":\"pt-PT\",\"@id\":\"https:\/\/www.educaborras.com\/pt-pt\/produto\/20335-pt-pt\/#primaryimage\",\"url\":\"https:\/\/www.educaborras.com\/wp-content\/uploads\/20335_01_high.jpg\",\"contentUrl\":\"https:\/\/www.educaborras.com\/wp-content\/uploads\/20335_01_high.jpg\",\"width\":2400,\"height\":2400},{\"@type\":\"BreadcrumbList\",\"@id\":\"https:\/\/www.educaborras.com\/pt-pt\/produto\/20335-pt-pt\/#breadcrumb\",\"itemListElement\":[{\"@type\":\"ListItem\",\"position\":1,\"name\":\"Portada\",\"item\":\"https:\/\/www.educaborras.com\/pt-pt\/\"},{\"@type\":\"ListItem\",\"position\":2,\"name\":\"Produtos\",\"item\":\"https:\/\/www.educaborras.com\/pt-pt\/shop\/\"},{\"@type\":\"ListItem\",\"position\":3,\"name\":\"NY Panorama Puzzle 3D\"}]},{\"@type\":\"WebSite\",\"@id\":\"https:\/\/www.educaborras.com\/pt-pt\/#website\",\"url\":\"https:\/\/www.educaborras.com\/pt-pt\/\",\"name\":\"Educa Borras\",\"description\":\"\",\"publisher\":{\"@id\":\"https:\/\/www.educaborras.com\/pt-pt\/#organization\"},\"potentialAction\":[{\"@type\":\"SearchAction\",\"target\":{\"@type\":\"EntryPoint\",\"urlTemplate\":\"https:\/\/www.educaborras.com\/pt-pt\/?s={search_term_string}\"},\"query-input\":{\"@type\":\"PropertyValueSpecification\",\"valueRequired\":true,\"valueName\":\"search_term_string\"}}],\"inLanguage\":\"pt-PT\"},{\"@type\":\"Organization\",\"@id\":\"https:\/\/www.educaborras.com\/pt-pt\/#organization\",\"name\":\"Educa Borras\",\"url\":\"https:\/\/www.educaborras.com\/pt-pt\/\",\"logo\":{\"@type\":\"ImageObject\",\"inLanguage\":\"pt-PT\",\"@id\":\"https:\/\/www.educaborras.com\/pt-pt\/#\/schema\/logo\/image\/\",\"url\":\"https:\/\/www.educaborras.com\/wp-content\/uploads\/cropped-LOGOS-EDUCA-BORRAS_retina.png\",\"contentUrl\":\"https:\/\/www.educaborras.com\/wp-content\/uploads\/cropped-LOGOS-EDUCA-BORRAS_retina.png\",\"caption\":\"Educa Borras\"},\"image\":{\"@id\":\"https:\/\/www.educaborras.com\/pt-pt\/#\/schema\/logo\/image\/\"}}]}<\/script>\n<!-- \/ Yoast SEO plugin. -->","yoast_head_json":{"title":"NY Panorama Puzzle 3D - Educa Borras","robots":{"index":"index","follow":"follow","max-snippet":"max-snippet:-1","max-image-preview":"max-image-preview:large","max-video-preview":"max-video-preview:-1"},"canonical":"https:\/\/www.educaborras.com\/pt-pt\/produto\/20335-pt-pt\/","schema":{"@context":"https:\/\/schema.org","@graph":[{"@type":"WebPage","@id":"https:\/\/www.educaborras.com\/pt-pt\/produto\/20335-pt-pt\/","url":"https:\/\/www.educaborras.com\/pt-pt\/produto\/20335-pt-pt\/","name":"NY Panorama Puzzle 3D - Educa Borras","isPartOf":{"@id":"https:\/\/www.educaborras.com\/pt-pt\/#website"},"primaryImageOfPage":{"@id":"https:\/\/www.educaborras.com\/pt-pt\/produto\/20335-pt-pt\/#primaryimage"},"image":{"@id":"https:\/\/www.educaborras.com\/pt-pt\/produto\/20335-pt-pt\/#primaryimage"},"thumbnailUrl":"https:\/\/www.educaborras.com\/wp-content\/uploads\/20335_01_high.jpg","datePublished":"2025-09-17T10:53:16+00:00","dateModified":"2026-04-29T01:31:07+00:00","breadcrumb":{"@id":"https:\/\/www.educaborras.com\/pt-pt\/produto\/20335-pt-pt\/#breadcrumb"},"inLanguage":"pt-PT","potentialAction":[{"@type":"ReadAction","target":["https:\/\/www.educaborras.com\/pt-pt\/produto\/20335-pt-pt\/"]}]},{"@type":"ImageObject","inLanguage":"pt-PT","@id":"https:\/\/www.educaborras.com\/pt-pt\/produto\/20335-pt-pt\/#primaryimage","url":"https:\/\/www.educaborras.com\/wp-content\/uploads\/20335_01_high.jpg","contentUrl":"https:\/\/www.educaborras.com\/wp-content\/uploads\/20335_01_high.jpg","width":2400,"height":2400},{"@type":"BreadcrumbList","@id":"https:\/\/www.educaborras.com\/pt-pt\/produto\/20335-pt-pt\/#breadcrumb","itemListElement":[{"@type":"ListItem","position":1,"name":"Portada","item":"https:\/\/www.educaborras.com\/pt-pt\/"},{"@type":"ListItem","position":2,"name":"Produtos","item":"https:\/\/www.educaborras.com\/pt-pt\/shop\/"},{"@type":"ListItem","position":3,"name":"NY Panorama Puzzle 3D"}]},{"@type":"WebSite","@id":"https:\/\/www.educaborras.com\/pt-pt\/#website","url":"https:\/\/www.educaborras.com\/pt-pt\/","name":"Educa Borras","description":"","publisher":{"@id":"https:\/\/www.educaborras.com\/pt-pt\/#organization"},"potentialAction":[{"@type":"SearchAction","target":{"@type":"EntryPoint","urlTemplate":"https:\/\/www.educaborras.com\/pt-pt\/?s={search_term_string}"},"query-input":{"@type":"PropertyValueSpecification","valueRequired":true,"valueName":"search_term_string"}}],"inLanguage":"pt-PT"},{"@type":"Organization","@id":"https:\/\/www.educaborras.com\/pt-pt\/#organization","name":"Educa Borras","url":"https:\/\/www.educaborras.com\/pt-pt\/","logo":{"@type":"ImageObject","inLanguage":"pt-PT","@id":"https:\/\/www.educaborras.com\/pt-pt\/#\/schema\/logo\/image\/","url":"https:\/\/www.educaborras.com\/wp-content\/uploads\/cropped-LOGOS-EDUCA-BORRAS_retina.png","contentUrl":"https:\/\/www.educaborras.com\/wp-content\/uploads\/cropped-LOGOS-EDUCA-BORRAS_retina.png","caption":"Educa Borras"},"image":{"@id":"https:\/\/www.educaborras.com\/pt-pt\/#\/schema\/logo\/image\/"}}]}},"_links":{"self":[{"href":"https:\/\/www.educaborras.com\/pt-pt\/wp-json\/wp\/v2\/product\/248350","targetHints":{"allow":["GET"]}}],"collection":[{"href":"https:\/\/www.educaborras.com\/pt-pt\/wp-json\/wp\/v2\/product"}],"about":[{"href":"https:\/\/www.educaborras.com\/pt-pt\/wp-json\/wp\/v2\/types\/product"}],"wp:featuredmedia":[{"embeddable":true,"href":"https:\/\/www.educaborras.com\/pt-pt\/wp-json\/wp\/v2\/media\/245814"}],"wp:attachment":[{"href":"https:\/\/www.educaborras.com\/pt-pt\/wp-json\/wp\/v2\/media?parent=248350"}],"wp:term":[{"taxonomy":"product_brand","embeddable":true,"href":"https:\/\/www.educaborras.com\/pt-pt\/wp-json\/wp\/v2\/product_brand?post=248350"},{"taxonomy":"product_cat","embeddable":true,"href":"https:\/\/www.educaborras.com\/pt-pt\/wp-json\/wp\/v2\/product_cat?post=248350"},{"taxonomy":"product_tag","embeddable":true,"href":"https:\/\/www.educaborras.com\/pt-pt\/wp-json\/wp\/v2\/product_tag?post=248350"}],"curies":[{"name":"wp","href":"https:\/\/api.w.org\/{rel}","templated":true}]}}