{"id":2528,"date":"2017-10-04T12:24:52","date_gmt":"2017-10-04T10:24:52","guid":{"rendered":"http:\/\/2017.educaborras.com\/brinquedos-e-crescimento\/"},"modified":"2022-09-02T11:59:52","modified_gmt":"2022-09-02T09:59:52","slug":"brinquedos-e-crescimento","status":"publish","type":"page","link":"https:\/\/www.educaborras.com\/pt-pt\/brinquedos-e-crescimento\/","title":{"rendered":"Brinquedos e crescimento"},"content":{"rendered":"\t\t<div data-elementor-type=\"wp-page\" data-elementor-id=\"2528\" class=\"elementor elementor-2528 elementor-924\" data-elementor-post-type=\"page\">\n\t\t\t\t\t\t<section class=\"elementor-section elementor-top-section elementor-element elementor-element-6070f8c3 elementor-section-boxed elementor-section-height-default elementor-section-height-default\" data-id=\"6070f8c3\" data-element_type=\"section\" data-e-type=\"section\">\n\t\t\t\t\t\t<div class=\"elementor-container elementor-column-gap-default\">\n\t\t\t\t\t<div class=\"elementor-column elementor-col-100 elementor-top-column elementor-element elementor-element-7f917e4d\" data-id=\"7f917e4d\" data-element_type=\"column\" data-e-type=\"column\">\n\t\t\t<div class=\"elementor-widget-wrap elementor-element-populated\">\n\t\t\t\t\t\t<div class=\"elementor-element elementor-element-143031b7 elementor-widget elementor-widget-text-editor\" data-id=\"143031b7\" data-element_type=\"widget\" data-e-type=\"widget\" data-widget_type=\"text-editor.default\">\n\t\t\t\t<div class=\"elementor-widget-container\">\n\t\t\t\t\t\t\t\t\tAtualmente, tanto educadores como psic\u00f3logos infantis e pedagogos est\u00e3o de acordo na import\u00e2ncia que a atividade de brincar tem para o desenvolvimento da crian\u00e7a em todos os seus \u00e2mbitos: afetivo, intelectual, criativo, social e f\u00edsico. Brincar \u00e9 uma atividade volunt\u00e1ria, prazerosa e recreativa presente em todas as culturas humanas como atividade natural da inf\u00e2ncia, mas tamb\u00e9m \u00e9 um complemento indispens\u00e1vel na aprendizagem e na forma\u00e7\u00e3o da crian\u00e7a.\n\nSe o jogo for uma atividade chave na inf\u00e2ncia, vital para o correto desenvolvimento da crian\u00e7a, o brinquedo \u00e9 o instrumento e o suporte para a maioria dos jogos. Na Educa acreditamos que os brinquedos devem cumprir a dupla fun\u00e7\u00e3o de entreter e contribuir para esse desenvolvimento, e concebemos os nossos produtos com esse fim.\n<h2>Desenvolvimento da intelig\u00eancia<\/h2>\nOs brinquedos em que a crian\u00e7a monta e desmonta os seus componentes ajudam a desenvolver a capacidade de an\u00e1lise e s\u00edntese, e motivam a crian\u00e7a a pensar sobre os objetos que a rodeiam, com que d\u00e1 os seus primeiros passos para o racioc\u00ednio. Al\u00e9m disso, cada vez que brincam com estes elementos, as crian\u00e7as tentam melhorar e superar-se, aperfei\u00e7oando as suas aptid\u00f5es intelectuais. Para isso s\u00e3o ideais a grande variedade de puzzles da Educa, os m\u00faltiplos jogos de encaixes e os jogos de mem\u00f3ria.\n<h2>Desenvolvimento da criatividade<\/h2>\nUm dos aspetos fundamentais da inf\u00e2ncia \u00e9 a necessidade de expressar-se, de dar r\u00e9dea solta \u00e0 capacidade imaginativa. Fomentando a sua criatividade, a crian\u00e7a desenvolve uma poderosa arma para dar resposta aos desafios que o mundo apresentar\u00e1 ao longo de toda a sua vida. A cole\u00e7\u00e3o \u201cMagic Art\u201d \u00e9 ideal para incentivar esta criatividade.\n<h2>Desenvolvimento das capacidades sensoriais<\/h2>\nOs brinquedos baseados na associa\u00e7\u00e3o de cores e formas ajudam a aperfei\u00e7oar as capacidades sensoriais da crian\u00e7a, que aprende as similitudes e diferen\u00e7as entre os objetos atrav\u00e9s do material, da cor e a forma. Para desenvolver este aspeto, a Educa disp\u00f5e de uma grande variedade os domin\u00f3s, jogos de encaixe e puzzles.\n<h2>Descobrimento e conhecimento do ambiente<\/h2>\nAtrav\u00e9s dos jogos as crian\u00e7as descobrem e p\u00f5em-se em contacto de forma simb\u00f3lica com muitos dos elementos que fazem parte do mundo em que vive. Assim, atrav\u00e9s de fotografias, desenhos e atividades, as crian\u00e7as descobrem os animais, o clima, as horas, as letras do alfabeto, os n\u00fameros, etc. Estes jogos convertem-se em aliados indispens\u00e1veis de educadores e pais na forma\u00e7\u00e3o das crian\u00e7as, pois gra\u00e7as a eles, estas aprendem de uma forma divertida e interiorizam os conceitos de maneira natural. A Educa tem uma ampla gama de entretidos jogos educativos atrav\u00e9s dos quais as crian\u00e7as aprendem as letras, os n\u00fameros, as horas, etc.\n<h2>Desenvolvimento da motricidade<\/h2>\nOs jogos de bola, de empurras e arrastar ou os jogos desportivos em geral s\u00e3o muito importantes para desenvolver as capacidades de mobilidade, equil\u00edbrio e destreza nas crian\u00e7as.\n<h2>Desenvolvimento dos valores emocionais<\/h2>\nA partir do momento em que os pais oferecem um brinquedo a uma crian\u00e7a est\u00e3o a dar-lhe uma gratifica\u00e7\u00e3o afetiva que, a partir de determinada idade, a crian\u00e7a saber\u00e1 valorizar. Por outro lado, a crian\u00e7a relaciona-se com os objetos que lhe ajudam a expressar os seus sentimentos e a descarregar as suas emo\u00e7\u00f5es.\n<h2>Desenvolvimento da sociabilidade<\/h2>\nAtrav\u00e9s dos brinquedos as crian\u00e7as aprendem a relacionar-se com os outros, a comunicar e a p\u00f4r-se no lugar dos outros. Os brinquedos coletivos ensinam as crian\u00e7as a seguir regras, a colaborar e a amadurecer na sua rela\u00e7\u00e3o com os outros. Os jogos familiares da Educa s\u00e3o ideais para fomentar a sociabilidade da crian\u00e7a, mas os jogos de encaixe e puzzles tamb\u00e9m o s\u00e3o se a montagem for feita com a ajuda dos pais ou de outras crian\u00e7as.\t\t\t\t\t\t\t\t<\/div>\n\t\t\t\t<\/div>\n\t\t\t\t\t<\/div>\n\t\t<\/div>\n\t\t\t\t\t<\/div>\n\t\t<\/section>\n\t\t\t\t<\/div>\n\t\t","protected":false},"excerpt":{"rendered":"<p>Atualmente, tanto educadores como psic\u00f3logos infantis e pedagogos est\u00e3o de acordo na import\u00e2ncia que a atividade de brincar tem para o desenvolvimento da crian\u00e7a em todos os seus \u00e2mbitos: afetivo, intelectual, criativo, social e f\u00edsico. Brincar \u00e9 uma atividade volunt\u00e1ria, prazerosa e recreativa presente em todas as culturas humanas como atividade natural da inf\u00e2ncia, mas &#8230; <a title=\"Brinquedos e crescimento\" class=\"read-more\" href=\"https:\/\/www.educaborras.com\/pt-pt\/brinquedos-e-crescimento\/\" aria-label=\"Leia mais sobre Brinquedos e crescimento\">Ler mais<\/a><\/p>\n","protected":false},"author":1,"featured_media":0,"parent":0,"menu_order":0,"comment_status":"closed","ping_status":"closed","template":"","meta":{"_acf_changed":false,"footnotes":""},"class_list":["post-2528","page","type-page","status-publish"],"acf":[],"yoast_head":"<!-- This site is optimized with the Yoast SEO plugin v27.1.1 - https:\/\/yoast.com\/product\/yoast-seo-wordpress\/ -->\n<title>Brinquedos e crescimento - Educa Borras<\/title>\n<meta name=\"robots\" content=\"index, follow, max-snippet:-1, max-image-preview:large, max-video-preview:-1\" \/>\n<link rel=\"canonical\" href=\"https:\/\/www.educaborras.com\/pt-pt\/brinquedos-e-crescimento\/\" \/>\n<meta name=\"twitter:label1\" content=\"Tempo estimado de leitura\" \/>\n\t<meta name=\"twitter:data1\" content=\"3 minutos\" \/>\n<script type=\"application\/ld+json\" class=\"yoast-schema-graph\">{\"@context\":\"https:\/\/schema.org\",\"@graph\":[{\"@type\":\"WebPage\",\"@id\":\"https:\/\/www.educaborras.com\/pt-pt\/brinquedos-e-crescimento\/\",\"url\":\"https:\/\/www.educaborras.com\/pt-pt\/brinquedos-e-crescimento\/\",\"name\":\"Brinquedos e crescimento - Educa Borras\",\"isPartOf\":{\"@id\":\"https:\/\/www.educaborras.com\/pt-pt\/#website\"},\"datePublished\":\"2017-10-04T10:24:52+00:00\",\"dateModified\":\"2022-09-02T09:59:52+00:00\",\"breadcrumb\":{\"@id\":\"https:\/\/www.educaborras.com\/pt-pt\/brinquedos-e-crescimento\/#breadcrumb\"},\"inLanguage\":\"pt-PT\",\"potentialAction\":[{\"@type\":\"ReadAction\",\"target\":[\"https:\/\/www.educaborras.com\/pt-pt\/brinquedos-e-crescimento\/\"]}]},{\"@type\":\"BreadcrumbList\",\"@id\":\"https:\/\/www.educaborras.com\/pt-pt\/brinquedos-e-crescimento\/#breadcrumb\",\"itemListElement\":[{\"@type\":\"ListItem\",\"position\":1,\"name\":\"Portada\",\"item\":\"https:\/\/www.educaborras.com\/pt-pt\/\"},{\"@type\":\"ListItem\",\"position\":2,\"name\":\"Brinquedos e crescimento\"}]},{\"@type\":\"WebSite\",\"@id\":\"https:\/\/www.educaborras.com\/pt-pt\/#website\",\"url\":\"https:\/\/www.educaborras.com\/pt-pt\/\",\"name\":\"Educa Borras\",\"description\":\"\",\"publisher\":{\"@id\":\"https:\/\/www.educaborras.com\/pt-pt\/#organization\"},\"potentialAction\":[{\"@type\":\"SearchAction\",\"target\":{\"@type\":\"EntryPoint\",\"urlTemplate\":\"https:\/\/www.educaborras.com\/pt-pt\/?s={search_term_string}\"},\"query-input\":{\"@type\":\"PropertyValueSpecification\",\"valueRequired\":true,\"valueName\":\"search_term_string\"}}],\"inLanguage\":\"pt-PT\"},{\"@type\":\"Organization\",\"@id\":\"https:\/\/www.educaborras.com\/pt-pt\/#organization\",\"name\":\"Educa Borras\",\"url\":\"https:\/\/www.educaborras.com\/pt-pt\/\",\"logo\":{\"@type\":\"ImageObject\",\"inLanguage\":\"pt-PT\",\"@id\":\"https:\/\/www.educaborras.com\/pt-pt\/#\/schema\/logo\/image\/\",\"url\":\"https:\/\/www.educaborras.com\/wp-content\/uploads\/cropped-LOGOS-EDUCA-BORRAS_retina.png\",\"contentUrl\":\"https:\/\/www.educaborras.com\/wp-content\/uploads\/cropped-LOGOS-EDUCA-BORRAS_retina.png\",\"caption\":\"Educa Borras\"},\"image\":{\"@id\":\"https:\/\/www.educaborras.com\/pt-pt\/#\/schema\/logo\/image\/\"}}]}<\/script>\n<!-- \/ Yoast SEO plugin. -->","yoast_head_json":{"title":"Brinquedos e crescimento - Educa Borras","robots":{"index":"index","follow":"follow","max-snippet":"max-snippet:-1","max-image-preview":"max-image-preview:large","max-video-preview":"max-video-preview:-1"},"canonical":"https:\/\/www.educaborras.com\/pt-pt\/brinquedos-e-crescimento\/","twitter_misc":{"Tempo estimado de leitura":"3 minutos"},"schema":{"@context":"https:\/\/schema.org","@graph":[{"@type":"WebPage","@id":"https:\/\/www.educaborras.com\/pt-pt\/brinquedos-e-crescimento\/","url":"https:\/\/www.educaborras.com\/pt-pt\/brinquedos-e-crescimento\/","name":"Brinquedos e crescimento - Educa Borras","isPartOf":{"@id":"https:\/\/www.educaborras.com\/pt-pt\/#website"},"datePublished":"2017-10-04T10:24:52+00:00","dateModified":"2022-09-02T09:59:52+00:00","breadcrumb":{"@id":"https:\/\/www.educaborras.com\/pt-pt\/brinquedos-e-crescimento\/#breadcrumb"},"inLanguage":"pt-PT","potentialAction":[{"@type":"ReadAction","target":["https:\/\/www.educaborras.com\/pt-pt\/brinquedos-e-crescimento\/"]}]},{"@type":"BreadcrumbList","@id":"https:\/\/www.educaborras.com\/pt-pt\/brinquedos-e-crescimento\/#breadcrumb","itemListElement":[{"@type":"ListItem","position":1,"name":"Portada","item":"https:\/\/www.educaborras.com\/pt-pt\/"},{"@type":"ListItem","position":2,"name":"Brinquedos e crescimento"}]},{"@type":"WebSite","@id":"https:\/\/www.educaborras.com\/pt-pt\/#website","url":"https:\/\/www.educaborras.com\/pt-pt\/","name":"Educa Borras","description":"","publisher":{"@id":"https:\/\/www.educaborras.com\/pt-pt\/#organization"},"potentialAction":[{"@type":"SearchAction","target":{"@type":"EntryPoint","urlTemplate":"https:\/\/www.educaborras.com\/pt-pt\/?s={search_term_string}"},"query-input":{"@type":"PropertyValueSpecification","valueRequired":true,"valueName":"search_term_string"}}],"inLanguage":"pt-PT"},{"@type":"Organization","@id":"https:\/\/www.educaborras.com\/pt-pt\/#organization","name":"Educa Borras","url":"https:\/\/www.educaborras.com\/pt-pt\/","logo":{"@type":"ImageObject","inLanguage":"pt-PT","@id":"https:\/\/www.educaborras.com\/pt-pt\/#\/schema\/logo\/image\/","url":"https:\/\/www.educaborras.com\/wp-content\/uploads\/cropped-LOGOS-EDUCA-BORRAS_retina.png","contentUrl":"https:\/\/www.educaborras.com\/wp-content\/uploads\/cropped-LOGOS-EDUCA-BORRAS_retina.png","caption":"Educa Borras"},"image":{"@id":"https:\/\/www.educaborras.com\/pt-pt\/#\/schema\/logo\/image\/"}}]}},"_links":{"self":[{"href":"https:\/\/www.educaborras.com\/pt-pt\/wp-json\/wp\/v2\/pages\/2528","targetHints":{"allow":["GET"]}}],"collection":[{"href":"https:\/\/www.educaborras.com\/pt-pt\/wp-json\/wp\/v2\/pages"}],"about":[{"href":"https:\/\/www.educaborras.com\/pt-pt\/wp-json\/wp\/v2\/types\/page"}],"author":[{"embeddable":true,"href":"https:\/\/www.educaborras.com\/pt-pt\/wp-json\/wp\/v2\/users\/1"}],"replies":[{"embeddable":true,"href":"https:\/\/www.educaborras.com\/pt-pt\/wp-json\/wp\/v2\/comments?post=2528"}],"version-history":[{"count":0,"href":"https:\/\/www.educaborras.com\/pt-pt\/wp-json\/wp\/v2\/pages\/2528\/revisions"}],"wp:attachment":[{"href":"https:\/\/www.educaborras.com\/pt-pt\/wp-json\/wp\/v2\/media?parent=2528"}],"curies":[{"name":"wp","href":"https:\/\/api.w.org\/{rel}","templated":true}]}}