{"id":260460,"date":"2026-04-03T03:11:40","date_gmt":"2026-04-03T01:11:40","guid":{"rendered":"https:\/\/www.educaborras.com\/product\/18264-fr-167\/"},"modified":"2026-04-03T03:11:40","modified_gmt":"2026-04-03T01:11:40","slug":"18264-fr-167","status":"publish","type":"product","link":"https:\/\/www.educaborras.com\/fr\/produit\/18264-fr-167\/","title":{"rendered":"Jeu G\u00e9n\u00e9ration Souvenirs"},"content":{"rendered":"<p>G\u00e9n\u00e9ration Souvenirs, un jeu convivial et dr\u00f4le qui vous plongera dans votre enfance au travers de questions nostalgie et d\u00e9fis hilarants ! Seul ou en \u00e9quipe, r\u00e9pondez aux questions et relevez les d\u00e9fis pour gagner des badges et compl\u00e9ter votre carte veste. Jouets de r\u00e9cr\u00e9 inclus !\u00a0Pour des d\u00e9fis encore plus funs ! Lancez le\u00a0d\u00e9 g\u00e9ant\u00a0pour savoir quelle cat\u00e9gorie vous devez jouer : \u00e0 la r\u00e9cr\u00e9 \u2013 Jeux, jouets, BD, h\u00e9ros,&#8230; Ex : Je suis un petit jouet \u00e0 collectionner en forme de sucette&#8230; : La totoche ! s\u00fbr la bande FM \u2013 titr paroles, chanteurs,&#8230; Ex : Partenaire particulier cherche partenaire&#8230; : particulicre \u00c9toiles filantes \u2013 Objets, marques, artistes qui n\u2019existent plus que dans nos m\u00e9moires Ex : Lanc\u00e9 en 1980, on dit souvent qu\u2019il \u00e9tait l\u2019ancetre d\u2019Internet. : Le minitel \u00e0 la TV \u2013 Films, s\u00e9ries, dessins anim\u00e9s, \u00e9missions cultes,&#8230; Ex : Comment s\u2019appelait l\u2019\u00e9quipe de Olivier Haton dans Olive et Tom? : La New Team \u00e0 la maison Ex : Je suis une boisson en poudre aux ar\u00f4mes chimiques&#8230; : Le Tang D\u00e9fis : \u201cDuel\u201d ou \u201cTous en r\u00e9cr\u00e9 !\u201d Ex: Duel \u201cchou-fleur\u201d \/ Tous en r\u00e9cr\u00e9 \u201c1-2-3 Soleil\u201d \/ D\u00e9fis divers avec les jouets inclus The final countdown !\u00a0r\u00e9ussissez 4 d\u00e9fis\/questions \u00e0 la suite pour remporter la partie Contient\u00a0: 144 cartes, 1 d\u00e9 g\u00e9ant, 6 cartes veste recto-verso, 42 jetons badge, 1 puce sauteuse, main collante, 1 bille, 5 petits soldats, 6 capsules, rcgle du jeu. Dimensions :\u00a024 x18 x 6,5 cm<\/p>\n","protected":false},"excerpt":{"rendered":"<p>Le jeu des grands enfants n\u00e9s avant l\u2019an 2000 ! G\u00e9n\u00e9ration Souvenirs, un jeu convivial et dr\u00f4le qui vous plongera dans votre enfance au travers de questions nostalgie et d\u00e9fis hilarants ! Jouets de r\u00e9cr\u00e9 inclus ! Pour des d\u00e9fis encore plus funs<\/p>\n","protected":false},"featured_media":36936,"template":"","meta":{"_acf_changed":false},"product_brand":[],"product_cat":[73405],"product_tag":[106000,82674,74319,75458,75587,74204,74560,83682,106001,106002,83685,74609,74610,83686,83687,83688,75384,83689],"class_list":{"0":"post-260460","1":"product","2":"type-product","3":"status-publish","4":"has-post-thumbnail","6":"product_cat-jeux-de-societe-pour-adultes","7":"product_tag-20407-fr","8":"product_tag-art-fr","9":"product_tag-borras-fr","10":"product_tag-colores-fr","11":"product_tag-dibujos-fr","12":"product_tag-educa-fr","13":"product_tag-infantil-fr","14":"product_tag-lineas-fr","15":"product_tag-magic-art-number-animaux-marins-fr","16":"product_tag-magic-art-number-marine-animals-fr","17":"product_tag-magic-number-art-fr","18":"product_tag-ninas-fr","19":"product_tag-ninos-fr","20":"product_tag-number-fr","21":"product_tag-numero-fr","22":"product_tag-pintar-fr","23":"product_tag-pinturas-fr","24":"product_tag-por-fr","26":"first","27":"instock","28":"shipping-taxable","29":"product-type-simple"},"acf":[],"yoast_head":"<!-- This site is optimized with the Yoast SEO plugin v27.1.1 - https:\/\/yoast.com\/product\/yoast-seo-wordpress\/ -->\n<title>Jeu G\u00e9n\u00e9ration Souvenirs - Educa Borras<\/title>\n<meta name=\"robots\" content=\"index, follow, max-snippet:-1, max-image-preview:large, max-video-preview:-1\" \/>\n<link rel=\"canonical\" href=\"https:\/\/www.educaborras.com\/fr\/produit\/18264-fr-167\/\" \/>\n<meta name=\"twitter:label1\" content=\"Dur\u00e9e de lecture estim\u00e9e\" \/>\n\t<meta name=\"twitter:data1\" content=\"1 minute\" \/>\n<script type=\"application\/ld+json\" class=\"yoast-schema-graph\">{\"@context\":\"https:\/\/schema.org\",\"@graph\":[{\"@type\":\"WebPage\",\"@id\":\"https:\/\/www.educaborras.com\/fr\/produit\/18264-fr-167\/\",\"url\":\"https:\/\/www.educaborras.com\/fr\/produit\/18264-fr-167\/\",\"name\":\"Jeu G\u00e9n\u00e9ration Souvenirs - Educa Borras\",\"isPartOf\":{\"@id\":\"https:\/\/www.educaborras.com\/fr\/#website\"},\"primaryImageOfPage\":{\"@id\":\"https:\/\/www.educaborras.com\/fr\/produit\/18264-fr-167\/#primaryimage\"},\"image\":{\"@id\":\"https:\/\/www.educaborras.com\/fr\/produit\/18264-fr-167\/#primaryimage\"},\"thumbnailUrl\":\"https:\/\/www.educaborras.com\/wp-content\/uploads\/18298_01_high.jpg\",\"datePublished\":\"2026-04-03T01:11:40+00:00\",\"breadcrumb\":{\"@id\":\"https:\/\/www.educaborras.com\/fr\/produit\/18264-fr-167\/#breadcrumb\"},\"inLanguage\":\"fr-FR\",\"potentialAction\":[{\"@type\":\"ReadAction\",\"target\":[\"https:\/\/www.educaborras.com\/fr\/produit\/18264-fr-167\/\"]}]},{\"@type\":\"ImageObject\",\"inLanguage\":\"fr-FR\",\"@id\":\"https:\/\/www.educaborras.com\/fr\/produit\/18264-fr-167\/#primaryimage\",\"url\":\"https:\/\/www.educaborras.com\/wp-content\/uploads\/18298_01_high.jpg\",\"contentUrl\":\"https:\/\/www.educaborras.com\/wp-content\/uploads\/18298_01_high.jpg\"},{\"@type\":\"BreadcrumbList\",\"@id\":\"https:\/\/www.educaborras.com\/fr\/produit\/18264-fr-167\/#breadcrumb\",\"itemListElement\":[{\"@type\":\"ListItem\",\"position\":1,\"name\":\"Portada\",\"item\":\"https:\/\/www.educaborras.com\/fr\/\"},{\"@type\":\"ListItem\",\"position\":2,\"name\":\"Produits\",\"item\":\"https:\/\/www.educaborras.com\/fr\/shop\/\"},{\"@type\":\"ListItem\",\"position\":3,\"name\":\"Jeu G\u00e9n\u00e9ration Souvenirs\"}]},{\"@type\":\"WebSite\",\"@id\":\"https:\/\/www.educaborras.com\/fr\/#website\",\"url\":\"https:\/\/www.educaborras.com\/fr\/\",\"name\":\"Educa Borras\",\"description\":\"\",\"publisher\":{\"@id\":\"https:\/\/www.educaborras.com\/fr\/#organization\"},\"potentialAction\":[{\"@type\":\"SearchAction\",\"target\":{\"@type\":\"EntryPoint\",\"urlTemplate\":\"https:\/\/www.educaborras.com\/fr\/?s={search_term_string}\"},\"query-input\":{\"@type\":\"PropertyValueSpecification\",\"valueRequired\":true,\"valueName\":\"search_term_string\"}}],\"inLanguage\":\"fr-FR\"},{\"@type\":\"Organization\",\"@id\":\"https:\/\/www.educaborras.com\/fr\/#organization\",\"name\":\"Educa Borras\",\"url\":\"https:\/\/www.educaborras.com\/fr\/\",\"logo\":{\"@type\":\"ImageObject\",\"inLanguage\":\"fr-FR\",\"@id\":\"https:\/\/www.educaborras.com\/fr\/#\/schema\/logo\/image\/\",\"url\":\"https:\/\/www.educaborras.com\/wp-content\/uploads\/cropped-LOGOS-EDUCA-BORRAS_retina.png\",\"contentUrl\":\"https:\/\/www.educaborras.com\/wp-content\/uploads\/cropped-LOGOS-EDUCA-BORRAS_retina.png\",\"caption\":\"Educa Borras\"},\"image\":{\"@id\":\"https:\/\/www.educaborras.com\/fr\/#\/schema\/logo\/image\/\"}}]}<\/script>\n<!-- \/ Yoast SEO plugin. -->","yoast_head_json":{"title":"Jeu G\u00e9n\u00e9ration Souvenirs - Educa Borras","robots":{"index":"index","follow":"follow","max-snippet":"max-snippet:-1","max-image-preview":"max-image-preview:large","max-video-preview":"max-video-preview:-1"},"canonical":"https:\/\/www.educaborras.com\/fr\/produit\/18264-fr-167\/","twitter_misc":{"Dur\u00e9e de lecture estim\u00e9e":"1 minute"},"schema":{"@context":"https:\/\/schema.org","@graph":[{"@type":"WebPage","@id":"https:\/\/www.educaborras.com\/fr\/produit\/18264-fr-167\/","url":"https:\/\/www.educaborras.com\/fr\/produit\/18264-fr-167\/","name":"Jeu G\u00e9n\u00e9ration Souvenirs - Educa Borras","isPartOf":{"@id":"https:\/\/www.educaborras.com\/fr\/#website"},"primaryImageOfPage":{"@id":"https:\/\/www.educaborras.com\/fr\/produit\/18264-fr-167\/#primaryimage"},"image":{"@id":"https:\/\/www.educaborras.com\/fr\/produit\/18264-fr-167\/#primaryimage"},"thumbnailUrl":"https:\/\/www.educaborras.com\/wp-content\/uploads\/18298_01_high.jpg","datePublished":"2026-04-03T01:11:40+00:00","breadcrumb":{"@id":"https:\/\/www.educaborras.com\/fr\/produit\/18264-fr-167\/#breadcrumb"},"inLanguage":"fr-FR","potentialAction":[{"@type":"ReadAction","target":["https:\/\/www.educaborras.com\/fr\/produit\/18264-fr-167\/"]}]},{"@type":"ImageObject","inLanguage":"fr-FR","@id":"https:\/\/www.educaborras.com\/fr\/produit\/18264-fr-167\/#primaryimage","url":"https:\/\/www.educaborras.com\/wp-content\/uploads\/18298_01_high.jpg","contentUrl":"https:\/\/www.educaborras.com\/wp-content\/uploads\/18298_01_high.jpg"},{"@type":"BreadcrumbList","@id":"https:\/\/www.educaborras.com\/fr\/produit\/18264-fr-167\/#breadcrumb","itemListElement":[{"@type":"ListItem","position":1,"name":"Portada","item":"https:\/\/www.educaborras.com\/fr\/"},{"@type":"ListItem","position":2,"name":"Produits","item":"https:\/\/www.educaborras.com\/fr\/shop\/"},{"@type":"ListItem","position":3,"name":"Jeu G\u00e9n\u00e9ration Souvenirs"}]},{"@type":"WebSite","@id":"https:\/\/www.educaborras.com\/fr\/#website","url":"https:\/\/www.educaborras.com\/fr\/","name":"Educa Borras","description":"","publisher":{"@id":"https:\/\/www.educaborras.com\/fr\/#organization"},"potentialAction":[{"@type":"SearchAction","target":{"@type":"EntryPoint","urlTemplate":"https:\/\/www.educaborras.com\/fr\/?s={search_term_string}"},"query-input":{"@type":"PropertyValueSpecification","valueRequired":true,"valueName":"search_term_string"}}],"inLanguage":"fr-FR"},{"@type":"Organization","@id":"https:\/\/www.educaborras.com\/fr\/#organization","name":"Educa Borras","url":"https:\/\/www.educaborras.com\/fr\/","logo":{"@type":"ImageObject","inLanguage":"fr-FR","@id":"https:\/\/www.educaborras.com\/fr\/#\/schema\/logo\/image\/","url":"https:\/\/www.educaborras.com\/wp-content\/uploads\/cropped-LOGOS-EDUCA-BORRAS_retina.png","contentUrl":"https:\/\/www.educaborras.com\/wp-content\/uploads\/cropped-LOGOS-EDUCA-BORRAS_retina.png","caption":"Educa Borras"},"image":{"@id":"https:\/\/www.educaborras.com\/fr\/#\/schema\/logo\/image\/"}}]}},"_links":{"self":[{"href":"https:\/\/www.educaborras.com\/fr\/wp-json\/wp\/v2\/product\/260460","targetHints":{"allow":["GET"]}}],"collection":[{"href":"https:\/\/www.educaborras.com\/fr\/wp-json\/wp\/v2\/product"}],"about":[{"href":"https:\/\/www.educaborras.com\/fr\/wp-json\/wp\/v2\/types\/product"}],"wp:featuredmedia":[{"embeddable":true,"href":"https:\/\/www.educaborras.com\/fr\/wp-json\/wp\/v2\/media\/36936"}],"wp:attachment":[{"href":"https:\/\/www.educaborras.com\/fr\/wp-json\/wp\/v2\/media?parent=260460"}],"wp:term":[{"taxonomy":"product_brand","embeddable":true,"href":"https:\/\/www.educaborras.com\/fr\/wp-json\/wp\/v2\/product_brand?post=260460"},{"taxonomy":"product_cat","embeddable":true,"href":"https:\/\/www.educaborras.com\/fr\/wp-json\/wp\/v2\/product_cat?post=260460"},{"taxonomy":"product_tag","embeddable":true,"href":"https:\/\/www.educaborras.com\/fr\/wp-json\/wp\/v2\/product_tag?post=260460"}],"curies":[{"name":"wp","href":"https:\/\/api.w.org\/{rel}","templated":true}]}}