{"id":253954,"date":"2025-11-13T03:22:01","date_gmt":"2025-11-13T01:22:01","guid":{"rendered":"https:\/\/www.educaborras.com\/product\/19350-fr-3\/"},"modified":"2025-11-13T03:22:01","modified_gmt":"2025-11-13T01:22:01","slug":"19350-fr-3","status":"publish","type":"product","link":"https:\/\/www.educaborras.com\/fr\/produit\/19350-fr-3\/","title":{"rendered":"My Model Doll Design Fashion Atelier"},"content":{"rendered":"<p>La bo\u00eete comprend tous les \u00e9l\u00e9ments n\u00e9cessaires pour cr\u00e9er des tenues avec les motifs imprim\u00e9s ainsi que les motifs en noir et blanc \u00e0 cr\u00e9er. Il comprend un mannequin pour pr\u00e9senter les v\u00eatements con\u00e7us et une armoire pour ranger tous les mod\u00e8les et accessoires de My Model. Contenu : &#8211; 1 poup\u00e9e articul\u00e9e \u00e0 assembler &#8211; Tissu avec motifs pr\u00e9-imprim\u00e9s &#8211; Tissu avec motifs non imprim\u00e9s &#8211; Accessoires de mode &#8211; Pinces \u00e0 v\u00eatements &#8211; 2 sacs de laine pour les cheveux &#8211; 1 outil de perforation &#8211; mannequin &#8211; armoire &#8211; autocollants &#8211; Instructions et instructions vid\u00e9o.<\/p>\n","protected":false},"excerpt":{"rendered":"<p>La bo\u00eete comprend tous les \u00e9l\u00e9ments n\u00e9cessaires pour cr\u00e9er des tenues avec les motifs imprim\u00e9s ainsi que les motifs en noir et blanc \u00e0 cr\u00e9er. Il comprend un mannequin pour pr\u00e9senter les v\u00eatements con\u00e7us et une armoire pour ranger tous les mod\u00e8les et accessoires de My Model.<\/p>\n","protected":false},"featured_media":104537,"template":"","meta":{"_acf_changed":false},"product_brand":[],"product_cat":[73131],"product_tag":[75236,75244,75249,75248,75246,75247,75241,75238,75237,75240,75245,75243,75242,75239],"class_list":{"0":"post-253954","1":"product","2":"type-product","3":"status-publish","4":"has-post-thumbnail","6":"product_cat-my-model","7":"product_tag-75236","8":"product_tag-4000-el-mon","9":"product_tag-4000-historische-weltkarte","10":"product_tag-4000-mapamundi","11":"product_tag-4000-mappemonde","12":"product_tag-4000-the-world","13":"product_tag-executive-map","14":"product_tag-map","15":"product_tag-mapa","16":"product_tag-mapa-mundi","17":"product_tag-mapa-politic","18":"product_tag-mapa-politic4000-el-mundo","19":"product_tag-mapa-politico","20":"product_tag-world","22":"first","23":"instock","24":"shipping-taxable","25":"product-type-simple"},"acf":[],"yoast_head":"<!-- This site is optimized with the Yoast SEO plugin v27.1.1 - https:\/\/yoast.com\/product\/yoast-seo-wordpress\/ -->\n<title>My Model Doll Design Fashion Atelier - Educa Borras<\/title>\n<meta name=\"robots\" content=\"index, follow, max-snippet:-1, max-image-preview:large, max-video-preview:-1\" \/>\n<link rel=\"canonical\" href=\"https:\/\/www.educaborras.com\/fr\/produit\/19350-fr-3\/\" \/>\n<meta name=\"twitter:label1\" content=\"Dur\u00e9e de lecture estim\u00e9e\" \/>\n\t<meta name=\"twitter:data1\" content=\"1 minute\" \/>\n<script type=\"application\/ld+json\" class=\"yoast-schema-graph\">{\"@context\":\"https:\/\/schema.org\",\"@graph\":[{\"@type\":\"WebPage\",\"@id\":\"https:\/\/www.educaborras.com\/fr\/produit\/19350-fr-3\/\",\"url\":\"https:\/\/www.educaborras.com\/fr\/produit\/19350-fr-3\/\",\"name\":\"My Model Doll Design Fashion Atelier - Educa Borras\",\"isPartOf\":{\"@id\":\"https:\/\/www.educaborras.com\/fr\/#website\"},\"primaryImageOfPage\":{\"@id\":\"https:\/\/www.educaborras.com\/fr\/produit\/19350-fr-3\/#primaryimage\"},\"image\":{\"@id\":\"https:\/\/www.educaborras.com\/fr\/produit\/19350-fr-3\/#primaryimage\"},\"thumbnailUrl\":\"https:\/\/www.educaborras.com\/wp-content\/uploads\/19350_01_high.jpg\",\"datePublished\":\"2025-11-13T01:22:01+00:00\",\"breadcrumb\":{\"@id\":\"https:\/\/www.educaborras.com\/fr\/produit\/19350-fr-3\/#breadcrumb\"},\"inLanguage\":\"fr-FR\",\"potentialAction\":[{\"@type\":\"ReadAction\",\"target\":[\"https:\/\/www.educaborras.com\/fr\/produit\/19350-fr-3\/\"]}]},{\"@type\":\"ImageObject\",\"inLanguage\":\"fr-FR\",\"@id\":\"https:\/\/www.educaborras.com\/fr\/produit\/19350-fr-3\/#primaryimage\",\"url\":\"https:\/\/www.educaborras.com\/wp-content\/uploads\/19350_01_high.jpg\",\"contentUrl\":\"https:\/\/www.educaborras.com\/wp-content\/uploads\/19350_01_high.jpg\",\"width\":2000,\"height\":1513,\"caption\":\"Producto 19350\"},{\"@type\":\"BreadcrumbList\",\"@id\":\"https:\/\/www.educaborras.com\/fr\/produit\/19350-fr-3\/#breadcrumb\",\"itemListElement\":[{\"@type\":\"ListItem\",\"position\":1,\"name\":\"Portada\",\"item\":\"https:\/\/www.educaborras.com\/fr\/\"},{\"@type\":\"ListItem\",\"position\":2,\"name\":\"Produits\",\"item\":\"https:\/\/www.educaborras.com\/fr\/shop\/\"},{\"@type\":\"ListItem\",\"position\":3,\"name\":\"My Model Doll Design Fashion Atelier\"}]},{\"@type\":\"WebSite\",\"@id\":\"https:\/\/www.educaborras.com\/fr\/#website\",\"url\":\"https:\/\/www.educaborras.com\/fr\/\",\"name\":\"Educa Borras\",\"description\":\"\",\"publisher\":{\"@id\":\"https:\/\/www.educaborras.com\/fr\/#organization\"},\"potentialAction\":[{\"@type\":\"SearchAction\",\"target\":{\"@type\":\"EntryPoint\",\"urlTemplate\":\"https:\/\/www.educaborras.com\/fr\/?s={search_term_string}\"},\"query-input\":{\"@type\":\"PropertyValueSpecification\",\"valueRequired\":true,\"valueName\":\"search_term_string\"}}],\"inLanguage\":\"fr-FR\"},{\"@type\":\"Organization\",\"@id\":\"https:\/\/www.educaborras.com\/fr\/#organization\",\"name\":\"Educa Borras\",\"url\":\"https:\/\/www.educaborras.com\/fr\/\",\"logo\":{\"@type\":\"ImageObject\",\"inLanguage\":\"fr-FR\",\"@id\":\"https:\/\/www.educaborras.com\/fr\/#\/schema\/logo\/image\/\",\"url\":\"https:\/\/www.educaborras.com\/wp-content\/uploads\/cropped-LOGOS-EDUCA-BORRAS_retina.png\",\"contentUrl\":\"https:\/\/www.educaborras.com\/wp-content\/uploads\/cropped-LOGOS-EDUCA-BORRAS_retina.png\",\"caption\":\"Educa Borras\"},\"image\":{\"@id\":\"https:\/\/www.educaborras.com\/fr\/#\/schema\/logo\/image\/\"}}]}<\/script>\n<!-- \/ Yoast SEO plugin. -->","yoast_head_json":{"title":"My Model Doll Design Fashion Atelier - Educa Borras","robots":{"index":"index","follow":"follow","max-snippet":"max-snippet:-1","max-image-preview":"max-image-preview:large","max-video-preview":"max-video-preview:-1"},"canonical":"https:\/\/www.educaborras.com\/fr\/produit\/19350-fr-3\/","twitter_misc":{"Dur\u00e9e de lecture estim\u00e9e":"1 minute"},"schema":{"@context":"https:\/\/schema.org","@graph":[{"@type":"WebPage","@id":"https:\/\/www.educaborras.com\/fr\/produit\/19350-fr-3\/","url":"https:\/\/www.educaborras.com\/fr\/produit\/19350-fr-3\/","name":"My Model Doll Design Fashion Atelier - Educa Borras","isPartOf":{"@id":"https:\/\/www.educaborras.com\/fr\/#website"},"primaryImageOfPage":{"@id":"https:\/\/www.educaborras.com\/fr\/produit\/19350-fr-3\/#primaryimage"},"image":{"@id":"https:\/\/www.educaborras.com\/fr\/produit\/19350-fr-3\/#primaryimage"},"thumbnailUrl":"https:\/\/www.educaborras.com\/wp-content\/uploads\/19350_01_high.jpg","datePublished":"2025-11-13T01:22:01+00:00","breadcrumb":{"@id":"https:\/\/www.educaborras.com\/fr\/produit\/19350-fr-3\/#breadcrumb"},"inLanguage":"fr-FR","potentialAction":[{"@type":"ReadAction","target":["https:\/\/www.educaborras.com\/fr\/produit\/19350-fr-3\/"]}]},{"@type":"ImageObject","inLanguage":"fr-FR","@id":"https:\/\/www.educaborras.com\/fr\/produit\/19350-fr-3\/#primaryimage","url":"https:\/\/www.educaborras.com\/wp-content\/uploads\/19350_01_high.jpg","contentUrl":"https:\/\/www.educaborras.com\/wp-content\/uploads\/19350_01_high.jpg","width":2000,"height":1513,"caption":"Producto 19350"},{"@type":"BreadcrumbList","@id":"https:\/\/www.educaborras.com\/fr\/produit\/19350-fr-3\/#breadcrumb","itemListElement":[{"@type":"ListItem","position":1,"name":"Portada","item":"https:\/\/www.educaborras.com\/fr\/"},{"@type":"ListItem","position":2,"name":"Produits","item":"https:\/\/www.educaborras.com\/fr\/shop\/"},{"@type":"ListItem","position":3,"name":"My Model Doll Design Fashion Atelier"}]},{"@type":"WebSite","@id":"https:\/\/www.educaborras.com\/fr\/#website","url":"https:\/\/www.educaborras.com\/fr\/","name":"Educa Borras","description":"","publisher":{"@id":"https:\/\/www.educaborras.com\/fr\/#organization"},"potentialAction":[{"@type":"SearchAction","target":{"@type":"EntryPoint","urlTemplate":"https:\/\/www.educaborras.com\/fr\/?s={search_term_string}"},"query-input":{"@type":"PropertyValueSpecification","valueRequired":true,"valueName":"search_term_string"}}],"inLanguage":"fr-FR"},{"@type":"Organization","@id":"https:\/\/www.educaborras.com\/fr\/#organization","name":"Educa Borras","url":"https:\/\/www.educaborras.com\/fr\/","logo":{"@type":"ImageObject","inLanguage":"fr-FR","@id":"https:\/\/www.educaborras.com\/fr\/#\/schema\/logo\/image\/","url":"https:\/\/www.educaborras.com\/wp-content\/uploads\/cropped-LOGOS-EDUCA-BORRAS_retina.png","contentUrl":"https:\/\/www.educaborras.com\/wp-content\/uploads\/cropped-LOGOS-EDUCA-BORRAS_retina.png","caption":"Educa Borras"},"image":{"@id":"https:\/\/www.educaborras.com\/fr\/#\/schema\/logo\/image\/"}}]}},"_links":{"self":[{"href":"https:\/\/www.educaborras.com\/fr\/wp-json\/wp\/v2\/product\/253954","targetHints":{"allow":["GET"]}}],"collection":[{"href":"https:\/\/www.educaborras.com\/fr\/wp-json\/wp\/v2\/product"}],"about":[{"href":"https:\/\/www.educaborras.com\/fr\/wp-json\/wp\/v2\/types\/product"}],"wp:featuredmedia":[{"embeddable":true,"href":"https:\/\/www.educaborras.com\/fr\/wp-json\/wp\/v2\/media\/104537"}],"wp:attachment":[{"href":"https:\/\/www.educaborras.com\/fr\/wp-json\/wp\/v2\/media?parent=253954"}],"wp:term":[{"taxonomy":"product_brand","embeddable":true,"href":"https:\/\/www.educaborras.com\/fr\/wp-json\/wp\/v2\/product_brand?post=253954"},{"taxonomy":"product_cat","embeddable":true,"href":"https:\/\/www.educaborras.com\/fr\/wp-json\/wp\/v2\/product_cat?post=253954"},{"taxonomy":"product_tag","embeddable":true,"href":"https:\/\/www.educaborras.com\/fr\/wp-json\/wp\/v2\/product_tag?post=253954"}],"curies":[{"name":"wp","href":"https:\/\/api.w.org\/{rel}","templated":true}]}}