{"id":253629,"date":"2025-11-06T12:50:20","date_gmt":"2025-11-06T10:50:20","guid":{"rendered":"https:\/\/www.educaborras.com\/product\/20007-fr-2\/"},"modified":"2026-05-03T03:40:09","modified_gmt":"2026-05-03T01:40:09","slug":"20007-fr-2","status":"publish","type":"product","link":"https:\/\/www.educaborras.com\/fr\/produit\/20007-fr-2\/","title":{"rendered":"100% Loguique"},"content":{"rendered":"<p>Un jeu bas\u00e9 sur le c\u00e9l\u00e8bre programme t\u00e9l\u00e9vis\u00e9, ce jeu de plateau stimulant d\u00e9terminera qui des membres de la famille peut rejoindre le top 1%! Un jeu de questions-r\u00e9ponses diff\u00e9rent de tous les autres! Le jeu o\u00f9 les questions n&rsquo;ont rien \u00e0 voir avec la culture g\u00e9n\u00e9rale, votre niveau d\u2019\u00e9tudes, ou d&rsquo;obscures quizz et o\u00f9 il faudra faire preuve de logique et de bon sens car LA REPONSE EST SOUS VOS YEUX! Contenu: Platau de jeu, solhouette pr\u00e9sentateur, \u00e9cran des questions, 6 crayons, 48 jetons \u00ab\u00a0participant\u00a0\u00bb (8 par joueur), 216 cartes questions recto-verso, classeur de cartes par niveau de difficult\u00e9, sablier, bloc de feuilles de r\u00e9ponses.<\/p>\n","protected":false},"excerpt":{"rendered":"<p>Un jeu bas\u00e9 sur le c\u00e9l\u00e8bre programme t\u00e9l\u00e9vis\u00e9, ce jeu de plateau stimulant d\u00e9terminera qui des membres de la famille peut rejoindre le top 1%! Un jeu de questions-r\u00e9ponses diff\u00e9rent de tous les autres! Le jeu o\u00f9 les questions n&rsquo;ont rien \u00e0 voir avec la culture g\u00e9n\u00e9rale, votre niveau d\u2019\u00e9tudes, ou d&rsquo;obscures quizz et o\u00f9 il faudra faire preuve de logique et de bon sens car LA REPONSE EST SOUS VOS YEUX!<\/p>\n","protected":false},"featured_media":117795,"template":"","meta":{"_acf_changed":false},"product_brand":[],"product_cat":[73254,73253],"product_tag":[101638,101637,101643,101644,75050,74017,101641,96101,87181,80315,101567,89967,73999,101640,101642,101639,92858,85080],"class_list":{"0":"post-253629","1":"product","2":"type-product","3":"status-publish","4":"has-post-thumbnail","6":"product_cat-enfants-et-famille","7":"product_cat-jeux-de-societe","8":"product_tag-100-logique","9":"product_tag-101637","10":"product_tag-bloc","11":"product_tag-candidats","12":"product_tag-cartes-fr","13":"product_tag-cartes","14":"product_tag-crayons","15":"product_tag-enfant-fr","16":"product_tag-enfant","17":"product_tag-familie","18":"product_tag-jetons","19":"product_tag-jeu-fr","20":"product_tag-jeu","21":"product_tag-jeu-televise","22":"product_tag-presentateur","23":"product_tag-reponse","24":"product_tag-tableau-fr","25":"product_tag-tableau","27":"first","28":"instock","29":"shipping-taxable","30":"product-type-simple"},"acf":[],"yoast_head":"<!-- This site is optimized with the Yoast SEO plugin v27.1.1 - https:\/\/yoast.com\/product\/yoast-seo-wordpress\/ -->\n<title>100% Loguique - Educa Borras<\/title>\n<meta name=\"robots\" content=\"index, follow, max-snippet:-1, max-image-preview:large, max-video-preview:-1\" \/>\n<link rel=\"canonical\" href=\"https:\/\/www.educaborras.com\/fr\/produit\/20007-fr-2\/\" \/>\n<meta name=\"twitter:label1\" content=\"Dur\u00e9e de lecture estim\u00e9e\" \/>\n\t<meta name=\"twitter:data1\" content=\"1 minute\" \/>\n<script type=\"application\/ld+json\" class=\"yoast-schema-graph\">{\"@context\":\"https:\/\/schema.org\",\"@graph\":[{\"@type\":\"WebPage\",\"@id\":\"https:\/\/www.educaborras.com\/fr\/produit\/20007-fr-2\/\",\"url\":\"https:\/\/www.educaborras.com\/fr\/produit\/20007-fr-2\/\",\"name\":\"100% Loguique - Educa Borras\",\"isPartOf\":{\"@id\":\"https:\/\/www.educaborras.com\/fr\/#website\"},\"primaryImageOfPage\":{\"@id\":\"https:\/\/www.educaborras.com\/fr\/produit\/20007-fr-2\/#primaryimage\"},\"image\":{\"@id\":\"https:\/\/www.educaborras.com\/fr\/produit\/20007-fr-2\/#primaryimage\"},\"thumbnailUrl\":\"https:\/\/www.educaborras.com\/wp-content\/uploads\/20010_01_high.jpg\",\"datePublished\":\"2025-11-06T10:50:20+00:00\",\"dateModified\":\"2026-05-03T01:40:09+00:00\",\"breadcrumb\":{\"@id\":\"https:\/\/www.educaborras.com\/fr\/produit\/20007-fr-2\/#breadcrumb\"},\"inLanguage\":\"fr-FR\",\"potentialAction\":[{\"@type\":\"ReadAction\",\"target\":[\"https:\/\/www.educaborras.com\/fr\/produit\/20007-fr-2\/\"]}]},{\"@type\":\"ImageObject\",\"inLanguage\":\"fr-FR\",\"@id\":\"https:\/\/www.educaborras.com\/fr\/produit\/20007-fr-2\/#primaryimage\",\"url\":\"https:\/\/www.educaborras.com\/wp-content\/uploads\/20010_01_high.jpg\",\"contentUrl\":\"https:\/\/www.educaborras.com\/wp-content\/uploads\/20010_01_high.jpg\",\"width\":2400,\"height\":2400,\"caption\":\"Il \u00c9tait une fois - Les objets\"},{\"@type\":\"BreadcrumbList\",\"@id\":\"https:\/\/www.educaborras.com\/fr\/produit\/20007-fr-2\/#breadcrumb\",\"itemListElement\":[{\"@type\":\"ListItem\",\"position\":1,\"name\":\"Portada\",\"item\":\"https:\/\/www.educaborras.com\/fr\/\"},{\"@type\":\"ListItem\",\"position\":2,\"name\":\"Produits\",\"item\":\"https:\/\/www.educaborras.com\/fr\/shop\/\"},{\"@type\":\"ListItem\",\"position\":3,\"name\":\"100% Loguique\"}]},{\"@type\":\"WebSite\",\"@id\":\"https:\/\/www.educaborras.com\/fr\/#website\",\"url\":\"https:\/\/www.educaborras.com\/fr\/\",\"name\":\"Educa Borras\",\"description\":\"\",\"publisher\":{\"@id\":\"https:\/\/www.educaborras.com\/fr\/#organization\"},\"potentialAction\":[{\"@type\":\"SearchAction\",\"target\":{\"@type\":\"EntryPoint\",\"urlTemplate\":\"https:\/\/www.educaborras.com\/fr\/?s={search_term_string}\"},\"query-input\":{\"@type\":\"PropertyValueSpecification\",\"valueRequired\":true,\"valueName\":\"search_term_string\"}}],\"inLanguage\":\"fr-FR\"},{\"@type\":\"Organization\",\"@id\":\"https:\/\/www.educaborras.com\/fr\/#organization\",\"name\":\"Educa Borras\",\"url\":\"https:\/\/www.educaborras.com\/fr\/\",\"logo\":{\"@type\":\"ImageObject\",\"inLanguage\":\"fr-FR\",\"@id\":\"https:\/\/www.educaborras.com\/fr\/#\/schema\/logo\/image\/\",\"url\":\"https:\/\/www.educaborras.com\/wp-content\/uploads\/cropped-LOGOS-EDUCA-BORRAS_retina.png\",\"contentUrl\":\"https:\/\/www.educaborras.com\/wp-content\/uploads\/cropped-LOGOS-EDUCA-BORRAS_retina.png\",\"caption\":\"Educa Borras\"},\"image\":{\"@id\":\"https:\/\/www.educaborras.com\/fr\/#\/schema\/logo\/image\/\"}}]}<\/script>\n<!-- \/ Yoast SEO plugin. -->","yoast_head_json":{"title":"100% Loguique - Educa Borras","robots":{"index":"index","follow":"follow","max-snippet":"max-snippet:-1","max-image-preview":"max-image-preview:large","max-video-preview":"max-video-preview:-1"},"canonical":"https:\/\/www.educaborras.com\/fr\/produit\/20007-fr-2\/","twitter_misc":{"Dur\u00e9e de lecture estim\u00e9e":"1 minute"},"schema":{"@context":"https:\/\/schema.org","@graph":[{"@type":"WebPage","@id":"https:\/\/www.educaborras.com\/fr\/produit\/20007-fr-2\/","url":"https:\/\/www.educaborras.com\/fr\/produit\/20007-fr-2\/","name":"100% Loguique - Educa Borras","isPartOf":{"@id":"https:\/\/www.educaborras.com\/fr\/#website"},"primaryImageOfPage":{"@id":"https:\/\/www.educaborras.com\/fr\/produit\/20007-fr-2\/#primaryimage"},"image":{"@id":"https:\/\/www.educaborras.com\/fr\/produit\/20007-fr-2\/#primaryimage"},"thumbnailUrl":"https:\/\/www.educaborras.com\/wp-content\/uploads\/20010_01_high.jpg","datePublished":"2025-11-06T10:50:20+00:00","dateModified":"2026-05-03T01:40:09+00:00","breadcrumb":{"@id":"https:\/\/www.educaborras.com\/fr\/produit\/20007-fr-2\/#breadcrumb"},"inLanguage":"fr-FR","potentialAction":[{"@type":"ReadAction","target":["https:\/\/www.educaborras.com\/fr\/produit\/20007-fr-2\/"]}]},{"@type":"ImageObject","inLanguage":"fr-FR","@id":"https:\/\/www.educaborras.com\/fr\/produit\/20007-fr-2\/#primaryimage","url":"https:\/\/www.educaborras.com\/wp-content\/uploads\/20010_01_high.jpg","contentUrl":"https:\/\/www.educaborras.com\/wp-content\/uploads\/20010_01_high.jpg","width":2400,"height":2400,"caption":"Il \u00c9tait une fois - Les objets"},{"@type":"BreadcrumbList","@id":"https:\/\/www.educaborras.com\/fr\/produit\/20007-fr-2\/#breadcrumb","itemListElement":[{"@type":"ListItem","position":1,"name":"Portada","item":"https:\/\/www.educaborras.com\/fr\/"},{"@type":"ListItem","position":2,"name":"Produits","item":"https:\/\/www.educaborras.com\/fr\/shop\/"},{"@type":"ListItem","position":3,"name":"100% Loguique"}]},{"@type":"WebSite","@id":"https:\/\/www.educaborras.com\/fr\/#website","url":"https:\/\/www.educaborras.com\/fr\/","name":"Educa Borras","description":"","publisher":{"@id":"https:\/\/www.educaborras.com\/fr\/#organization"},"potentialAction":[{"@type":"SearchAction","target":{"@type":"EntryPoint","urlTemplate":"https:\/\/www.educaborras.com\/fr\/?s={search_term_string}"},"query-input":{"@type":"PropertyValueSpecification","valueRequired":true,"valueName":"search_term_string"}}],"inLanguage":"fr-FR"},{"@type":"Organization","@id":"https:\/\/www.educaborras.com\/fr\/#organization","name":"Educa Borras","url":"https:\/\/www.educaborras.com\/fr\/","logo":{"@type":"ImageObject","inLanguage":"fr-FR","@id":"https:\/\/www.educaborras.com\/fr\/#\/schema\/logo\/image\/","url":"https:\/\/www.educaborras.com\/wp-content\/uploads\/cropped-LOGOS-EDUCA-BORRAS_retina.png","contentUrl":"https:\/\/www.educaborras.com\/wp-content\/uploads\/cropped-LOGOS-EDUCA-BORRAS_retina.png","caption":"Educa Borras"},"image":{"@id":"https:\/\/www.educaborras.com\/fr\/#\/schema\/logo\/image\/"}}]}},"_links":{"self":[{"href":"https:\/\/www.educaborras.com\/fr\/wp-json\/wp\/v2\/product\/253629","targetHints":{"allow":["GET"]}}],"collection":[{"href":"https:\/\/www.educaborras.com\/fr\/wp-json\/wp\/v2\/product"}],"about":[{"href":"https:\/\/www.educaborras.com\/fr\/wp-json\/wp\/v2\/types\/product"}],"wp:featuredmedia":[{"embeddable":true,"href":"https:\/\/www.educaborras.com\/fr\/wp-json\/wp\/v2\/media\/117795"}],"wp:attachment":[{"href":"https:\/\/www.educaborras.com\/fr\/wp-json\/wp\/v2\/media?parent=253629"}],"wp:term":[{"taxonomy":"product_brand","embeddable":true,"href":"https:\/\/www.educaborras.com\/fr\/wp-json\/wp\/v2\/product_brand?post=253629"},{"taxonomy":"product_cat","embeddable":true,"href":"https:\/\/www.educaborras.com\/fr\/wp-json\/wp\/v2\/product_cat?post=253629"},{"taxonomy":"product_tag","embeddable":true,"href":"https:\/\/www.educaborras.com\/fr\/wp-json\/wp\/v2\/product_tag?post=253629"}],"curies":[{"name":"wp","href":"https:\/\/api.w.org\/{rel}","templated":true}]}}