{"id":253626,"date":"2025-11-06T12:50:19","date_gmt":"2025-11-06T10:50:19","guid":{"rendered":"https:\/\/www.educaborras.com\/product\/19176-fr-2\/"},"modified":"2026-04-04T02:40:03","modified_gmt":"2026-04-04T00:40:03","slug":"19176-fr-2","status":"publish","type":"product","link":"https:\/\/www.educaborras.com\/fr\/produit\/19176-fr-2\/","title":{"rendered":"Jeu Il etait une fois. notre Terre."},"content":{"rendered":"<p>Un grand voyage autour de la Terre en compagnie de Maestro, qui vous envoie explorer le monde. R\u00e9pondez aux questions pour compl\u00e9ter votre carnet d\u2019\u00e9tudes et apprendre plein de choses passionnantes s\u00fbr notre belle plan\u00e8te et comment la prot\u00e9ger. Le premier qui compl\u00e8te son carnet d\u2019\u00e9tudes et revient \u00e0 la base d\u2019op\u00e9rations remporte la partie. Contient : 1 plateau de jeu, 6 pions personnage, 6 cartons \u00ab carner d\u2019\u00e9tudes \u00bb, 1 pion Maestro, 1 d\u00e9 \u00e0 6 faces avec autocollants, 24 jetons plan\u00e8te r\u00e9versibles, 15 jetons aide de Maestro, 96 cartes de questions.<\/p>\n","protected":false},"excerpt":{"rendered":"<p>Un grand voyage autour de la Terre en compagnie de Maestro, qui vous envoie explorer le monde. R\u00e9pondez aux questions pour compl\u00e9ter votre carnet d\u2019\u00e9tudes et apprendre plein de choses passionnantes s\u00fbr notre belle plan\u00e8te et comment la prot\u00e9ger.<\/p>\n","protected":false},"featured_media":104537,"template":"","meta":{"_acf_changed":false},"product_brand":[],"product_cat":[73254,73253],"product_tag":[101508,101512,98479,80137,101448,78311,78187,80313,78189,78314,78186,78315,95218,101511,89967,73999,101510,95219,74999,75063,101509,101850,86933,95217,101513,101514,94499,81052,78323,78188],"class_list":{"0":"post-253626","1":"product","2":"type-product","3":"status-publish","4":"has-post-thumbnail","6":"product_cat-enfants-et-famille","7":"product_cat-jeux-de-societe","8":"product_tag-101508","9":"product_tag-climat","10":"product_tag-educatif-fr","11":"product_tag-educatif","12":"product_tag-environnement","13":"product_tag-etait-fr","14":"product_tag-etait","15":"product_tag-famille","16":"product_tag-fois","17":"product_tag-fois-fr","18":"product_tag-il","19":"product_tag-il-fr","20":"product_tag-il-etait-une-fois","21":"product_tag-il-etait-une-fois-notre-terre-le-jeu","22":"product_tag-jeu-fr","23":"product_tag-jeu","24":"product_tag-le","25":"product_tag-maestro","26":"product_tag-nature","27":"product_tag-nature-fr","28":"product_tag-notre","29":"product_tag-planete-fr","30":"product_tag-planete","31":"product_tag-plateau","32":"product_tag-protection","33":"product_tag-recyclage","34":"product_tag-terre-fr","35":"product_tag-terre","36":"product_tag-une-fr","37":"product_tag-une","39":"first","40":"instock","41":"shipping-taxable","42":"product-type-simple"},"acf":[],"yoast_head":"<!-- This site is optimized with the Yoast SEO plugin v27.1.1 - https:\/\/yoast.com\/product\/yoast-seo-wordpress\/ -->\n<title>Jeu Il etait une fois. notre Terre. - Educa Borras<\/title>\n<meta name=\"robots\" content=\"index, follow, max-snippet:-1, max-image-preview:large, max-video-preview:-1\" \/>\n<link rel=\"canonical\" href=\"https:\/\/www.educaborras.com\/fr\/produit\/19176-fr-2\/\" \/>\n<script type=\"application\/ld+json\" class=\"yoast-schema-graph\">{\"@context\":\"https:\/\/schema.org\",\"@graph\":[{\"@type\":\"WebPage\",\"@id\":\"https:\/\/www.educaborras.com\/fr\/produit\/19176-fr-2\/\",\"url\":\"https:\/\/www.educaborras.com\/fr\/produit\/19176-fr-2\/\",\"name\":\"Jeu Il etait une fois. notre Terre. - Educa Borras\",\"isPartOf\":{\"@id\":\"https:\/\/www.educaborras.com\/fr\/#website\"},\"primaryImageOfPage\":{\"@id\":\"https:\/\/www.educaborras.com\/fr\/produit\/19176-fr-2\/#primaryimage\"},\"image\":{\"@id\":\"https:\/\/www.educaborras.com\/fr\/produit\/19176-fr-2\/#primaryimage\"},\"thumbnailUrl\":\"https:\/\/www.educaborras.com\/wp-content\/uploads\/19350_01_high.jpg\",\"datePublished\":\"2025-11-06T10:50:19+00:00\",\"dateModified\":\"2026-04-04T00:40:03+00:00\",\"breadcrumb\":{\"@id\":\"https:\/\/www.educaborras.com\/fr\/produit\/19176-fr-2\/#breadcrumb\"},\"inLanguage\":\"fr-FR\",\"potentialAction\":[{\"@type\":\"ReadAction\",\"target\":[\"https:\/\/www.educaborras.com\/fr\/produit\/19176-fr-2\/\"]}]},{\"@type\":\"ImageObject\",\"inLanguage\":\"fr-FR\",\"@id\":\"https:\/\/www.educaborras.com\/fr\/produit\/19176-fr-2\/#primaryimage\",\"url\":\"https:\/\/www.educaborras.com\/wp-content\/uploads\/19350_01_high.jpg\",\"contentUrl\":\"https:\/\/www.educaborras.com\/wp-content\/uploads\/19350_01_high.jpg\",\"width\":2000,\"height\":1513,\"caption\":\"Producto 19350\"},{\"@type\":\"BreadcrumbList\",\"@id\":\"https:\/\/www.educaborras.com\/fr\/produit\/19176-fr-2\/#breadcrumb\",\"itemListElement\":[{\"@type\":\"ListItem\",\"position\":1,\"name\":\"Portada\",\"item\":\"https:\/\/www.educaborras.com\/fr\/\"},{\"@type\":\"ListItem\",\"position\":2,\"name\":\"Produits\",\"item\":\"https:\/\/www.educaborras.com\/fr\/shop\/\"},{\"@type\":\"ListItem\",\"position\":3,\"name\":\"Jeu Il etait une fois. notre Terre.\"}]},{\"@type\":\"WebSite\",\"@id\":\"https:\/\/www.educaborras.com\/fr\/#website\",\"url\":\"https:\/\/www.educaborras.com\/fr\/\",\"name\":\"Educa Borras\",\"description\":\"\",\"publisher\":{\"@id\":\"https:\/\/www.educaborras.com\/fr\/#organization\"},\"potentialAction\":[{\"@type\":\"SearchAction\",\"target\":{\"@type\":\"EntryPoint\",\"urlTemplate\":\"https:\/\/www.educaborras.com\/fr\/?s={search_term_string}\"},\"query-input\":{\"@type\":\"PropertyValueSpecification\",\"valueRequired\":true,\"valueName\":\"search_term_string\"}}],\"inLanguage\":\"fr-FR\"},{\"@type\":\"Organization\",\"@id\":\"https:\/\/www.educaborras.com\/fr\/#organization\",\"name\":\"Educa Borras\",\"url\":\"https:\/\/www.educaborras.com\/fr\/\",\"logo\":{\"@type\":\"ImageObject\",\"inLanguage\":\"fr-FR\",\"@id\":\"https:\/\/www.educaborras.com\/fr\/#\/schema\/logo\/image\/\",\"url\":\"https:\/\/www.educaborras.com\/wp-content\/uploads\/cropped-LOGOS-EDUCA-BORRAS_retina.png\",\"contentUrl\":\"https:\/\/www.educaborras.com\/wp-content\/uploads\/cropped-LOGOS-EDUCA-BORRAS_retina.png\",\"caption\":\"Educa Borras\"},\"image\":{\"@id\":\"https:\/\/www.educaborras.com\/fr\/#\/schema\/logo\/image\/\"}}]}<\/script>\n<!-- \/ Yoast SEO plugin. -->","yoast_head_json":{"title":"Jeu Il etait une fois. notre Terre. - Educa Borras","robots":{"index":"index","follow":"follow","max-snippet":"max-snippet:-1","max-image-preview":"max-image-preview:large","max-video-preview":"max-video-preview:-1"},"canonical":"https:\/\/www.educaborras.com\/fr\/produit\/19176-fr-2\/","schema":{"@context":"https:\/\/schema.org","@graph":[{"@type":"WebPage","@id":"https:\/\/www.educaborras.com\/fr\/produit\/19176-fr-2\/","url":"https:\/\/www.educaborras.com\/fr\/produit\/19176-fr-2\/","name":"Jeu Il etait une fois. notre Terre. - Educa Borras","isPartOf":{"@id":"https:\/\/www.educaborras.com\/fr\/#website"},"primaryImageOfPage":{"@id":"https:\/\/www.educaborras.com\/fr\/produit\/19176-fr-2\/#primaryimage"},"image":{"@id":"https:\/\/www.educaborras.com\/fr\/produit\/19176-fr-2\/#primaryimage"},"thumbnailUrl":"https:\/\/www.educaborras.com\/wp-content\/uploads\/19350_01_high.jpg","datePublished":"2025-11-06T10:50:19+00:00","dateModified":"2026-04-04T00:40:03+00:00","breadcrumb":{"@id":"https:\/\/www.educaborras.com\/fr\/produit\/19176-fr-2\/#breadcrumb"},"inLanguage":"fr-FR","potentialAction":[{"@type":"ReadAction","target":["https:\/\/www.educaborras.com\/fr\/produit\/19176-fr-2\/"]}]},{"@type":"ImageObject","inLanguage":"fr-FR","@id":"https:\/\/www.educaborras.com\/fr\/produit\/19176-fr-2\/#primaryimage","url":"https:\/\/www.educaborras.com\/wp-content\/uploads\/19350_01_high.jpg","contentUrl":"https:\/\/www.educaborras.com\/wp-content\/uploads\/19350_01_high.jpg","width":2000,"height":1513,"caption":"Producto 19350"},{"@type":"BreadcrumbList","@id":"https:\/\/www.educaborras.com\/fr\/produit\/19176-fr-2\/#breadcrumb","itemListElement":[{"@type":"ListItem","position":1,"name":"Portada","item":"https:\/\/www.educaborras.com\/fr\/"},{"@type":"ListItem","position":2,"name":"Produits","item":"https:\/\/www.educaborras.com\/fr\/shop\/"},{"@type":"ListItem","position":3,"name":"Jeu Il etait une fois. notre Terre."}]},{"@type":"WebSite","@id":"https:\/\/www.educaborras.com\/fr\/#website","url":"https:\/\/www.educaborras.com\/fr\/","name":"Educa Borras","description":"","publisher":{"@id":"https:\/\/www.educaborras.com\/fr\/#organization"},"potentialAction":[{"@type":"SearchAction","target":{"@type":"EntryPoint","urlTemplate":"https:\/\/www.educaborras.com\/fr\/?s={search_term_string}"},"query-input":{"@type":"PropertyValueSpecification","valueRequired":true,"valueName":"search_term_string"}}],"inLanguage":"fr-FR"},{"@type":"Organization","@id":"https:\/\/www.educaborras.com\/fr\/#organization","name":"Educa Borras","url":"https:\/\/www.educaborras.com\/fr\/","logo":{"@type":"ImageObject","inLanguage":"fr-FR","@id":"https:\/\/www.educaborras.com\/fr\/#\/schema\/logo\/image\/","url":"https:\/\/www.educaborras.com\/wp-content\/uploads\/cropped-LOGOS-EDUCA-BORRAS_retina.png","contentUrl":"https:\/\/www.educaborras.com\/wp-content\/uploads\/cropped-LOGOS-EDUCA-BORRAS_retina.png","caption":"Educa Borras"},"image":{"@id":"https:\/\/www.educaborras.com\/fr\/#\/schema\/logo\/image\/"}}]}},"_links":{"self":[{"href":"https:\/\/www.educaborras.com\/fr\/wp-json\/wp\/v2\/product\/253626","targetHints":{"allow":["GET"]}}],"collection":[{"href":"https:\/\/www.educaborras.com\/fr\/wp-json\/wp\/v2\/product"}],"about":[{"href":"https:\/\/www.educaborras.com\/fr\/wp-json\/wp\/v2\/types\/product"}],"wp:featuredmedia":[{"embeddable":true,"href":"https:\/\/www.educaborras.com\/fr\/wp-json\/wp\/v2\/media\/104537"}],"wp:attachment":[{"href":"https:\/\/www.educaborras.com\/fr\/wp-json\/wp\/v2\/media?parent=253626"}],"wp:term":[{"taxonomy":"product_brand","embeddable":true,"href":"https:\/\/www.educaborras.com\/fr\/wp-json\/wp\/v2\/product_brand?post=253626"},{"taxonomy":"product_cat","embeddable":true,"href":"https:\/\/www.educaborras.com\/fr\/wp-json\/wp\/v2\/product_cat?post=253626"},{"taxonomy":"product_tag","embeddable":true,"href":"https:\/\/www.educaborras.com\/fr\/wp-json\/wp\/v2\/product_tag?post=253626"}],"curies":[{"name":"wp","href":"https:\/\/api.w.org\/{rel}","templated":true}]}}