{"id":253610,"date":"2025-11-06T12:49:56","date_gmt":"2025-11-06T10:49:56","guid":{"rendered":"https:\/\/www.educaborras.com\/product\/20395-fr-2\/"},"modified":"2026-04-20T02:41:23","modified_gmt":"2026-04-20T00:41:23","slug":"20395-fr-2","status":"publish","type":"product","link":"https:\/\/www.educaborras.com\/fr\/produit\/20395-fr-2\/","title":{"rendered":"Bouquet de 6 Roses Blanches Floral Art"},"content":{"rendered":"<p>Fleurs d\u00e9coratives : Le kit de loisirs cr\u00e9atifs Floral Art contient tout le n\u00e9cessaire pour cr\u00e9er un bouquet de 6 roses blanches en papier. Un projet cr\u00e9atif id\u00e9al \u00e0 offrir ou \u00e0 exposer. Montage facile sans outils : Les \u00e9l\u00e9ments sont pr\u00e9d\u00e9coup\u00e9s et pr\u00eats \u00e0 assembler sans ciseaux ni colle. S\u00fbr et recommand\u00e9 \u00e0 partir de 14 ans. Mat\u00e9riaux durables : Le kit utilise du papier et du carton imprim\u00e9s recto-verso, ainsi que des \u00e9l\u00e9ments en plastique r\u00e9utilisables pour une cr\u00e9ativit\u00e9 responsable. Cadeau original : Parfait pour les anniversaires, f\u00eates ou comme touche d\u00e9corative lors de mariages, bapt\u00eames ou autres occasions sp\u00e9ciales. Finition r\u00e9aliste : Les roses sont de tailles diff\u00e9rentes pour un rendu visuel plus naturel et \u00e9l\u00e9gant. https:\/\/youtu.be\/-xS0Q3GB1Yw<\/p>\n","protected":false},"excerpt":{"rendered":"<p>La bo\u00eete contient tous les \u00e9l\u00e9ments n\u00e9cessaires pour cr\u00e9er votre bouquet de roses de notre nouvelle s\u00e9rie Floral Art.<\/p>\n","protected":false},"featured_media":251852,"template":"","meta":{"_acf_changed":false},"product_brand":[],"product_cat":[73248],"product_tag":[80554,82025,80565,98633,80555,80587,104369,82026,80572,82027,80564,80568,82028,82029,73954,82030,73965,82031,80570,80563,82032,80559,104370,80561,82034,80574,82035,80566,98635,78168,78313,98636,80558,98637,80588,79216,91267,80575,82041,80577,82042,104372,80590,104373,80584,80579,98641,80583,98642,98643,80581],"class_list":{"0":"post-253610","1":"product","2":"type-product","3":"status-publish","4":"has-post-thumbnail","6":"product_cat-floral-art-fr","7":"product_tag-80554","8":"product_tag-accessoires-fr","9":"product_tag-accessoires","10":"product_tag-artisticos-serie-floral-fr","11":"product_tag-artisticos-serie-floral","12":"product_tag-bouquet-of-roses","13":"product_tag-bouquet-of-roses-fr","14":"product_tag-crear-fr","15":"product_tag-crear","16":"product_tag-creatif-fr","17":"product_tag-creatif","18":"product_tag-creativa","19":"product_tag-creativa-fr","20":"product_tag-creative-fr","21":"product_tag-creative","22":"product_tag-creatividad-fr","23":"product_tag-creatividad","24":"product_tag-creer-fr","25":"product_tag-creer","26":"product_tag-design","27":"product_tag-design-fr","28":"product_tag-design-your-bouquet-of-roses","29":"product_tag-design-your-bouquet-of-roses-fr","30":"product_tag-designer","31":"product_tag-designer-fr","32":"product_tag-diseno","33":"product_tag-diseno-fr","34":"product_tag-fantastique","35":"product_tag-fantastique-fr","36":"product_tag-fantasy","37":"product_tag-fantasy-fr","38":"product_tag-floral-fr","39":"product_tag-floral","40":"product_tag-floral-art-fr","41":"product_tag-floral-art","42":"product_tag-flower","43":"product_tag-flower-fr","44":"product_tag-manualidad","45":"product_tag-manualidad-fr","46":"product_tag-manualidades","47":"product_tag-manualidades-fr","48":"product_tag-rosas-fr","49":"product_tag-rosas","50":"product_tag-roses-fr","51":"product_tag-roses","52":"product_tag-tendance","53":"product_tag-tendance-fr","54":"product_tag-tendancia","55":"product_tag-tendancia-fr","56":"product_tag-trendy-fr","57":"product_tag-trendy","59":"first","60":"instock","61":"shipping-taxable","62":"product-type-simple"},"acf":[],"yoast_head":"<!-- This site is optimized with the Yoast SEO plugin v27.1.1 - https:\/\/yoast.com\/product\/yoast-seo-wordpress\/ -->\n<title>Bouquet de 6 Roses Blanches Floral Art - Educa Borras<\/title>\n<meta name=\"robots\" content=\"index, follow, max-snippet:-1, max-image-preview:large, max-video-preview:-1\" \/>\n<link rel=\"canonical\" href=\"https:\/\/www.educaborras.com\/fr\/produit\/20395-fr-2\/\" \/>\n<meta name=\"twitter:label1\" content=\"Dur\u00e9e de lecture estim\u00e9e\" \/>\n\t<meta name=\"twitter:data1\" content=\"1 minute\" \/>\n<script type=\"application\/ld+json\" class=\"yoast-schema-graph\">{\"@context\":\"https:\/\/schema.org\",\"@graph\":[{\"@type\":\"WebPage\",\"@id\":\"https:\/\/www.educaborras.com\/fr\/produit\/20395-fr-2\/\",\"url\":\"https:\/\/www.educaborras.com\/fr\/produit\/20395-fr-2\/\",\"name\":\"Bouquet de 6 Roses Blanches Floral Art - Educa Borras\",\"isPartOf\":{\"@id\":\"https:\/\/www.educaborras.com\/fr\/#website\"},\"primaryImageOfPage\":{\"@id\":\"https:\/\/www.educaborras.com\/fr\/produit\/20395-fr-2\/#primaryimage\"},\"image\":{\"@id\":\"https:\/\/www.educaborras.com\/fr\/produit\/20395-fr-2\/#primaryimage\"},\"thumbnailUrl\":\"https:\/\/www.educaborras.com\/wp-content\/uploads\/20422_01_high.jpg\",\"datePublished\":\"2025-11-06T10:49:56+00:00\",\"dateModified\":\"2026-04-20T00:41:23+00:00\",\"breadcrumb\":{\"@id\":\"https:\/\/www.educaborras.com\/fr\/produit\/20395-fr-2\/#breadcrumb\"},\"inLanguage\":\"fr-FR\",\"potentialAction\":[{\"@type\":\"ReadAction\",\"target\":[\"https:\/\/www.educaborras.com\/fr\/produit\/20395-fr-2\/\"]}]},{\"@type\":\"ImageObject\",\"inLanguage\":\"fr-FR\",\"@id\":\"https:\/\/www.educaborras.com\/fr\/produit\/20395-fr-2\/#primaryimage\",\"url\":\"https:\/\/www.educaborras.com\/wp-content\/uploads\/20422_01_high.jpg\",\"contentUrl\":\"https:\/\/www.educaborras.com\/wp-content\/uploads\/20422_01_high.jpg\",\"width\":2400,\"height\":2400,\"caption\":\"Ramo 6 Rosas Amarillas - Floral Art\"},{\"@type\":\"BreadcrumbList\",\"@id\":\"https:\/\/www.educaborras.com\/fr\/produit\/20395-fr-2\/#breadcrumb\",\"itemListElement\":[{\"@type\":\"ListItem\",\"position\":1,\"name\":\"Portada\",\"item\":\"https:\/\/www.educaborras.com\/fr\/\"},{\"@type\":\"ListItem\",\"position\":2,\"name\":\"Produits\",\"item\":\"https:\/\/www.educaborras.com\/fr\/shop\/\"},{\"@type\":\"ListItem\",\"position\":3,\"name\":\"Bouquet de 6 Roses Blanches Floral Art\"}]},{\"@type\":\"WebSite\",\"@id\":\"https:\/\/www.educaborras.com\/fr\/#website\",\"url\":\"https:\/\/www.educaborras.com\/fr\/\",\"name\":\"Educa Borras\",\"description\":\"\",\"publisher\":{\"@id\":\"https:\/\/www.educaborras.com\/fr\/#organization\"},\"potentialAction\":[{\"@type\":\"SearchAction\",\"target\":{\"@type\":\"EntryPoint\",\"urlTemplate\":\"https:\/\/www.educaborras.com\/fr\/?s={search_term_string}\"},\"query-input\":{\"@type\":\"PropertyValueSpecification\",\"valueRequired\":true,\"valueName\":\"search_term_string\"}}],\"inLanguage\":\"fr-FR\"},{\"@type\":\"Organization\",\"@id\":\"https:\/\/www.educaborras.com\/fr\/#organization\",\"name\":\"Educa Borras\",\"url\":\"https:\/\/www.educaborras.com\/fr\/\",\"logo\":{\"@type\":\"ImageObject\",\"inLanguage\":\"fr-FR\",\"@id\":\"https:\/\/www.educaborras.com\/fr\/#\/schema\/logo\/image\/\",\"url\":\"https:\/\/www.educaborras.com\/wp-content\/uploads\/cropped-LOGOS-EDUCA-BORRAS_retina.png\",\"contentUrl\":\"https:\/\/www.educaborras.com\/wp-content\/uploads\/cropped-LOGOS-EDUCA-BORRAS_retina.png\",\"caption\":\"Educa Borras\"},\"image\":{\"@id\":\"https:\/\/www.educaborras.com\/fr\/#\/schema\/logo\/image\/\"}}]}<\/script>\n<!-- \/ Yoast SEO plugin. -->","yoast_head_json":{"title":"Bouquet de 6 Roses Blanches Floral Art - Educa Borras","robots":{"index":"index","follow":"follow","max-snippet":"max-snippet:-1","max-image-preview":"max-image-preview:large","max-video-preview":"max-video-preview:-1"},"canonical":"https:\/\/www.educaborras.com\/fr\/produit\/20395-fr-2\/","twitter_misc":{"Dur\u00e9e de lecture estim\u00e9e":"1 minute"},"schema":{"@context":"https:\/\/schema.org","@graph":[{"@type":"WebPage","@id":"https:\/\/www.educaborras.com\/fr\/produit\/20395-fr-2\/","url":"https:\/\/www.educaborras.com\/fr\/produit\/20395-fr-2\/","name":"Bouquet de 6 Roses Blanches Floral Art - Educa Borras","isPartOf":{"@id":"https:\/\/www.educaborras.com\/fr\/#website"},"primaryImageOfPage":{"@id":"https:\/\/www.educaborras.com\/fr\/produit\/20395-fr-2\/#primaryimage"},"image":{"@id":"https:\/\/www.educaborras.com\/fr\/produit\/20395-fr-2\/#primaryimage"},"thumbnailUrl":"https:\/\/www.educaborras.com\/wp-content\/uploads\/20422_01_high.jpg","datePublished":"2025-11-06T10:49:56+00:00","dateModified":"2026-04-20T00:41:23+00:00","breadcrumb":{"@id":"https:\/\/www.educaborras.com\/fr\/produit\/20395-fr-2\/#breadcrumb"},"inLanguage":"fr-FR","potentialAction":[{"@type":"ReadAction","target":["https:\/\/www.educaborras.com\/fr\/produit\/20395-fr-2\/"]}]},{"@type":"ImageObject","inLanguage":"fr-FR","@id":"https:\/\/www.educaborras.com\/fr\/produit\/20395-fr-2\/#primaryimage","url":"https:\/\/www.educaborras.com\/wp-content\/uploads\/20422_01_high.jpg","contentUrl":"https:\/\/www.educaborras.com\/wp-content\/uploads\/20422_01_high.jpg","width":2400,"height":2400,"caption":"Ramo 6 Rosas Amarillas - Floral Art"},{"@type":"BreadcrumbList","@id":"https:\/\/www.educaborras.com\/fr\/produit\/20395-fr-2\/#breadcrumb","itemListElement":[{"@type":"ListItem","position":1,"name":"Portada","item":"https:\/\/www.educaborras.com\/fr\/"},{"@type":"ListItem","position":2,"name":"Produits","item":"https:\/\/www.educaborras.com\/fr\/shop\/"},{"@type":"ListItem","position":3,"name":"Bouquet de 6 Roses Blanches Floral Art"}]},{"@type":"WebSite","@id":"https:\/\/www.educaborras.com\/fr\/#website","url":"https:\/\/www.educaborras.com\/fr\/","name":"Educa Borras","description":"","publisher":{"@id":"https:\/\/www.educaborras.com\/fr\/#organization"},"potentialAction":[{"@type":"SearchAction","target":{"@type":"EntryPoint","urlTemplate":"https:\/\/www.educaborras.com\/fr\/?s={search_term_string}"},"query-input":{"@type":"PropertyValueSpecification","valueRequired":true,"valueName":"search_term_string"}}],"inLanguage":"fr-FR"},{"@type":"Organization","@id":"https:\/\/www.educaborras.com\/fr\/#organization","name":"Educa Borras","url":"https:\/\/www.educaborras.com\/fr\/","logo":{"@type":"ImageObject","inLanguage":"fr-FR","@id":"https:\/\/www.educaborras.com\/fr\/#\/schema\/logo\/image\/","url":"https:\/\/www.educaborras.com\/wp-content\/uploads\/cropped-LOGOS-EDUCA-BORRAS_retina.png","contentUrl":"https:\/\/www.educaborras.com\/wp-content\/uploads\/cropped-LOGOS-EDUCA-BORRAS_retina.png","caption":"Educa Borras"},"image":{"@id":"https:\/\/www.educaborras.com\/fr\/#\/schema\/logo\/image\/"}}]}},"_links":{"self":[{"href":"https:\/\/www.educaborras.com\/fr\/wp-json\/wp\/v2\/product\/253610","targetHints":{"allow":["GET"]}}],"collection":[{"href":"https:\/\/www.educaborras.com\/fr\/wp-json\/wp\/v2\/product"}],"about":[{"href":"https:\/\/www.educaborras.com\/fr\/wp-json\/wp\/v2\/types\/product"}],"wp:featuredmedia":[{"embeddable":true,"href":"https:\/\/www.educaborras.com\/fr\/wp-json\/wp\/v2\/media\/251852"}],"wp:attachment":[{"href":"https:\/\/www.educaborras.com\/fr\/wp-json\/wp\/v2\/media?parent=253610"}],"wp:term":[{"taxonomy":"product_brand","embeddable":true,"href":"https:\/\/www.educaborras.com\/fr\/wp-json\/wp\/v2\/product_brand?post=253610"},{"taxonomy":"product_cat","embeddable":true,"href":"https:\/\/www.educaborras.com\/fr\/wp-json\/wp\/v2\/product_cat?post=253610"},{"taxonomy":"product_tag","embeddable":true,"href":"https:\/\/www.educaborras.com\/fr\/wp-json\/wp\/v2\/product_tag?post=253610"}],"curies":[{"name":"wp","href":"https:\/\/api.w.org\/{rel}","templated":true}]}}