{"id":253604,"date":"2025-11-06T12:49:55","date_gmt":"2025-11-06T10:49:55","guid":{"rendered":"https:\/\/www.educaborras.com\/product\/20003-fr-2\/"},"modified":"2026-04-19T03:00:58","modified_gmt":"2026-04-19T01:00:58","slug":"20003-fr-2","status":"publish","type":"product","link":"https:\/\/www.educaborras.com\/fr\/produit\/20003-fr-2\/","title":{"rendered":"Je Rentre \u00e0 La Maternelle"},"content":{"rendered":"<p>Ce kit d entr\u00e9e \u00e0 la maternelle est un compl\u00e9ment \u00e9ducatif et ludique aux apprentissages de la petite section \u00e0 la grande section. Il contient 4 jeux : &#8211; le puzzle des saisons &#8211; les dominos &#8211; le coloriage des contraires &#8211; le jeu des lettres.<\/p>\n","protected":false},"excerpt":{"rendered":"<p>Ce kit d\u2019entr\u00e9e \u00e0 la maternelle est un compl\u00e9ment \u00e9ducatif et ludique aux apprentissages de la petite section \u00e0 la grande section.<\/p>\n","protected":false},"featured_media":117789,"template":"","meta":{"_acf_changed":false},"product_brand":[],"product_cat":[73256,73259],"product_tag":[101635,89681,89672,89671,89670,89678,95203,101636,101501,101503,101504,98571,86797,101506,101507,87337,76975,76944,101496,101497,80137,98479,89673,101500,101495,101505,89682,95214,89680,101499,101502,77120,77149,101498,73995,74054,73989,77239],"class_list":{"0":"post-253604","1":"product","2":"type-product","3":"status-publish","4":"has-post-thumbnail","6":"product_cat-jeux-educatifs","7":"product_cat-jeux-educatifs-basiques","8":"product_tag-101635","9":"product_tag-alphabet","10":"product_tag-amusant","11":"product_tag-apprendre","12":"product_tag-apprendre-cest-amusant","13":"product_tag-apprentissages","14":"product_tag-association","15":"product_tag-bayard","16":"product_tag-chiffres","17":"product_tag-coloriage","18":"product_tag-coloriages","19":"product_tag-colorier-fr","20":"product_tag-colorier","21":"product_tag-compter","22":"product_tag-couleur","23":"product_tag-couleurs","24":"product_tag-domino-fr","25":"product_tag-domino","26":"product_tag-ecole","27":"product_tag-ecole-maternelle","28":"product_tag-educatif","29":"product_tag-educatif-fr","30":"product_tag-educatifs","31":"product_tag-grande-section","32":"product_tag-kit-maternelle","33":"product_tag-lettre","34":"product_tag-lettres","35":"product_tag-logique","36":"product_tag-maternelle","37":"product_tag-moyenne-section","38":"product_tag-nombres","39":"product_tag-numeros","40":"product_tag-numeros-fr","41":"product_tag-petite-section","42":"product_tag-puzzle","43":"product_tag-puzzle-fr","44":"product_tag-puzzles","45":"product_tag-puzzles-fr","47":"first","48":"instock","49":"shipping-taxable","50":"product-type-simple"},"acf":[],"yoast_head":"<!-- This site is optimized with the Yoast SEO plugin v27.1.1 - https:\/\/yoast.com\/product\/yoast-seo-wordpress\/ -->\n<title>Je Rentre \u00e0 La Maternelle - Educa Borras<\/title>\n<meta name=\"robots\" content=\"index, follow, max-snippet:-1, max-image-preview:large, max-video-preview:-1\" \/>\n<link rel=\"canonical\" href=\"https:\/\/www.educaborras.com\/fr\/produit\/20003-fr-2\/\" \/>\n<script type=\"application\/ld+json\" class=\"yoast-schema-graph\">{\"@context\":\"https:\/\/schema.org\",\"@graph\":[{\"@type\":\"WebPage\",\"@id\":\"https:\/\/www.educaborras.com\/fr\/produit\/20003-fr-2\/\",\"url\":\"https:\/\/www.educaborras.com\/fr\/produit\/20003-fr-2\/\",\"name\":\"Je Rentre \u00e0 La Maternelle - Educa Borras\",\"isPartOf\":{\"@id\":\"https:\/\/www.educaborras.com\/fr\/#website\"},\"primaryImageOfPage\":{\"@id\":\"https:\/\/www.educaborras.com\/fr\/produit\/20003-fr-2\/#primaryimage\"},\"image\":{\"@id\":\"https:\/\/www.educaborras.com\/fr\/produit\/20003-fr-2\/#primaryimage\"},\"thumbnailUrl\":\"https:\/\/www.educaborras.com\/wp-content\/uploads\/20007_01_high.jpg\",\"datePublished\":\"2025-11-06T10:49:55+00:00\",\"dateModified\":\"2026-04-19T01:00:58+00:00\",\"breadcrumb\":{\"@id\":\"https:\/\/www.educaborras.com\/fr\/produit\/20003-fr-2\/#breadcrumb\"},\"inLanguage\":\"fr-FR\",\"potentialAction\":[{\"@type\":\"ReadAction\",\"target\":[\"https:\/\/www.educaborras.com\/fr\/produit\/20003-fr-2\/\"]}]},{\"@type\":\"ImageObject\",\"inLanguage\":\"fr-FR\",\"@id\":\"https:\/\/www.educaborras.com\/fr\/produit\/20003-fr-2\/#primaryimage\",\"url\":\"https:\/\/www.educaborras.com\/wp-content\/uploads\/20007_01_high.jpg\",\"contentUrl\":\"https:\/\/www.educaborras.com\/wp-content\/uploads\/20007_01_high.jpg\",\"width\":2400,\"height\":2400,\"caption\":\"Il \u00c9tait une fois - Les objets\"},{\"@type\":\"BreadcrumbList\",\"@id\":\"https:\/\/www.educaborras.com\/fr\/produit\/20003-fr-2\/#breadcrumb\",\"itemListElement\":[{\"@type\":\"ListItem\",\"position\":1,\"name\":\"Portada\",\"item\":\"https:\/\/www.educaborras.com\/fr\/\"},{\"@type\":\"ListItem\",\"position\":2,\"name\":\"Produits\",\"item\":\"https:\/\/www.educaborras.com\/fr\/shop\/\"},{\"@type\":\"ListItem\",\"position\":3,\"name\":\"Je Rentre \u00e0 La Maternelle\"}]},{\"@type\":\"WebSite\",\"@id\":\"https:\/\/www.educaborras.com\/fr\/#website\",\"url\":\"https:\/\/www.educaborras.com\/fr\/\",\"name\":\"Educa Borras\",\"description\":\"\",\"publisher\":{\"@id\":\"https:\/\/www.educaborras.com\/fr\/#organization\"},\"potentialAction\":[{\"@type\":\"SearchAction\",\"target\":{\"@type\":\"EntryPoint\",\"urlTemplate\":\"https:\/\/www.educaborras.com\/fr\/?s={search_term_string}\"},\"query-input\":{\"@type\":\"PropertyValueSpecification\",\"valueRequired\":true,\"valueName\":\"search_term_string\"}}],\"inLanguage\":\"fr-FR\"},{\"@type\":\"Organization\",\"@id\":\"https:\/\/www.educaborras.com\/fr\/#organization\",\"name\":\"Educa Borras\",\"url\":\"https:\/\/www.educaborras.com\/fr\/\",\"logo\":{\"@type\":\"ImageObject\",\"inLanguage\":\"fr-FR\",\"@id\":\"https:\/\/www.educaborras.com\/fr\/#\/schema\/logo\/image\/\",\"url\":\"https:\/\/www.educaborras.com\/wp-content\/uploads\/cropped-LOGOS-EDUCA-BORRAS_retina.png\",\"contentUrl\":\"https:\/\/www.educaborras.com\/wp-content\/uploads\/cropped-LOGOS-EDUCA-BORRAS_retina.png\",\"caption\":\"Educa Borras\"},\"image\":{\"@id\":\"https:\/\/www.educaborras.com\/fr\/#\/schema\/logo\/image\/\"}}]}<\/script>\n<!-- \/ Yoast SEO plugin. -->","yoast_head_json":{"title":"Je Rentre \u00e0 La Maternelle - Educa Borras","robots":{"index":"index","follow":"follow","max-snippet":"max-snippet:-1","max-image-preview":"max-image-preview:large","max-video-preview":"max-video-preview:-1"},"canonical":"https:\/\/www.educaborras.com\/fr\/produit\/20003-fr-2\/","schema":{"@context":"https:\/\/schema.org","@graph":[{"@type":"WebPage","@id":"https:\/\/www.educaborras.com\/fr\/produit\/20003-fr-2\/","url":"https:\/\/www.educaborras.com\/fr\/produit\/20003-fr-2\/","name":"Je Rentre \u00e0 La Maternelle - Educa Borras","isPartOf":{"@id":"https:\/\/www.educaborras.com\/fr\/#website"},"primaryImageOfPage":{"@id":"https:\/\/www.educaborras.com\/fr\/produit\/20003-fr-2\/#primaryimage"},"image":{"@id":"https:\/\/www.educaborras.com\/fr\/produit\/20003-fr-2\/#primaryimage"},"thumbnailUrl":"https:\/\/www.educaborras.com\/wp-content\/uploads\/20007_01_high.jpg","datePublished":"2025-11-06T10:49:55+00:00","dateModified":"2026-04-19T01:00:58+00:00","breadcrumb":{"@id":"https:\/\/www.educaborras.com\/fr\/produit\/20003-fr-2\/#breadcrumb"},"inLanguage":"fr-FR","potentialAction":[{"@type":"ReadAction","target":["https:\/\/www.educaborras.com\/fr\/produit\/20003-fr-2\/"]}]},{"@type":"ImageObject","inLanguage":"fr-FR","@id":"https:\/\/www.educaborras.com\/fr\/produit\/20003-fr-2\/#primaryimage","url":"https:\/\/www.educaborras.com\/wp-content\/uploads\/20007_01_high.jpg","contentUrl":"https:\/\/www.educaborras.com\/wp-content\/uploads\/20007_01_high.jpg","width":2400,"height":2400,"caption":"Il \u00c9tait une fois - Les objets"},{"@type":"BreadcrumbList","@id":"https:\/\/www.educaborras.com\/fr\/produit\/20003-fr-2\/#breadcrumb","itemListElement":[{"@type":"ListItem","position":1,"name":"Portada","item":"https:\/\/www.educaborras.com\/fr\/"},{"@type":"ListItem","position":2,"name":"Produits","item":"https:\/\/www.educaborras.com\/fr\/shop\/"},{"@type":"ListItem","position":3,"name":"Je Rentre \u00e0 La Maternelle"}]},{"@type":"WebSite","@id":"https:\/\/www.educaborras.com\/fr\/#website","url":"https:\/\/www.educaborras.com\/fr\/","name":"Educa Borras","description":"","publisher":{"@id":"https:\/\/www.educaborras.com\/fr\/#organization"},"potentialAction":[{"@type":"SearchAction","target":{"@type":"EntryPoint","urlTemplate":"https:\/\/www.educaborras.com\/fr\/?s={search_term_string}"},"query-input":{"@type":"PropertyValueSpecification","valueRequired":true,"valueName":"search_term_string"}}],"inLanguage":"fr-FR"},{"@type":"Organization","@id":"https:\/\/www.educaborras.com\/fr\/#organization","name":"Educa Borras","url":"https:\/\/www.educaborras.com\/fr\/","logo":{"@type":"ImageObject","inLanguage":"fr-FR","@id":"https:\/\/www.educaborras.com\/fr\/#\/schema\/logo\/image\/","url":"https:\/\/www.educaborras.com\/wp-content\/uploads\/cropped-LOGOS-EDUCA-BORRAS_retina.png","contentUrl":"https:\/\/www.educaborras.com\/wp-content\/uploads\/cropped-LOGOS-EDUCA-BORRAS_retina.png","caption":"Educa Borras"},"image":{"@id":"https:\/\/www.educaborras.com\/fr\/#\/schema\/logo\/image\/"}}]}},"_links":{"self":[{"href":"https:\/\/www.educaborras.com\/fr\/wp-json\/wp\/v2\/product\/253604","targetHints":{"allow":["GET"]}}],"collection":[{"href":"https:\/\/www.educaborras.com\/fr\/wp-json\/wp\/v2\/product"}],"about":[{"href":"https:\/\/www.educaborras.com\/fr\/wp-json\/wp\/v2\/types\/product"}],"wp:featuredmedia":[{"embeddable":true,"href":"https:\/\/www.educaborras.com\/fr\/wp-json\/wp\/v2\/media\/117789"}],"wp:attachment":[{"href":"https:\/\/www.educaborras.com\/fr\/wp-json\/wp\/v2\/media?parent=253604"}],"wp:term":[{"taxonomy":"product_brand","embeddable":true,"href":"https:\/\/www.educaborras.com\/fr\/wp-json\/wp\/v2\/product_brand?post=253604"},{"taxonomy":"product_cat","embeddable":true,"href":"https:\/\/www.educaborras.com\/fr\/wp-json\/wp\/v2\/product_cat?post=253604"},{"taxonomy":"product_tag","embeddable":true,"href":"https:\/\/www.educaborras.com\/fr\/wp-json\/wp\/v2\/product_tag?post=253604"}],"curies":[{"name":"wp","href":"https:\/\/api.w.org\/{rel}","templated":true}]}}