{"id":253594,"date":"2025-11-06T12:47:48","date_gmt":"2025-11-06T10:47:48","guid":{"rendered":"https:\/\/www.educaborras.com\/product\/17353-fr-2\/"},"modified":"2026-04-04T02:36:24","modified_gmt":"2026-04-04T00:36:24","slug":"17353-fr-2","status":"publish","type":"product","link":"https:\/\/www.educaborras.com\/fr\/produit\/17353-fr-2\/","title":{"rendered":"Mini jeu il etait une fois\u2026 l&rsquo;homme"},"content":{"rendered":"<p>Un mini jeu de plateau avec + de 300 questions s\u00fbr l\u2019histoire, bas\u00e9 s\u00fbr la s\u00e9rie culte Il \u00e9tait une fois\u2026 l\u2019Homme. 3 niveaux de questions , Facile : avance d\u2019une case , Moyen : avance de 2 cases , Difficile : Avance de 3 cases Cases \u00a0\u00bbAvant ou Apr\u00e8s ? \u00a0\u00bb: Devinez si un \u00e9v\u00e9nement de l\u2019histoire a eu lieu avant ou apr\u00e8s un autre \u00e9v\u00e9nement donn\u00e9. Contient : 1 petit plateau de jeu, 96 cartes quiz, 4 pions, 4 jetons &lsquo;Avant ou Apr\u00e8s ?&rsquo;<\/p>\n","protected":false},"excerpt":{"rendered":"<p>Un mini jeu de plateau \u00e9ducatif bas\u00e9 s\u00fbr la s\u00e9rie Il \u00e9tait une fois\u2026 l\u2019Homme r\u00e9ponds aux questions de Maestro s\u00fbr le th\u00e8me de l\u2019histoire<\/p>\n","protected":false},"featured_media":26107,"template":"","meta":{"_acf_changed":false},"product_brand":[],"product_cat":[73254,73253],"product_tag":[95227,80137,98479,78311,78187,80313,78314,78189,80302,95228,78186,78315,95218,73999,89967,95229,95220,95219,93829,79326,105782,95217,78188,78323],"class_list":{"0":"post-253594","1":"product","2":"type-product","3":"status-publish","4":"has-post-thumbnail","6":"product_cat-enfants-et-famille","7":"product_cat-jeux-de-societe","8":"product_tag-95227","9":"product_tag-educatif","10":"product_tag-educatif-fr","11":"product_tag-etait-fr","12":"product_tag-etait","13":"product_tag-famille","14":"product_tag-fois-fr","15":"product_tag-fois","16":"product_tag-histoire","17":"product_tag-homme","18":"product_tag-il","19":"product_tag-il-fr","20":"product_tag-il-etait-une-fois","21":"product_tag-jeu","22":"product_tag-jeu-fr","23":"product_tag-l","24":"product_tag-la-vie","25":"product_tag-maestro","26":"product_tag-mini-fr","27":"product_tag-mini","28":"product_tag-mini-jeu-il-etait-une-fois-lhomme","29":"product_tag-plateau","30":"product_tag-une","31":"product_tag-une-fr","33":"first","34":"instock","35":"shipping-taxable","36":"product-type-simple"},"acf":[],"yoast_head":"<!-- This site is optimized with the Yoast SEO plugin v27.1.1 - https:\/\/yoast.com\/product\/yoast-seo-wordpress\/ -->\n<title>Mini jeu il etait une fois\u2026 l&#039;homme - Educa Borras<\/title>\n<meta name=\"robots\" content=\"index, follow, max-snippet:-1, max-image-preview:large, max-video-preview:-1\" \/>\n<link rel=\"canonical\" href=\"https:\/\/www.educaborras.com\/fr\/produit\/17353-fr-2\/\" \/>\n<script type=\"application\/ld+json\" class=\"yoast-schema-graph\">{\"@context\":\"https:\/\/schema.org\",\"@graph\":[{\"@type\":\"WebPage\",\"@id\":\"https:\/\/www.educaborras.com\/fr\/produit\/17353-fr-2\/\",\"url\":\"https:\/\/www.educaborras.com\/fr\/produit\/17353-fr-2\/\",\"name\":\"Mini jeu il etait une fois\u2026 l'homme - Educa Borras\",\"isPartOf\":{\"@id\":\"https:\/\/www.educaborras.com\/fr\/#website\"},\"primaryImageOfPage\":{\"@id\":\"https:\/\/www.educaborras.com\/fr\/produit\/17353-fr-2\/#primaryimage\"},\"image\":{\"@id\":\"https:\/\/www.educaborras.com\/fr\/produit\/17353-fr-2\/#primaryimage\"},\"thumbnailUrl\":\"https:\/\/www.educaborras.com\/wp-content\/uploads\/17353_01_high.jpg\",\"datePublished\":\"2025-11-06T10:47:48+00:00\",\"dateModified\":\"2026-04-04T00:36:24+00:00\",\"breadcrumb\":{\"@id\":\"https:\/\/www.educaborras.com\/fr\/produit\/17353-fr-2\/#breadcrumb\"},\"inLanguage\":\"fr-FR\",\"potentialAction\":[{\"@type\":\"ReadAction\",\"target\":[\"https:\/\/www.educaborras.com\/fr\/produit\/17353-fr-2\/\"]}]},{\"@type\":\"ImageObject\",\"inLanguage\":\"fr-FR\",\"@id\":\"https:\/\/www.educaborras.com\/fr\/produit\/17353-fr-2\/#primaryimage\",\"url\":\"https:\/\/www.educaborras.com\/wp-content\/uploads\/17353_01_high.jpg\",\"contentUrl\":\"https:\/\/www.educaborras.com\/wp-content\/uploads\/17353_01_high.jpg\",\"caption\":\"Producto\"},{\"@type\":\"BreadcrumbList\",\"@id\":\"https:\/\/www.educaborras.com\/fr\/produit\/17353-fr-2\/#breadcrumb\",\"itemListElement\":[{\"@type\":\"ListItem\",\"position\":1,\"name\":\"Portada\",\"item\":\"https:\/\/www.educaborras.com\/fr\/\"},{\"@type\":\"ListItem\",\"position\":2,\"name\":\"Produits\",\"item\":\"https:\/\/www.educaborras.com\/fr\/shop\/\"},{\"@type\":\"ListItem\",\"position\":3,\"name\":\"Mini jeu il etait une fois\u2026 l&#8217;homme\"}]},{\"@type\":\"WebSite\",\"@id\":\"https:\/\/www.educaborras.com\/fr\/#website\",\"url\":\"https:\/\/www.educaborras.com\/fr\/\",\"name\":\"Educa Borras\",\"description\":\"\",\"publisher\":{\"@id\":\"https:\/\/www.educaborras.com\/fr\/#organization\"},\"potentialAction\":[{\"@type\":\"SearchAction\",\"target\":{\"@type\":\"EntryPoint\",\"urlTemplate\":\"https:\/\/www.educaborras.com\/fr\/?s={search_term_string}\"},\"query-input\":{\"@type\":\"PropertyValueSpecification\",\"valueRequired\":true,\"valueName\":\"search_term_string\"}}],\"inLanguage\":\"fr-FR\"},{\"@type\":\"Organization\",\"@id\":\"https:\/\/www.educaborras.com\/fr\/#organization\",\"name\":\"Educa Borras\",\"url\":\"https:\/\/www.educaborras.com\/fr\/\",\"logo\":{\"@type\":\"ImageObject\",\"inLanguage\":\"fr-FR\",\"@id\":\"https:\/\/www.educaborras.com\/fr\/#\/schema\/logo\/image\/\",\"url\":\"https:\/\/www.educaborras.com\/wp-content\/uploads\/cropped-LOGOS-EDUCA-BORRAS_retina.png\",\"contentUrl\":\"https:\/\/www.educaborras.com\/wp-content\/uploads\/cropped-LOGOS-EDUCA-BORRAS_retina.png\",\"caption\":\"Educa Borras\"},\"image\":{\"@id\":\"https:\/\/www.educaborras.com\/fr\/#\/schema\/logo\/image\/\"}}]}<\/script>\n<!-- \/ Yoast SEO plugin. -->","yoast_head_json":{"title":"Mini jeu il etait une fois\u2026 l'homme - Educa Borras","robots":{"index":"index","follow":"follow","max-snippet":"max-snippet:-1","max-image-preview":"max-image-preview:large","max-video-preview":"max-video-preview:-1"},"canonical":"https:\/\/www.educaborras.com\/fr\/produit\/17353-fr-2\/","schema":{"@context":"https:\/\/schema.org","@graph":[{"@type":"WebPage","@id":"https:\/\/www.educaborras.com\/fr\/produit\/17353-fr-2\/","url":"https:\/\/www.educaborras.com\/fr\/produit\/17353-fr-2\/","name":"Mini jeu il etait une fois\u2026 l'homme - Educa Borras","isPartOf":{"@id":"https:\/\/www.educaborras.com\/fr\/#website"},"primaryImageOfPage":{"@id":"https:\/\/www.educaborras.com\/fr\/produit\/17353-fr-2\/#primaryimage"},"image":{"@id":"https:\/\/www.educaborras.com\/fr\/produit\/17353-fr-2\/#primaryimage"},"thumbnailUrl":"https:\/\/www.educaborras.com\/wp-content\/uploads\/17353_01_high.jpg","datePublished":"2025-11-06T10:47:48+00:00","dateModified":"2026-04-04T00:36:24+00:00","breadcrumb":{"@id":"https:\/\/www.educaborras.com\/fr\/produit\/17353-fr-2\/#breadcrumb"},"inLanguage":"fr-FR","potentialAction":[{"@type":"ReadAction","target":["https:\/\/www.educaborras.com\/fr\/produit\/17353-fr-2\/"]}]},{"@type":"ImageObject","inLanguage":"fr-FR","@id":"https:\/\/www.educaborras.com\/fr\/produit\/17353-fr-2\/#primaryimage","url":"https:\/\/www.educaborras.com\/wp-content\/uploads\/17353_01_high.jpg","contentUrl":"https:\/\/www.educaborras.com\/wp-content\/uploads\/17353_01_high.jpg","caption":"Producto"},{"@type":"BreadcrumbList","@id":"https:\/\/www.educaborras.com\/fr\/produit\/17353-fr-2\/#breadcrumb","itemListElement":[{"@type":"ListItem","position":1,"name":"Portada","item":"https:\/\/www.educaborras.com\/fr\/"},{"@type":"ListItem","position":2,"name":"Produits","item":"https:\/\/www.educaborras.com\/fr\/shop\/"},{"@type":"ListItem","position":3,"name":"Mini jeu il etait une fois\u2026 l&#8217;homme"}]},{"@type":"WebSite","@id":"https:\/\/www.educaborras.com\/fr\/#website","url":"https:\/\/www.educaborras.com\/fr\/","name":"Educa Borras","description":"","publisher":{"@id":"https:\/\/www.educaborras.com\/fr\/#organization"},"potentialAction":[{"@type":"SearchAction","target":{"@type":"EntryPoint","urlTemplate":"https:\/\/www.educaborras.com\/fr\/?s={search_term_string}"},"query-input":{"@type":"PropertyValueSpecification","valueRequired":true,"valueName":"search_term_string"}}],"inLanguage":"fr-FR"},{"@type":"Organization","@id":"https:\/\/www.educaborras.com\/fr\/#organization","name":"Educa Borras","url":"https:\/\/www.educaborras.com\/fr\/","logo":{"@type":"ImageObject","inLanguage":"fr-FR","@id":"https:\/\/www.educaborras.com\/fr\/#\/schema\/logo\/image\/","url":"https:\/\/www.educaborras.com\/wp-content\/uploads\/cropped-LOGOS-EDUCA-BORRAS_retina.png","contentUrl":"https:\/\/www.educaborras.com\/wp-content\/uploads\/cropped-LOGOS-EDUCA-BORRAS_retina.png","caption":"Educa Borras"},"image":{"@id":"https:\/\/www.educaborras.com\/fr\/#\/schema\/logo\/image\/"}}]}},"_links":{"self":[{"href":"https:\/\/www.educaborras.com\/fr\/wp-json\/wp\/v2\/product\/253594","targetHints":{"allow":["GET"]}}],"collection":[{"href":"https:\/\/www.educaborras.com\/fr\/wp-json\/wp\/v2\/product"}],"about":[{"href":"https:\/\/www.educaborras.com\/fr\/wp-json\/wp\/v2\/types\/product"}],"wp:featuredmedia":[{"embeddable":true,"href":"https:\/\/www.educaborras.com\/fr\/wp-json\/wp\/v2\/media\/26107"}],"wp:attachment":[{"href":"https:\/\/www.educaborras.com\/fr\/wp-json\/wp\/v2\/media?parent=253594"}],"wp:term":[{"taxonomy":"product_brand","embeddable":true,"href":"https:\/\/www.educaborras.com\/fr\/wp-json\/wp\/v2\/product_brand?post=253594"},{"taxonomy":"product_cat","embeddable":true,"href":"https:\/\/www.educaborras.com\/fr\/wp-json\/wp\/v2\/product_cat?post=253594"},{"taxonomy":"product_tag","embeddable":true,"href":"https:\/\/www.educaborras.com\/fr\/wp-json\/wp\/v2\/product_tag?post=253594"}],"curies":[{"name":"wp","href":"https:\/\/api.w.org\/{rel}","templated":true}]}}