{"id":253588,"date":"2025-11-06T12:47:47","date_gmt":"2025-11-06T10:47:47","guid":{"rendered":"https:\/\/www.educaborras.com\/product\/19691-fr-2\/"},"modified":"2026-04-19T03:00:54","modified_gmt":"2026-04-19T01:00:54","slug":"19691-fr-2","status":"publish","type":"product","link":"https:\/\/www.educaborras.com\/fr\/produit\/19691-fr-2\/","title":{"rendered":"Kit \u00c9cole Maternelle Monsieur Madame"},"content":{"rendered":"<p>Ce coffret regroupe un ensemble d\u2019activit\u00e9s qui accompagneront l\u2019enfant durant ses 3 ann\u00e9es de maternelle. 3 niveaux de difficult\u00e9 bien s\u00e9par\u00e9s. Des activit\u00e9s d\u2019observation et de d\u00e9couverte, de lecture et d\u2019\u00e9criture. Activit\u00e9s : coloriage, loto des saisons, domino des formes et des couleurs, puzzle alphabet, puzzles des chiffres, jeu de plateau, lecture, \u00e9criture, calcul.<\/p>\n","protected":false},"excerpt":{"rendered":"<p>Ce coffret regroupe un ensemble d\u2019activit\u00e9s qui accompagneront l\u2019enfant durant ses 3 ann\u00e9es de maternelle.<\/p>\n","protected":false},"featured_media":111416,"template":"","meta":{"_acf_changed":false},"product_brand":[],"product_cat":[73256,73259],"product_tag":[101578,101583,101582,89681,89671,89676,89677,89678,101591,101588,101589,101584,101585,101587,101506,101507,87337,101596,76975,76944,98479,80137,101538,87339,101594,101593,78936,80882,101581,73999,89967,101580,101579,101505,89682,95214,101595,87328,101586,101502,73995,74054,101592,101590],"class_list":{"0":"post-253588","1":"product","2":"type-product","3":"status-publish","4":"has-post-thumbnail","6":"product_cat-jeux-educatifs","7":"product_cat-jeux-educatifs-basiques","8":"product_tag-101578","9":"product_tag-abc","10":"product_tag-abecedaire","11":"product_tag-alphabet","12":"product_tag-apprendre","13":"product_tag-apprends","14":"product_tag-apprentissage","15":"product_tag-apprentissages","16":"product_tag-bump","17":"product_tag-calcul","18":"product_tag-calculs","19":"product_tag-chiffre","20":"product_tag-chifres","21":"product_tag-compte","22":"product_tag-compter","23":"product_tag-couleur","24":"product_tag-couleurs","25":"product_tag-curious","26":"product_tag-domino-fr","27":"product_tag-domino","28":"product_tag-educatif-fr","29":"product_tag-educatif","30":"product_tag-forme","31":"product_tag-formes","32":"product_tag-funy","33":"product_tag-grumpy","34":"product_tag-happy","35":"product_tag-happy-fr","36":"product_tag-japprends-lalphabet","37":"product_tag-jeu","38":"product_tag-jeu-fr","39":"product_tag-kit-ecole-maternelle","40":"product_tag-kit-ecole-maternelle-monsieur-madame","41":"product_tag-lettre","42":"product_tag-lettres","43":"product_tag-logique","44":"product_tag-messy","45":"product_tag-monsieur-madame","46":"product_tag-nombre","47":"product_tag-nombres","48":"product_tag-puzzle","49":"product_tag-puzzle-fr","50":"product_tag-strong","51":"product_tag-tickle","53":"first","54":"instock","55":"shipping-taxable","56":"product-type-simple"},"acf":[],"yoast_head":"<!-- This site is optimized with the Yoast SEO plugin v27.1.1 - https:\/\/yoast.com\/product\/yoast-seo-wordpress\/ -->\n<title>Kit \u00c9cole Maternelle Monsieur Madame - Educa Borras<\/title>\n<meta name=\"robots\" content=\"index, follow, max-snippet:-1, max-image-preview:large, max-video-preview:-1\" \/>\n<link rel=\"canonical\" href=\"https:\/\/www.educaborras.com\/fr\/produit\/19691-fr-2\/\" \/>\n<script type=\"application\/ld+json\" class=\"yoast-schema-graph\">{\"@context\":\"https:\/\/schema.org\",\"@graph\":[{\"@type\":\"WebPage\",\"@id\":\"https:\/\/www.educaborras.com\/fr\/produit\/19691-fr-2\/\",\"url\":\"https:\/\/www.educaborras.com\/fr\/produit\/19691-fr-2\/\",\"name\":\"Kit \u00c9cole Maternelle Monsieur Madame - Educa Borras\",\"isPartOf\":{\"@id\":\"https:\/\/www.educaborras.com\/fr\/#website\"},\"primaryImageOfPage\":{\"@id\":\"https:\/\/www.educaborras.com\/fr\/produit\/19691-fr-2\/#primaryimage\"},\"image\":{\"@id\":\"https:\/\/www.educaborras.com\/fr\/produit\/19691-fr-2\/#primaryimage\"},\"thumbnailUrl\":\"https:\/\/www.educaborras.com\/wp-content\/uploads\/19699_01_high.jpg\",\"datePublished\":\"2025-11-06T10:47:47+00:00\",\"dateModified\":\"2026-04-19T01:00:54+00:00\",\"breadcrumb\":{\"@id\":\"https:\/\/www.educaborras.com\/fr\/produit\/19691-fr-2\/#breadcrumb\"},\"inLanguage\":\"fr-FR\",\"potentialAction\":[{\"@type\":\"ReadAction\",\"target\":[\"https:\/\/www.educaborras.com\/fr\/produit\/19691-fr-2\/\"]}]},{\"@type\":\"ImageObject\",\"inLanguage\":\"fr-FR\",\"@id\":\"https:\/\/www.educaborras.com\/fr\/produit\/19691-fr-2\/#primaryimage\",\"url\":\"https:\/\/www.educaborras.com\/wp-content\/uploads\/19699_01_high.jpg\",\"contentUrl\":\"https:\/\/www.educaborras.com\/wp-content\/uploads\/19699_01_high.jpg\",\"width\":2500,\"height\":2500},{\"@type\":\"BreadcrumbList\",\"@id\":\"https:\/\/www.educaborras.com\/fr\/produit\/19691-fr-2\/#breadcrumb\",\"itemListElement\":[{\"@type\":\"ListItem\",\"position\":1,\"name\":\"Portada\",\"item\":\"https:\/\/www.educaborras.com\/fr\/\"},{\"@type\":\"ListItem\",\"position\":2,\"name\":\"Produits\",\"item\":\"https:\/\/www.educaborras.com\/fr\/shop\/\"},{\"@type\":\"ListItem\",\"position\":3,\"name\":\"Kit \u00c9cole Maternelle Monsieur Madame\"}]},{\"@type\":\"WebSite\",\"@id\":\"https:\/\/www.educaborras.com\/fr\/#website\",\"url\":\"https:\/\/www.educaborras.com\/fr\/\",\"name\":\"Educa Borras\",\"description\":\"\",\"publisher\":{\"@id\":\"https:\/\/www.educaborras.com\/fr\/#organization\"},\"potentialAction\":[{\"@type\":\"SearchAction\",\"target\":{\"@type\":\"EntryPoint\",\"urlTemplate\":\"https:\/\/www.educaborras.com\/fr\/?s={search_term_string}\"},\"query-input\":{\"@type\":\"PropertyValueSpecification\",\"valueRequired\":true,\"valueName\":\"search_term_string\"}}],\"inLanguage\":\"fr-FR\"},{\"@type\":\"Organization\",\"@id\":\"https:\/\/www.educaborras.com\/fr\/#organization\",\"name\":\"Educa Borras\",\"url\":\"https:\/\/www.educaborras.com\/fr\/\",\"logo\":{\"@type\":\"ImageObject\",\"inLanguage\":\"fr-FR\",\"@id\":\"https:\/\/www.educaborras.com\/fr\/#\/schema\/logo\/image\/\",\"url\":\"https:\/\/www.educaborras.com\/wp-content\/uploads\/cropped-LOGOS-EDUCA-BORRAS_retina.png\",\"contentUrl\":\"https:\/\/www.educaborras.com\/wp-content\/uploads\/cropped-LOGOS-EDUCA-BORRAS_retina.png\",\"caption\":\"Educa Borras\"},\"image\":{\"@id\":\"https:\/\/www.educaborras.com\/fr\/#\/schema\/logo\/image\/\"}}]}<\/script>\n<!-- \/ Yoast SEO plugin. -->","yoast_head_json":{"title":"Kit \u00c9cole Maternelle Monsieur Madame - Educa Borras","robots":{"index":"index","follow":"follow","max-snippet":"max-snippet:-1","max-image-preview":"max-image-preview:large","max-video-preview":"max-video-preview:-1"},"canonical":"https:\/\/www.educaborras.com\/fr\/produit\/19691-fr-2\/","schema":{"@context":"https:\/\/schema.org","@graph":[{"@type":"WebPage","@id":"https:\/\/www.educaborras.com\/fr\/produit\/19691-fr-2\/","url":"https:\/\/www.educaborras.com\/fr\/produit\/19691-fr-2\/","name":"Kit \u00c9cole Maternelle Monsieur Madame - Educa Borras","isPartOf":{"@id":"https:\/\/www.educaborras.com\/fr\/#website"},"primaryImageOfPage":{"@id":"https:\/\/www.educaborras.com\/fr\/produit\/19691-fr-2\/#primaryimage"},"image":{"@id":"https:\/\/www.educaborras.com\/fr\/produit\/19691-fr-2\/#primaryimage"},"thumbnailUrl":"https:\/\/www.educaborras.com\/wp-content\/uploads\/19699_01_high.jpg","datePublished":"2025-11-06T10:47:47+00:00","dateModified":"2026-04-19T01:00:54+00:00","breadcrumb":{"@id":"https:\/\/www.educaborras.com\/fr\/produit\/19691-fr-2\/#breadcrumb"},"inLanguage":"fr-FR","potentialAction":[{"@type":"ReadAction","target":["https:\/\/www.educaborras.com\/fr\/produit\/19691-fr-2\/"]}]},{"@type":"ImageObject","inLanguage":"fr-FR","@id":"https:\/\/www.educaborras.com\/fr\/produit\/19691-fr-2\/#primaryimage","url":"https:\/\/www.educaborras.com\/wp-content\/uploads\/19699_01_high.jpg","contentUrl":"https:\/\/www.educaborras.com\/wp-content\/uploads\/19699_01_high.jpg","width":2500,"height":2500},{"@type":"BreadcrumbList","@id":"https:\/\/www.educaborras.com\/fr\/produit\/19691-fr-2\/#breadcrumb","itemListElement":[{"@type":"ListItem","position":1,"name":"Portada","item":"https:\/\/www.educaborras.com\/fr\/"},{"@type":"ListItem","position":2,"name":"Produits","item":"https:\/\/www.educaborras.com\/fr\/shop\/"},{"@type":"ListItem","position":3,"name":"Kit \u00c9cole Maternelle Monsieur Madame"}]},{"@type":"WebSite","@id":"https:\/\/www.educaborras.com\/fr\/#website","url":"https:\/\/www.educaborras.com\/fr\/","name":"Educa Borras","description":"","publisher":{"@id":"https:\/\/www.educaborras.com\/fr\/#organization"},"potentialAction":[{"@type":"SearchAction","target":{"@type":"EntryPoint","urlTemplate":"https:\/\/www.educaborras.com\/fr\/?s={search_term_string}"},"query-input":{"@type":"PropertyValueSpecification","valueRequired":true,"valueName":"search_term_string"}}],"inLanguage":"fr-FR"},{"@type":"Organization","@id":"https:\/\/www.educaborras.com\/fr\/#organization","name":"Educa Borras","url":"https:\/\/www.educaborras.com\/fr\/","logo":{"@type":"ImageObject","inLanguage":"fr-FR","@id":"https:\/\/www.educaborras.com\/fr\/#\/schema\/logo\/image\/","url":"https:\/\/www.educaborras.com\/wp-content\/uploads\/cropped-LOGOS-EDUCA-BORRAS_retina.png","contentUrl":"https:\/\/www.educaborras.com\/wp-content\/uploads\/cropped-LOGOS-EDUCA-BORRAS_retina.png","caption":"Educa Borras"},"image":{"@id":"https:\/\/www.educaborras.com\/fr\/#\/schema\/logo\/image\/"}}]}},"_links":{"self":[{"href":"https:\/\/www.educaborras.com\/fr\/wp-json\/wp\/v2\/product\/253588","targetHints":{"allow":["GET"]}}],"collection":[{"href":"https:\/\/www.educaborras.com\/fr\/wp-json\/wp\/v2\/product"}],"about":[{"href":"https:\/\/www.educaborras.com\/fr\/wp-json\/wp\/v2\/types\/product"}],"wp:featuredmedia":[{"embeddable":true,"href":"https:\/\/www.educaborras.com\/fr\/wp-json\/wp\/v2\/media\/111416"}],"wp:attachment":[{"href":"https:\/\/www.educaborras.com\/fr\/wp-json\/wp\/v2\/media?parent=253588"}],"wp:term":[{"taxonomy":"product_brand","embeddable":true,"href":"https:\/\/www.educaborras.com\/fr\/wp-json\/wp\/v2\/product_brand?post=253588"},{"taxonomy":"product_cat","embeddable":true,"href":"https:\/\/www.educaborras.com\/fr\/wp-json\/wp\/v2\/product_cat?post=253588"},{"taxonomy":"product_tag","embeddable":true,"href":"https:\/\/www.educaborras.com\/fr\/wp-json\/wp\/v2\/product_tag?post=253588"}],"curies":[{"name":"wp","href":"https:\/\/api.w.org\/{rel}","templated":true}]}}