{"id":253583,"date":"2025-11-06T12:47:46","date_gmt":"2025-11-06T10:47:46","guid":{"rendered":"https:\/\/www.educaborras.com\/product\/20345-fr-2\/"},"modified":"2026-04-12T03:35:47","modified_gmt":"2026-04-12T01:35:47","slug":"20345-fr-2","status":"publish","type":"product","link":"https:\/\/www.educaborras.com\/fr\/produit\/20345-fr-2\/","title":{"rendered":"2&#215;48 Iron Man and his Awesome Friends"},"content":{"rendered":"<p>Retrouvez le c\u00e9lcbre Spider-Man de Marvel dans cet ensemble de 2 puzzles de 48 pi\u00e8ces. Ces 2 puzzles sont compos\u00e9s de 48 pi\u00e8ces parfaitement finies pour un assemblage simple et s\u00fbr. Dimensions des puzzles assembl\u00e9s : 28 x 20 cm. Educa\u00ae vous propose une vaste collection de puzzles pour enfants de grande qualit\u00e9, de 2 \u00e0 400 pi\u00e8ces, repr\u00e9sentant les images et les personnages les plus amusants pour tous les \u00e2ges.<\/p>\n","protected":false},"excerpt":{"rendered":"<p>Retrouvez le c\u00e9lcbre Spider-Man de Marvel dans cet ensemble de 2 puzzles de 48 pi\u00e8ces. Dimensions des puzzles assembl\u00e9s : 28 x 20 cm.<\/p>\n","protected":false},"featured_media":0,"template":"","meta":{"_acf_changed":false},"product_brand":[],"product_cat":[73420],"product_tag":[74331,74344,77890,101657,77878,101661,101662,101667,101668,74423,74000,74141,74208,77435,77417,101664,101658,101659,76096,76142,74347,74332,74495,74437,80353,82357,74438,74496,74439,74497,77850,77868,75657,73994,101660,73995,74054,101663,80184,82494,101666,86000,86056,101665,86057,85526,74348,73997],"class_list":{"0":"post-253583","1":"product","2":"type-product","3":"status-publish","5":"product_cat-puzzles-21-a-99-peces","6":"product_tag-piezas","7":"product_tag-piezas-fr","8":"product_tag-2x48-fr","9":"product_tag-101657","10":"product_tag-2x48","11":"product_tag-2x48-iron-man","12":"product_tag-2x48-iron-man-and-his-awesome-friends","13":"product_tag-amazing-friends","14":"product_tag-awesome-friends","15":"product_tag-disney-fr","16":"product_tag-disney","17":"product_tag-educa-puzzle","18":"product_tag-educa-puzzle-fr","19":"product_tag-iron-man-fr","20":"product_tag-iron-man","21":"product_tag-iron-man-his-awesome-friends","22":"product_tag-iron-man-and-his-awesome-friends","23":"product_tag-iron-man-puzzle","24":"product_tag-marvel","25":"product_tag-marvel-fr","26":"product_tag-peca-fr","27":"product_tag-peca","28":"product_tag-peces-fr","29":"product_tag-peces","30":"product_tag-picce","31":"product_tag-picce-fr","32":"product_tag-piece","33":"product_tag-piece-fr","34":"product_tag-pieces","35":"product_tag-pieces-fr","36":"product_tag-pieza","37":"product_tag-pieza-fr","38":"product_tag-puzle-fr","39":"product_tag-puzle","40":"product_tag-puzle-iron-man","41":"product_tag-puzzle","42":"product_tag-puzzle-fr","43":"product_tag-puzzle-2x48-iron-man","44":"product_tag-puzzle-educa","45":"product_tag-puzzle-educa-fr","46":"product_tag-puzzle-educa-iron-man","47":"product_tag-puzzle-iron-man","48":"product_tag-puzzle-iron-man-fr","49":"product_tag-puzzle-iron-man-2x48","50":"product_tag-puzzle-marvel-fr","51":"product_tag-puzzle-marvel","52":"product_tag-rompecabezas-fr","53":"product_tag-rompecabezas","55":"first","56":"instock","57":"shipping-taxable","58":"product-type-simple"},"acf":[],"yoast_head":"<!-- This site is optimized with the Yoast SEO plugin v27.1.1 - https:\/\/yoast.com\/product\/yoast-seo-wordpress\/ -->\n<title>2x48 Iron Man and his Awesome Friends - Educa Borras<\/title>\n<meta name=\"robots\" content=\"index, follow, max-snippet:-1, max-image-preview:large, max-video-preview:-1\" \/>\n<link rel=\"canonical\" href=\"https:\/\/www.educaborras.com\/fr\/produit\/20345-fr-2\/\" \/>\n<script type=\"application\/ld+json\" class=\"yoast-schema-graph\">{\"@context\":\"https:\/\/schema.org\",\"@graph\":[{\"@type\":\"WebPage\",\"@id\":\"https:\/\/www.educaborras.com\/fr\/produit\/20345-fr-2\/\",\"url\":\"https:\/\/www.educaborras.com\/fr\/produit\/20345-fr-2\/\",\"name\":\"2x48 Iron Man and his Awesome Friends - Educa Borras\",\"isPartOf\":{\"@id\":\"https:\/\/www.educaborras.com\/fr\/#website\"},\"datePublished\":\"2025-11-06T10:47:46+00:00\",\"dateModified\":\"2026-04-12T01:35:47+00:00\",\"breadcrumb\":{\"@id\":\"https:\/\/www.educaborras.com\/fr\/produit\/20345-fr-2\/#breadcrumb\"},\"inLanguage\":\"fr-FR\",\"potentialAction\":[{\"@type\":\"ReadAction\",\"target\":[\"https:\/\/www.educaborras.com\/fr\/produit\/20345-fr-2\/\"]}]},{\"@type\":\"BreadcrumbList\",\"@id\":\"https:\/\/www.educaborras.com\/fr\/produit\/20345-fr-2\/#breadcrumb\",\"itemListElement\":[{\"@type\":\"ListItem\",\"position\":1,\"name\":\"Portada\",\"item\":\"https:\/\/www.educaborras.com\/fr\/\"},{\"@type\":\"ListItem\",\"position\":2,\"name\":\"Produits\",\"item\":\"https:\/\/www.educaborras.com\/fr\/shop\/\"},{\"@type\":\"ListItem\",\"position\":3,\"name\":\"2&#215;48 Iron Man and his Awesome Friends\"}]},{\"@type\":\"WebSite\",\"@id\":\"https:\/\/www.educaborras.com\/fr\/#website\",\"url\":\"https:\/\/www.educaborras.com\/fr\/\",\"name\":\"Educa Borras\",\"description\":\"\",\"publisher\":{\"@id\":\"https:\/\/www.educaborras.com\/fr\/#organization\"},\"potentialAction\":[{\"@type\":\"SearchAction\",\"target\":{\"@type\":\"EntryPoint\",\"urlTemplate\":\"https:\/\/www.educaborras.com\/fr\/?s={search_term_string}\"},\"query-input\":{\"@type\":\"PropertyValueSpecification\",\"valueRequired\":true,\"valueName\":\"search_term_string\"}}],\"inLanguage\":\"fr-FR\"},{\"@type\":\"Organization\",\"@id\":\"https:\/\/www.educaborras.com\/fr\/#organization\",\"name\":\"Educa Borras\",\"url\":\"https:\/\/www.educaborras.com\/fr\/\",\"logo\":{\"@type\":\"ImageObject\",\"inLanguage\":\"fr-FR\",\"@id\":\"https:\/\/www.educaborras.com\/fr\/#\/schema\/logo\/image\/\",\"url\":\"https:\/\/www.educaborras.com\/wp-content\/uploads\/cropped-LOGOS-EDUCA-BORRAS_retina.png\",\"contentUrl\":\"https:\/\/www.educaborras.com\/wp-content\/uploads\/cropped-LOGOS-EDUCA-BORRAS_retina.png\",\"caption\":\"Educa Borras\"},\"image\":{\"@id\":\"https:\/\/www.educaborras.com\/fr\/#\/schema\/logo\/image\/\"}}]}<\/script>\n<!-- \/ Yoast SEO plugin. -->","yoast_head_json":{"title":"2x48 Iron Man and his Awesome Friends - Educa Borras","robots":{"index":"index","follow":"follow","max-snippet":"max-snippet:-1","max-image-preview":"max-image-preview:large","max-video-preview":"max-video-preview:-1"},"canonical":"https:\/\/www.educaborras.com\/fr\/produit\/20345-fr-2\/","schema":{"@context":"https:\/\/schema.org","@graph":[{"@type":"WebPage","@id":"https:\/\/www.educaborras.com\/fr\/produit\/20345-fr-2\/","url":"https:\/\/www.educaborras.com\/fr\/produit\/20345-fr-2\/","name":"2x48 Iron Man and his Awesome Friends - Educa Borras","isPartOf":{"@id":"https:\/\/www.educaborras.com\/fr\/#website"},"datePublished":"2025-11-06T10:47:46+00:00","dateModified":"2026-04-12T01:35:47+00:00","breadcrumb":{"@id":"https:\/\/www.educaborras.com\/fr\/produit\/20345-fr-2\/#breadcrumb"},"inLanguage":"fr-FR","potentialAction":[{"@type":"ReadAction","target":["https:\/\/www.educaborras.com\/fr\/produit\/20345-fr-2\/"]}]},{"@type":"BreadcrumbList","@id":"https:\/\/www.educaborras.com\/fr\/produit\/20345-fr-2\/#breadcrumb","itemListElement":[{"@type":"ListItem","position":1,"name":"Portada","item":"https:\/\/www.educaborras.com\/fr\/"},{"@type":"ListItem","position":2,"name":"Produits","item":"https:\/\/www.educaborras.com\/fr\/shop\/"},{"@type":"ListItem","position":3,"name":"2&#215;48 Iron Man and his Awesome Friends"}]},{"@type":"WebSite","@id":"https:\/\/www.educaborras.com\/fr\/#website","url":"https:\/\/www.educaborras.com\/fr\/","name":"Educa Borras","description":"","publisher":{"@id":"https:\/\/www.educaborras.com\/fr\/#organization"},"potentialAction":[{"@type":"SearchAction","target":{"@type":"EntryPoint","urlTemplate":"https:\/\/www.educaborras.com\/fr\/?s={search_term_string}"},"query-input":{"@type":"PropertyValueSpecification","valueRequired":true,"valueName":"search_term_string"}}],"inLanguage":"fr-FR"},{"@type":"Organization","@id":"https:\/\/www.educaborras.com\/fr\/#organization","name":"Educa Borras","url":"https:\/\/www.educaborras.com\/fr\/","logo":{"@type":"ImageObject","inLanguage":"fr-FR","@id":"https:\/\/www.educaborras.com\/fr\/#\/schema\/logo\/image\/","url":"https:\/\/www.educaborras.com\/wp-content\/uploads\/cropped-LOGOS-EDUCA-BORRAS_retina.png","contentUrl":"https:\/\/www.educaborras.com\/wp-content\/uploads\/cropped-LOGOS-EDUCA-BORRAS_retina.png","caption":"Educa Borras"},"image":{"@id":"https:\/\/www.educaborras.com\/fr\/#\/schema\/logo\/image\/"}}]}},"_links":{"self":[{"href":"https:\/\/www.educaborras.com\/fr\/wp-json\/wp\/v2\/product\/253583","targetHints":{"allow":["GET"]}}],"collection":[{"href":"https:\/\/www.educaborras.com\/fr\/wp-json\/wp\/v2\/product"}],"about":[{"href":"https:\/\/www.educaborras.com\/fr\/wp-json\/wp\/v2\/types\/product"}],"wp:attachment":[{"href":"https:\/\/www.educaborras.com\/fr\/wp-json\/wp\/v2\/media?parent=253583"}],"wp:term":[{"taxonomy":"product_brand","embeddable":true,"href":"https:\/\/www.educaborras.com\/fr\/wp-json\/wp\/v2\/product_brand?post=253583"},{"taxonomy":"product_cat","embeddable":true,"href":"https:\/\/www.educaborras.com\/fr\/wp-json\/wp\/v2\/product_cat?post=253583"},{"taxonomy":"product_tag","embeddable":true,"href":"https:\/\/www.educaborras.com\/fr\/wp-json\/wp\/v2\/product_tag?post=253583"}],"curies":[{"name":"wp","href":"https:\/\/api.w.org\/{rel}","templated":true}]}}