{"id":253567,"date":"2025-11-06T12:47:36","date_gmt":"2025-11-06T10:47:36","guid":{"rendered":"https:\/\/www.educaborras.com\/product\/19107-fr-2\/"},"modified":"2026-04-18T03:26:05","modified_gmt":"2026-04-18T01:26:05","slug":"19107-fr-2","status":"publish","type":"product","link":"https:\/\/www.educaborras.com\/fr\/produit\/19107-fr-2\/","title":{"rendered":"Kit Ecole Maternelle Apprendre C&rsquo;est Amusant"},"content":{"rendered":"<p>Ce kit regroupe un ensemble d\u2019activit\u00e9s qui accompagneront l\u2019enfant durant ses 3 ann\u00e9es de maternelle. 3 niveaux de difficult\u00e9 bien s\u00e9par\u00e9s. Des activit\u00e9s d\u2019observation et de d\u00e9couverte, de lecture et d\u2019\u00e9criture. CONTENU : &#8211; Coloriage &#8211; Loto Animaux &#8211; Domino Formes et Couleurs &#8211; Puzzle Alphabet &#8211; Jeu d\u2019Encastrement des Chiffres &#8211; Jeu de Soci\u00e9t\u00e9 &#8211; Lecture &#8211; \u00c9criture &#8211; Calculs.<\/p>\n","protected":false},"excerpt":{"rendered":"<p>Ce kit regroupe un ensemble d\u2019activit\u00e9s qui accompagneront l\u2019enfant durant ses 3 ann\u00e9es de maternelle. 3 niveaux de difficult\u00e9 bien s\u00e9par\u00e9s. Des activit\u00e9s d\u2019observation et de d\u00e9couverte, de lecture et d\u2019\u00e9criture.<\/p>\n","protected":false},"featured_media":104114,"template":"","meta":{"_acf_changed":false},"product_brand":[],"product_cat":[73256,73259],"product_tag":[101494,89681,89672,89671,89670,89678,95203,101501,101503,101504,98571,86797,101506,101507,87337,76944,76975,101496,101497,98479,80137,89673,101500,101495,101505,89682,95214,89680,101499,101502,77120,77149,101498,74054,73995,77239,73989],"class_list":{"0":"post-253567","1":"product","2":"type-product","3":"status-publish","4":"has-post-thumbnail","6":"product_cat-jeux-educatifs","7":"product_cat-jeux-educatifs-basiques","8":"product_tag-101494","9":"product_tag-alphabet","10":"product_tag-amusant","11":"product_tag-apprendre","12":"product_tag-apprendre-cest-amusant","13":"product_tag-apprentissages","14":"product_tag-association","15":"product_tag-chiffres","16":"product_tag-coloriage","17":"product_tag-coloriages","18":"product_tag-colorier-fr","19":"product_tag-colorier","20":"product_tag-compter","21":"product_tag-couleur","22":"product_tag-couleurs","23":"product_tag-domino","24":"product_tag-domino-fr","25":"product_tag-ecole","26":"product_tag-ecole-maternelle","27":"product_tag-educatif-fr","28":"product_tag-educatif","29":"product_tag-educatifs","30":"product_tag-grande-section","31":"product_tag-kit-maternelle","32":"product_tag-lettre","33":"product_tag-lettres","34":"product_tag-logique","35":"product_tag-maternelle","36":"product_tag-moyenne-section","37":"product_tag-nombres","38":"product_tag-numeros","39":"product_tag-numeros-fr","40":"product_tag-petite-section","41":"product_tag-puzzle-fr","42":"product_tag-puzzle","43":"product_tag-puzzles-fr","44":"product_tag-puzzles","46":"first","47":"instock","48":"shipping-taxable","49":"product-type-simple"},"acf":[],"yoast_head":"<!-- This site is optimized with the Yoast SEO plugin v27.1.1 - https:\/\/yoast.com\/product\/yoast-seo-wordpress\/ -->\n<title>Kit Ecole Maternelle Apprendre C&#039;est Amusant - Educa Borras<\/title>\n<meta name=\"robots\" content=\"index, follow, max-snippet:-1, max-image-preview:large, max-video-preview:-1\" \/>\n<link rel=\"canonical\" href=\"https:\/\/www.educaborras.com\/fr\/produit\/19107-fr-2\/\" \/>\n<script type=\"application\/ld+json\" class=\"yoast-schema-graph\">{\"@context\":\"https:\/\/schema.org\",\"@graph\":[{\"@type\":\"WebPage\",\"@id\":\"https:\/\/www.educaborras.com\/fr\/produit\/19107-fr-2\/\",\"url\":\"https:\/\/www.educaborras.com\/fr\/produit\/19107-fr-2\/\",\"name\":\"Kit Ecole Maternelle Apprendre C'est Amusant - Educa Borras\",\"isPartOf\":{\"@id\":\"https:\/\/www.educaborras.com\/fr\/#website\"},\"primaryImageOfPage\":{\"@id\":\"https:\/\/www.educaborras.com\/fr\/produit\/19107-fr-2\/#primaryimage\"},\"image\":{\"@id\":\"https:\/\/www.educaborras.com\/fr\/produit\/19107-fr-2\/#primaryimage\"},\"thumbnailUrl\":\"https:\/\/www.educaborras.com\/wp-content\/uploads\/19176_01_high.jpg\",\"datePublished\":\"2025-11-06T10:47:36+00:00\",\"dateModified\":\"2026-04-18T01:26:05+00:00\",\"breadcrumb\":{\"@id\":\"https:\/\/www.educaborras.com\/fr\/produit\/19107-fr-2\/#breadcrumb\"},\"inLanguage\":\"fr-FR\",\"potentialAction\":[{\"@type\":\"ReadAction\",\"target\":[\"https:\/\/www.educaborras.com\/fr\/produit\/19107-fr-2\/\"]}]},{\"@type\":\"ImageObject\",\"inLanguage\":\"fr-FR\",\"@id\":\"https:\/\/www.educaborras.com\/fr\/produit\/19107-fr-2\/#primaryimage\",\"url\":\"https:\/\/www.educaborras.com\/wp-content\/uploads\/19176_01_high.jpg\",\"contentUrl\":\"https:\/\/www.educaborras.com\/wp-content\/uploads\/19176_01_high.jpg\",\"width\":1400,\"height\":1486},{\"@type\":\"BreadcrumbList\",\"@id\":\"https:\/\/www.educaborras.com\/fr\/produit\/19107-fr-2\/#breadcrumb\",\"itemListElement\":[{\"@type\":\"ListItem\",\"position\":1,\"name\":\"Portada\",\"item\":\"https:\/\/www.educaborras.com\/fr\/\"},{\"@type\":\"ListItem\",\"position\":2,\"name\":\"Produits\",\"item\":\"https:\/\/www.educaborras.com\/fr\/shop\/\"},{\"@type\":\"ListItem\",\"position\":3,\"name\":\"Kit Ecole Maternelle Apprendre C&#8217;est Amusant\"}]},{\"@type\":\"WebSite\",\"@id\":\"https:\/\/www.educaborras.com\/fr\/#website\",\"url\":\"https:\/\/www.educaborras.com\/fr\/\",\"name\":\"Educa Borras\",\"description\":\"\",\"publisher\":{\"@id\":\"https:\/\/www.educaborras.com\/fr\/#organization\"},\"potentialAction\":[{\"@type\":\"SearchAction\",\"target\":{\"@type\":\"EntryPoint\",\"urlTemplate\":\"https:\/\/www.educaborras.com\/fr\/?s={search_term_string}\"},\"query-input\":{\"@type\":\"PropertyValueSpecification\",\"valueRequired\":true,\"valueName\":\"search_term_string\"}}],\"inLanguage\":\"fr-FR\"},{\"@type\":\"Organization\",\"@id\":\"https:\/\/www.educaborras.com\/fr\/#organization\",\"name\":\"Educa Borras\",\"url\":\"https:\/\/www.educaborras.com\/fr\/\",\"logo\":{\"@type\":\"ImageObject\",\"inLanguage\":\"fr-FR\",\"@id\":\"https:\/\/www.educaborras.com\/fr\/#\/schema\/logo\/image\/\",\"url\":\"https:\/\/www.educaborras.com\/wp-content\/uploads\/cropped-LOGOS-EDUCA-BORRAS_retina.png\",\"contentUrl\":\"https:\/\/www.educaborras.com\/wp-content\/uploads\/cropped-LOGOS-EDUCA-BORRAS_retina.png\",\"caption\":\"Educa Borras\"},\"image\":{\"@id\":\"https:\/\/www.educaborras.com\/fr\/#\/schema\/logo\/image\/\"}}]}<\/script>\n<!-- \/ Yoast SEO plugin. -->","yoast_head_json":{"title":"Kit Ecole Maternelle Apprendre C'est Amusant - Educa Borras","robots":{"index":"index","follow":"follow","max-snippet":"max-snippet:-1","max-image-preview":"max-image-preview:large","max-video-preview":"max-video-preview:-1"},"canonical":"https:\/\/www.educaborras.com\/fr\/produit\/19107-fr-2\/","schema":{"@context":"https:\/\/schema.org","@graph":[{"@type":"WebPage","@id":"https:\/\/www.educaborras.com\/fr\/produit\/19107-fr-2\/","url":"https:\/\/www.educaborras.com\/fr\/produit\/19107-fr-2\/","name":"Kit Ecole Maternelle Apprendre C'est Amusant - Educa Borras","isPartOf":{"@id":"https:\/\/www.educaborras.com\/fr\/#website"},"primaryImageOfPage":{"@id":"https:\/\/www.educaborras.com\/fr\/produit\/19107-fr-2\/#primaryimage"},"image":{"@id":"https:\/\/www.educaborras.com\/fr\/produit\/19107-fr-2\/#primaryimage"},"thumbnailUrl":"https:\/\/www.educaborras.com\/wp-content\/uploads\/19176_01_high.jpg","datePublished":"2025-11-06T10:47:36+00:00","dateModified":"2026-04-18T01:26:05+00:00","breadcrumb":{"@id":"https:\/\/www.educaborras.com\/fr\/produit\/19107-fr-2\/#breadcrumb"},"inLanguage":"fr-FR","potentialAction":[{"@type":"ReadAction","target":["https:\/\/www.educaborras.com\/fr\/produit\/19107-fr-2\/"]}]},{"@type":"ImageObject","inLanguage":"fr-FR","@id":"https:\/\/www.educaborras.com\/fr\/produit\/19107-fr-2\/#primaryimage","url":"https:\/\/www.educaborras.com\/wp-content\/uploads\/19176_01_high.jpg","contentUrl":"https:\/\/www.educaborras.com\/wp-content\/uploads\/19176_01_high.jpg","width":1400,"height":1486},{"@type":"BreadcrumbList","@id":"https:\/\/www.educaborras.com\/fr\/produit\/19107-fr-2\/#breadcrumb","itemListElement":[{"@type":"ListItem","position":1,"name":"Portada","item":"https:\/\/www.educaborras.com\/fr\/"},{"@type":"ListItem","position":2,"name":"Produits","item":"https:\/\/www.educaborras.com\/fr\/shop\/"},{"@type":"ListItem","position":3,"name":"Kit Ecole Maternelle Apprendre C&#8217;est Amusant"}]},{"@type":"WebSite","@id":"https:\/\/www.educaborras.com\/fr\/#website","url":"https:\/\/www.educaborras.com\/fr\/","name":"Educa Borras","description":"","publisher":{"@id":"https:\/\/www.educaborras.com\/fr\/#organization"},"potentialAction":[{"@type":"SearchAction","target":{"@type":"EntryPoint","urlTemplate":"https:\/\/www.educaborras.com\/fr\/?s={search_term_string}"},"query-input":{"@type":"PropertyValueSpecification","valueRequired":true,"valueName":"search_term_string"}}],"inLanguage":"fr-FR"},{"@type":"Organization","@id":"https:\/\/www.educaborras.com\/fr\/#organization","name":"Educa Borras","url":"https:\/\/www.educaborras.com\/fr\/","logo":{"@type":"ImageObject","inLanguage":"fr-FR","@id":"https:\/\/www.educaborras.com\/fr\/#\/schema\/logo\/image\/","url":"https:\/\/www.educaborras.com\/wp-content\/uploads\/cropped-LOGOS-EDUCA-BORRAS_retina.png","contentUrl":"https:\/\/www.educaborras.com\/wp-content\/uploads\/cropped-LOGOS-EDUCA-BORRAS_retina.png","caption":"Educa Borras"},"image":{"@id":"https:\/\/www.educaborras.com\/fr\/#\/schema\/logo\/image\/"}}]}},"_links":{"self":[{"href":"https:\/\/www.educaborras.com\/fr\/wp-json\/wp\/v2\/product\/253567","targetHints":{"allow":["GET"]}}],"collection":[{"href":"https:\/\/www.educaborras.com\/fr\/wp-json\/wp\/v2\/product"}],"about":[{"href":"https:\/\/www.educaborras.com\/fr\/wp-json\/wp\/v2\/types\/product"}],"wp:featuredmedia":[{"embeddable":true,"href":"https:\/\/www.educaborras.com\/fr\/wp-json\/wp\/v2\/media\/104114"}],"wp:attachment":[{"href":"https:\/\/www.educaborras.com\/fr\/wp-json\/wp\/v2\/media?parent=253567"}],"wp:term":[{"taxonomy":"product_brand","embeddable":true,"href":"https:\/\/www.educaborras.com\/fr\/wp-json\/wp\/v2\/product_brand?post=253567"},{"taxonomy":"product_cat","embeddable":true,"href":"https:\/\/www.educaborras.com\/fr\/wp-json\/wp\/v2\/product_cat?post=253567"},{"taxonomy":"product_tag","embeddable":true,"href":"https:\/\/www.educaborras.com\/fr\/wp-json\/wp\/v2\/product_tag?post=253567"}],"curies":[{"name":"wp","href":"https:\/\/api.w.org\/{rel}","templated":true}]}}