{"id":253564,"date":"2025-11-06T12:47:35","date_gmt":"2025-11-06T10:47:35","guid":{"rendered":"https:\/\/www.educaborras.com\/product\/18829-fr-2\/"},"modified":"2026-04-20T02:31:14","modified_gmt":"2026-04-20T00:31:14","slug":"18829-fr-2","status":"publish","type":"product","link":"https:\/\/www.educaborras.com\/fr\/produit\/18829-fr-2\/","title":{"rendered":"Les \u00e9motions"},"content":{"rendered":"<p>11 jeux coop\u00e9ratifs pour cr\u00e9er un espace de divertissement, de communication et d\u2019expression interpersonnelle. En quoi ce jeu peut-il vous aider ? Au niveau individuel : am\u00e9liorer l\u2019expression \u00e9motionnelle et la connaissance de soi, augmenter l\u2019empathie, l\u2019estime de soi, la confiance en soi et l\u2019assurance. Au niveau du groupe : mieux conna\u00eetre notre famille et nos amis, en am\u00e9liorant la coh\u00e9sion du groupe, augmenter la communication et la confiance, en favorisant les liens \u00e9motionnels. Les enfants apprendront \u00e0 am\u00e9liorer l\u2019expression \u00e9motionnelle, d\u00e9velopper l\u2019empathie envers autrui, am\u00e9liorer la confiance en soi et l\u2019assurance.<\/p>\n","protected":false},"excerpt":{"rendered":"<p>11 jeux coop\u00e9ratifs pour cr\u00e9er un espace de divertissement, de communication et d\u2019expression interpersonnelle.<\/p>\n","protected":false},"featured_media":83429,"template":"","meta":{"_acf_changed":false},"product_brand":[],"product_cat":[73258,73256],"product_tag":[101466,73180,94350,89672,89675,89671,89670,89676,89677,89678,89679,80137,98479,89673,75764,73940,89674,101468,101469,89967,73999,101467,89680,74611,74579,101471,101470],"class_list":{"0":"post-253564","1":"product","2":"type-product","3":"status-publish","4":"has-post-thumbnail","6":"product_cat-apprendre-cest-amusant","7":"product_cat-jeux-educatifs","8":"product_tag-101466","9":"product_tag-18838-educational-educational-games-i-learn-the-alphabet-letters-alphabet-i-learn-el-abecedario-the-alphabet","10":"product_tag-18838-educational-educational-games-i-learn-the-alphabet-letters-alphabet-i-learn-el-abecedario-the-alphabet-fr","11":"product_tag-amusant","12":"product_tag-apprend","13":"product_tag-apprendre","14":"product_tag-apprendre-cest-amusant","15":"product_tag-apprends","16":"product_tag-apprentissage","17":"product_tag-apprentissages","18":"product_tag-developpement","19":"product_tag-educatif","20":"product_tag-educatif-fr","21":"product_tag-educatifs","22":"product_tag-educative-fr","23":"product_tag-educative","24":"product_tag-educatives","25":"product_tag-emotion","26":"product_tag-emotions","27":"product_tag-jeu-fr","28":"product_tag-jeu","29":"product_tag-les-emotions","30":"product_tag-maternelle","31":"product_tag-petits-fr","32":"product_tag-petits","33":"product_tag-psychologie","34":"product_tag-sentiments","36":"first","37":"instock","38":"shipping-taxable","39":"product-type-simple"},"acf":[],"yoast_head":"<!-- This site is optimized with the Yoast SEO plugin v27.1.1 - https:\/\/yoast.com\/product\/yoast-seo-wordpress\/ -->\n<title>Les \u00e9motions - Educa Borras<\/title>\n<meta name=\"robots\" content=\"index, follow, max-snippet:-1, max-image-preview:large, max-video-preview:-1\" \/>\n<link rel=\"canonical\" href=\"https:\/\/www.educaborras.com\/fr\/produit\/18829-fr-2\/\" \/>\n<meta name=\"twitter:label1\" content=\"Dur\u00e9e de lecture estim\u00e9e\" \/>\n\t<meta name=\"twitter:data1\" content=\"1 minute\" \/>\n<script type=\"application\/ld+json\" class=\"yoast-schema-graph\">{\"@context\":\"https:\/\/schema.org\",\"@graph\":[{\"@type\":\"WebPage\",\"@id\":\"https:\/\/www.educaborras.com\/fr\/produit\/18829-fr-2\/\",\"url\":\"https:\/\/www.educaborras.com\/fr\/produit\/18829-fr-2\/\",\"name\":\"Les \u00e9motions - Educa Borras\",\"isPartOf\":{\"@id\":\"https:\/\/www.educaborras.com\/fr\/#website\"},\"primaryImageOfPage\":{\"@id\":\"https:\/\/www.educaborras.com\/fr\/produit\/18829-fr-2\/#primaryimage\"},\"image\":{\"@id\":\"https:\/\/www.educaborras.com\/fr\/produit\/18829-fr-2\/#primaryimage\"},\"thumbnailUrl\":\"https:\/\/www.educaborras.com\/wp-content\/uploads\/18830_01_high.jpg\",\"datePublished\":\"2025-11-06T10:47:35+00:00\",\"dateModified\":\"2026-04-20T00:31:14+00:00\",\"breadcrumb\":{\"@id\":\"https:\/\/www.educaborras.com\/fr\/produit\/18829-fr-2\/#breadcrumb\"},\"inLanguage\":\"fr-FR\",\"potentialAction\":[{\"@type\":\"ReadAction\",\"target\":[\"https:\/\/www.educaborras.com\/fr\/produit\/18829-fr-2\/\"]}]},{\"@type\":\"ImageObject\",\"inLanguage\":\"fr-FR\",\"@id\":\"https:\/\/www.educaborras.com\/fr\/produit\/18829-fr-2\/#primaryimage\",\"url\":\"https:\/\/www.educaborras.com\/wp-content\/uploads\/18830_01_high.jpg\",\"contentUrl\":\"https:\/\/www.educaborras.com\/wp-content\/uploads\/18830_01_high.jpg\"},{\"@type\":\"BreadcrumbList\",\"@id\":\"https:\/\/www.educaborras.com\/fr\/produit\/18829-fr-2\/#breadcrumb\",\"itemListElement\":[{\"@type\":\"ListItem\",\"position\":1,\"name\":\"Portada\",\"item\":\"https:\/\/www.educaborras.com\/fr\/\"},{\"@type\":\"ListItem\",\"position\":2,\"name\":\"Produits\",\"item\":\"https:\/\/www.educaborras.com\/fr\/shop\/\"},{\"@type\":\"ListItem\",\"position\":3,\"name\":\"Les \u00e9motions\"}]},{\"@type\":\"WebSite\",\"@id\":\"https:\/\/www.educaborras.com\/fr\/#website\",\"url\":\"https:\/\/www.educaborras.com\/fr\/\",\"name\":\"Educa Borras\",\"description\":\"\",\"publisher\":{\"@id\":\"https:\/\/www.educaborras.com\/fr\/#organization\"},\"potentialAction\":[{\"@type\":\"SearchAction\",\"target\":{\"@type\":\"EntryPoint\",\"urlTemplate\":\"https:\/\/www.educaborras.com\/fr\/?s={search_term_string}\"},\"query-input\":{\"@type\":\"PropertyValueSpecification\",\"valueRequired\":true,\"valueName\":\"search_term_string\"}}],\"inLanguage\":\"fr-FR\"},{\"@type\":\"Organization\",\"@id\":\"https:\/\/www.educaborras.com\/fr\/#organization\",\"name\":\"Educa Borras\",\"url\":\"https:\/\/www.educaborras.com\/fr\/\",\"logo\":{\"@type\":\"ImageObject\",\"inLanguage\":\"fr-FR\",\"@id\":\"https:\/\/www.educaborras.com\/fr\/#\/schema\/logo\/image\/\",\"url\":\"https:\/\/www.educaborras.com\/wp-content\/uploads\/cropped-LOGOS-EDUCA-BORRAS_retina.png\",\"contentUrl\":\"https:\/\/www.educaborras.com\/wp-content\/uploads\/cropped-LOGOS-EDUCA-BORRAS_retina.png\",\"caption\":\"Educa Borras\"},\"image\":{\"@id\":\"https:\/\/www.educaborras.com\/fr\/#\/schema\/logo\/image\/\"}}]}<\/script>\n<!-- \/ Yoast SEO plugin. -->","yoast_head_json":{"title":"Les \u00e9motions - Educa Borras","robots":{"index":"index","follow":"follow","max-snippet":"max-snippet:-1","max-image-preview":"max-image-preview:large","max-video-preview":"max-video-preview:-1"},"canonical":"https:\/\/www.educaborras.com\/fr\/produit\/18829-fr-2\/","twitter_misc":{"Dur\u00e9e de lecture estim\u00e9e":"1 minute"},"schema":{"@context":"https:\/\/schema.org","@graph":[{"@type":"WebPage","@id":"https:\/\/www.educaborras.com\/fr\/produit\/18829-fr-2\/","url":"https:\/\/www.educaborras.com\/fr\/produit\/18829-fr-2\/","name":"Les \u00e9motions - Educa Borras","isPartOf":{"@id":"https:\/\/www.educaborras.com\/fr\/#website"},"primaryImageOfPage":{"@id":"https:\/\/www.educaborras.com\/fr\/produit\/18829-fr-2\/#primaryimage"},"image":{"@id":"https:\/\/www.educaborras.com\/fr\/produit\/18829-fr-2\/#primaryimage"},"thumbnailUrl":"https:\/\/www.educaborras.com\/wp-content\/uploads\/18830_01_high.jpg","datePublished":"2025-11-06T10:47:35+00:00","dateModified":"2026-04-20T00:31:14+00:00","breadcrumb":{"@id":"https:\/\/www.educaborras.com\/fr\/produit\/18829-fr-2\/#breadcrumb"},"inLanguage":"fr-FR","potentialAction":[{"@type":"ReadAction","target":["https:\/\/www.educaborras.com\/fr\/produit\/18829-fr-2\/"]}]},{"@type":"ImageObject","inLanguage":"fr-FR","@id":"https:\/\/www.educaborras.com\/fr\/produit\/18829-fr-2\/#primaryimage","url":"https:\/\/www.educaborras.com\/wp-content\/uploads\/18830_01_high.jpg","contentUrl":"https:\/\/www.educaborras.com\/wp-content\/uploads\/18830_01_high.jpg"},{"@type":"BreadcrumbList","@id":"https:\/\/www.educaborras.com\/fr\/produit\/18829-fr-2\/#breadcrumb","itemListElement":[{"@type":"ListItem","position":1,"name":"Portada","item":"https:\/\/www.educaborras.com\/fr\/"},{"@type":"ListItem","position":2,"name":"Produits","item":"https:\/\/www.educaborras.com\/fr\/shop\/"},{"@type":"ListItem","position":3,"name":"Les \u00e9motions"}]},{"@type":"WebSite","@id":"https:\/\/www.educaborras.com\/fr\/#website","url":"https:\/\/www.educaborras.com\/fr\/","name":"Educa Borras","description":"","publisher":{"@id":"https:\/\/www.educaborras.com\/fr\/#organization"},"potentialAction":[{"@type":"SearchAction","target":{"@type":"EntryPoint","urlTemplate":"https:\/\/www.educaborras.com\/fr\/?s={search_term_string}"},"query-input":{"@type":"PropertyValueSpecification","valueRequired":true,"valueName":"search_term_string"}}],"inLanguage":"fr-FR"},{"@type":"Organization","@id":"https:\/\/www.educaborras.com\/fr\/#organization","name":"Educa Borras","url":"https:\/\/www.educaborras.com\/fr\/","logo":{"@type":"ImageObject","inLanguage":"fr-FR","@id":"https:\/\/www.educaborras.com\/fr\/#\/schema\/logo\/image\/","url":"https:\/\/www.educaborras.com\/wp-content\/uploads\/cropped-LOGOS-EDUCA-BORRAS_retina.png","contentUrl":"https:\/\/www.educaborras.com\/wp-content\/uploads\/cropped-LOGOS-EDUCA-BORRAS_retina.png","caption":"Educa Borras"},"image":{"@id":"https:\/\/www.educaborras.com\/fr\/#\/schema\/logo\/image\/"}}]}},"_links":{"self":[{"href":"https:\/\/www.educaborras.com\/fr\/wp-json\/wp\/v2\/product\/253564","targetHints":{"allow":["GET"]}}],"collection":[{"href":"https:\/\/www.educaborras.com\/fr\/wp-json\/wp\/v2\/product"}],"about":[{"href":"https:\/\/www.educaborras.com\/fr\/wp-json\/wp\/v2\/types\/product"}],"wp:featuredmedia":[{"embeddable":true,"href":"https:\/\/www.educaborras.com\/fr\/wp-json\/wp\/v2\/media\/83429"}],"wp:attachment":[{"href":"https:\/\/www.educaborras.com\/fr\/wp-json\/wp\/v2\/media?parent=253564"}],"wp:term":[{"taxonomy":"product_brand","embeddable":true,"href":"https:\/\/www.educaborras.com\/fr\/wp-json\/wp\/v2\/product_brand?post=253564"},{"taxonomy":"product_cat","embeddable":true,"href":"https:\/\/www.educaborras.com\/fr\/wp-json\/wp\/v2\/product_cat?post=253564"},{"taxonomy":"product_tag","embeddable":true,"href":"https:\/\/www.educaborras.com\/fr\/wp-json\/wp\/v2\/product_tag?post=253564"}],"curies":[{"name":"wp","href":"https:\/\/api.w.org\/{rel}","templated":true}]}}