{"id":253464,"date":"2025-11-06T11:08:28","date_gmt":"2025-11-06T09:08:28","guid":{"rendered":"https:\/\/www.educaborras.com\/product\/20418-fr\/"},"modified":"2026-05-03T02:40:32","modified_gmt":"2026-05-03T00:40:32","slug":"20418-fr","status":"publish","type":"product","link":"https:\/\/www.educaborras.com\/fr\/produit\/20418-fr\/","title":{"rendered":"Puzzle Battle Dragon Ball Z"},"content":{"rendered":"<p>\u00caTES-VOUS PR\u00caT \u00c0 TESTER VOS COMP\u00c9TENCES? Bienvenue dans Puzzle Battle Dragon Ball Z, le jeu rapide qui mettra \u00e0 l\u2019\u00e9preuve votre rapidit\u00e9, vos comp\u00e9tences d\u2019observation et votre capacit\u00e9 \u00e0 r\u00e9soudre des puzzles! Affrontez vos amis et votre famille pour voir qui peut compl\u00e9ter son puzzle en premier et remporter la victoire! Contient 12 puzzles de 42 pi\u00e8ces (504 pi\u00e8ces), 12 cartes d&rsquo;images, instructions.<\/p>\n","protected":false},"excerpt":{"rendered":"<p>Educa\u00ae te propose Puzzle Battle Dragon Ball Z, une v\u00e9ritable bataille de puzzles.<\/p>\n","protected":false},"featured_media":251817,"template":"","meta":{"_acf_changed":false},"product_brand":[],"product_cat":[73253,73536],"product_tag":[74331,74344,84647,80346,79471,81766,73990,74204,74142,74206,80182,82310,84648,80348,78869,80669,74332,74347,74495,74437,82357,80353,74496,74438,74497,74439,73995,74054,84649,80358,80360,84650,84651,80350,82313,80356,74216,74144,80355,82314,74348,73997,84652,80364,80347,82318,80362,84653],"class_list":{"0":"post-253464","1":"product","2":"type-product","3":"status-publish","4":"has-post-thumbnail","6":"product_cat-jeux-de-societe","7":"product_cat-puzzle-battle-fr","8":"product_tag-piezas","9":"product_tag-piezas-fr","10":"product_tag-20418-fr","11":"product_tag-80346","12":"product_tag-dragon-ball","13":"product_tag-dragon-ball-fr","14":"product_tag-educa","15":"product_tag-educa-fr","16":"product_tag-educa-borras-puzzle","17":"product_tag-educa-borras-puzzle-fr","18":"product_tag-jigsaw","19":"product_tag-jigsaw-fr","20":"product_tag-jigsaw-puzzle-battle-fr","21":"product_tag-jigsaw-puzzle-battle","22":"product_tag-juego-de-mesa","23":"product_tag-juego-de-mesa-fr","24":"product_tag-peca","25":"product_tag-peca-fr","26":"product_tag-peces-fr","27":"product_tag-peces","28":"product_tag-picce-fr","29":"product_tag-picce","30":"product_tag-piece-fr","31":"product_tag-piece","32":"product_tag-pieces-fr","33":"product_tag-pieces","34":"product_tag-puzzle","35":"product_tag-puzzle-fr","36":"product_tag-puzzle-battle-art-fr","37":"product_tag-puzzle-battle-art","38":"product_tag-puzzle-battle-arte","39":"product_tag-puzzle-battle-arte-fr","40":"product_tag-puzzle-juego-fr","41":"product_tag-puzzle-juego","42":"product_tag-puzzle-pasion-fr","43":"product_tag-puzzle-pasion","44":"product_tag-puzzle-passion-fr","45":"product_tag-puzzle-passion","46":"product_tag-puzzlemania","47":"product_tag-puzzlemania-fr","48":"product_tag-rompecabezas-fr","49":"product_tag-rompecabezas","50":"product_tag-son-goku-fr","51":"product_tag-son-goku","52":"product_tag-trencaclosques","53":"product_tag-trencaclosques-fr","54":"product_tag-vegetta","55":"product_tag-vegetta-fr","57":"first","58":"instock","59":"shipping-taxable","60":"product-type-simple"},"acf":[],"yoast_head":"<!-- This site is optimized with the Yoast SEO plugin v27.1.1 - https:\/\/yoast.com\/product\/yoast-seo-wordpress\/ -->\n<title>Puzzle Battle Dragon Ball Z - Educa Borras<\/title>\n<meta name=\"robots\" content=\"index, follow, max-snippet:-1, max-image-preview:large, max-video-preview:-1\" \/>\n<link rel=\"canonical\" href=\"https:\/\/www.educaborras.com\/fr\/produit\/20418-fr\/\" \/>\n<script type=\"application\/ld+json\" class=\"yoast-schema-graph\">{\"@context\":\"https:\/\/schema.org\",\"@graph\":[{\"@type\":\"WebPage\",\"@id\":\"https:\/\/www.educaborras.com\/fr\/produit\/20418-fr\/\",\"url\":\"https:\/\/www.educaborras.com\/fr\/produit\/20418-fr\/\",\"name\":\"Puzzle Battle Dragon Ball Z - Educa Borras\",\"isPartOf\":{\"@id\":\"https:\/\/www.educaborras.com\/fr\/#website\"},\"primaryImageOfPage\":{\"@id\":\"https:\/\/www.educaborras.com\/fr\/produit\/20418-fr\/#primaryimage\"},\"image\":{\"@id\":\"https:\/\/www.educaborras.com\/fr\/produit\/20418-fr\/#primaryimage\"},\"thumbnailUrl\":\"https:\/\/www.educaborras.com\/wp-content\/uploads\/20418_01_high.jpg\",\"datePublished\":\"2025-11-06T09:08:28+00:00\",\"dateModified\":\"2026-05-03T00:40:32+00:00\",\"breadcrumb\":{\"@id\":\"https:\/\/www.educaborras.com\/fr\/produit\/20418-fr\/#breadcrumb\"},\"inLanguage\":\"fr-FR\",\"potentialAction\":[{\"@type\":\"ReadAction\",\"target\":[\"https:\/\/www.educaborras.com\/fr\/produit\/20418-fr\/\"]}]},{\"@type\":\"ImageObject\",\"inLanguage\":\"fr-FR\",\"@id\":\"https:\/\/www.educaborras.com\/fr\/produit\/20418-fr\/#primaryimage\",\"url\":\"https:\/\/www.educaborras.com\/wp-content\/uploads\/20418_01_high.jpg\",\"contentUrl\":\"https:\/\/www.educaborras.com\/wp-content\/uploads\/20418_01_high.jpg\",\"width\":2400,\"height\":2400,\"caption\":\"Puzzle Battle Dragon Ball Z\"},{\"@type\":\"BreadcrumbList\",\"@id\":\"https:\/\/www.educaborras.com\/fr\/produit\/20418-fr\/#breadcrumb\",\"itemListElement\":[{\"@type\":\"ListItem\",\"position\":1,\"name\":\"Portada\",\"item\":\"https:\/\/www.educaborras.com\/fr\/\"},{\"@type\":\"ListItem\",\"position\":2,\"name\":\"Produits\",\"item\":\"https:\/\/www.educaborras.com\/fr\/shop\/\"},{\"@type\":\"ListItem\",\"position\":3,\"name\":\"Puzzle Battle Dragon Ball Z\"}]},{\"@type\":\"WebSite\",\"@id\":\"https:\/\/www.educaborras.com\/fr\/#website\",\"url\":\"https:\/\/www.educaborras.com\/fr\/\",\"name\":\"Educa Borras\",\"description\":\"\",\"publisher\":{\"@id\":\"https:\/\/www.educaborras.com\/fr\/#organization\"},\"potentialAction\":[{\"@type\":\"SearchAction\",\"target\":{\"@type\":\"EntryPoint\",\"urlTemplate\":\"https:\/\/www.educaborras.com\/fr\/?s={search_term_string}\"},\"query-input\":{\"@type\":\"PropertyValueSpecification\",\"valueRequired\":true,\"valueName\":\"search_term_string\"}}],\"inLanguage\":\"fr-FR\"},{\"@type\":\"Organization\",\"@id\":\"https:\/\/www.educaborras.com\/fr\/#organization\",\"name\":\"Educa Borras\",\"url\":\"https:\/\/www.educaborras.com\/fr\/\",\"logo\":{\"@type\":\"ImageObject\",\"inLanguage\":\"fr-FR\",\"@id\":\"https:\/\/www.educaborras.com\/fr\/#\/schema\/logo\/image\/\",\"url\":\"https:\/\/www.educaborras.com\/wp-content\/uploads\/cropped-LOGOS-EDUCA-BORRAS_retina.png\",\"contentUrl\":\"https:\/\/www.educaborras.com\/wp-content\/uploads\/cropped-LOGOS-EDUCA-BORRAS_retina.png\",\"caption\":\"Educa Borras\"},\"image\":{\"@id\":\"https:\/\/www.educaborras.com\/fr\/#\/schema\/logo\/image\/\"}}]}<\/script>\n<!-- \/ Yoast SEO plugin. -->","yoast_head_json":{"title":"Puzzle Battle Dragon Ball Z - Educa Borras","robots":{"index":"index","follow":"follow","max-snippet":"max-snippet:-1","max-image-preview":"max-image-preview:large","max-video-preview":"max-video-preview:-1"},"canonical":"https:\/\/www.educaborras.com\/fr\/produit\/20418-fr\/","schema":{"@context":"https:\/\/schema.org","@graph":[{"@type":"WebPage","@id":"https:\/\/www.educaborras.com\/fr\/produit\/20418-fr\/","url":"https:\/\/www.educaborras.com\/fr\/produit\/20418-fr\/","name":"Puzzle Battle Dragon Ball Z - Educa Borras","isPartOf":{"@id":"https:\/\/www.educaborras.com\/fr\/#website"},"primaryImageOfPage":{"@id":"https:\/\/www.educaborras.com\/fr\/produit\/20418-fr\/#primaryimage"},"image":{"@id":"https:\/\/www.educaborras.com\/fr\/produit\/20418-fr\/#primaryimage"},"thumbnailUrl":"https:\/\/www.educaborras.com\/wp-content\/uploads\/20418_01_high.jpg","datePublished":"2025-11-06T09:08:28+00:00","dateModified":"2026-05-03T00:40:32+00:00","breadcrumb":{"@id":"https:\/\/www.educaborras.com\/fr\/produit\/20418-fr\/#breadcrumb"},"inLanguage":"fr-FR","potentialAction":[{"@type":"ReadAction","target":["https:\/\/www.educaborras.com\/fr\/produit\/20418-fr\/"]}]},{"@type":"ImageObject","inLanguage":"fr-FR","@id":"https:\/\/www.educaborras.com\/fr\/produit\/20418-fr\/#primaryimage","url":"https:\/\/www.educaborras.com\/wp-content\/uploads\/20418_01_high.jpg","contentUrl":"https:\/\/www.educaborras.com\/wp-content\/uploads\/20418_01_high.jpg","width":2400,"height":2400,"caption":"Puzzle Battle Dragon Ball Z"},{"@type":"BreadcrumbList","@id":"https:\/\/www.educaborras.com\/fr\/produit\/20418-fr\/#breadcrumb","itemListElement":[{"@type":"ListItem","position":1,"name":"Portada","item":"https:\/\/www.educaborras.com\/fr\/"},{"@type":"ListItem","position":2,"name":"Produits","item":"https:\/\/www.educaborras.com\/fr\/shop\/"},{"@type":"ListItem","position":3,"name":"Puzzle Battle Dragon Ball Z"}]},{"@type":"WebSite","@id":"https:\/\/www.educaborras.com\/fr\/#website","url":"https:\/\/www.educaborras.com\/fr\/","name":"Educa Borras","description":"","publisher":{"@id":"https:\/\/www.educaborras.com\/fr\/#organization"},"potentialAction":[{"@type":"SearchAction","target":{"@type":"EntryPoint","urlTemplate":"https:\/\/www.educaborras.com\/fr\/?s={search_term_string}"},"query-input":{"@type":"PropertyValueSpecification","valueRequired":true,"valueName":"search_term_string"}}],"inLanguage":"fr-FR"},{"@type":"Organization","@id":"https:\/\/www.educaborras.com\/fr\/#organization","name":"Educa Borras","url":"https:\/\/www.educaborras.com\/fr\/","logo":{"@type":"ImageObject","inLanguage":"fr-FR","@id":"https:\/\/www.educaborras.com\/fr\/#\/schema\/logo\/image\/","url":"https:\/\/www.educaborras.com\/wp-content\/uploads\/cropped-LOGOS-EDUCA-BORRAS_retina.png","contentUrl":"https:\/\/www.educaborras.com\/wp-content\/uploads\/cropped-LOGOS-EDUCA-BORRAS_retina.png","caption":"Educa Borras"},"image":{"@id":"https:\/\/www.educaborras.com\/fr\/#\/schema\/logo\/image\/"}}]}},"_links":{"self":[{"href":"https:\/\/www.educaborras.com\/fr\/wp-json\/wp\/v2\/product\/253464","targetHints":{"allow":["GET"]}}],"collection":[{"href":"https:\/\/www.educaborras.com\/fr\/wp-json\/wp\/v2\/product"}],"about":[{"href":"https:\/\/www.educaborras.com\/fr\/wp-json\/wp\/v2\/types\/product"}],"wp:featuredmedia":[{"embeddable":true,"href":"https:\/\/www.educaborras.com\/fr\/wp-json\/wp\/v2\/media\/251817"}],"wp:attachment":[{"href":"https:\/\/www.educaborras.com\/fr\/wp-json\/wp\/v2\/media?parent=253464"}],"wp:term":[{"taxonomy":"product_brand","embeddable":true,"href":"https:\/\/www.educaborras.com\/fr\/wp-json\/wp\/v2\/product_brand?post=253464"},{"taxonomy":"product_cat","embeddable":true,"href":"https:\/\/www.educaborras.com\/fr\/wp-json\/wp\/v2\/product_cat?post=253464"},{"taxonomy":"product_tag","embeddable":true,"href":"https:\/\/www.educaborras.com\/fr\/wp-json\/wp\/v2\/product_tag?post=253464"}],"curies":[{"name":"wp","href":"https:\/\/api.w.org\/{rel}","templated":true}]}}