{"id":253439,"date":"2025-11-05T14:56:34","date_gmt":"2025-11-05T12:56:34","guid":{"rendered":"https:\/\/www.educaborras.com\/product\/20006-fr\/"},"modified":"2026-04-20T02:32:07","modified_gmt":"2026-04-20T00:32:07","slug":"20006-fr","status":"publish","type":"product","link":"https:\/\/www.educaborras.com\/fr\/produit\/20006-fr\/","title":{"rendered":"Tablette lumineuse \u00e0 dessin Disney Princess"},"content":{"rendered":"<p>Cr\u00e9e tes dessins de Disney Princess avec la table lumineuse et personnalise-les avec les autocollants ! D\u00e9calque-le modc,le de ton choix, s\u00fbr la table lumineuse c&rsquo;est trc,s facile ! Colorie-ton dessin comme tu en as envie, puis tu peux le personnaliser avec les autocollants. Contient : 1 table lumineuse, 1 livret de 32 pages de modc,les, motifs et instructions, 1 crayon de papier, 1 feuille d&rsquo;autocollants. \u00a9Disney<\/p>\n","protected":false},"excerpt":{"rendered":"<p>Cr\u00e9e tes dessins de Disney Princess en les d\u00e9calquant avec la table lumineuse, colorie-les et personnalise-les avec les autocollants ! \u00a9Disney<\/p>\n","protected":false},"featured_media":117769,"template":"","meta":{"_acf_changed":false},"product_brand":[],"product_cat":[73246,73544],"product_tag":[87321,89780,79466,86389,90179,87324,103852,87323,87325,82034,80561,81027,89805,81030,89806,74000,74423,77572,77605,87322,77258,77288,89807,81034,81033,89808,78067,77995,77571,77610,84424,79135,89809,81031,81028,89810,89811,81032,89812,81029],"class_list":{"0":"post-253439","1":"product","2":"type-product","3":"status-publish","4":"has-post-thumbnail","6":"product_cat-activites-creatives","7":"product_cat-artistiques","8":"product_tag-87321","9":"product_tag-ariel-fr","10":"product_tag-ariel","11":"product_tag-bella","12":"product_tag-bella-fr","13":"product_tag-cendrillon","14":"product_tag-cenicienta-fr","15":"product_tag-cenicienta","16":"product_tag-cinderella","17":"product_tag-designer-fr","18":"product_tag-designer","19":"product_tag-dibuja","20":"product_tag-dibuja-fr","21":"product_tag-disena","22":"product_tag-disena-fr","23":"product_tag-disney","24":"product_tag-disney-fr","25":"product_tag-disney-princess","26":"product_tag-disney-princess-fr","27":"product_tag-jasmine","28":"product_tag-luz","29":"product_tag-luz-fr","30":"product_tag-mesa-fr","31":"product_tag-mesa","32":"product_tag-mon-atelier-designer","33":"product_tag-mon-atelier-designer-fr","34":"product_tag-pilas-fr","35":"product_tag-pilas","36":"product_tag-princesas","37":"product_tag-princesas-fr","38":"product_tag-princesas-disney-fr","39":"product_tag-princesas-disney","40":"product_tag-projector-fr","41":"product_tag-projector","42":"product_tag-proyecta","43":"product_tag-proyecta-fr","44":"product_tag-proyectar-fr","45":"product_tag-proyectar","46":"product_tag-proyector-fr","47":"product_tag-proyector","49":"first","50":"instock","51":"shipping-taxable","52":"product-type-simple"},"acf":[],"yoast_head":"<!-- This site is optimized with the Yoast SEO plugin v27.1.1 - https:\/\/yoast.com\/product\/yoast-seo-wordpress\/ -->\n<title>Tablette lumineuse \u00e0 dessin Disney Princess - Educa Borras<\/title>\n<meta name=\"robots\" content=\"index, follow, max-snippet:-1, max-image-preview:large, max-video-preview:-1\" \/>\n<link rel=\"canonical\" href=\"https:\/\/www.educaborras.com\/fr\/produit\/20006-fr\/\" \/>\n<script type=\"application\/ld+json\" class=\"yoast-schema-graph\">{\"@context\":\"https:\/\/schema.org\",\"@graph\":[{\"@type\":\"WebPage\",\"@id\":\"https:\/\/www.educaborras.com\/fr\/produit\/20006-fr\/\",\"url\":\"https:\/\/www.educaborras.com\/fr\/produit\/20006-fr\/\",\"name\":\"Tablette lumineuse \u00e0 dessin Disney Princess - Educa Borras\",\"isPartOf\":{\"@id\":\"https:\/\/www.educaborras.com\/fr\/#website\"},\"primaryImageOfPage\":{\"@id\":\"https:\/\/www.educaborras.com\/fr\/produit\/20006-fr\/#primaryimage\"},\"image\":{\"@id\":\"https:\/\/www.educaborras.com\/fr\/produit\/20006-fr\/#primaryimage\"},\"thumbnailUrl\":\"https:\/\/www.educaborras.com\/wp-content\/uploads\/20006_01_high.jpg\",\"datePublished\":\"2025-11-05T12:56:34+00:00\",\"dateModified\":\"2026-04-20T00:32:07+00:00\",\"breadcrumb\":{\"@id\":\"https:\/\/www.educaborras.com\/fr\/produit\/20006-fr\/#breadcrumb\"},\"inLanguage\":\"fr-FR\",\"potentialAction\":[{\"@type\":\"ReadAction\",\"target\":[\"https:\/\/www.educaborras.com\/fr\/produit\/20006-fr\/\"]}]},{\"@type\":\"ImageObject\",\"inLanguage\":\"fr-FR\",\"@id\":\"https:\/\/www.educaborras.com\/fr\/produit\/20006-fr\/#primaryimage\",\"url\":\"https:\/\/www.educaborras.com\/wp-content\/uploads\/20006_01_high.jpg\",\"contentUrl\":\"https:\/\/www.educaborras.com\/wp-content\/uploads\/20006_01_high.jpg\",\"width\":2400,\"height\":2400,\"caption\":\"Mesa dise\u00f1o Disney Princess\"},{\"@type\":\"BreadcrumbList\",\"@id\":\"https:\/\/www.educaborras.com\/fr\/produit\/20006-fr\/#breadcrumb\",\"itemListElement\":[{\"@type\":\"ListItem\",\"position\":1,\"name\":\"Portada\",\"item\":\"https:\/\/www.educaborras.com\/fr\/\"},{\"@type\":\"ListItem\",\"position\":2,\"name\":\"Produits\",\"item\":\"https:\/\/www.educaborras.com\/fr\/shop\/\"},{\"@type\":\"ListItem\",\"position\":3,\"name\":\"Tablette lumineuse \u00e0 dessin Disney Princess\"}]},{\"@type\":\"WebSite\",\"@id\":\"https:\/\/www.educaborras.com\/fr\/#website\",\"url\":\"https:\/\/www.educaborras.com\/fr\/\",\"name\":\"Educa Borras\",\"description\":\"\",\"publisher\":{\"@id\":\"https:\/\/www.educaborras.com\/fr\/#organization\"},\"potentialAction\":[{\"@type\":\"SearchAction\",\"target\":{\"@type\":\"EntryPoint\",\"urlTemplate\":\"https:\/\/www.educaborras.com\/fr\/?s={search_term_string}\"},\"query-input\":{\"@type\":\"PropertyValueSpecification\",\"valueRequired\":true,\"valueName\":\"search_term_string\"}}],\"inLanguage\":\"fr-FR\"},{\"@type\":\"Organization\",\"@id\":\"https:\/\/www.educaborras.com\/fr\/#organization\",\"name\":\"Educa Borras\",\"url\":\"https:\/\/www.educaborras.com\/fr\/\",\"logo\":{\"@type\":\"ImageObject\",\"inLanguage\":\"fr-FR\",\"@id\":\"https:\/\/www.educaborras.com\/fr\/#\/schema\/logo\/image\/\",\"url\":\"https:\/\/www.educaborras.com\/wp-content\/uploads\/cropped-LOGOS-EDUCA-BORRAS_retina.png\",\"contentUrl\":\"https:\/\/www.educaborras.com\/wp-content\/uploads\/cropped-LOGOS-EDUCA-BORRAS_retina.png\",\"caption\":\"Educa Borras\"},\"image\":{\"@id\":\"https:\/\/www.educaborras.com\/fr\/#\/schema\/logo\/image\/\"}}]}<\/script>\n<!-- \/ Yoast SEO plugin. -->","yoast_head_json":{"title":"Tablette lumineuse \u00e0 dessin Disney Princess - Educa Borras","robots":{"index":"index","follow":"follow","max-snippet":"max-snippet:-1","max-image-preview":"max-image-preview:large","max-video-preview":"max-video-preview:-1"},"canonical":"https:\/\/www.educaborras.com\/fr\/produit\/20006-fr\/","schema":{"@context":"https:\/\/schema.org","@graph":[{"@type":"WebPage","@id":"https:\/\/www.educaborras.com\/fr\/produit\/20006-fr\/","url":"https:\/\/www.educaborras.com\/fr\/produit\/20006-fr\/","name":"Tablette lumineuse \u00e0 dessin Disney Princess - Educa Borras","isPartOf":{"@id":"https:\/\/www.educaborras.com\/fr\/#website"},"primaryImageOfPage":{"@id":"https:\/\/www.educaborras.com\/fr\/produit\/20006-fr\/#primaryimage"},"image":{"@id":"https:\/\/www.educaborras.com\/fr\/produit\/20006-fr\/#primaryimage"},"thumbnailUrl":"https:\/\/www.educaborras.com\/wp-content\/uploads\/20006_01_high.jpg","datePublished":"2025-11-05T12:56:34+00:00","dateModified":"2026-04-20T00:32:07+00:00","breadcrumb":{"@id":"https:\/\/www.educaborras.com\/fr\/produit\/20006-fr\/#breadcrumb"},"inLanguage":"fr-FR","potentialAction":[{"@type":"ReadAction","target":["https:\/\/www.educaborras.com\/fr\/produit\/20006-fr\/"]}]},{"@type":"ImageObject","inLanguage":"fr-FR","@id":"https:\/\/www.educaborras.com\/fr\/produit\/20006-fr\/#primaryimage","url":"https:\/\/www.educaborras.com\/wp-content\/uploads\/20006_01_high.jpg","contentUrl":"https:\/\/www.educaborras.com\/wp-content\/uploads\/20006_01_high.jpg","width":2400,"height":2400,"caption":"Mesa dise\u00f1o Disney Princess"},{"@type":"BreadcrumbList","@id":"https:\/\/www.educaborras.com\/fr\/produit\/20006-fr\/#breadcrumb","itemListElement":[{"@type":"ListItem","position":1,"name":"Portada","item":"https:\/\/www.educaborras.com\/fr\/"},{"@type":"ListItem","position":2,"name":"Produits","item":"https:\/\/www.educaborras.com\/fr\/shop\/"},{"@type":"ListItem","position":3,"name":"Tablette lumineuse \u00e0 dessin Disney Princess"}]},{"@type":"WebSite","@id":"https:\/\/www.educaborras.com\/fr\/#website","url":"https:\/\/www.educaborras.com\/fr\/","name":"Educa Borras","description":"","publisher":{"@id":"https:\/\/www.educaborras.com\/fr\/#organization"},"potentialAction":[{"@type":"SearchAction","target":{"@type":"EntryPoint","urlTemplate":"https:\/\/www.educaborras.com\/fr\/?s={search_term_string}"},"query-input":{"@type":"PropertyValueSpecification","valueRequired":true,"valueName":"search_term_string"}}],"inLanguage":"fr-FR"},{"@type":"Organization","@id":"https:\/\/www.educaborras.com\/fr\/#organization","name":"Educa Borras","url":"https:\/\/www.educaborras.com\/fr\/","logo":{"@type":"ImageObject","inLanguage":"fr-FR","@id":"https:\/\/www.educaborras.com\/fr\/#\/schema\/logo\/image\/","url":"https:\/\/www.educaborras.com\/wp-content\/uploads\/cropped-LOGOS-EDUCA-BORRAS_retina.png","contentUrl":"https:\/\/www.educaborras.com\/wp-content\/uploads\/cropped-LOGOS-EDUCA-BORRAS_retina.png","caption":"Educa Borras"},"image":{"@id":"https:\/\/www.educaborras.com\/fr\/#\/schema\/logo\/image\/"}}]}},"_links":{"self":[{"href":"https:\/\/www.educaborras.com\/fr\/wp-json\/wp\/v2\/product\/253439","targetHints":{"allow":["GET"]}}],"collection":[{"href":"https:\/\/www.educaborras.com\/fr\/wp-json\/wp\/v2\/product"}],"about":[{"href":"https:\/\/www.educaborras.com\/fr\/wp-json\/wp\/v2\/types\/product"}],"wp:featuredmedia":[{"embeddable":true,"href":"https:\/\/www.educaborras.com\/fr\/wp-json\/wp\/v2\/media\/117769"}],"wp:attachment":[{"href":"https:\/\/www.educaborras.com\/fr\/wp-json\/wp\/v2\/media?parent=253439"}],"wp:term":[{"taxonomy":"product_brand","embeddable":true,"href":"https:\/\/www.educaborras.com\/fr\/wp-json\/wp\/v2\/product_brand?post=253439"},{"taxonomy":"product_cat","embeddable":true,"href":"https:\/\/www.educaborras.com\/fr\/wp-json\/wp\/v2\/product_cat?post=253439"},{"taxonomy":"product_tag","embeddable":true,"href":"https:\/\/www.educaborras.com\/fr\/wp-json\/wp\/v2\/product_tag?post=253439"}],"curies":[{"name":"wp","href":"https:\/\/api.w.org\/{rel}","templated":true}]}}