{"id":253409,"date":"2025-11-05T14:29:57","date_gmt":"2025-11-05T12:29:57","guid":{"rendered":"https:\/\/www.educaborras.com\/product\/20412-fr\/"},"modified":"2026-04-20T02:50:19","modified_gmt":"2026-04-20T00:50:19","slug":"20412-fr","status":"publish","type":"product","link":"https:\/\/www.educaborras.com\/fr\/produit\/20412-fr\/","title":{"rendered":"Educubes Baby I"},"content":{"rendered":"<p>Educubes sont des cubes \u00e9ducatifs qui favorisent le d\u00e9veloppement moteur, cognitif et sensoriel des enfants de +24 mois gr\u00e2ce \u00e0 des cubes en plastique empilables. Les th\u010dmes sont les suivants : voyelles, animaux, objets, chiffres de 1 \u00e0 5.<\/p>\n","protected":false},"excerpt":{"rendered":"<p>Les Educubes sont des cubes \u00e9ducatifs qui favorisent le d\u00e9veloppement moteur, cognitif et sensoriel des enfants \u00e2g\u00e9s de 24 mois et plus gr\u00e2ce \u00e0 des cubes en plastique empilables.<\/p>\n","protected":false},"featured_media":251747,"template":"","meta":{"_acf_changed":false},"product_brand":[],"product_cat":[73252],"product_tag":[95247,95250,74522,74552,80612,82248,82249,80614,74624,74661,80615,82250,82251,80624,80620,82252,80628,82253,89530,89527,82254,80618,82255,80622,80626,82256,80630,82257],"class_list":{"0":"post-253409","1":"product","2":"type-product","3":"status-publish","4":"has-post-thumbnail","6":"product_cat-jeux-baby","7":"product_tag-95247","8":"product_tag-20412-fr","9":"product_tag-animales","10":"product_tag-animales-fr","11":"product_tag-baby-cubes","12":"product_tag-baby-cubes-fr","13":"product_tag-cubes-fr","14":"product_tag-cubes","15":"product_tag-cubos","16":"product_tag-cubos-fr","17":"product_tag-cubos-preescolar","18":"product_tag-cubos-preescolar-fr","19":"product_tag-juegos-de-cubos-fr","20":"product_tag-juegos-de-cubos","21":"product_tag-juegos-infantiles","22":"product_tag-juegos-infantiles-fr","23":"product_tag-kiubis","24":"product_tag-kiubis-fr","25":"product_tag-las-vocales-fr","26":"product_tag-las-vocales","27":"product_tag-preescolar-fr","28":"product_tag-preescolar","29":"product_tag-puericultura-fr","30":"product_tag-puericultura","31":"product_tag-the-kiubis","32":"product_tag-the-kiubis-fr","33":"product_tag-the-kiubis-cubes","34":"product_tag-the-kiubis-cubes-fr","36":"first","37":"instock","38":"shipping-taxable","39":"product-type-simple"},"acf":[],"yoast_head":"<!-- This site is optimized with the Yoast SEO plugin v27.1.1 - https:\/\/yoast.com\/product\/yoast-seo-wordpress\/ -->\n<title>Educubes Baby I - Educa Borras<\/title>\n<meta name=\"robots\" content=\"index, follow, max-snippet:-1, max-image-preview:large, max-video-preview:-1\" \/>\n<link rel=\"canonical\" href=\"https:\/\/www.educaborras.com\/fr\/produit\/20412-fr\/\" \/>\n<script type=\"application\/ld+json\" class=\"yoast-schema-graph\">{\"@context\":\"https:\/\/schema.org\",\"@graph\":[{\"@type\":\"WebPage\",\"@id\":\"https:\/\/www.educaborras.com\/fr\/produit\/20412-fr\/\",\"url\":\"https:\/\/www.educaborras.com\/fr\/produit\/20412-fr\/\",\"name\":\"Educubes Baby I - Educa Borras\",\"isPartOf\":{\"@id\":\"https:\/\/www.educaborras.com\/fr\/#website\"},\"primaryImageOfPage\":{\"@id\":\"https:\/\/www.educaborras.com\/fr\/produit\/20412-fr\/#primaryimage\"},\"image\":{\"@id\":\"https:\/\/www.educaborras.com\/fr\/produit\/20412-fr\/#primaryimage\"},\"thumbnailUrl\":\"https:\/\/www.educaborras.com\/wp-content\/uploads\/20412_01_high.jpg\",\"datePublished\":\"2025-11-05T12:29:57+00:00\",\"dateModified\":\"2026-04-20T00:50:19+00:00\",\"breadcrumb\":{\"@id\":\"https:\/\/www.educaborras.com\/fr\/produit\/20412-fr\/#breadcrumb\"},\"inLanguage\":\"fr-FR\",\"potentialAction\":[{\"@type\":\"ReadAction\",\"target\":[\"https:\/\/www.educaborras.com\/fr\/produit\/20412-fr\/\"]}]},{\"@type\":\"ImageObject\",\"inLanguage\":\"fr-FR\",\"@id\":\"https:\/\/www.educaborras.com\/fr\/produit\/20412-fr\/#primaryimage\",\"url\":\"https:\/\/www.educaborras.com\/wp-content\/uploads\/20412_01_high.jpg\",\"contentUrl\":\"https:\/\/www.educaborras.com\/wp-content\/uploads\/20412_01_high.jpg\",\"width\":2400,\"height\":2400,\"caption\":\"Educubes Baby I\"},{\"@type\":\"BreadcrumbList\",\"@id\":\"https:\/\/www.educaborras.com\/fr\/produit\/20412-fr\/#breadcrumb\",\"itemListElement\":[{\"@type\":\"ListItem\",\"position\":1,\"name\":\"Portada\",\"item\":\"https:\/\/www.educaborras.com\/fr\/\"},{\"@type\":\"ListItem\",\"position\":2,\"name\":\"Produits\",\"item\":\"https:\/\/www.educaborras.com\/fr\/shop\/\"},{\"@type\":\"ListItem\",\"position\":3,\"name\":\"Educubes Baby I\"}]},{\"@type\":\"WebSite\",\"@id\":\"https:\/\/www.educaborras.com\/fr\/#website\",\"url\":\"https:\/\/www.educaborras.com\/fr\/\",\"name\":\"Educa Borras\",\"description\":\"\",\"publisher\":{\"@id\":\"https:\/\/www.educaborras.com\/fr\/#organization\"},\"potentialAction\":[{\"@type\":\"SearchAction\",\"target\":{\"@type\":\"EntryPoint\",\"urlTemplate\":\"https:\/\/www.educaborras.com\/fr\/?s={search_term_string}\"},\"query-input\":{\"@type\":\"PropertyValueSpecification\",\"valueRequired\":true,\"valueName\":\"search_term_string\"}}],\"inLanguage\":\"fr-FR\"},{\"@type\":\"Organization\",\"@id\":\"https:\/\/www.educaborras.com\/fr\/#organization\",\"name\":\"Educa Borras\",\"url\":\"https:\/\/www.educaborras.com\/fr\/\",\"logo\":{\"@type\":\"ImageObject\",\"inLanguage\":\"fr-FR\",\"@id\":\"https:\/\/www.educaborras.com\/fr\/#\/schema\/logo\/image\/\",\"url\":\"https:\/\/www.educaborras.com\/wp-content\/uploads\/cropped-LOGOS-EDUCA-BORRAS_retina.png\",\"contentUrl\":\"https:\/\/www.educaborras.com\/wp-content\/uploads\/cropped-LOGOS-EDUCA-BORRAS_retina.png\",\"caption\":\"Educa Borras\"},\"image\":{\"@id\":\"https:\/\/www.educaborras.com\/fr\/#\/schema\/logo\/image\/\"}}]}<\/script>\n<!-- \/ Yoast SEO plugin. -->","yoast_head_json":{"title":"Educubes Baby I - Educa Borras","robots":{"index":"index","follow":"follow","max-snippet":"max-snippet:-1","max-image-preview":"max-image-preview:large","max-video-preview":"max-video-preview:-1"},"canonical":"https:\/\/www.educaborras.com\/fr\/produit\/20412-fr\/","schema":{"@context":"https:\/\/schema.org","@graph":[{"@type":"WebPage","@id":"https:\/\/www.educaborras.com\/fr\/produit\/20412-fr\/","url":"https:\/\/www.educaborras.com\/fr\/produit\/20412-fr\/","name":"Educubes Baby I - Educa Borras","isPartOf":{"@id":"https:\/\/www.educaborras.com\/fr\/#website"},"primaryImageOfPage":{"@id":"https:\/\/www.educaborras.com\/fr\/produit\/20412-fr\/#primaryimage"},"image":{"@id":"https:\/\/www.educaborras.com\/fr\/produit\/20412-fr\/#primaryimage"},"thumbnailUrl":"https:\/\/www.educaborras.com\/wp-content\/uploads\/20412_01_high.jpg","datePublished":"2025-11-05T12:29:57+00:00","dateModified":"2026-04-20T00:50:19+00:00","breadcrumb":{"@id":"https:\/\/www.educaborras.com\/fr\/produit\/20412-fr\/#breadcrumb"},"inLanguage":"fr-FR","potentialAction":[{"@type":"ReadAction","target":["https:\/\/www.educaborras.com\/fr\/produit\/20412-fr\/"]}]},{"@type":"ImageObject","inLanguage":"fr-FR","@id":"https:\/\/www.educaborras.com\/fr\/produit\/20412-fr\/#primaryimage","url":"https:\/\/www.educaborras.com\/wp-content\/uploads\/20412_01_high.jpg","contentUrl":"https:\/\/www.educaborras.com\/wp-content\/uploads\/20412_01_high.jpg","width":2400,"height":2400,"caption":"Educubes Baby I"},{"@type":"BreadcrumbList","@id":"https:\/\/www.educaborras.com\/fr\/produit\/20412-fr\/#breadcrumb","itemListElement":[{"@type":"ListItem","position":1,"name":"Portada","item":"https:\/\/www.educaborras.com\/fr\/"},{"@type":"ListItem","position":2,"name":"Produits","item":"https:\/\/www.educaborras.com\/fr\/shop\/"},{"@type":"ListItem","position":3,"name":"Educubes Baby I"}]},{"@type":"WebSite","@id":"https:\/\/www.educaborras.com\/fr\/#website","url":"https:\/\/www.educaborras.com\/fr\/","name":"Educa Borras","description":"","publisher":{"@id":"https:\/\/www.educaborras.com\/fr\/#organization"},"potentialAction":[{"@type":"SearchAction","target":{"@type":"EntryPoint","urlTemplate":"https:\/\/www.educaborras.com\/fr\/?s={search_term_string}"},"query-input":{"@type":"PropertyValueSpecification","valueRequired":true,"valueName":"search_term_string"}}],"inLanguage":"fr-FR"},{"@type":"Organization","@id":"https:\/\/www.educaborras.com\/fr\/#organization","name":"Educa Borras","url":"https:\/\/www.educaborras.com\/fr\/","logo":{"@type":"ImageObject","inLanguage":"fr-FR","@id":"https:\/\/www.educaborras.com\/fr\/#\/schema\/logo\/image\/","url":"https:\/\/www.educaborras.com\/wp-content\/uploads\/cropped-LOGOS-EDUCA-BORRAS_retina.png","contentUrl":"https:\/\/www.educaborras.com\/wp-content\/uploads\/cropped-LOGOS-EDUCA-BORRAS_retina.png","caption":"Educa Borras"},"image":{"@id":"https:\/\/www.educaborras.com\/fr\/#\/schema\/logo\/image\/"}}]}},"_links":{"self":[{"href":"https:\/\/www.educaborras.com\/fr\/wp-json\/wp\/v2\/product\/253409","targetHints":{"allow":["GET"]}}],"collection":[{"href":"https:\/\/www.educaborras.com\/fr\/wp-json\/wp\/v2\/product"}],"about":[{"href":"https:\/\/www.educaborras.com\/fr\/wp-json\/wp\/v2\/types\/product"}],"wp:featuredmedia":[{"embeddable":true,"href":"https:\/\/www.educaborras.com\/fr\/wp-json\/wp\/v2\/media\/251747"}],"wp:attachment":[{"href":"https:\/\/www.educaborras.com\/fr\/wp-json\/wp\/v2\/media?parent=253409"}],"wp:term":[{"taxonomy":"product_brand","embeddable":true,"href":"https:\/\/www.educaborras.com\/fr\/wp-json\/wp\/v2\/product_brand?post=253409"},{"taxonomy":"product_cat","embeddable":true,"href":"https:\/\/www.educaborras.com\/fr\/wp-json\/wp\/v2\/product_cat?post=253409"},{"taxonomy":"product_tag","embeddable":true,"href":"https:\/\/www.educaborras.com\/fr\/wp-json\/wp\/v2\/product_tag?post=253409"}],"curies":[{"name":"wp","href":"https:\/\/api.w.org\/{rel}","templated":true}]}}