{"id":253404,"date":"2025-11-05T14:24:11","date_gmt":"2025-11-05T12:24:11","guid":{"rendered":"https:\/\/www.educaborras.com\/product\/20413-fr\/"},"modified":"2026-04-23T03:10:19","modified_gmt":"2026-04-23T01:10:19","slug":"20413-fr","status":"publish","type":"product","link":"https:\/\/www.educaborras.com\/fr\/produit\/20413-fr\/","title":{"rendered":"Educubes II"},"content":{"rendered":"<p>Il s&rsquo;agit d&rsquo;un jeu \u00e9ducatif qui favorise le d\u00e9veloppement moteur, cognitif et sensoriel des enfants de 24 mois et plus gr\u00e2ce \u00e0 des cubes en plastique empilables. Th\u00e8mes : chiffres de 1 \u00e0 10, compter, \u00e9motions, formes g\u00e9om\u00e9triques.<\/p>\n","protected":false},"excerpt":{"rendered":"<p>Il s&rsquo;agit d&rsquo;un jeu \u00e9ducatif qui favorise le d\u00e9veloppement moteur, cognitif et sensoriel des enfants de 24 mois et plus gr\u00e2ce \u00e0 des cubes en plastique empilables. Th\u00e8mes : chiffres de 1 \u00e0 10, compter, \u00e9motions, formes g\u00e9om\u00e9triques.<\/p>\n","protected":false},"featured_media":251782,"template":"","meta":{"_acf_changed":false},"product_brand":[],"product_cat":[73252],"product_tag":[101678,82248,80612,80614,82249,74661,74624,80615,82250,75763,73941,73940,75764,73939,75765,80624,82251,82252,80620,82253,80628,82254,80618,80622,82255,80626,82256,82257,80630],"class_list":{"0":"post-253404","1":"product","2":"type-product","3":"status-publish","4":"has-post-thumbnail","6":"product_cat-jeux-baby","7":"product_tag-101678","8":"product_tag-baby-cubes-fr","9":"product_tag-baby-cubes","10":"product_tag-cubes","11":"product_tag-cubes-fr","12":"product_tag-cubos-fr","13":"product_tag-cubos","14":"product_tag-cubos-preescolar","15":"product_tag-cubos-preescolar-fr","16":"product_tag-educatiu-fr","17":"product_tag-educatiu","18":"product_tag-educative","19":"product_tag-educative-fr","20":"product_tag-educativo","21":"product_tag-educativo-fr","22":"product_tag-juegos-de-cubos","23":"product_tag-juegos-de-cubos-fr","24":"product_tag-juegos-infantiles-fr","25":"product_tag-juegos-infantiles","26":"product_tag-kiubis-fr","27":"product_tag-kiubis","28":"product_tag-preescolar-fr","29":"product_tag-preescolar","30":"product_tag-puericultura","31":"product_tag-puericultura-fr","32":"product_tag-the-kiubis","33":"product_tag-the-kiubis-fr","34":"product_tag-the-kiubis-cubes-fr","35":"product_tag-the-kiubis-cubes","37":"first","38":"instock","39":"shipping-taxable","40":"product-type-simple"},"acf":[],"yoast_head":"<!-- This site is optimized with the Yoast SEO plugin v27.1.1 - https:\/\/yoast.com\/product\/yoast-seo-wordpress\/ -->\n<title>Educubes II - Educa Borras<\/title>\n<meta name=\"robots\" content=\"index, follow, max-snippet:-1, max-image-preview:large, max-video-preview:-1\" \/>\n<link rel=\"canonical\" href=\"https:\/\/www.educaborras.com\/fr\/produit\/20413-fr\/\" \/>\n<script type=\"application\/ld+json\" class=\"yoast-schema-graph\">{\"@context\":\"https:\/\/schema.org\",\"@graph\":[{\"@type\":\"WebPage\",\"@id\":\"https:\/\/www.educaborras.com\/fr\/produit\/20413-fr\/\",\"url\":\"https:\/\/www.educaborras.com\/fr\/produit\/20413-fr\/\",\"name\":\"Educubes II - Educa Borras\",\"isPartOf\":{\"@id\":\"https:\/\/www.educaborras.com\/fr\/#website\"},\"primaryImageOfPage\":{\"@id\":\"https:\/\/www.educaborras.com\/fr\/produit\/20413-fr\/#primaryimage\"},\"image\":{\"@id\":\"https:\/\/www.educaborras.com\/fr\/produit\/20413-fr\/#primaryimage\"},\"thumbnailUrl\":\"https:\/\/www.educaborras.com\/wp-content\/uploads\/20413_01_high.jpg\",\"datePublished\":\"2025-11-05T12:24:11+00:00\",\"dateModified\":\"2026-04-23T01:10:19+00:00\",\"breadcrumb\":{\"@id\":\"https:\/\/www.educaborras.com\/fr\/produit\/20413-fr\/#breadcrumb\"},\"inLanguage\":\"fr-FR\",\"potentialAction\":[{\"@type\":\"ReadAction\",\"target\":[\"https:\/\/www.educaborras.com\/fr\/produit\/20413-fr\/\"]}]},{\"@type\":\"ImageObject\",\"inLanguage\":\"fr-FR\",\"@id\":\"https:\/\/www.educaborras.com\/fr\/produit\/20413-fr\/#primaryimage\",\"url\":\"https:\/\/www.educaborras.com\/wp-content\/uploads\/20413_01_high.jpg\",\"contentUrl\":\"https:\/\/www.educaborras.com\/wp-content\/uploads\/20413_01_high.jpg\",\"width\":2400,\"height\":2400,\"caption\":\"Educubes II\"},{\"@type\":\"BreadcrumbList\",\"@id\":\"https:\/\/www.educaborras.com\/fr\/produit\/20413-fr\/#breadcrumb\",\"itemListElement\":[{\"@type\":\"ListItem\",\"position\":1,\"name\":\"Portada\",\"item\":\"https:\/\/www.educaborras.com\/fr\/\"},{\"@type\":\"ListItem\",\"position\":2,\"name\":\"Produits\",\"item\":\"https:\/\/www.educaborras.com\/fr\/shop\/\"},{\"@type\":\"ListItem\",\"position\":3,\"name\":\"Educubes II\"}]},{\"@type\":\"WebSite\",\"@id\":\"https:\/\/www.educaborras.com\/fr\/#website\",\"url\":\"https:\/\/www.educaborras.com\/fr\/\",\"name\":\"Educa Borras\",\"description\":\"\",\"publisher\":{\"@id\":\"https:\/\/www.educaborras.com\/fr\/#organization\"},\"potentialAction\":[{\"@type\":\"SearchAction\",\"target\":{\"@type\":\"EntryPoint\",\"urlTemplate\":\"https:\/\/www.educaborras.com\/fr\/?s={search_term_string}\"},\"query-input\":{\"@type\":\"PropertyValueSpecification\",\"valueRequired\":true,\"valueName\":\"search_term_string\"}}],\"inLanguage\":\"fr-FR\"},{\"@type\":\"Organization\",\"@id\":\"https:\/\/www.educaborras.com\/fr\/#organization\",\"name\":\"Educa Borras\",\"url\":\"https:\/\/www.educaborras.com\/fr\/\",\"logo\":{\"@type\":\"ImageObject\",\"inLanguage\":\"fr-FR\",\"@id\":\"https:\/\/www.educaborras.com\/fr\/#\/schema\/logo\/image\/\",\"url\":\"https:\/\/www.educaborras.com\/wp-content\/uploads\/cropped-LOGOS-EDUCA-BORRAS_retina.png\",\"contentUrl\":\"https:\/\/www.educaborras.com\/wp-content\/uploads\/cropped-LOGOS-EDUCA-BORRAS_retina.png\",\"caption\":\"Educa Borras\"},\"image\":{\"@id\":\"https:\/\/www.educaborras.com\/fr\/#\/schema\/logo\/image\/\"}}]}<\/script>\n<!-- \/ Yoast SEO plugin. -->","yoast_head_json":{"title":"Educubes II - Educa Borras","robots":{"index":"index","follow":"follow","max-snippet":"max-snippet:-1","max-image-preview":"max-image-preview:large","max-video-preview":"max-video-preview:-1"},"canonical":"https:\/\/www.educaborras.com\/fr\/produit\/20413-fr\/","schema":{"@context":"https:\/\/schema.org","@graph":[{"@type":"WebPage","@id":"https:\/\/www.educaborras.com\/fr\/produit\/20413-fr\/","url":"https:\/\/www.educaborras.com\/fr\/produit\/20413-fr\/","name":"Educubes II - Educa Borras","isPartOf":{"@id":"https:\/\/www.educaborras.com\/fr\/#website"},"primaryImageOfPage":{"@id":"https:\/\/www.educaborras.com\/fr\/produit\/20413-fr\/#primaryimage"},"image":{"@id":"https:\/\/www.educaborras.com\/fr\/produit\/20413-fr\/#primaryimage"},"thumbnailUrl":"https:\/\/www.educaborras.com\/wp-content\/uploads\/20413_01_high.jpg","datePublished":"2025-11-05T12:24:11+00:00","dateModified":"2026-04-23T01:10:19+00:00","breadcrumb":{"@id":"https:\/\/www.educaborras.com\/fr\/produit\/20413-fr\/#breadcrumb"},"inLanguage":"fr-FR","potentialAction":[{"@type":"ReadAction","target":["https:\/\/www.educaborras.com\/fr\/produit\/20413-fr\/"]}]},{"@type":"ImageObject","inLanguage":"fr-FR","@id":"https:\/\/www.educaborras.com\/fr\/produit\/20413-fr\/#primaryimage","url":"https:\/\/www.educaborras.com\/wp-content\/uploads\/20413_01_high.jpg","contentUrl":"https:\/\/www.educaborras.com\/wp-content\/uploads\/20413_01_high.jpg","width":2400,"height":2400,"caption":"Educubes II"},{"@type":"BreadcrumbList","@id":"https:\/\/www.educaborras.com\/fr\/produit\/20413-fr\/#breadcrumb","itemListElement":[{"@type":"ListItem","position":1,"name":"Portada","item":"https:\/\/www.educaborras.com\/fr\/"},{"@type":"ListItem","position":2,"name":"Produits","item":"https:\/\/www.educaborras.com\/fr\/shop\/"},{"@type":"ListItem","position":3,"name":"Educubes II"}]},{"@type":"WebSite","@id":"https:\/\/www.educaborras.com\/fr\/#website","url":"https:\/\/www.educaborras.com\/fr\/","name":"Educa Borras","description":"","publisher":{"@id":"https:\/\/www.educaborras.com\/fr\/#organization"},"potentialAction":[{"@type":"SearchAction","target":{"@type":"EntryPoint","urlTemplate":"https:\/\/www.educaborras.com\/fr\/?s={search_term_string}"},"query-input":{"@type":"PropertyValueSpecification","valueRequired":true,"valueName":"search_term_string"}}],"inLanguage":"fr-FR"},{"@type":"Organization","@id":"https:\/\/www.educaborras.com\/fr\/#organization","name":"Educa Borras","url":"https:\/\/www.educaborras.com\/fr\/","logo":{"@type":"ImageObject","inLanguage":"fr-FR","@id":"https:\/\/www.educaborras.com\/fr\/#\/schema\/logo\/image\/","url":"https:\/\/www.educaborras.com\/wp-content\/uploads\/cropped-LOGOS-EDUCA-BORRAS_retina.png","contentUrl":"https:\/\/www.educaborras.com\/wp-content\/uploads\/cropped-LOGOS-EDUCA-BORRAS_retina.png","caption":"Educa Borras"},"image":{"@id":"https:\/\/www.educaborras.com\/fr\/#\/schema\/logo\/image\/"}}]}},"_links":{"self":[{"href":"https:\/\/www.educaborras.com\/fr\/wp-json\/wp\/v2\/product\/253404","targetHints":{"allow":["GET"]}}],"collection":[{"href":"https:\/\/www.educaborras.com\/fr\/wp-json\/wp\/v2\/product"}],"about":[{"href":"https:\/\/www.educaborras.com\/fr\/wp-json\/wp\/v2\/types\/product"}],"wp:featuredmedia":[{"embeddable":true,"href":"https:\/\/www.educaborras.com\/fr\/wp-json\/wp\/v2\/media\/251782"}],"wp:attachment":[{"href":"https:\/\/www.educaborras.com\/fr\/wp-json\/wp\/v2\/media?parent=253404"}],"wp:term":[{"taxonomy":"product_brand","embeddable":true,"href":"https:\/\/www.educaborras.com\/fr\/wp-json\/wp\/v2\/product_brand?post=253404"},{"taxonomy":"product_cat","embeddable":true,"href":"https:\/\/www.educaborras.com\/fr\/wp-json\/wp\/v2\/product_cat?post=253404"},{"taxonomy":"product_tag","embeddable":true,"href":"https:\/\/www.educaborras.com\/fr\/wp-json\/wp\/v2\/product_tag?post=253404"}],"curies":[{"name":"wp","href":"https:\/\/api.w.org\/{rel}","templated":true}]}}