{"id":252127,"date":"2025-10-15T17:06:23","date_gmt":"2025-10-15T15:06:23","guid":{"rendered":"https:\/\/www.educaborras.com\/product\/monsieur-madame-cherche-et-trouve\/"},"modified":"2026-04-20T02:46:06","modified_gmt":"2026-04-20T00:46:06","slug":"20009-fr","status":"publish","type":"product","link":"https:\/\/www.educaborras.com\/fr\/produit\/20009-fr\/","title":{"rendered":"Monsieur Madame Cherche et Trouve"},"content":{"rendered":"<p>Les joueurs mettront \u00e0 l&rsquo;\u00e9preuve sa rapidit\u00e9 visuelle et son sens de l&rsquo;observation dans ce jeu de cherche et trouve dans l&rsquo;univers des Monsieur Madame. Un jeu tout-en-un accessible dcs les 4 ans. Il peut etre jou\u00e9 \u00e0 n&rsquo;importe quel \u00e2ge, y compris avec les plus grands ! doivent chercher et trouver les accessoires, les formes et les couleurs des Monsieur Madame. Il peut etre jou\u00e9 seul mais aussi \u00e0 plusieurs et il est complctement collaboratif : le but est de trouver les couleurs, formes, accessoires, silhouettes et les images reli\u00e9es aux personnages et le plus vite possible ! Contenu : Cartes avec les personnages MONSIEUR MADAME, jetons avec des images d&rsquo;accesoires, jetons avec formes, jetons avec les couleurs, jetons avec les silhouettes, instructions.<\/p>\n","protected":false},"excerpt":{"rendered":"<p>Les joueurs mettront \u00e0 l&rsquo;\u00e9preuve sa rapidit\u00e9 visuelle et son sens de l&rsquo;observation dans ce jeu de cherche et trouve dans l&rsquo;univers des Monsieur Madame.<\/p>\n","protected":false},"featured_media":252095,"template":"","meta":{"_acf_changed":false},"product_brand":[],"product_cat":[73254,73253],"product_tag":[87326,87335,87332,76606,76653,87327,87337,87329,80137,98479,80315,87334,87339,87336,89967,73999,89968,73998,87328,87331,98581,86798,87333,87338,87330],"class_list":{"0":"post-252127","1":"product","2":"type-product","3":"status-publish","4":"has-post-thumbnail","6":"product_cat-enfants-et-famille","7":"product_cat-jeux-de-societe","8":"product_tag-87326","9":"product_tag-5-ans","10":"product_tag-adversaire","11":"product_tag-carte","12":"product_tag-carte-fr","13":"product_tag-cherche-et-trouve","14":"product_tag-couleurs","15":"product_tag-decouvre-le-personnage","16":"product_tag-educatif","17":"product_tag-educatif-fr","18":"product_tag-familie","19":"product_tag-fiches","20":"product_tag-formes","21":"product_tag-images","22":"product_tag-jeu-fr","23":"product_tag-jeu","24":"product_tag-jeux-fr","25":"product_tag-jeux","26":"product_tag-monsieur-madame","27":"product_tag-mystcre","28":"product_tag-personnages-fr","29":"product_tag-personnages","30":"product_tag-plateaux","31":"product_tag-silhouettes","32":"product_tag-trouve","34":"first","35":"instock","36":"shipping-taxable","37":"product-type-simple"},"acf":[],"yoast_head":"<!-- This site is optimized with the Yoast SEO plugin v27.1.1 - https:\/\/yoast.com\/product\/yoast-seo-wordpress\/ -->\n<title>Monsieur Madame Cherche et Trouve - Educa Borras<\/title>\n<meta name=\"robots\" content=\"index, follow, max-snippet:-1, max-image-preview:large, max-video-preview:-1\" \/>\n<link rel=\"canonical\" href=\"https:\/\/www.educaborras.com\/fr\/produit\/20009-fr\/\" \/>\n<meta name=\"twitter:label1\" content=\"Dur\u00e9e de lecture estim\u00e9e\" \/>\n\t<meta name=\"twitter:data1\" content=\"1 minute\" \/>\n<script type=\"application\/ld+json\" class=\"yoast-schema-graph\">{\"@context\":\"https:\/\/schema.org\",\"@graph\":[{\"@type\":\"WebPage\",\"@id\":\"https:\/\/www.educaborras.com\/fr\/produit\/20009-fr\/\",\"url\":\"https:\/\/www.educaborras.com\/fr\/produit\/20009-fr\/\",\"name\":\"Monsieur Madame Cherche et Trouve - Educa Borras\",\"isPartOf\":{\"@id\":\"https:\/\/www.educaborras.com\/fr\/#website\"},\"primaryImageOfPage\":{\"@id\":\"https:\/\/www.educaborras.com\/fr\/produit\/20009-fr\/#primaryimage\"},\"image\":{\"@id\":\"https:\/\/www.educaborras.com\/fr\/produit\/20009-fr\/#primaryimage\"},\"thumbnailUrl\":\"https:\/\/www.educaborras.com\/wp-content\/uploads\/20009_01_high.jpg\",\"datePublished\":\"2025-10-15T15:06:23+00:00\",\"dateModified\":\"2026-04-20T00:46:06+00:00\",\"breadcrumb\":{\"@id\":\"https:\/\/www.educaborras.com\/fr\/produit\/20009-fr\/#breadcrumb\"},\"inLanguage\":\"fr-FR\",\"potentialAction\":[{\"@type\":\"ReadAction\",\"target\":[\"https:\/\/www.educaborras.com\/fr\/produit\/20009-fr\/\"]}]},{\"@type\":\"ImageObject\",\"inLanguage\":\"fr-FR\",\"@id\":\"https:\/\/www.educaborras.com\/fr\/produit\/20009-fr\/#primaryimage\",\"url\":\"https:\/\/www.educaborras.com\/wp-content\/uploads\/20009_01_high.jpg\",\"contentUrl\":\"https:\/\/www.educaborras.com\/wp-content\/uploads\/20009_01_high.jpg\",\"width\":2400,\"height\":2400,\"caption\":\"Monsieur Madame Cherche et Trouve\"},{\"@type\":\"BreadcrumbList\",\"@id\":\"https:\/\/www.educaborras.com\/fr\/produit\/20009-fr\/#breadcrumb\",\"itemListElement\":[{\"@type\":\"ListItem\",\"position\":1,\"name\":\"Portada\",\"item\":\"https:\/\/www.educaborras.com\/fr\/\"},{\"@type\":\"ListItem\",\"position\":2,\"name\":\"Produits\",\"item\":\"https:\/\/www.educaborras.com\/fr\/shop\/\"},{\"@type\":\"ListItem\",\"position\":3,\"name\":\"Monsieur Madame Cherche et Trouve\"}]},{\"@type\":\"WebSite\",\"@id\":\"https:\/\/www.educaborras.com\/fr\/#website\",\"url\":\"https:\/\/www.educaborras.com\/fr\/\",\"name\":\"Educa Borras\",\"description\":\"\",\"publisher\":{\"@id\":\"https:\/\/www.educaborras.com\/fr\/#organization\"},\"potentialAction\":[{\"@type\":\"SearchAction\",\"target\":{\"@type\":\"EntryPoint\",\"urlTemplate\":\"https:\/\/www.educaborras.com\/fr\/?s={search_term_string}\"},\"query-input\":{\"@type\":\"PropertyValueSpecification\",\"valueRequired\":true,\"valueName\":\"search_term_string\"}}],\"inLanguage\":\"fr-FR\"},{\"@type\":\"Organization\",\"@id\":\"https:\/\/www.educaborras.com\/fr\/#organization\",\"name\":\"Educa Borras\",\"url\":\"https:\/\/www.educaborras.com\/fr\/\",\"logo\":{\"@type\":\"ImageObject\",\"inLanguage\":\"fr-FR\",\"@id\":\"https:\/\/www.educaborras.com\/fr\/#\/schema\/logo\/image\/\",\"url\":\"https:\/\/www.educaborras.com\/wp-content\/uploads\/cropped-LOGOS-EDUCA-BORRAS_retina.png\",\"contentUrl\":\"https:\/\/www.educaborras.com\/wp-content\/uploads\/cropped-LOGOS-EDUCA-BORRAS_retina.png\",\"caption\":\"Educa Borras\"},\"image\":{\"@id\":\"https:\/\/www.educaborras.com\/fr\/#\/schema\/logo\/image\/\"}}]}<\/script>\n<!-- \/ Yoast SEO plugin. -->","yoast_head_json":{"title":"Monsieur Madame Cherche et Trouve - Educa Borras","robots":{"index":"index","follow":"follow","max-snippet":"max-snippet:-1","max-image-preview":"max-image-preview:large","max-video-preview":"max-video-preview:-1"},"canonical":"https:\/\/www.educaborras.com\/fr\/produit\/20009-fr\/","twitter_misc":{"Dur\u00e9e de lecture estim\u00e9e":"1 minute"},"schema":{"@context":"https:\/\/schema.org","@graph":[{"@type":"WebPage","@id":"https:\/\/www.educaborras.com\/fr\/produit\/20009-fr\/","url":"https:\/\/www.educaborras.com\/fr\/produit\/20009-fr\/","name":"Monsieur Madame Cherche et Trouve - Educa Borras","isPartOf":{"@id":"https:\/\/www.educaborras.com\/fr\/#website"},"primaryImageOfPage":{"@id":"https:\/\/www.educaborras.com\/fr\/produit\/20009-fr\/#primaryimage"},"image":{"@id":"https:\/\/www.educaborras.com\/fr\/produit\/20009-fr\/#primaryimage"},"thumbnailUrl":"https:\/\/www.educaborras.com\/wp-content\/uploads\/20009_01_high.jpg","datePublished":"2025-10-15T15:06:23+00:00","dateModified":"2026-04-20T00:46:06+00:00","breadcrumb":{"@id":"https:\/\/www.educaborras.com\/fr\/produit\/20009-fr\/#breadcrumb"},"inLanguage":"fr-FR","potentialAction":[{"@type":"ReadAction","target":["https:\/\/www.educaborras.com\/fr\/produit\/20009-fr\/"]}]},{"@type":"ImageObject","inLanguage":"fr-FR","@id":"https:\/\/www.educaborras.com\/fr\/produit\/20009-fr\/#primaryimage","url":"https:\/\/www.educaborras.com\/wp-content\/uploads\/20009_01_high.jpg","contentUrl":"https:\/\/www.educaborras.com\/wp-content\/uploads\/20009_01_high.jpg","width":2400,"height":2400,"caption":"Monsieur Madame Cherche et Trouve"},{"@type":"BreadcrumbList","@id":"https:\/\/www.educaborras.com\/fr\/produit\/20009-fr\/#breadcrumb","itemListElement":[{"@type":"ListItem","position":1,"name":"Portada","item":"https:\/\/www.educaborras.com\/fr\/"},{"@type":"ListItem","position":2,"name":"Produits","item":"https:\/\/www.educaborras.com\/fr\/shop\/"},{"@type":"ListItem","position":3,"name":"Monsieur Madame Cherche et Trouve"}]},{"@type":"WebSite","@id":"https:\/\/www.educaborras.com\/fr\/#website","url":"https:\/\/www.educaborras.com\/fr\/","name":"Educa Borras","description":"","publisher":{"@id":"https:\/\/www.educaborras.com\/fr\/#organization"},"potentialAction":[{"@type":"SearchAction","target":{"@type":"EntryPoint","urlTemplate":"https:\/\/www.educaborras.com\/fr\/?s={search_term_string}"},"query-input":{"@type":"PropertyValueSpecification","valueRequired":true,"valueName":"search_term_string"}}],"inLanguage":"fr-FR"},{"@type":"Organization","@id":"https:\/\/www.educaborras.com\/fr\/#organization","name":"Educa Borras","url":"https:\/\/www.educaborras.com\/fr\/","logo":{"@type":"ImageObject","inLanguage":"fr-FR","@id":"https:\/\/www.educaborras.com\/fr\/#\/schema\/logo\/image\/","url":"https:\/\/www.educaborras.com\/wp-content\/uploads\/cropped-LOGOS-EDUCA-BORRAS_retina.png","contentUrl":"https:\/\/www.educaborras.com\/wp-content\/uploads\/cropped-LOGOS-EDUCA-BORRAS_retina.png","caption":"Educa Borras"},"image":{"@id":"https:\/\/www.educaborras.com\/fr\/#\/schema\/logo\/image\/"}}]}},"_links":{"self":[{"href":"https:\/\/www.educaborras.com\/fr\/wp-json\/wp\/v2\/product\/252127","targetHints":{"allow":["GET"]}}],"collection":[{"href":"https:\/\/www.educaborras.com\/fr\/wp-json\/wp\/v2\/product"}],"about":[{"href":"https:\/\/www.educaborras.com\/fr\/wp-json\/wp\/v2\/types\/product"}],"wp:featuredmedia":[{"embeddable":true,"href":"https:\/\/www.educaborras.com\/fr\/wp-json\/wp\/v2\/media\/252095"}],"wp:attachment":[{"href":"https:\/\/www.educaborras.com\/fr\/wp-json\/wp\/v2\/media?parent=252127"}],"wp:term":[{"taxonomy":"product_brand","embeddable":true,"href":"https:\/\/www.educaborras.com\/fr\/wp-json\/wp\/v2\/product_brand?post=252127"},{"taxonomy":"product_cat","embeddable":true,"href":"https:\/\/www.educaborras.com\/fr\/wp-json\/wp\/v2\/product_cat?post=252127"},{"taxonomy":"product_tag","embeddable":true,"href":"https:\/\/www.educaborras.com\/fr\/wp-json\/wp\/v2\/product_tag?post=252127"}],"curies":[{"name":"wp","href":"https:\/\/api.w.org\/{rel}","templated":true}]}}