{"id":252017,"date":"2025-10-14T16:42:52","date_gmt":"2025-10-14T14:42:52","guid":{"rendered":"https:\/\/www.educaborras.com\/product\/acticolors\/"},"modified":"2026-04-06T03:30:20","modified_gmt":"2026-04-06T01:30:20","slug":"20169-fr","status":"publish","type":"product","link":"https:\/\/www.educaborras.com\/fr\/produit\/20169-fr\/","title":{"rendered":"Acticolors"},"content":{"rendered":"<p>Est un jeu de couleurs et d&#8217;empilement o\u00f9 vous apprendrez les couleurs de base et stimulerez votre imagination avec 3 dynamiques diff\u00e9rentes. Une exp\u00e9rimentation qui favorise la discrimination visuelle, la coordination manuelle et l&rsquo;orientation spatiale. A partir de 24 mois.<\/p>\n","protected":false},"excerpt":{"rendered":"<p>Est un jeu de couleurs et d&#8217;empilement o\u00f9 vous apprendrez les couleurs de base et stimulerez votre imagination avec 3 dynamiques diff\u00e9rentes. Une exp\u00e9rimentation qui favorise la discrimination visuelle, la coordination manuelle et l&rsquo;orientation spatiale. A partir de 24 mois.<\/p>\n","protected":false},"featured_media":123641,"template":"","meta":{"_acf_changed":false},"product_brand":[],"product_cat":[73252],"product_tag":[74331,74344,87655,87659,74555,74519,92766,86627,74520,74559,75458,73962,87657,92768,98481,80143,74521,74560,73999,89967,73933,76347,87656,92769,87658,74054,73995],"class_list":{"0":"post-252017","1":"product","2":"type-product","3":"status-publish","4":"has-post-thumbnail","6":"product_cat-jeux-baby","7":"product_tag-piezas","8":"product_tag-piezas-fr","9":"product_tag-87655","10":"product_tag-acticolors","11":"product_tag-baby-fr","12":"product_tag-baby","13":"product_tag-baby-educativos-fr","14":"product_tag-baby-educativos","15":"product_tag-bebe","16":"product_tag-bebe-fr","17":"product_tag-colores-fr","18":"product_tag-colores","19":"product_tag-encajes","20":"product_tag-encajes-fr","21":"product_tag-formas-fr","22":"product_tag-formas","23":"product_tag-infantil","24":"product_tag-infantil-fr","25":"product_tag-jeu","26":"product_tag-jeu-fr","27":"product_tag-juego","28":"product_tag-juego-fr","29":"product_tag-juegos-baby","30":"product_tag-juegos-baby-fr","31":"product_tag-lamina","32":"product_tag-puzzle-fr","33":"product_tag-puzzle","35":"first","36":"instock","37":"shipping-taxable","38":"product-type-simple"},"acf":[],"yoast_head":"<!-- This site is optimized with the Yoast SEO plugin v27.1.1 - https:\/\/yoast.com\/product\/yoast-seo-wordpress\/ -->\n<title>Acticolors - Educa Borras<\/title>\n<meta name=\"robots\" content=\"index, follow, max-snippet:-1, max-image-preview:large, max-video-preview:-1\" \/>\n<link rel=\"canonical\" href=\"https:\/\/www.educaborras.com\/fr\/produit\/20169-fr\/\" \/>\n<script type=\"application\/ld+json\" class=\"yoast-schema-graph\">{\"@context\":\"https:\/\/schema.org\",\"@graph\":[{\"@type\":\"WebPage\",\"@id\":\"https:\/\/www.educaborras.com\/fr\/produit\/20169-fr\/\",\"url\":\"https:\/\/www.educaborras.com\/fr\/produit\/20169-fr\/\",\"name\":\"Acticolors - Educa Borras\",\"isPartOf\":{\"@id\":\"https:\/\/www.educaborras.com\/fr\/#website\"},\"primaryImageOfPage\":{\"@id\":\"https:\/\/www.educaborras.com\/fr\/produit\/20169-fr\/#primaryimage\"},\"image\":{\"@id\":\"https:\/\/www.educaborras.com\/fr\/produit\/20169-fr\/#primaryimage\"},\"thumbnailUrl\":\"https:\/\/www.educaborras.com\/wp-content\/uploads\/20169_01_high.jpg\",\"datePublished\":\"2025-10-14T14:42:52+00:00\",\"dateModified\":\"2026-04-06T01:30:20+00:00\",\"breadcrumb\":{\"@id\":\"https:\/\/www.educaborras.com\/fr\/produit\/20169-fr\/#breadcrumb\"},\"inLanguage\":\"fr-FR\",\"potentialAction\":[{\"@type\":\"ReadAction\",\"target\":[\"https:\/\/www.educaborras.com\/fr\/produit\/20169-fr\/\"]}]},{\"@type\":\"ImageObject\",\"inLanguage\":\"fr-FR\",\"@id\":\"https:\/\/www.educaborras.com\/fr\/produit\/20169-fr\/#primaryimage\",\"url\":\"https:\/\/www.educaborras.com\/wp-content\/uploads\/20169_01_high.jpg\",\"contentUrl\":\"https:\/\/www.educaborras.com\/wp-content\/uploads\/20169_01_high.jpg\",\"width\":2400,\"height\":2400,\"caption\":\"Acticolors\"},{\"@type\":\"BreadcrumbList\",\"@id\":\"https:\/\/www.educaborras.com\/fr\/produit\/20169-fr\/#breadcrumb\",\"itemListElement\":[{\"@type\":\"ListItem\",\"position\":1,\"name\":\"Portada\",\"item\":\"https:\/\/www.educaborras.com\/fr\/\"},{\"@type\":\"ListItem\",\"position\":2,\"name\":\"Produits\",\"item\":\"https:\/\/www.educaborras.com\/fr\/shop\/\"},{\"@type\":\"ListItem\",\"position\":3,\"name\":\"Acticolors\"}]},{\"@type\":\"WebSite\",\"@id\":\"https:\/\/www.educaborras.com\/fr\/#website\",\"url\":\"https:\/\/www.educaborras.com\/fr\/\",\"name\":\"Educa Borras\",\"description\":\"\",\"publisher\":{\"@id\":\"https:\/\/www.educaborras.com\/fr\/#organization\"},\"potentialAction\":[{\"@type\":\"SearchAction\",\"target\":{\"@type\":\"EntryPoint\",\"urlTemplate\":\"https:\/\/www.educaborras.com\/fr\/?s={search_term_string}\"},\"query-input\":{\"@type\":\"PropertyValueSpecification\",\"valueRequired\":true,\"valueName\":\"search_term_string\"}}],\"inLanguage\":\"fr-FR\"},{\"@type\":\"Organization\",\"@id\":\"https:\/\/www.educaborras.com\/fr\/#organization\",\"name\":\"Educa Borras\",\"url\":\"https:\/\/www.educaborras.com\/fr\/\",\"logo\":{\"@type\":\"ImageObject\",\"inLanguage\":\"fr-FR\",\"@id\":\"https:\/\/www.educaborras.com\/fr\/#\/schema\/logo\/image\/\",\"url\":\"https:\/\/www.educaborras.com\/wp-content\/uploads\/cropped-LOGOS-EDUCA-BORRAS_retina.png\",\"contentUrl\":\"https:\/\/www.educaborras.com\/wp-content\/uploads\/cropped-LOGOS-EDUCA-BORRAS_retina.png\",\"caption\":\"Educa Borras\"},\"image\":{\"@id\":\"https:\/\/www.educaborras.com\/fr\/#\/schema\/logo\/image\/\"}}]}<\/script>\n<!-- \/ Yoast SEO plugin. -->","yoast_head_json":{"title":"Acticolors - Educa Borras","robots":{"index":"index","follow":"follow","max-snippet":"max-snippet:-1","max-image-preview":"max-image-preview:large","max-video-preview":"max-video-preview:-1"},"canonical":"https:\/\/www.educaborras.com\/fr\/produit\/20169-fr\/","schema":{"@context":"https:\/\/schema.org","@graph":[{"@type":"WebPage","@id":"https:\/\/www.educaborras.com\/fr\/produit\/20169-fr\/","url":"https:\/\/www.educaborras.com\/fr\/produit\/20169-fr\/","name":"Acticolors - Educa Borras","isPartOf":{"@id":"https:\/\/www.educaborras.com\/fr\/#website"},"primaryImageOfPage":{"@id":"https:\/\/www.educaborras.com\/fr\/produit\/20169-fr\/#primaryimage"},"image":{"@id":"https:\/\/www.educaborras.com\/fr\/produit\/20169-fr\/#primaryimage"},"thumbnailUrl":"https:\/\/www.educaborras.com\/wp-content\/uploads\/20169_01_high.jpg","datePublished":"2025-10-14T14:42:52+00:00","dateModified":"2026-04-06T01:30:20+00:00","breadcrumb":{"@id":"https:\/\/www.educaborras.com\/fr\/produit\/20169-fr\/#breadcrumb"},"inLanguage":"fr-FR","potentialAction":[{"@type":"ReadAction","target":["https:\/\/www.educaborras.com\/fr\/produit\/20169-fr\/"]}]},{"@type":"ImageObject","inLanguage":"fr-FR","@id":"https:\/\/www.educaborras.com\/fr\/produit\/20169-fr\/#primaryimage","url":"https:\/\/www.educaborras.com\/wp-content\/uploads\/20169_01_high.jpg","contentUrl":"https:\/\/www.educaborras.com\/wp-content\/uploads\/20169_01_high.jpg","width":2400,"height":2400,"caption":"Acticolors"},{"@type":"BreadcrumbList","@id":"https:\/\/www.educaborras.com\/fr\/produit\/20169-fr\/#breadcrumb","itemListElement":[{"@type":"ListItem","position":1,"name":"Portada","item":"https:\/\/www.educaborras.com\/fr\/"},{"@type":"ListItem","position":2,"name":"Produits","item":"https:\/\/www.educaborras.com\/fr\/shop\/"},{"@type":"ListItem","position":3,"name":"Acticolors"}]},{"@type":"WebSite","@id":"https:\/\/www.educaborras.com\/fr\/#website","url":"https:\/\/www.educaborras.com\/fr\/","name":"Educa Borras","description":"","publisher":{"@id":"https:\/\/www.educaborras.com\/fr\/#organization"},"potentialAction":[{"@type":"SearchAction","target":{"@type":"EntryPoint","urlTemplate":"https:\/\/www.educaborras.com\/fr\/?s={search_term_string}"},"query-input":{"@type":"PropertyValueSpecification","valueRequired":true,"valueName":"search_term_string"}}],"inLanguage":"fr-FR"},{"@type":"Organization","@id":"https:\/\/www.educaborras.com\/fr\/#organization","name":"Educa Borras","url":"https:\/\/www.educaborras.com\/fr\/","logo":{"@type":"ImageObject","inLanguage":"fr-FR","@id":"https:\/\/www.educaborras.com\/fr\/#\/schema\/logo\/image\/","url":"https:\/\/www.educaborras.com\/wp-content\/uploads\/cropped-LOGOS-EDUCA-BORRAS_retina.png","contentUrl":"https:\/\/www.educaborras.com\/wp-content\/uploads\/cropped-LOGOS-EDUCA-BORRAS_retina.png","caption":"Educa Borras"},"image":{"@id":"https:\/\/www.educaborras.com\/fr\/#\/schema\/logo\/image\/"}}]}},"_links":{"self":[{"href":"https:\/\/www.educaborras.com\/fr\/wp-json\/wp\/v2\/product\/252017","targetHints":{"allow":["GET"]}}],"collection":[{"href":"https:\/\/www.educaborras.com\/fr\/wp-json\/wp\/v2\/product"}],"about":[{"href":"https:\/\/www.educaborras.com\/fr\/wp-json\/wp\/v2\/types\/product"}],"wp:featuredmedia":[{"embeddable":true,"href":"https:\/\/www.educaborras.com\/fr\/wp-json\/wp\/v2\/media\/123641"}],"wp:attachment":[{"href":"https:\/\/www.educaborras.com\/fr\/wp-json\/wp\/v2\/media?parent=252017"}],"wp:term":[{"taxonomy":"product_brand","embeddable":true,"href":"https:\/\/www.educaborras.com\/fr\/wp-json\/wp\/v2\/product_brand?post=252017"},{"taxonomy":"product_cat","embeddable":true,"href":"https:\/\/www.educaborras.com\/fr\/wp-json\/wp\/v2\/product_cat?post=252017"},{"taxonomy":"product_tag","embeddable":true,"href":"https:\/\/www.educaborras.com\/fr\/wp-json\/wp\/v2\/product_tag?post=252017"}],"curies":[{"name":"wp","href":"https:\/\/api.w.org\/{rel}","templated":true}]}}