{"id":251450,"date":"2025-06-05T11:00:16","date_gmt":"2025-06-05T09:00:16","guid":{"rendered":"https:\/\/www.educaborras.com\/product\/20025\/"},"modified":"2026-04-24T02:30:35","modified_gmt":"2026-04-24T00:30:35","slug":"20025-fr","status":"publish","type":"product","link":"https:\/\/www.educaborras.com\/fr\/produit\/20025-fr\/","title":{"rendered":"Educa Magnetics 83 pcs"},"content":{"rendered":"<p>Educa Magnetics est compos\u00e9 de 83 blocs magn\u00e9tiques 3D qui permettent aux enfants d\u00e8s l&rsquo;\u00e2ge de 3 ans de cr\u00e9er des figures g\u00e9om\u00e9triques. En jouant, ils apprennent naturellement les principes des aimants et de la force magn\u00e9tique. Ils d\u00e9veloppent la reconnaissance des couleurs et des formes, ainsi que le sens de l&rsquo;espace tridimensionnel, tout en jouant. Il est id\u00e9al comme jouet pr\u00e9scolaire, dans les \u00e9coles, dans les cr\u00e8ches, id\u00e9al pour jouer en famille, \u00e0 la maison.<\/p>\n","protected":false},"excerpt":{"rendered":"<p>Educa Magnetics est compos\u00e9 de 83 blocs magn\u00e9tiques 3D qui permettent aux enfants d\u00e8s l&rsquo;\u00e2ge de 3 ans de cr\u00e9er des figures g\u00e9om\u00e9triques. En jouant, ils apprennent naturellement les principes des aimants et de la force magn\u00e9tique.<\/p>\n","protected":false},"featured_media":117818,"template":"","meta":{"_acf_changed":false},"product_brand":[],"product_cat":[73372,73371],"product_tag":[74344,97500,97501,81710,97486,74204,75765,74662,97502,74560,76347,97462,97487,97488],"class_list":{"0":"post-251450","1":"product","2":"type-product","3":"status-publish","4":"has-post-thumbnail","6":"product_cat-constructions-fr","7":"product_cat-educa-magnetics-fr","8":"product_tag-piezas-fr","9":"product_tag-20025-fr","10":"product_tag-83-fr","11":"product_tag-construccion-fr","12":"product_tag-construcciones-magneticas-fr","13":"product_tag-educa-fr","14":"product_tag-educativo-fr","15":"product_tag-iman-fr","16":"product_tag-imanes-fr","17":"product_tag-infantil-fr","18":"product_tag-juego-fr","19":"product_tag-magnetics-fr","20":"product_tag-pc-fr","21":"product_tag-tiles-fr","23":"first","24":"instock","25":"shipping-taxable","26":"product-type-simple"},"acf":[],"yoast_head":"<!-- This site is optimized with the Yoast SEO plugin v27.1.1 - https:\/\/yoast.com\/product\/yoast-seo-wordpress\/ -->\n<title>Educa Magnetics 83 pcs - Educa Borras<\/title>\n<meta name=\"description\" content=\"83pcs de bloques magn\u00e9ticos 3D que permiten crear figuras geom\u00e9tricas. Aprenden de forma natural los principios de los Imanes y la Fuerza Magn\u00e9tica.\" \/>\n<meta name=\"robots\" content=\"index, follow, max-snippet:-1, max-image-preview:large, max-video-preview:-1\" \/>\n<link rel=\"canonical\" href=\"https:\/\/www.educaborras.com\/fr\/produit\/20025-fr\/\" \/>\n<script type=\"application\/ld+json\" class=\"yoast-schema-graph\">{\"@context\":\"https:\/\/schema.org\",\"@graph\":[{\"@type\":\"WebPage\",\"@id\":\"https:\/\/www.educaborras.com\/fr\/produit\/20025-fr\/\",\"url\":\"https:\/\/www.educaborras.com\/fr\/produit\/20025-fr\/\",\"name\":\"Educa Magnetics 83 pcs - Educa Borras\",\"isPartOf\":{\"@id\":\"https:\/\/www.educaborras.com\/fr\/#website\"},\"primaryImageOfPage\":{\"@id\":\"https:\/\/www.educaborras.com\/fr\/produit\/20025-fr\/#primaryimage\"},\"image\":{\"@id\":\"https:\/\/www.educaborras.com\/fr\/produit\/20025-fr\/#primaryimage\"},\"thumbnailUrl\":\"https:\/\/www.educaborras.com\/wp-content\/uploads\/20025_01_high.jpg\",\"datePublished\":\"2025-06-05T09:00:16+00:00\",\"dateModified\":\"2026-04-24T00:30:35+00:00\",\"description\":\"83pcs de bloques magn\u00e9ticos 3D que permiten crear figuras geom\u00e9tricas. Aprenden de forma natural los principios de los Imanes y la Fuerza Magn\u00e9tica.\",\"breadcrumb\":{\"@id\":\"https:\/\/www.educaborras.com\/fr\/produit\/20025-fr\/#breadcrumb\"},\"inLanguage\":\"fr-FR\",\"potentialAction\":[{\"@type\":\"ReadAction\",\"target\":[\"https:\/\/www.educaborras.com\/fr\/produit\/20025-fr\/\"]}]},{\"@type\":\"ImageObject\",\"inLanguage\":\"fr-FR\",\"@id\":\"https:\/\/www.educaborras.com\/fr\/produit\/20025-fr\/#primaryimage\",\"url\":\"https:\/\/www.educaborras.com\/wp-content\/uploads\/20025_01_high.jpg\",\"contentUrl\":\"https:\/\/www.educaborras.com\/wp-content\/uploads\/20025_01_high.jpg\",\"width\":2400,\"height\":2400,\"caption\":\"Educa Magnetics 83 pcs\"},{\"@type\":\"BreadcrumbList\",\"@id\":\"https:\/\/www.educaborras.com\/fr\/produit\/20025-fr\/#breadcrumb\",\"itemListElement\":[{\"@type\":\"ListItem\",\"position\":1,\"name\":\"Portada\",\"item\":\"https:\/\/www.educaborras.com\/fr\/\"},{\"@type\":\"ListItem\",\"position\":2,\"name\":\"Produits\",\"item\":\"https:\/\/www.educaborras.com\/fr\/shop\/\"},{\"@type\":\"ListItem\",\"position\":3,\"name\":\"Educa Magnetics 83 pcs\"}]},{\"@type\":\"WebSite\",\"@id\":\"https:\/\/www.educaborras.com\/fr\/#website\",\"url\":\"https:\/\/www.educaborras.com\/fr\/\",\"name\":\"Educa Borras\",\"description\":\"\",\"publisher\":{\"@id\":\"https:\/\/www.educaborras.com\/fr\/#organization\"},\"potentialAction\":[{\"@type\":\"SearchAction\",\"target\":{\"@type\":\"EntryPoint\",\"urlTemplate\":\"https:\/\/www.educaborras.com\/fr\/?s={search_term_string}\"},\"query-input\":{\"@type\":\"PropertyValueSpecification\",\"valueRequired\":true,\"valueName\":\"search_term_string\"}}],\"inLanguage\":\"fr-FR\"},{\"@type\":\"Organization\",\"@id\":\"https:\/\/www.educaborras.com\/fr\/#organization\",\"name\":\"Educa Borras\",\"url\":\"https:\/\/www.educaborras.com\/fr\/\",\"logo\":{\"@type\":\"ImageObject\",\"inLanguage\":\"fr-FR\",\"@id\":\"https:\/\/www.educaborras.com\/fr\/#\/schema\/logo\/image\/\",\"url\":\"https:\/\/www.educaborras.com\/wp-content\/uploads\/cropped-LOGOS-EDUCA-BORRAS_retina.png\",\"contentUrl\":\"https:\/\/www.educaborras.com\/wp-content\/uploads\/cropped-LOGOS-EDUCA-BORRAS_retina.png\",\"caption\":\"Educa Borras\"},\"image\":{\"@id\":\"https:\/\/www.educaborras.com\/fr\/#\/schema\/logo\/image\/\"}}]}<\/script>\n<!-- \/ Yoast SEO plugin. -->","yoast_head_json":{"title":"Educa Magnetics 83 pcs - Educa Borras","description":"83pcs de bloques magn\u00e9ticos 3D que permiten crear figuras geom\u00e9tricas. Aprenden de forma natural los principios de los Imanes y la Fuerza Magn\u00e9tica.","robots":{"index":"index","follow":"follow","max-snippet":"max-snippet:-1","max-image-preview":"max-image-preview:large","max-video-preview":"max-video-preview:-1"},"canonical":"https:\/\/www.educaborras.com\/fr\/produit\/20025-fr\/","schema":{"@context":"https:\/\/schema.org","@graph":[{"@type":"WebPage","@id":"https:\/\/www.educaborras.com\/fr\/produit\/20025-fr\/","url":"https:\/\/www.educaborras.com\/fr\/produit\/20025-fr\/","name":"Educa Magnetics 83 pcs - Educa Borras","isPartOf":{"@id":"https:\/\/www.educaborras.com\/fr\/#website"},"primaryImageOfPage":{"@id":"https:\/\/www.educaborras.com\/fr\/produit\/20025-fr\/#primaryimage"},"image":{"@id":"https:\/\/www.educaborras.com\/fr\/produit\/20025-fr\/#primaryimage"},"thumbnailUrl":"https:\/\/www.educaborras.com\/wp-content\/uploads\/20025_01_high.jpg","datePublished":"2025-06-05T09:00:16+00:00","dateModified":"2026-04-24T00:30:35+00:00","description":"83pcs de bloques magn\u00e9ticos 3D que permiten crear figuras geom\u00e9tricas. Aprenden de forma natural los principios de los Imanes y la Fuerza Magn\u00e9tica.","breadcrumb":{"@id":"https:\/\/www.educaborras.com\/fr\/produit\/20025-fr\/#breadcrumb"},"inLanguage":"fr-FR","potentialAction":[{"@type":"ReadAction","target":["https:\/\/www.educaborras.com\/fr\/produit\/20025-fr\/"]}]},{"@type":"ImageObject","inLanguage":"fr-FR","@id":"https:\/\/www.educaborras.com\/fr\/produit\/20025-fr\/#primaryimage","url":"https:\/\/www.educaborras.com\/wp-content\/uploads\/20025_01_high.jpg","contentUrl":"https:\/\/www.educaborras.com\/wp-content\/uploads\/20025_01_high.jpg","width":2400,"height":2400,"caption":"Educa Magnetics 83 pcs"},{"@type":"BreadcrumbList","@id":"https:\/\/www.educaborras.com\/fr\/produit\/20025-fr\/#breadcrumb","itemListElement":[{"@type":"ListItem","position":1,"name":"Portada","item":"https:\/\/www.educaborras.com\/fr\/"},{"@type":"ListItem","position":2,"name":"Produits","item":"https:\/\/www.educaborras.com\/fr\/shop\/"},{"@type":"ListItem","position":3,"name":"Educa Magnetics 83 pcs"}]},{"@type":"WebSite","@id":"https:\/\/www.educaborras.com\/fr\/#website","url":"https:\/\/www.educaborras.com\/fr\/","name":"Educa Borras","description":"","publisher":{"@id":"https:\/\/www.educaborras.com\/fr\/#organization"},"potentialAction":[{"@type":"SearchAction","target":{"@type":"EntryPoint","urlTemplate":"https:\/\/www.educaborras.com\/fr\/?s={search_term_string}"},"query-input":{"@type":"PropertyValueSpecification","valueRequired":true,"valueName":"search_term_string"}}],"inLanguage":"fr-FR"},{"@type":"Organization","@id":"https:\/\/www.educaborras.com\/fr\/#organization","name":"Educa Borras","url":"https:\/\/www.educaborras.com\/fr\/","logo":{"@type":"ImageObject","inLanguage":"fr-FR","@id":"https:\/\/www.educaborras.com\/fr\/#\/schema\/logo\/image\/","url":"https:\/\/www.educaborras.com\/wp-content\/uploads\/cropped-LOGOS-EDUCA-BORRAS_retina.png","contentUrl":"https:\/\/www.educaborras.com\/wp-content\/uploads\/cropped-LOGOS-EDUCA-BORRAS_retina.png","caption":"Educa Borras"},"image":{"@id":"https:\/\/www.educaborras.com\/fr\/#\/schema\/logo\/image\/"}}]}},"_links":{"self":[{"href":"https:\/\/www.educaborras.com\/fr\/wp-json\/wp\/v2\/product\/251450","targetHints":{"allow":["GET"]}}],"collection":[{"href":"https:\/\/www.educaborras.com\/fr\/wp-json\/wp\/v2\/product"}],"about":[{"href":"https:\/\/www.educaborras.com\/fr\/wp-json\/wp\/v2\/types\/product"}],"wp:featuredmedia":[{"embeddable":true,"href":"https:\/\/www.educaborras.com\/fr\/wp-json\/wp\/v2\/media\/117818"}],"wp:attachment":[{"href":"https:\/\/www.educaborras.com\/fr\/wp-json\/wp\/v2\/media?parent=251450"}],"wp:term":[{"taxonomy":"product_brand","embeddable":true,"href":"https:\/\/www.educaborras.com\/fr\/wp-json\/wp\/v2\/product_brand?post=251450"},{"taxonomy":"product_cat","embeddable":true,"href":"https:\/\/www.educaborras.com\/fr\/wp-json\/wp\/v2\/product_cat?post=251450"},{"taxonomy":"product_tag","embeddable":true,"href":"https:\/\/www.educaborras.com\/fr\/wp-json\/wp\/v2\/product_tag?post=251450"}],"curies":[{"name":"wp","href":"https:\/\/api.w.org\/{rel}","templated":true}]}}