{"id":251430,"date":"2025-06-05T11:00:24","date_gmt":"2025-06-05T09:00:24","guid":{"rendered":"https:\/\/www.educaborras.com\/product\/19174\/"},"modified":"2026-04-05T03:41:05","modified_gmt":"2026-04-05T01:41:05","slug":"19174-fr","status":"publish","type":"product","link":"https:\/\/www.educaborras.com\/fr\/produit\/19174-fr\/","title":{"rendered":"Educa Touch Junior Le corps humain"},"content":{"rendered":"<p>Avec Educa Touch Junior J&rsquo;apprends le corps humain, les petits d\u00e9couvriront les diff\u00e9rentes parties du corps, ils apprendront ce que sont les 5 sens et \u00e0 quelle partie du corps on les associe, ils apprendront les principaux os du squelette, ils apprendront les principaux organes et leur utilit\u00e9, et ils d\u00e9couvriront comment se forme un b\u00e9b\u00e9 dans le ventre de sa m\u00e8re. CONTENU : &#8211; 1 base Educa Touch Junior &#8211; 8 th\u00e8mes &#8211; Instructions<\/p>\n","protected":false},"excerpt":{"rendered":"<p>Avec Educa Touch Junior J&rsquo;apprends le corps humain, les petits d\u00e9couvriront les diff\u00e9rentes parties du corps, ils apprendront ce que sont les 5 sens et \u00e0 quelle partie du corps on les associe, ils apprendront les principaux os du squelette, ils apprendront les principaux organes et leur utilit\u00e9, et ils d\u00e9couvriront comment se forme un b\u00e9b\u00e9 dans le ventre de sa m\u00e8re.<\/p>\n","protected":false},"featured_media":160445,"template":"","meta":{"_acf_changed":false},"product_brand":[],"product_cat":[73394],"product_tag":[81480,81481,81482,81483,81484,74204,75760,81485,75762,75763,75764,75765,75766,75767,81486,75768,75770,75771],"class_list":{"0":"post-251430","1":"product","2":"type-product","3":"status-publish","4":"has-post-thumbnail","6":"product_cat-educa-touch-fr","7":"product_tag-19174-fr","8":"product_tag-aprender-fr","9":"product_tag-cos-fr","10":"product_tag-cos-huma-fr","11":"product_tag-cuerpo-humano-fr","12":"product_tag-educa-fr","13":"product_tag-educa-touch-fr","14":"product_tag-educa-touch-junior-el-cuerpo-humano-fr","15":"product_tag-educational-fr","16":"product_tag-educatiu-fr","17":"product_tag-educative-fr","18":"product_tag-educativo-fr","19":"product_tag-electronico-fr","20":"product_tag-elektronischelectronico-fr","21":"product_tag-huma-fr","22":"product_tag-lehrspiel-fr","23":"product_tag-tactil-fr","24":"product_tag-touch-fr","26":"first","27":"instock","28":"shipping-taxable","29":"product-type-simple"},"acf":[],"yoast_head":"<!-- This site is optimized with the Yoast SEO plugin v27.1.1 - https:\/\/yoast.com\/product\/yoast-seo-wordpress\/ -->\n<title>Educa Touch Junior Le corps humain - Educa Borras<\/title>\n<meta name=\"robots\" content=\"index, follow, max-snippet:-1, max-image-preview:large, max-video-preview:-1\" \/>\n<link rel=\"canonical\" href=\"https:\/\/www.educaborras.com\/fr\/produit\/19174-fr\/\" \/>\n<script type=\"application\/ld+json\" class=\"yoast-schema-graph\">{\"@context\":\"https:\/\/schema.org\",\"@graph\":[{\"@type\":\"WebPage\",\"@id\":\"https:\/\/www.educaborras.com\/fr\/produit\/19174-fr\/\",\"url\":\"https:\/\/www.educaborras.com\/fr\/produit\/19174-fr\/\",\"name\":\"Educa Touch Junior Le corps humain - Educa Borras\",\"isPartOf\":{\"@id\":\"https:\/\/www.educaborras.com\/fr\/#website\"},\"primaryImageOfPage\":{\"@id\":\"https:\/\/www.educaborras.com\/fr\/produit\/19174-fr\/#primaryimage\"},\"image\":{\"@id\":\"https:\/\/www.educaborras.com\/fr\/produit\/19174-fr\/#primaryimage\"},\"thumbnailUrl\":\"https:\/\/www.educaborras.com\/wp-content\/uploads\/19174_01_high-9.jpg\",\"datePublished\":\"2025-06-05T09:00:24+00:00\",\"dateModified\":\"2026-04-05T01:41:05+00:00\",\"breadcrumb\":{\"@id\":\"https:\/\/www.educaborras.com\/fr\/produit\/19174-fr\/#breadcrumb\"},\"inLanguage\":\"fr-FR\",\"potentialAction\":[{\"@type\":\"ReadAction\",\"target\":[\"https:\/\/www.educaborras.com\/fr\/produit\/19174-fr\/\"]}]},{\"@type\":\"ImageObject\",\"inLanguage\":\"fr-FR\",\"@id\":\"https:\/\/www.educaborras.com\/fr\/produit\/19174-fr\/#primaryimage\",\"url\":\"https:\/\/www.educaborras.com\/wp-content\/uploads\/19174_01_high-9.jpg\",\"contentUrl\":\"https:\/\/www.educaborras.com\/wp-content\/uploads\/19174_01_high-9.jpg\"},{\"@type\":\"BreadcrumbList\",\"@id\":\"https:\/\/www.educaborras.com\/fr\/produit\/19174-fr\/#breadcrumb\",\"itemListElement\":[{\"@type\":\"ListItem\",\"position\":1,\"name\":\"Portada\",\"item\":\"https:\/\/www.educaborras.com\/fr\/\"},{\"@type\":\"ListItem\",\"position\":2,\"name\":\"Produits\",\"item\":\"https:\/\/www.educaborras.com\/fr\/shop\/\"},{\"@type\":\"ListItem\",\"position\":3,\"name\":\"Educa Touch Junior Le corps humain\"}]},{\"@type\":\"WebSite\",\"@id\":\"https:\/\/www.educaborras.com\/fr\/#website\",\"url\":\"https:\/\/www.educaborras.com\/fr\/\",\"name\":\"Educa Borras\",\"description\":\"\",\"publisher\":{\"@id\":\"https:\/\/www.educaborras.com\/fr\/#organization\"},\"potentialAction\":[{\"@type\":\"SearchAction\",\"target\":{\"@type\":\"EntryPoint\",\"urlTemplate\":\"https:\/\/www.educaborras.com\/fr\/?s={search_term_string}\"},\"query-input\":{\"@type\":\"PropertyValueSpecification\",\"valueRequired\":true,\"valueName\":\"search_term_string\"}}],\"inLanguage\":\"fr-FR\"},{\"@type\":\"Organization\",\"@id\":\"https:\/\/www.educaborras.com\/fr\/#organization\",\"name\":\"Educa Borras\",\"url\":\"https:\/\/www.educaborras.com\/fr\/\",\"logo\":{\"@type\":\"ImageObject\",\"inLanguage\":\"fr-FR\",\"@id\":\"https:\/\/www.educaborras.com\/fr\/#\/schema\/logo\/image\/\",\"url\":\"https:\/\/www.educaborras.com\/wp-content\/uploads\/cropped-LOGOS-EDUCA-BORRAS_retina.png\",\"contentUrl\":\"https:\/\/www.educaborras.com\/wp-content\/uploads\/cropped-LOGOS-EDUCA-BORRAS_retina.png\",\"caption\":\"Educa Borras\"},\"image\":{\"@id\":\"https:\/\/www.educaborras.com\/fr\/#\/schema\/logo\/image\/\"}}]}<\/script>\n<!-- \/ Yoast SEO plugin. -->","yoast_head_json":{"title":"Educa Touch Junior Le corps humain - Educa Borras","robots":{"index":"index","follow":"follow","max-snippet":"max-snippet:-1","max-image-preview":"max-image-preview:large","max-video-preview":"max-video-preview:-1"},"canonical":"https:\/\/www.educaborras.com\/fr\/produit\/19174-fr\/","schema":{"@context":"https:\/\/schema.org","@graph":[{"@type":"WebPage","@id":"https:\/\/www.educaborras.com\/fr\/produit\/19174-fr\/","url":"https:\/\/www.educaborras.com\/fr\/produit\/19174-fr\/","name":"Educa Touch Junior Le corps humain - Educa Borras","isPartOf":{"@id":"https:\/\/www.educaborras.com\/fr\/#website"},"primaryImageOfPage":{"@id":"https:\/\/www.educaborras.com\/fr\/produit\/19174-fr\/#primaryimage"},"image":{"@id":"https:\/\/www.educaborras.com\/fr\/produit\/19174-fr\/#primaryimage"},"thumbnailUrl":"https:\/\/www.educaborras.com\/wp-content\/uploads\/19174_01_high-9.jpg","datePublished":"2025-06-05T09:00:24+00:00","dateModified":"2026-04-05T01:41:05+00:00","breadcrumb":{"@id":"https:\/\/www.educaborras.com\/fr\/produit\/19174-fr\/#breadcrumb"},"inLanguage":"fr-FR","potentialAction":[{"@type":"ReadAction","target":["https:\/\/www.educaborras.com\/fr\/produit\/19174-fr\/"]}]},{"@type":"ImageObject","inLanguage":"fr-FR","@id":"https:\/\/www.educaborras.com\/fr\/produit\/19174-fr\/#primaryimage","url":"https:\/\/www.educaborras.com\/wp-content\/uploads\/19174_01_high-9.jpg","contentUrl":"https:\/\/www.educaborras.com\/wp-content\/uploads\/19174_01_high-9.jpg"},{"@type":"BreadcrumbList","@id":"https:\/\/www.educaborras.com\/fr\/produit\/19174-fr\/#breadcrumb","itemListElement":[{"@type":"ListItem","position":1,"name":"Portada","item":"https:\/\/www.educaborras.com\/fr\/"},{"@type":"ListItem","position":2,"name":"Produits","item":"https:\/\/www.educaborras.com\/fr\/shop\/"},{"@type":"ListItem","position":3,"name":"Educa Touch Junior Le corps humain"}]},{"@type":"WebSite","@id":"https:\/\/www.educaborras.com\/fr\/#website","url":"https:\/\/www.educaborras.com\/fr\/","name":"Educa Borras","description":"","publisher":{"@id":"https:\/\/www.educaborras.com\/fr\/#organization"},"potentialAction":[{"@type":"SearchAction","target":{"@type":"EntryPoint","urlTemplate":"https:\/\/www.educaborras.com\/fr\/?s={search_term_string}"},"query-input":{"@type":"PropertyValueSpecification","valueRequired":true,"valueName":"search_term_string"}}],"inLanguage":"fr-FR"},{"@type":"Organization","@id":"https:\/\/www.educaborras.com\/fr\/#organization","name":"Educa Borras","url":"https:\/\/www.educaborras.com\/fr\/","logo":{"@type":"ImageObject","inLanguage":"fr-FR","@id":"https:\/\/www.educaborras.com\/fr\/#\/schema\/logo\/image\/","url":"https:\/\/www.educaborras.com\/wp-content\/uploads\/cropped-LOGOS-EDUCA-BORRAS_retina.png","contentUrl":"https:\/\/www.educaborras.com\/wp-content\/uploads\/cropped-LOGOS-EDUCA-BORRAS_retina.png","caption":"Educa Borras"},"image":{"@id":"https:\/\/www.educaborras.com\/fr\/#\/schema\/logo\/image\/"}}]}},"_links":{"self":[{"href":"https:\/\/www.educaborras.com\/fr\/wp-json\/wp\/v2\/product\/251430","targetHints":{"allow":["GET"]}}],"collection":[{"href":"https:\/\/www.educaborras.com\/fr\/wp-json\/wp\/v2\/product"}],"about":[{"href":"https:\/\/www.educaborras.com\/fr\/wp-json\/wp\/v2\/types\/product"}],"wp:featuredmedia":[{"embeddable":true,"href":"https:\/\/www.educaborras.com\/fr\/wp-json\/wp\/v2\/media\/160445"}],"wp:attachment":[{"href":"https:\/\/www.educaborras.com\/fr\/wp-json\/wp\/v2\/media?parent=251430"}],"wp:term":[{"taxonomy":"product_brand","embeddable":true,"href":"https:\/\/www.educaborras.com\/fr\/wp-json\/wp\/v2\/product_brand?post=251430"},{"taxonomy":"product_cat","embeddable":true,"href":"https:\/\/www.educaborras.com\/fr\/wp-json\/wp\/v2\/product_cat?post=251430"},{"taxonomy":"product_tag","embeddable":true,"href":"https:\/\/www.educaborras.com\/fr\/wp-json\/wp\/v2\/product_tag?post=251430"}],"curies":[{"name":"wp","href":"https:\/\/api.w.org\/{rel}","templated":true}]}}