{"id":251293,"date":"2025-06-05T11:02:12","date_gmt":"2025-06-05T09:02:12","guid":{"rendered":"https:\/\/www.educaborras.com\/product\/19974\/"},"modified":"2026-04-29T03:46:09","modified_gmt":"2026-04-29T01:46:09","slug":"19974-fr","status":"publish","type":"product","link":"https:\/\/www.educaborras.com\/fr\/produit\/19974-fr\/","title":{"rendered":"Travel Doggies"},"content":{"rendered":"<p>Le premier chiot \u00e0 rassembler tous ses \u00e9l\u00e9ments et \u00e0 atteindre la case centrale du plateau est le gagnant. Apprenez \u00e0 reconna\u00eetre les diff\u00e9rents \u00e9l\u00e9ments pour r\u00e9pondre aux besoins fondamentaux de votre chiot. Mettez votre m\u00e9moire et votre rapidit\u00e9 visuelle \u00e0 l\u2019\u00e9preuve et pr\u00e9parez-vous pour les vacances. Contenu: \u00b7 1 plateau de jeu \u00b7 4 jetons chiots repr\u00e9sentant diff\u00e9rentes races : Gyn (Jack Russel Terrier) JAUNE, Max (Beagle) VERT, Milu (Labrador) BLEU, Lucas (Dalmatien) ROUGE \u00b7 16 tuiles d\u2019\u00e9l\u00e9ments : \u00e9tiquette de nom du chiot, bol alimentaire, balle et lit. \u00b7 4 planches avec des illustrations de chaque chien et de ses \u00e9l\u00e9ments.\u00b7 r\u00e8gles du jeu.<\/p>\n","protected":false},"excerpt":{"rendered":"<p>Le premier chiot \u00e0 rassembler tous ses \u00e9l\u00e9ments et \u00e0 atteindre la case centrale du plateau est le gagnant.<\/p>\n","protected":false},"featured_media":161010,"template":"","meta":{"_acf_changed":false},"product_brand":[],"product_cat":[73254,73253],"product_tag":[103042,103043,103044,103045,75765,103046,103047,103048,80669,78062,103049,86619,103050,82203,103051,103052,103053,103054,103055],"class_list":{"0":"post-251293","1":"product","2":"type-product","3":"status-publish","4":"has-post-thumbnail","6":"product_cat-enfants-et-famille","7":"product_cat-jeux-de-societe","8":"product_tag-19974-fr","9":"product_tag-cachorros-fr","10":"product_tag-cama-fr","11":"product_tag-color-fr","12":"product_tag-educativo-fr","13":"product_tag-en-familia-fr","14":"product_tag-gyn-fr","15":"product_tag-hueso-fr","16":"product_tag-juego-de-mesa-fr","17":"product_tag-juego-familiar-fr","18":"product_tag-max-fr","19":"product_tag-memoria-fr","20":"product_tag-milu-fr","21":"product_tag-pelota-fr","22":"product_tag-placa-fr","23":"product_tag-placa-con-su-nombre-fr","24":"product_tag-plato-fr","25":"product_tag-plato-de-comida-fr","26":"product_tag-vacaciones-fr","28":"first","29":"instock","30":"shipping-taxable","31":"product-type-simple"},"acf":[],"yoast_head":"<!-- This site is optimized with the Yoast SEO plugin v27.1.1 - https:\/\/yoast.com\/product\/yoast-seo-wordpress\/ -->\n<title>Travel Doggies - Educa Borras<\/title>\n<meta name=\"description\" content=\"Escoge tu personaje favorito y recorre el tablero de juego mientras encuentras los elementos de tu perrito y\u2026 prep\u00e1rate para las vacaciones.\" \/>\n<meta name=\"robots\" content=\"index, follow, max-snippet:-1, max-image-preview:large, max-video-preview:-1\" \/>\n<link rel=\"canonical\" href=\"https:\/\/www.educaborras.com\/fr\/produit\/19974-fr\/\" \/>\n<meta name=\"twitter:label1\" content=\"Dur\u00e9e de lecture estim\u00e9e\" \/>\n\t<meta name=\"twitter:data1\" content=\"1 minute\" \/>\n<script type=\"application\/ld+json\" class=\"yoast-schema-graph\">{\"@context\":\"https:\/\/schema.org\",\"@graph\":[{\"@type\":\"WebPage\",\"@id\":\"https:\/\/www.educaborras.com\/fr\/produit\/19974-fr\/\",\"url\":\"https:\/\/www.educaborras.com\/fr\/produit\/19974-fr\/\",\"name\":\"Travel Doggies - Educa Borras\",\"isPartOf\":{\"@id\":\"https:\/\/www.educaborras.com\/fr\/#website\"},\"primaryImageOfPage\":{\"@id\":\"https:\/\/www.educaborras.com\/fr\/produit\/19974-fr\/#primaryimage\"},\"image\":{\"@id\":\"https:\/\/www.educaborras.com\/fr\/produit\/19974-fr\/#primaryimage\"},\"thumbnailUrl\":\"https:\/\/www.educaborras.com\/wp-content\/uploads\/19974_01_high-10.jpg\",\"datePublished\":\"2025-06-05T09:02:12+00:00\",\"dateModified\":\"2026-04-29T01:46:09+00:00\",\"description\":\"Escoge tu personaje favorito y recorre el tablero de juego mientras encuentras los elementos de tu perrito y\u2026 prep\u00e1rate para las vacaciones.\",\"breadcrumb\":{\"@id\":\"https:\/\/www.educaborras.com\/fr\/produit\/19974-fr\/#breadcrumb\"},\"inLanguage\":\"fr-FR\",\"potentialAction\":[{\"@type\":\"ReadAction\",\"target\":[\"https:\/\/www.educaborras.com\/fr\/produit\/19974-fr\/\"]}]},{\"@type\":\"ImageObject\",\"inLanguage\":\"fr-FR\",\"@id\":\"https:\/\/www.educaborras.com\/fr\/produit\/19974-fr\/#primaryimage\",\"url\":\"https:\/\/www.educaborras.com\/wp-content\/uploads\/19974_01_high-10.jpg\",\"contentUrl\":\"https:\/\/www.educaborras.com\/wp-content\/uploads\/19974_01_high-10.jpg\"},{\"@type\":\"BreadcrumbList\",\"@id\":\"https:\/\/www.educaborras.com\/fr\/produit\/19974-fr\/#breadcrumb\",\"itemListElement\":[{\"@type\":\"ListItem\",\"position\":1,\"name\":\"Portada\",\"item\":\"https:\/\/www.educaborras.com\/fr\/\"},{\"@type\":\"ListItem\",\"position\":2,\"name\":\"Produits\",\"item\":\"https:\/\/www.educaborras.com\/fr\/shop\/\"},{\"@type\":\"ListItem\",\"position\":3,\"name\":\"Travel Doggies\"}]},{\"@type\":\"WebSite\",\"@id\":\"https:\/\/www.educaborras.com\/fr\/#website\",\"url\":\"https:\/\/www.educaborras.com\/fr\/\",\"name\":\"Educa Borras\",\"description\":\"\",\"publisher\":{\"@id\":\"https:\/\/www.educaborras.com\/fr\/#organization\"},\"potentialAction\":[{\"@type\":\"SearchAction\",\"target\":{\"@type\":\"EntryPoint\",\"urlTemplate\":\"https:\/\/www.educaborras.com\/fr\/?s={search_term_string}\"},\"query-input\":{\"@type\":\"PropertyValueSpecification\",\"valueRequired\":true,\"valueName\":\"search_term_string\"}}],\"inLanguage\":\"fr-FR\"},{\"@type\":\"Organization\",\"@id\":\"https:\/\/www.educaborras.com\/fr\/#organization\",\"name\":\"Educa Borras\",\"url\":\"https:\/\/www.educaborras.com\/fr\/\",\"logo\":{\"@type\":\"ImageObject\",\"inLanguage\":\"fr-FR\",\"@id\":\"https:\/\/www.educaborras.com\/fr\/#\/schema\/logo\/image\/\",\"url\":\"https:\/\/www.educaborras.com\/wp-content\/uploads\/cropped-LOGOS-EDUCA-BORRAS_retina.png\",\"contentUrl\":\"https:\/\/www.educaborras.com\/wp-content\/uploads\/cropped-LOGOS-EDUCA-BORRAS_retina.png\",\"caption\":\"Educa Borras\"},\"image\":{\"@id\":\"https:\/\/www.educaborras.com\/fr\/#\/schema\/logo\/image\/\"}}]}<\/script>\n<!-- \/ Yoast SEO plugin. -->","yoast_head_json":{"title":"Travel Doggies - Educa Borras","description":"Escoge tu personaje favorito y recorre el tablero de juego mientras encuentras los elementos de tu perrito y\u2026 prep\u00e1rate para las vacaciones.","robots":{"index":"index","follow":"follow","max-snippet":"max-snippet:-1","max-image-preview":"max-image-preview:large","max-video-preview":"max-video-preview:-1"},"canonical":"https:\/\/www.educaborras.com\/fr\/produit\/19974-fr\/","twitter_misc":{"Dur\u00e9e de lecture estim\u00e9e":"1 minute"},"schema":{"@context":"https:\/\/schema.org","@graph":[{"@type":"WebPage","@id":"https:\/\/www.educaborras.com\/fr\/produit\/19974-fr\/","url":"https:\/\/www.educaborras.com\/fr\/produit\/19974-fr\/","name":"Travel Doggies - Educa Borras","isPartOf":{"@id":"https:\/\/www.educaborras.com\/fr\/#website"},"primaryImageOfPage":{"@id":"https:\/\/www.educaborras.com\/fr\/produit\/19974-fr\/#primaryimage"},"image":{"@id":"https:\/\/www.educaborras.com\/fr\/produit\/19974-fr\/#primaryimage"},"thumbnailUrl":"https:\/\/www.educaborras.com\/wp-content\/uploads\/19974_01_high-10.jpg","datePublished":"2025-06-05T09:02:12+00:00","dateModified":"2026-04-29T01:46:09+00:00","description":"Escoge tu personaje favorito y recorre el tablero de juego mientras encuentras los elementos de tu perrito y\u2026 prep\u00e1rate para las vacaciones.","breadcrumb":{"@id":"https:\/\/www.educaborras.com\/fr\/produit\/19974-fr\/#breadcrumb"},"inLanguage":"fr-FR","potentialAction":[{"@type":"ReadAction","target":["https:\/\/www.educaborras.com\/fr\/produit\/19974-fr\/"]}]},{"@type":"ImageObject","inLanguage":"fr-FR","@id":"https:\/\/www.educaborras.com\/fr\/produit\/19974-fr\/#primaryimage","url":"https:\/\/www.educaborras.com\/wp-content\/uploads\/19974_01_high-10.jpg","contentUrl":"https:\/\/www.educaborras.com\/wp-content\/uploads\/19974_01_high-10.jpg"},{"@type":"BreadcrumbList","@id":"https:\/\/www.educaborras.com\/fr\/produit\/19974-fr\/#breadcrumb","itemListElement":[{"@type":"ListItem","position":1,"name":"Portada","item":"https:\/\/www.educaborras.com\/fr\/"},{"@type":"ListItem","position":2,"name":"Produits","item":"https:\/\/www.educaborras.com\/fr\/shop\/"},{"@type":"ListItem","position":3,"name":"Travel Doggies"}]},{"@type":"WebSite","@id":"https:\/\/www.educaborras.com\/fr\/#website","url":"https:\/\/www.educaborras.com\/fr\/","name":"Educa Borras","description":"","publisher":{"@id":"https:\/\/www.educaborras.com\/fr\/#organization"},"potentialAction":[{"@type":"SearchAction","target":{"@type":"EntryPoint","urlTemplate":"https:\/\/www.educaborras.com\/fr\/?s={search_term_string}"},"query-input":{"@type":"PropertyValueSpecification","valueRequired":true,"valueName":"search_term_string"}}],"inLanguage":"fr-FR"},{"@type":"Organization","@id":"https:\/\/www.educaborras.com\/fr\/#organization","name":"Educa Borras","url":"https:\/\/www.educaborras.com\/fr\/","logo":{"@type":"ImageObject","inLanguage":"fr-FR","@id":"https:\/\/www.educaborras.com\/fr\/#\/schema\/logo\/image\/","url":"https:\/\/www.educaborras.com\/wp-content\/uploads\/cropped-LOGOS-EDUCA-BORRAS_retina.png","contentUrl":"https:\/\/www.educaborras.com\/wp-content\/uploads\/cropped-LOGOS-EDUCA-BORRAS_retina.png","caption":"Educa Borras"},"image":{"@id":"https:\/\/www.educaborras.com\/fr\/#\/schema\/logo\/image\/"}}]}},"_links":{"self":[{"href":"https:\/\/www.educaborras.com\/fr\/wp-json\/wp\/v2\/product\/251293","targetHints":{"allow":["GET"]}}],"collection":[{"href":"https:\/\/www.educaborras.com\/fr\/wp-json\/wp\/v2\/product"}],"about":[{"href":"https:\/\/www.educaborras.com\/fr\/wp-json\/wp\/v2\/types\/product"}],"wp:featuredmedia":[{"embeddable":true,"href":"https:\/\/www.educaborras.com\/fr\/wp-json\/wp\/v2\/media\/161010"}],"wp:attachment":[{"href":"https:\/\/www.educaborras.com\/fr\/wp-json\/wp\/v2\/media?parent=251293"}],"wp:term":[{"taxonomy":"product_brand","embeddable":true,"href":"https:\/\/www.educaborras.com\/fr\/wp-json\/wp\/v2\/product_brand?post=251293"},{"taxonomy":"product_cat","embeddable":true,"href":"https:\/\/www.educaborras.com\/fr\/wp-json\/wp\/v2\/product_cat?post=251293"},{"taxonomy":"product_tag","embeddable":true,"href":"https:\/\/www.educaborras.com\/fr\/wp-json\/wp\/v2\/product_tag?post=251293"}],"curies":[{"name":"wp","href":"https:\/\/api.w.org\/{rel}","templated":true}]}}